{"id":1271,"date":"2024-10-27T11:53:52","date_gmt":"2024-10-27T08:53:52","guid":{"rendered":"https:\/\/wristbandfactory.eu\/toode\/fine-polyester-lanyards-with-metallic-foil-stamped-design\/"},"modified":"2026-04-01T21:52:36","modified_gmt":"2026-04-01T18:52:36","slug":"metallic-foil-printed-lanyards-premium-vip-branding","status":"publish","type":"product","link":"https:\/\/displayproducts.eu\/nb\/p\/metallic-foil-printed-lanyards-premium-vip-branding\/","title":{"rendered":"N\u00f8kkelb\u00e5nd med metallisk folietrykk"},"content":{"rendered":"<div class=\"mx-12 md:mx-24 lg:mx-48\">\n<div class=\"container my-8 svelte-zlsknf\">\n<div class=\"my-24 rounded-lg border-0 border-gray-700 bg-gray-100 px-16 py-24\">\n<div class=\"mt-11 !text-gray-500\">\n<p data-path-to-node=\"11\">Styrk merkeidentiteten din og skill ut dine viktigste gjester med v\u00e5re <b>Metalliske folietrykte lanyards<\/b>. Disse lanyardene er spesielt utviklet for h\u00f8yprofilerte arrangementer, prisutdelinger og VIP-adgangskontroll, og tilbyr et niv\u00e5 av raffinement som standard silketrykk ikke kan matche.<\/p>\n<p data-path-to-node=\"12\">Det definerende trekket ved dette produktet er <b>metallfolie stemplingsprosess<\/b>. I stedet for tradisjonell blekk stempler vi logoen din direkte p\u00e5 b\u00e5ndet ved hjelp av en varmpresseteknikk med livlige metallfolier (vanligvis gull eller s\u00f8lv). Dette skaper en skarp, sv\u00e6rt reflekterende finish som skimrer under arrangementsbelysning og trekker umiddelbar oppmerksomhet til merkevaren din. Det er den ultimate l\u00f8sningen for kategorisering <b>VIP-gjester, sponsorer og arrangementspersonale<\/b> som trenger \u00e5 skille seg ut fra mengden.<\/p>\n<p data-path-to-node=\"13\">Laget fra en <b>h\u00f8ykvalitets fin polyester<\/b>, snorremmen er usedvanlig glatt og myk, noe som sikrer komfort for heldagsbruk med formelle antrekk. Hver enhet leveres som standard med en p\u00e5litelig <b>metallkarabinkrok<\/b>, noe som forsterker det eksklusive utseendet og f\u00f8lelsen. For arrang\u00f8rer som s\u00f8ker en ekte \u201cluksuri\u00f8s\u201d ID-l\u00f8sning, er dette det definitive valget.<\/p>\n<p data-path-to-node=\"14\"><b>Viktige funksjoner:<\/b><\/p>\n<ul data-path-to-node=\"15\">\n<li>\n<p data-path-to-node=\"15,0,0\"><b>Utskriftsmetode:<\/b> Premium metallfoliestempling skaper en skinnende, reflekterende og eksklusiv logofinish.<\/p>\n<\/li>\n<li>\n<p data-path-to-node=\"15,1,0\"><b>Materiale:<\/b> Finvevd glatt polyester gir en overlegen taktil f\u00f8lelse sammenlignet med standard ribbede lanyards.<\/p>\n<\/li>\n<li>\n<p data-path-to-node=\"15,2,0\"><b>M\u00e5lgruppe:<\/b> Ideelt for VIP-er, bedriftsledere, sponsorer p\u00e5 h\u00f8yt niv\u00e5 og kveldsgallaer.<\/p>\n<\/li>\n<li>\n<p data-path-to-node=\"15,3,0\"><b>Visuell innvirkning:<\/b> Reflekterende trykk s\u00f8rger for at logoen er synlig og i\u00f8ynefallende selv p\u00e5 steder med lite lys.<\/p>\n<\/li>\n<\/ul>\n<\/div>\n<\/div>\n<\/div>\n<\/div>","protected":false},"excerpt":{"rendered":"<ul>\n<li>\n<p data-path-to-node=\"9,0,0\"><b>Eksklusiv finish:<\/b> Eksklusiv metallfoliestempling (gull, s\u00f8lv osv.) skaper en fantastisk reflekterende logoeffekt.<\/p>\n<\/li>\n<li>\n<p data-path-to-node=\"9,1,0\"><b>VIP-appell:<\/b> Det perfekte valget for sponsorer, foredragsholdere og VIP-gjester som trenger tydelig identifikasjon.<\/p>\n<\/li>\n<li>\n<p data-path-to-node=\"9,2,0\"><b>Premiummateriale:<\/b> Laget av glatt, finvevd polyester som f\u00f8les luksuri\u00f8s og komfortabel mot huden.<\/p>\n<\/li>\n<li>\n<p data-path-to-node=\"9,3,0\"><b>H\u00f8y synlighet:<\/b> Det skimrende trykket fanger lyset og s\u00f8rger for at merkevaren din skiller seg ut under alle lysforhold.<\/p>\n<\/li>\n<li><\/li>\n<\/ul>","protected":false},"featured_media":6716,"comment_status":"closed","ping_status":"closed","template":"","meta":[],"product_brand":[],"product_cat":[43,104],"product_tag":[],"class_list":{"0":"post-1271","1":"product","2":"type-product","3":"status-publish","4":"has-post-thumbnail","6":"product_cat-lanyards","7":"product_cat-custom-printed-lanyards","9":"first","10":"instock","11":"shipping-taxable","12":"purchasable","13":"product-type-simple"},"_links":{"self":[{"href":"https:\/\/displayproducts.eu\/nb\/wp-json\/wp\/v2\/product\/1271","targetHints":{"allow":["GET"]}}],"collection":[{"href":"https:\/\/displayproducts.eu\/nb\/wp-json\/wp\/v2\/product"}],"about":[{"href":"https:\/\/displayproducts.eu\/nb\/wp-json\/wp\/v2\/types\/product"}],"replies":[{"embeddable":true,"href":"https:\/\/displayproducts.eu\/nb\/wp-json\/wp\/v2\/comments?post=1271"}],"wp:featuredmedia":[{"embeddable":true,"href":"https:\/\/displayproducts.eu\/nb\/wp-json\/wp\/v2\/media\/6716"}],"wp:attachment":[{"href":"https:\/\/displayproducts.eu\/nb\/wp-json\/wp\/v2\/media?parent=1271"}],"wp:term":[{"taxonomy":"product_brand","embeddable":true,"href":"https:\/\/displayproducts.eu\/nb\/wp-json\/wp\/v2\/product_brand?post=1271"},{"taxonomy":"product_cat","embeddable":true,"href":"https:\/\/displayproducts.eu\/nb\/wp-json\/wp\/v2\/product_cat?post=1271"},{"taxonomy":"product_tag","embeddable":true,"href":"https:\/\/displayproducts.eu\/nb\/wp-json\/wp\/v2\/product_tag?post=1271"}],"curies":[{"name":"wp","href":"https:\/\/api.w.org\/{rel}","templated":true}]}}