{"id":1268,"date":"2024-10-27T11:53:52","date_gmt":"2024-10-27T08:53:52","guid":{"rendered":"https:\/\/wristbandfactory.eu\/toode\/lanyards-with-reflective-threads\/"},"modified":"2026-04-01T21:52:36","modified_gmt":"2026-04-01T18:52:36","slug":"lanyards-with-reflective-threads","status":"publish","type":"product","link":"https:\/\/displayproducts.eu\/nb\/p\/lanyards-with-reflective-threads\/","title":{"rendered":"Lanyards med reflekterende tr\u00e5der"},"content":{"rendered":"<div class=\"mx-12 md:mx-24 lg:mx-48\">\n<div class=\"container my-8 svelte-zlsknf\">\n<div class=\"my-24 rounded-lg border-0 border-gray-700 bg-gray-100 px-16 py-24\">\n<div class=\"mt-11 !text-gray-500\">\n<p>\u00d8k sikkerheten og synligheten til teamet ditt p\u00e5 kveldsarrangementer, arbeidsplasser eller bedriftsarrangementer med v\u00e5re <b>Lanyards med reflekterende tr\u00e5der<\/b>. Denne lanyarden er ekspertutformet for \u00e5 kombinere slagkraftig merkevarebygging med en viktig sikkerhetsfunksjon.<\/p>\n<p>Hver 90 cm lange snor er laget av slitesterk polyester. I motsetning til helreflekterende armbind har denne modellen <b>reflekterende tr\u00e5der vevd direkte inn i b\u00e5ndmaterialet<\/b>. Disse tr\u00e5dene fanger lyset i m\u00f8rke eller svake lysforhold, noe som gj\u00f8r brukeren betydelig mer synlig uten at det g\u00e5r p\u00e5 bekostning av snorens komfort eller profesjonelle utseende.<\/p>\n<p>Polyesterstroppen gir en utmerket overflate for merkevarebygging. Vi kan trykke logoen eller budskapet ditt p\u00e5 \u00e9n eller to sider med presis Pantone-fargematching. Hver lanyard leveres som standard med en p\u00e5litelig metallkarabinkrok, noe som gj\u00f8r den til en funksjonell l\u00f8sning for \u00e5 holde ID-kort, n\u00f8kkelb\u00e5nd eller adgangskort.<\/p>\n<p><b>Viktige funksjoner:<\/b><\/p>\n<ul>\n<li><b>Innvevde reflekterende tr\u00e5der:<\/b> Har tr\u00e5der vevd direkte inn i polyesteren for h\u00f8y synlighet i svakt lys.<\/li>\n<li><b>Tilpasset Pantone-utskrift:<\/b> Logoen din trykkes p\u00e5 \u00e9n eller to sider med presis Pantone-fargematching.<\/li>\n<li><b>Slitesterk polyesterrem:<\/b> 90 cm stropp er komfortabel og bygget for daglig bruk i bedrifts- eller arrangementssammenheng.<\/li>\n<li><b>Forbedret sikkerhet:<\/b> Ideell for ansatte, kveldsarrangementer eller andre milj\u00f8er der h\u00f8y synlighet er en prioritet.<\/li>\n<li><b>Standard metallkarabinkrok:<\/b> Inkluderer en sikker metallkarabinkrok, med andre klipsalternativer tilgjengelig.<\/li>\n<\/ul>\n<\/div>\n<\/div>\n<\/div>\n<\/div>","protected":false},"excerpt":{"rendered":"<ul>\n<li>Har reflekstr\u00e5der med h\u00f8y synlighet vevd direkte inn i polyesterstroppen.<\/li>\n<li>Ideell for \u00e5 forbedre sikkerheten til ansatte og deltakere p\u00e5 kveldsarrangementer.<\/li>\n<li>Trykk din Pantone-matchede logo p\u00e5 \u00e9n eller to sider.<\/li>\n<li>Slitesterk 90 cm stropp med standard metallkarabinkrok.<\/li>\n<\/ul>","protected":false},"featured_media":6719,"comment_status":"closed","ping_status":"closed","template":"","meta":[],"product_brand":[],"product_cat":[43,109],"product_tag":[],"class_list":{"0":"post-1268","1":"product","2":"type-product","3":"status-publish","4":"has-post-thumbnail","6":"product_cat-lanyards","7":"product_cat-reflective-lanyards","9":"first","10":"instock","11":"shipping-taxable","12":"purchasable","13":"product-type-simple"},"_links":{"self":[{"href":"https:\/\/displayproducts.eu\/nb\/wp-json\/wp\/v2\/product\/1268","targetHints":{"allow":["GET"]}}],"collection":[{"href":"https:\/\/displayproducts.eu\/nb\/wp-json\/wp\/v2\/product"}],"about":[{"href":"https:\/\/displayproducts.eu\/nb\/wp-json\/wp\/v2\/types\/product"}],"replies":[{"embeddable":true,"href":"https:\/\/displayproducts.eu\/nb\/wp-json\/wp\/v2\/comments?post=1268"}],"wp:featuredmedia":[{"embeddable":true,"href":"https:\/\/displayproducts.eu\/nb\/wp-json\/wp\/v2\/media\/6719"}],"wp:attachment":[{"href":"https:\/\/displayproducts.eu\/nb\/wp-json\/wp\/v2\/media?parent=1268"}],"wp:term":[{"taxonomy":"product_brand","embeddable":true,"href":"https:\/\/displayproducts.eu\/nb\/wp-json\/wp\/v2\/product_brand?post=1268"},{"taxonomy":"product_cat","embeddable":true,"href":"https:\/\/displayproducts.eu\/nb\/wp-json\/wp\/v2\/product_cat?post=1268"},{"taxonomy":"product_tag","embeddable":true,"href":"https:\/\/displayproducts.eu\/nb\/wp-json\/wp\/v2\/product_tag?post=1268"}],"curies":[{"name":"wp","href":"https:\/\/api.w.org\/{rel}","templated":true}]}}