{"id":1267,"date":"2024-10-27T11:53:52","date_gmt":"2024-10-27T08:53:52","guid":{"rendered":"https:\/\/wristbandfactory.eu\/toode\/bamboo-lanyards\/"},"modified":"2026-04-01T21:52:36","modified_gmt":"2026-04-01T18:52:36","slug":"printed-bamboo-lanyards","status":"publish","type":"product","link":"https:\/\/displayproducts.eu\/nb\/p\/printed-bamboo-lanyards\/","title":{"rendered":"N\u00f8kkelb\u00e5nd i bambus med trykk"},"content":{"rendered":"<div class=\"mx-12 md:mx-24 lg:mx-48\">\n<div class=\"container my-8 svelte-zlsknf\">\n<div class=\"my-24 rounded-lg border-0 border-gray-700 bg-gray-100 px-16 py-24\">\n<div class=\"mt-11 !text-gray-500\">\n<p data-path-to-node=\"11\">Ta et definitivt b\u00e6rekraftig valg for ditt neste arrangement eller bedriftssamling med v\u00e5re <b>Trykte bambusn\u00f8kkelb\u00e5nd<\/b>. Etter hvert som organisasjoner i \u00f8kende grad beveger seg mot plastfrie l\u00f8sninger, skiller bambus seg ut ikke bare for sine milj\u00f8messige egenskaper, men ogs\u00e5 for sin overlegne kvalitet og f\u00f8lelse.<\/p>\n<p data-path-to-node=\"12\">Disse lanyardene er laget av naturlige, biologisk nedbrytbare bambusfibre, og gir en unik taktil opplevelse. I motsetning til noen resirkulerte materialer som kan f\u00f8les grove, er bambus naturlig glatt, pustende og antibakterielt, noe som gj\u00f8r det til det mest komfortable alternativet for ansatte og deltakere som bruker ID-kort hele dagen. Det gir et distinkt \u201cpremium \u00f8ko\u201d-utseende som hever merkevarens oppfatning.<\/p>\n<p data-path-to-node=\"13\">Vi tilbyr <b>tilpasset silketrykk<\/b> p\u00e5 bambusoverflaten, noe som gir skarp og tydelig logogjengivelse i n\u00f8yaktig din <b>Pantone-merkefarger<\/b>. Enten du trenger ensidig merkevarebygging eller tosidig synlighet, blir resultatet en profesjonell finish p\u00e5 en naturlig base. Med en lengde p\u00e5 omtrent 90 cm oppfyller de bransjestandarden for profesjonell bruk.<\/p>\n<p data-path-to-node=\"14\">Tilpass bestillingen din for \u00e5 oppfylle sikkerhets- og funksjonskrav: samtidig som en robust <b>metallkarabinkrok<\/b> er standard, kan vi utstyre disse lanyardene med <b>sikkerhetsklips<\/b> (viktig for skoler og sykehus) eller annet spesialtilbeh\u00f8r p\u00e5 foresp\u00f8rsel.<\/p>\n<p data-path-to-node=\"15\"><b>Viktige funksjoner:<\/b><\/p>\n<ul data-path-to-node=\"16\">\n<li>\n<p data-path-to-node=\"16,0,0\"><b>Materiale:<\/b> 100% b\u00e6rekraftig bambusfiber (biologisk nedbrytbar).<\/p>\n<\/li>\n<li>\n<p data-path-to-node=\"16,1,0\"><b>Taktil f\u00f8lelse:<\/b> Usedvanlig myk, glatt og hypoallergenisk.<\/p>\n<\/li>\n<li>\n<p data-path-to-node=\"16,2,0\"><b>Printing:<\/b> Silketrykk med Pantone-fargematching.<\/p>\n<\/li>\n<li>\n<p data-path-to-node=\"16,3,0\"><b>\u00d8ko-sertifisering:<\/b> avledet fra en raskt fornybar, plantevernmiddelfri kilde.<\/p>\n<\/li>\n<li>\n<p data-path-to-node=\"16,4,0\"><b>Maskinvare:<\/b> Kraftig metallkarabinkrok inkludert; sikkerhetsbryter er valgfritt.<\/p>\n<\/li>\n<li>\n<p data-path-to-node=\"16,5,0\"><b>Varighet:<\/b> Sterke naturfibre motst\u00e5r slitasje under arrangementer som varer flere dager.<\/p>\n<\/li>\n<\/ul>\n<\/div>\n<\/div>\n<\/div>\n<\/div>","protected":false},"excerpt":{"rendered":"<ul>\n<li>\n<p data-path-to-node=\"9,0,0\"><b>Raskt fornybar:<\/b> Laget av b\u00e6rekraftige bambusfibre, en av de raskest voksende plantene p\u00e5 jorden, og tilbyr et lavt karbonavtrykk.<\/p>\n<\/li>\n<li>\n<p data-path-to-node=\"9,1,0\"><b>Premium mykhet:<\/b> Bambusstoff er naturlig hypoallergenisk og mykere enn bomull eller polyester, noe som sikrer maksimal komfort.<\/p>\n<\/li>\n<li>\n<p data-path-to-node=\"9,2,0\"><b>Tilpasset merkevarebygging:<\/b> Logoen din blir silketrykket i presise Pantone-matchede farger p\u00e5 \u00e9n eller to sider.<\/p>\n<\/li>\n<li>\n<p data-path-to-node=\"9,3,0\"><b>Allsidig maskinvare:<\/b> Leveres som standard med en metallkarabinkrok; valgfrie sikkerhetsklips er tilgjengelig for samsvar.<\/p>\n<\/li>\n<\/ul>","protected":false},"featured_media":6725,"comment_status":"closed","ping_status":"closed","template":"","meta":[],"product_brand":[],"product_cat":[104,106,107],"product_tag":[],"class_list":{"0":"post-1267","1":"product","2":"type-product","3":"status-publish","4":"has-post-thumbnail","6":"product_cat-custom-printed-lanyards","7":"product_cat-breakaway-lanyards","8":"product_cat-eco-friendly-lanyards","10":"first","11":"instock","12":"shipping-taxable","13":"purchasable","14":"product-type-simple"},"_links":{"self":[{"href":"https:\/\/displayproducts.eu\/nb\/wp-json\/wp\/v2\/product\/1267","targetHints":{"allow":["GET"]}}],"collection":[{"href":"https:\/\/displayproducts.eu\/nb\/wp-json\/wp\/v2\/product"}],"about":[{"href":"https:\/\/displayproducts.eu\/nb\/wp-json\/wp\/v2\/types\/product"}],"replies":[{"embeddable":true,"href":"https:\/\/displayproducts.eu\/nb\/wp-json\/wp\/v2\/comments?post=1267"}],"wp:featuredmedia":[{"embeddable":true,"href":"https:\/\/displayproducts.eu\/nb\/wp-json\/wp\/v2\/media\/6725"}],"wp:attachment":[{"href":"https:\/\/displayproducts.eu\/nb\/wp-json\/wp\/v2\/media?parent=1267"}],"wp:term":[{"taxonomy":"product_brand","embeddable":true,"href":"https:\/\/displayproducts.eu\/nb\/wp-json\/wp\/v2\/product_brand?post=1267"},{"taxonomy":"product_cat","embeddable":true,"href":"https:\/\/displayproducts.eu\/nb\/wp-json\/wp\/v2\/product_cat?post=1267"},{"taxonomy":"product_tag","embeddable":true,"href":"https:\/\/displayproducts.eu\/nb\/wp-json\/wp\/v2\/product_tag?post=1267"}],"curies":[{"name":"wp","href":"https:\/\/api.w.org\/{rel}","templated":true}]}}