{"id":1264,"date":"2024-10-27T11:53:52","date_gmt":"2024-10-27T08:53:52","guid":{"rendered":"https:\/\/wristbandfactory.eu\/toode\/satin-lanyards-with-1-sided-sublimated-logo-design\/"},"modified":"2026-04-01T21:52:36","modified_gmt":"2026-04-01T18:52:36","slug":"sublimation-satin-lanyards","status":"publish","type":"product","link":"https:\/\/displayproducts.eu\/nb\/p\/sublimation-satin-lanyards\/","title":{"rendered":"Sateng-n\u00f8kkelb\u00e5nd med sublimering (Fullfarge)"},"content":{"rendered":"<p data-path-to-node=\"11\">Vis frem merkevaren din i ubegrensede farger og fotorealistiske detaljer med v\u00e5r <b>Sublimering sateng lanyards<\/b>. Dette produktet bygger bro mellom luksus og teknologi, og tilbyr det perfekte valget for organisasjoner med komplekse logoer, livlige gradienter eller detaljerte bilder som krever en f\u00f8rsteklasses presentasjon.<\/p>\n<p data-path-to-node=\"12\">Laget av et fint <b>hvitt satengb\u00e5nd<\/b> (ca. 90 cm lange) gir disse lanyardene et glatt, skinnende lerret som f\u00f8les eksepsjonelt godt \u00e5 ta p\u00e5. I motsetning til standard ribbet polyester reflekterer satengoverflaten lys, noe som gir merkevaren din en sofistikert glans. Ved hjelp av avansert <b>fargestoff-sublimeringstrykk<\/b>, kunstverket ditt farges direkte inn i stoffet p\u00e5 den ene siden. Denne prosessen sikrer en str\u00e5lende, falmebestandig finish som ikke sprekker eller flasses, noe som gj\u00f8r den til en robust l\u00f8sning for flerdagers bedriftsarrangementer, VIP-pass og messer.<\/p>\n<p data-path-to-node=\"13\"><i>Produksjonsmerknad:<\/i> Disse lanyardene er trykket med ensidig sublimering. P\u00e5 grunn av prosessens og materialets natur vil designet v\u00e6re litt synlig p\u00e5 baksiden.<\/p>\n<p data-path-to-node=\"14\">Hver snor leveres som standard med en slitesterk <b>metallkarabinkrok<\/b>, noe som bidrar til den h\u00f8ye kvalitetsf\u00f8lelsen. Andre klipsalternativer er tilgjengelige for \u00e5 passe dine spesifikke behov for ID-kort eller adgangskort.<\/p>\n<p data-path-to-node=\"15\"><b>Viktige funksjoner:<\/b><\/p>\n<ul data-path-to-node=\"16\">\n<li>\n<p data-path-to-node=\"16,0,0\"><b>Sublimering i fullfarge:<\/b> Gir fotorealistiske detaljer for komplekse logoer, gradienter og bilder.<\/p>\n<\/li>\n<li>\n<p data-path-to-node=\"16,1,0\"><b>Premium satengmateriale:<\/b> En glatt, h\u00f8yglansende overflate for et luksuri\u00f8st utseende og f\u00f8lelse.<\/p>\n<\/li>\n<li>\n<p data-path-to-node=\"16,2,0\"><b>Falmebestandig:<\/b> Fargestoffinfusjonsteknologi sikrer at trykket forblir livlig uten \u00e5 sprekke.<\/p>\n<\/li>\n<li>\n<p data-path-to-node=\"16,3,0\"><b>Komfort:<\/b> Myk satengtekstur er ideell for bruk hele dagen uten irritasjon.<\/p>\n<\/li>\n<li>\n<p data-path-to-node=\"16,4,0\"><b>Maskinvare:<\/b> Inkluderer en slitesterk metallkarabinkrok; spesialtilpassede fester er tilgjengelige p\u00e5 foresp\u00f8rsel.<\/p>\n<\/li>\n<li>\n<p data-path-to-node=\"16,5,0\"><b>Produksjon:<\/b> Rask EU-basert produksjon tilgjengelig for bulkbestillinger (MOQ 100)<\/p>\n<\/li>\n<\/ul>","protected":false},"excerpt":{"rendered":"<ul>\n<li>\n<p data-path-to-node=\"9,0,0\"><b>Premium tekstur:<\/b> Det glatte, h\u00f8yglansende satengb\u00e5ndet gir en luksuri\u00f8s f\u00f8lelse som er bedre enn standard polyester.<\/p>\n<\/li>\n<li>\n<p data-path-to-node=\"9,1,0\"><b>Fotorealistisk utskrift:<\/b> Avansert fargesublimering muliggj\u00f8r ubegrensede farger, gradienter og kompleks bildegjengivelse.<\/p>\n<\/li>\n<li>\n<p data-path-to-node=\"9,2,0\"><b>Slitesterk finish:<\/b> Blekket farges direkte inn i stofffibrene, noe som sikrer at designet ikke sprekker, flasses eller falmer.<\/p>\n<\/li>\n<li>\n<p data-path-to-node=\"9,3,0\"><b>VIP-klar:<\/b> Den perfekte kombinasjonen av komfort og visuell appell for eksklusive bedriftsarrangementer og eksklusive pass.<\/p>\n<\/li>\n<\/ul>","protected":false},"featured_media":6797,"comment_status":"closed","ping_status":"closed","template":"","meta":[],"product_brand":[],"product_cat":[104,106],"product_tag":[],"class_list":{"0":"post-1264","1":"product","2":"type-product","3":"status-publish","4":"has-post-thumbnail","6":"product_cat-custom-printed-lanyards","7":"product_cat-breakaway-lanyards","9":"first","10":"instock","11":"shipping-taxable","12":"purchasable","13":"product-type-simple"},"_links":{"self":[{"href":"https:\/\/displayproducts.eu\/nb\/wp-json\/wp\/v2\/product\/1264","targetHints":{"allow":["GET"]}}],"collection":[{"href":"https:\/\/displayproducts.eu\/nb\/wp-json\/wp\/v2\/product"}],"about":[{"href":"https:\/\/displayproducts.eu\/nb\/wp-json\/wp\/v2\/types\/product"}],"replies":[{"embeddable":true,"href":"https:\/\/displayproducts.eu\/nb\/wp-json\/wp\/v2\/comments?post=1264"}],"wp:featuredmedia":[{"embeddable":true,"href":"https:\/\/displayproducts.eu\/nb\/wp-json\/wp\/v2\/media\/6797"}],"wp:attachment":[{"href":"https:\/\/displayproducts.eu\/nb\/wp-json\/wp\/v2\/media?parent=1264"}],"wp:term":[{"taxonomy":"product_brand","embeddable":true,"href":"https:\/\/displayproducts.eu\/nb\/wp-json\/wp\/v2\/product_brand?post=1264"},{"taxonomy":"product_cat","embeddable":true,"href":"https:\/\/displayproducts.eu\/nb\/wp-json\/wp\/v2\/product_cat?post=1264"},{"taxonomy":"product_tag","embeddable":true,"href":"https:\/\/displayproducts.eu\/nb\/wp-json\/wp\/v2\/product_tag?post=1264"}],"curies":[{"name":"wp","href":"https:\/\/api.w.org\/{rel}","templated":true}]}}