{"id":1263,"date":"2024-10-27T11:53:52","date_gmt":"2024-10-27T08:53:52","guid":{"rendered":"https:\/\/wristbandfactory.eu\/toode\/3d-printed-lanyards\/"},"modified":"2026-04-01T21:52:36","modified_gmt":"2026-04-01T18:52:36","slug":"3d-printed-lanyards-raised-silicone-logo","status":"publish","type":"product","link":"https:\/\/displayproducts.eu\/nb\/p\/3d-printed-lanyards-raised-silicone-logo\/","title":{"rendered":"N\u00f8kkelb\u00e5nd med 3D-effekt (opph\u00f8yd logo)"},"content":{"rendered":"<div class=\"mx-12 md:mx-24 lg:mx-48\">\n<div class=\"container my-8 svelte-zlsknf\">\n<div class=\"my-24 rounded-lg border-0 border-gray-700 bg-gray-100 px-16 py-24\">\n<div class=\"mt-11 !text-gray-500\">\n<p data-path-to-node=\"11\">Styrk bedriftens merkevarebygging med v\u00e5re <b>3D-printede armbind<\/b>, en f\u00f8rsteklasses identifikasjonsl\u00f8sning designet for \u00e5 gi et varig inntrykk. Denne innovative snoren g\u00e5r utover standard flattrykkteknikker og bruker logoen din som en <b>hevet silikonlag med h\u00f8y tetthet<\/b>. Dette skaper en s\u00e6regen, taktil finish som gir merkevaren din dybde og en f\u00f8lelse av eksklusivitet, noe som gj\u00f8r den til det ideelle valget for VIP-arrangementer, teknologikonferanser og bedriftsbruk p\u00e5 h\u00f8yt niv\u00e5.<\/p>\n<p data-path-to-node=\"12\">Den 90 cm lange snoren er laget av robust polyester av h\u00f8y kvalitet, noe som sikrer holdbarhet for daglig bruk av ansatte. Vi trykker ditt spesialdesign p\u00e5 den ene siden av b\u00e5ndet, noe som gir presis visning. <b>Pantone-fargematching<\/b> eller fullfargemuligheter for \u00e5 sikre at logoen din skiller seg ut med en moderne, arkitektonisk effekt. I motsetning til tradisjonelle trykk som kan slites ned, er den hevede silikonteksturen slitesterk og beholder sitt f\u00f8rsteklasses utseende over tid.<\/p>\n<p data-path-to-node=\"13\">Hver enhet leveres med en solid <b>metallkarabinkrok<\/b> som standard, noe som forsterker produktets h\u00f8ykvalitetsf\u00f8lelse. Enten den brukes til \u00e5 holde sikre adgangskort eller kraftige n\u00f8kkelsett, kombinerer denne lanyarden funksjonell styrke med en unik visuell og taktil appell som f\u00e5r merkevaren din til \u00e5 bli lagt merke til.<\/p>\n<p data-path-to-node=\"14\"><b>Viktige funksjoner:<\/b><\/p>\n<ul data-path-to-node=\"15\">\n<li>\n<p data-path-to-node=\"15,0,0\"><b>Forbedret 3D-teknologi:<\/b> Logoer er trykt i silikon med h\u00f8y tetthet for en taktil, \u201cpreget\u201d effekt.<\/p>\n<\/li>\n<li>\n<p data-path-to-node=\"15,1,0\"><b>Premium-grafikk:<\/b> Gir dybde og en luksuri\u00f8s f\u00f8lelse, perfekt for \u00e5 fremheve VIP-er eller ansatte.<\/p>\n<\/li>\n<li>\n<p data-path-to-node=\"15,2,0\"><b>Tilpasning:<\/b> Full Pantone-samsvar tilgjengelig for det hevede utskriftslaget.<\/p>\n<\/li>\n<li>\n<p data-path-to-node=\"15,3,0\"><b>Varighet:<\/b> Polyesterremmen og silikontrykket er designet for langvarig daglig bruk.<\/p>\n<\/li>\n<li>\n<p data-path-to-node=\"15,4,0\"><b>Maskinvare:<\/b> Inkluderer en kraftig metallkarabinkrok; annet tilbeh\u00f8r er tilgjengelig p\u00e5 foresp\u00f8rsel.<\/p>\n<\/li>\n<\/ul>\n<\/div>\n<\/div>\n<\/div>\n<\/div>","protected":false},"excerpt":{"rendered":"<ul>\n<li>\n<p data-path-to-node=\"9,0,0\"><b>Taktil merkevarebygging:<\/b> Innovativ h\u00f8ytetthetsutskrift skaper en hevet 3D-logoeffekt du kan f\u00f8le.<\/p>\n<\/li>\n<li>\n<p data-path-to-node=\"9,1,0\"><b>Premium estetikk:<\/b> Gir et sofistikert og moderne utseende som er bedre enn vanlig flatskjermutskrift.<\/p>\n<\/li>\n<li>\n<p data-path-to-node=\"9,2,0\"><b>Slitesterk finish:<\/b> Det silikonbaserte 3D-utskriftet er sv\u00e6rt motstandsdyktig mot slitasje, vask og falming.<\/p>\n<\/li>\n<li>\n<p data-path-to-node=\"9,3,0\"><b>Bedriftsidentitet:<\/b> Tilgjengelig med Pantone-matchede farger p\u00e5 en slitesterk 90 cm polyesterrem.<\/p>\n<\/li>\n<li><\/li>\n<\/ul>","protected":false},"featured_media":6826,"comment_status":"closed","ping_status":"closed","template":"","meta":[],"product_brand":[],"product_cat":[104],"product_tag":[],"class_list":{"0":"post-1263","1":"product","2":"type-product","3":"status-publish","4":"has-post-thumbnail","6":"product_cat-custom-printed-lanyards","8":"first","9":"instock","10":"shipping-taxable","11":"purchasable","12":"product-type-simple"},"_links":{"self":[{"href":"https:\/\/displayproducts.eu\/nb\/wp-json\/wp\/v2\/product\/1263","targetHints":{"allow":["GET"]}}],"collection":[{"href":"https:\/\/displayproducts.eu\/nb\/wp-json\/wp\/v2\/product"}],"about":[{"href":"https:\/\/displayproducts.eu\/nb\/wp-json\/wp\/v2\/types\/product"}],"replies":[{"embeddable":true,"href":"https:\/\/displayproducts.eu\/nb\/wp-json\/wp\/v2\/comments?post=1263"}],"wp:featuredmedia":[{"embeddable":true,"href":"https:\/\/displayproducts.eu\/nb\/wp-json\/wp\/v2\/media\/6826"}],"wp:attachment":[{"href":"https:\/\/displayproducts.eu\/nb\/wp-json\/wp\/v2\/media?parent=1263"}],"wp:term":[{"taxonomy":"product_brand","embeddable":true,"href":"https:\/\/displayproducts.eu\/nb\/wp-json\/wp\/v2\/product_brand?post=1263"},{"taxonomy":"product_cat","embeddable":true,"href":"https:\/\/displayproducts.eu\/nb\/wp-json\/wp\/v2\/product_cat?post=1263"},{"taxonomy":"product_tag","embeddable":true,"href":"https:\/\/displayproducts.eu\/nb\/wp-json\/wp\/v2\/product_tag?post=1263"}],"curies":[{"name":"wp","href":"https:\/\/api.w.org\/{rel}","templated":true}]}}