{"id":1259,"date":"2024-10-27T11:54:13","date_gmt":"2024-10-27T08:54:13","guid":{"rendered":"https:\/\/wristbandfactory.eu\/toode\/recycled-pet-sublimation-lanyards\/"},"modified":"2026-04-01T21:52:36","modified_gmt":"2026-04-01T18:52:36","slug":"eco-friendly-rpet-lanyards-full-color-sublimation","status":"publish","type":"product","link":"https:\/\/displayproducts.eu\/nb\/p\/eco-friendly-rpet-lanyards-full-color-sublimation\/","title":{"rendered":"Milj\u00f8vennlige rPET n\u00f8kkelb\u00e5nd med sublimeringstrykk"},"content":{"rendered":"<div class=\"mx-12 md:mx-24 lg:mx-48\">\n<div class=\"container my-8 svelte-zlsknf\">\n<div class=\"my-24 rounded-lg border-0 border-gray-700 bg-gray-100 px-16 py-24\">\n<div class=\"mt-11 !text-gray-500\">\n<p data-path-to-node=\"11\">Vis merkevarens forpliktelse til b\u00e6rekraft uten \u00e5 ofre den visuelle identiteten med h\u00f8y slagkraft. <b>Milj\u00f8vennlige rPET-sublimeringsn\u00f8kkelb\u00e5nd<\/b> er det fremste valget for milj\u00f8bevisste organisasjoner, gr\u00f8nne konferanser og festivaler som \u00f8nsker \u00e5 redusere sitt karbonavtrykk.<\/p>\n<p data-path-to-node=\"12\"><span data-path-to-node=\"12,1\"><span class=\"citation-171\">Laget av 100% resirkulert PET (rPET), gjenbruker disse snorene plastavfall fra forbrukere til et slitesterkt tekstilb\u00e5nd av h\u00f8y kvalitet.<\/span><\/span><span data-path-to-node=\"12,3\">. Til tross for at materialet er resirkulert, har det en bemerkelsesverdig fin veving som gir et glatt, f\u00f8rsteklasses lerret. Denne overflaten er spesielt utviklet for <b>fargestoff-sublimeringstrykk<\/b>, noe som gir mulighet for fantastiske, fotorealistiske design p\u00e5 \u00e9n eller begge sider. I motsetning til silketrykk farger sublimering stofffibrene direkte, noe som sikrer at komplekse logoer, detaljerte bilder og livlige gradienter ikke sprekker, falmer eller flasses over tid.<\/span><\/p>\n<p data-path-to-node=\"13\"><span data-path-to-node=\"13,1\"><span class=\"citation-170\">Hver snor leveres med en slitesterk <\/span><b><span class=\"citation-170\">metallkarabinkrok<\/span><\/b><span class=\"citation-170\"> som standard, med et sikkert feste for ID-kort og pass<\/span><\/span><span data-path-to-node=\"13,3\">. <\/span><span data-path-to-node=\"13,5\"><span class=\"citation-169\">For bedriftsmilj\u00f8er eller store arrangementer der helse- og sikkerhetsoverholdelse er en prioritet, anbefaler vi p\u00e5 det sterkeste \u00e5 legge til det valgfrie <\/span><b><span class=\"citation-169\">sikkerhetsklips<\/span><\/b><\/span><span data-path-to-node=\"13,7\">, som utl\u00f8ser snoren hvis den trekkes kraftig.<\/span><\/p>\n<p data-path-to-node=\"14\"><b>Viktige funksjoner:<\/b><\/p>\n<ul data-path-to-node=\"15\">\n<li>\n<p data-path-to-node=\"15,0,0\"><b>Milj\u00f8vennlig materiale:<\/b> Produsert av 100% resirkulert PET (rPET) utvunnet fra forbrukerplast.<\/p>\n<\/li>\n<li>\n<p data-path-to-node=\"15,1,0\"><b>Sublimering i fullfarge:<\/b> Muliggj\u00f8r livlig, falmebestandig og fotorealistisk grafikk p\u00e5 \u00e9n eller to sider.<\/p>\n<\/li>\n<li>\n<p data-path-to-node=\"15,2,0\"><b>Komfortpassform:<\/b> 90 cm remlengde med myk overflate for komfortabel bruk hele dagen.<\/p>\n<\/li>\n<li>\n<p data-path-to-node=\"15,3,0\"><b>Sikkerhetsalternativer:<\/b> Valgfritt bryteklips tilgjengelig for forbedret brukersikkerhet i aktive milj\u00f8er.<\/p>\n<\/li>\n<li>\n<p data-path-to-node=\"15,4,0\"><b>Allsidig maskinvare:<\/b> Leveres med en robust metallkarabinkrok; andre klipstyper er tilgjengelig p\u00e5 foresp\u00f8rsel.<\/p>\n<\/li>\n<\/ul>\n<\/div>\n<\/div>\n<\/div>\n<\/div>","protected":false},"excerpt":{"rendered":"<ul>\n<li>\n<p data-path-to-node=\"9,0,0\"><b>Sertifisert b\u00e6rekraft:<\/b> Laget av 100% resirkulerte plastflasker (rPET), noe som reduserer milj\u00f8p\u00e5virkningen.<\/p>\n<\/li>\n<li>\n<p data-path-to-node=\"9,1,0\"><b>H\u00f8yoppl\u00f8selig merkevarebygging:<\/b> Glatt overflate muliggj\u00f8r sublimeringstrykk i fullfarge fra kant til kant.<\/p>\n<\/li>\n<li>\n<p data-path-to-node=\"9,2,0\"><b>Komplekse design:<\/b> Perfekt for intrikate logoer, gradienter og fotografiske bilder.<\/p>\n<\/li>\n<li>\n<p data-path-to-node=\"9,3,0\"><b>Sikkerhet og nytteverdi:<\/b> Inkluderer en standard metallkarabinkrok; valgfri sikkerhetsbryter tilgjengelig for samsvar.<\/p>\n<\/li>\n<li><\/li>\n<\/ul>","protected":false},"featured_media":6833,"comment_status":"closed","ping_status":"closed","template":"","meta":[],"product_brand":[],"product_cat":[43,104,106],"product_tag":[],"class_list":{"0":"post-1259","1":"product","2":"type-product","3":"status-publish","4":"has-post-thumbnail","6":"product_cat-lanyards","7":"product_cat-custom-printed-lanyards","8":"product_cat-breakaway-lanyards","10":"first","11":"instock","12":"shipping-taxable","13":"purchasable","14":"product-type-simple"},"_links":{"self":[{"href":"https:\/\/displayproducts.eu\/nb\/wp-json\/wp\/v2\/product\/1259","targetHints":{"allow":["GET"]}}],"collection":[{"href":"https:\/\/displayproducts.eu\/nb\/wp-json\/wp\/v2\/product"}],"about":[{"href":"https:\/\/displayproducts.eu\/nb\/wp-json\/wp\/v2\/types\/product"}],"replies":[{"embeddable":true,"href":"https:\/\/displayproducts.eu\/nb\/wp-json\/wp\/v2\/comments?post=1259"}],"wp:featuredmedia":[{"embeddable":true,"href":"https:\/\/displayproducts.eu\/nb\/wp-json\/wp\/v2\/media\/6833"}],"wp:attachment":[{"href":"https:\/\/displayproducts.eu\/nb\/wp-json\/wp\/v2\/media?parent=1259"}],"wp:term":[{"taxonomy":"product_brand","embeddable":true,"href":"https:\/\/displayproducts.eu\/nb\/wp-json\/wp\/v2\/product_brand?post=1259"},{"taxonomy":"product_cat","embeddable":true,"href":"https:\/\/displayproducts.eu\/nb\/wp-json\/wp\/v2\/product_cat?post=1259"},{"taxonomy":"product_tag","embeddable":true,"href":"https:\/\/displayproducts.eu\/nb\/wp-json\/wp\/v2\/product_tag?post=1259"}],"curies":[{"name":"wp","href":"https:\/\/api.w.org\/{rel}","templated":true}]}}