{"id":1256,"date":"2024-10-27T11:54:13","date_gmt":"2024-10-27T08:54:13","guid":{"rendered":"https:\/\/wristbandfactory.eu\/toode\/cork-lanyards\/"},"modified":"2026-04-01T21:52:36","modified_gmt":"2026-04-01T18:52:36","slug":"printed-cork-lanyards","status":"publish","type":"product","link":"https:\/\/displayproducts.eu\/nb\/p\/printed-cork-lanyards\/","title":{"rendered":"N\u00f8kkelb\u00e5nd i kork med trykk"},"content":{"rendered":"<div class=\"mx-12 md:mx-24 lg:mx-48\">\n<div class=\"container my-8 svelte-zlsknf\">\n<div class=\"my-24 rounded-lg border-0 border-gray-700 bg-gray-100 px-16 py-24\">\n<div class=\"mt-11 !text-gray-500\">\n<p data-path-to-node=\"11\">Gj\u00f8r et ansvarlig og stilig statement p\u00e5 din neste konferanse eller messe med v\u00e5re <b>Trykte korkn\u00f8kkelb\u00e5nd<\/b>. Denne snoren er den ideelle l\u00f8sningen for milj\u00f8bevisste organisasjoner som \u00f8nsker \u00e5 kombinere b\u00e6rekraftige materialer med profesjonell merkevarebygging, og tilbyr et sofistikert alternativ til syntetiske fibre.<\/p>\n<p data-path-to-node=\"12\">Laget av <b>ekte, naturlig kork<\/b>, denne 90 cm lange snoren gir en unik f\u00f8lelse av h\u00f8y kvalitet som er umiddelbart gjenkjennelig. Materialet h\u00f8stes fra barken til korkeik uten \u00e5 skade selve treet, noe som gj\u00f8r det til en virkelig fornybar ressurs. Utover sine milj\u00f8messige egenskaper er kork naturlig slitesterk, vannavst\u00f8tende og hypoallergenisk, noe som sikrer komfort for daglig bruk.<\/p>\n<p data-path-to-node=\"13\">Vi kan <b>tilpasset trykk ut logoen din<\/b> p\u00e5 \u00e9n eller to sider av stroppen. Kork har en naturlig tekstur, men v\u00e5r avanserte silketrykkprosess s\u00f8rger for at designet ditt forblir leselig og fargen\u00f8yaktig (ved bruk av <b>Pantone-matching<\/b>). Korkens naturlige brune farge gir en vakker, n\u00f8ytral bakgrunn som f\u00e5r m\u00f8rke logoer til \u00e5 skille seg ut. Hver snor leveres som standard med en p\u00e5litelig <b>metallkarabinkrok<\/b>, som gir et sikkert feste for arrangementskort eller ID-kort.<\/p>\n<p data-path-to-node=\"14\"><b>Viktige funksjoner:<\/b><\/p>\n<ul data-path-to-node=\"15\">\n<li>\n<p data-path-to-node=\"15,0,0\"><b>Materiale:<\/b> Ekte naturlig kork (fornybar og biologisk nedbrytbar).<\/p>\n<\/li>\n<li>\n<p data-path-to-node=\"15,1,0\"><b>Visuell innvirkning:<\/b> Unik trestruktur formidler \u201cPremium Eco\u201d.<\/p>\n<\/li>\n<li>\n<p data-path-to-node=\"15,2,0\"><b>Printing:<\/b> Silketrykk med Pantone-presisjon p\u00e5 1 eller 2 sider.<\/p>\n<\/li>\n<li>\n<p data-path-to-node=\"15,3,0\"><b>Varighet:<\/b> Naturlig vannavst\u00f8tende og slitesterk nok til langvarig bruk.<\/p>\n<\/li>\n<li>\n<p data-path-to-node=\"15,4,0\"><b>Maskinvare:<\/b> Inkluderer en solid metallkarabinkrok; andre klipsalternativer tilgjengelig.<\/p>\n<\/li>\n<li>\n<p data-path-to-node=\"15,5,0\"><b>Komfort:<\/b> Lett og myk mot huden.<\/p>\n<\/li>\n<\/ul>\n<\/div>\n<\/div>\n<\/div>\n<\/div>","protected":false},"excerpt":{"rendered":"<ul>\n<li>\n<p data-path-to-node=\"9,0,0\"><b>S\u00e6rpreget estetikk:<\/b> Den naturlige trelignende teksturen til kork skaper et unikt og eksklusivt utseende som skiller seg ut fra vanlige lanyards.<\/p>\n<\/li>\n<li>\n<p data-path-to-node=\"9,1,0\"><b>Sertifisert b\u00e6rekraftig:<\/b> Laget av ekte fornybar kork, noe som viser et sterkt engasjement for milj\u00f8ansvar.<\/p>\n<\/li>\n<li>\n<p data-path-to-node=\"9,2,0\"><b>Tilpasset merkevarebygging:<\/b> Til tross for den teksturerte overflaten, tilbyr vi klar silketrykk med Pantone-fargematching p\u00e5 1 eller 2 sider.<\/p>\n<\/li>\n<li>\n<p data-path-to-node=\"9,3,0\"><b>Slitesterk og vannavst\u00f8tende:<\/b> Kork er naturlig robust og fuktbestandig, noe som gj\u00f8r den ideell for arrangementer som varer flere dager.<\/p>\n<\/li>\n<\/ul>","protected":false},"featured_media":6730,"comment_status":"closed","ping_status":"closed","template":"","meta":[],"product_brand":[],"product_cat":[43,107],"product_tag":[],"class_list":{"0":"post-1256","1":"product","2":"type-product","3":"status-publish","4":"has-post-thumbnail","6":"product_cat-lanyards","7":"product_cat-eco-friendly-lanyards","9":"first","10":"instock","11":"shipping-taxable","12":"purchasable","13":"product-type-simple"},"_links":{"self":[{"href":"https:\/\/displayproducts.eu\/nb\/wp-json\/wp\/v2\/product\/1256","targetHints":{"allow":["GET"]}}],"collection":[{"href":"https:\/\/displayproducts.eu\/nb\/wp-json\/wp\/v2\/product"}],"about":[{"href":"https:\/\/displayproducts.eu\/nb\/wp-json\/wp\/v2\/types\/product"}],"replies":[{"embeddable":true,"href":"https:\/\/displayproducts.eu\/nb\/wp-json\/wp\/v2\/comments?post=1256"}],"wp:featuredmedia":[{"embeddable":true,"href":"https:\/\/displayproducts.eu\/nb\/wp-json\/wp\/v2\/media\/6730"}],"wp:attachment":[{"href":"https:\/\/displayproducts.eu\/nb\/wp-json\/wp\/v2\/media?parent=1256"}],"wp:term":[{"taxonomy":"product_brand","embeddable":true,"href":"https:\/\/displayproducts.eu\/nb\/wp-json\/wp\/v2\/product_brand?post=1256"},{"taxonomy":"product_cat","embeddable":true,"href":"https:\/\/displayproducts.eu\/nb\/wp-json\/wp\/v2\/product_cat?post=1256"},{"taxonomy":"product_tag","embeddable":true,"href":"https:\/\/displayproducts.eu\/nb\/wp-json\/wp\/v2\/product_tag?post=1256"}],"curies":[{"name":"wp","href":"https:\/\/api.w.org\/{rel}","templated":true}]}}