{"id":1254,"date":"2024-10-27T11:54:13","date_gmt":"2024-10-27T08:54:13","guid":{"rendered":"https:\/\/wristbandfactory.eu\/toode\/organic-cotton-lanyards\/"},"modified":"2026-04-01T21:52:36","modified_gmt":"2026-04-01T18:52:36","slug":"printed-organic-cotton-lanyards-sustainable-branding","status":"publish","type":"product","link":"https:\/\/displayproducts.eu\/nb\/p\/printed-organic-cotton-lanyards-sustainable-branding\/","title":{"rendered":"\u00d8kologiske bomullsn\u00f8kkelb\u00e5nd med trykk"},"content":{"rendered":"<div class=\"mx-12 md:mx-24 lg:mx-48\">\n<div class=\"container my-8 svelte-zlsknf\">\n<div class=\"my-24 rounded-lg border-0 border-gray-700 bg-gray-100 px-16 py-24\">\n<div class=\"mt-11 !text-gray-500\">\n<p data-path-to-node=\"11\">Demonstrer organisasjonens forpliktelse til b\u00e6rekraft uten at det g\u00e5r p\u00e5 bekostning av kvaliteten. <b>Trykte \u00f8kologiske bomullsn\u00f8kkelb\u00e5nd<\/b> er det beste valget for milj\u00f8bevisste konferanser, messer og bedriftsmilj\u00f8er der reduksjon av plastavfall er en prioritet.<\/p>\n<p data-path-to-node=\"12\">Laget av <b>100% \u00f8kologisk bomull<\/b>, denne lanyarden tilbyr en klar fordel i forhold til standard polyester: en genuint myk, naturlig f\u00f8lelse som er behagelig mot huden over lengre tid. B\u00e5ndets naturlige matte tekstur formidler et umiddelbart budskap om milj\u00f8ansvar til dine deltakere og kunder.<\/p>\n<p data-path-to-node=\"13\">Til tross for at det er en naturlig fiber, gir materialet en slitesterk overflate for merkevarebygging. Vi bruker <b>Pantone-matchet silketrykk<\/b> for \u00e5 sikre at logoen din gjengis n\u00f8yaktig p\u00e5 \u00e9n eller begge sider av stroppen. Dette lar deg opprettholde strenge merkevareretningslinjer samtidig som du bruker en fornybar ressurs. Hver snor leveres som standard med en p\u00e5litelig <b>metallkarabinkrok<\/b>, som sikrer et sikkert grep for merker og passeringer.<\/p>\n<p data-path-to-node=\"14\"><b>Viktige funksjoner:<\/b><\/p>\n<ul data-path-to-node=\"15\">\n<li>\n<p data-path-to-node=\"15,0,0\"><b>Milj\u00f8vennlig materiale:<\/b> 100% \u00f8kologisk bomull reduserer milj\u00f8p\u00e5virkningen og st\u00f8tter CSR-m\u00e5l.<\/p>\n<\/li>\n<li>\n<p data-path-to-node=\"15,1,0\"><b>Overlegen komfort:<\/b> Eksepsjonelt myk, naturlig tekstur forhindrer irritasjon under bruk hele dagen.<\/p>\n<\/li>\n<li>\n<p data-path-to-node=\"15,2,0\"><b>Tilpasset merkevarebygging:<\/b> H\u00f8ykvalitets silketrykk med Pantone-fargetilpasning.<\/p>\n<\/li>\n<li>\n<p data-path-to-node=\"15,3,0\"><b>Standard st\u00f8rrelse:<\/b> 90 cm lengde x 20 mm bredde (standard) passer komfortabelt for alle deltakere.<\/p>\n<\/li>\n<li>\n<p data-path-to-node=\"15,4,0\"><b>Maskinvare:<\/b> Kraftig metallkarabinkrok inkludert; kompatibel med v\u00e5re milj\u00f8vennlige ID-holdere.<\/p>\n<\/li>\n<\/ul>\n<\/div>\n<\/div>\n<\/div>\n<\/div>","protected":false},"excerpt":{"rendered":"<ul>\n<li>\n<p data-path-to-node=\"9,0,0\"><b>Sertifisert b\u00e6rekraft:<\/b> Laget av 100% naturlig \u00f8kologisk bomull, ideell for gr\u00f8nne arrangementer og CSR-fokuserte merkevarer.<\/p>\n<\/li>\n<li>\n<p data-path-to-node=\"9,1,0\"><b>Premium mykhet:<\/b> De naturlige fibrene gir en overlegen, hudvennlig tekstur sammenlignet med syntetiske alternativer.<\/p>\n<\/li>\n<li>\n<p data-path-to-node=\"9,2,0\"><b>Presis merkevarebygging:<\/b> Silketrykk med din Pantone-matchede logo p\u00e5 \u00e9n eller to sider for et rent og profesjonelt utseende.<\/p>\n<\/li>\n<li>\n<p data-path-to-node=\"9,3,0\"><b>Robust maskinvare:<\/b> Inkluderer en karabinkrok av h\u00f8y kvalitet i metall for sikkert feste av biologisk nedbrytbare eller standard ID-holdere.<\/p>\n<\/li>\n<li><\/li>\n<\/ul>","protected":false},"featured_media":6745,"comment_status":"closed","ping_status":"closed","template":"","meta":[],"product_brand":[],"product_cat":[104,107],"product_tag":[],"class_list":{"0":"post-1254","1":"product","2":"type-product","3":"status-publish","4":"has-post-thumbnail","6":"product_cat-custom-printed-lanyards","7":"product_cat-eco-friendly-lanyards","9":"first","10":"instock","11":"shipping-taxable","12":"purchasable","13":"product-type-simple"},"_links":{"self":[{"href":"https:\/\/displayproducts.eu\/nb\/wp-json\/wp\/v2\/product\/1254","targetHints":{"allow":["GET"]}}],"collection":[{"href":"https:\/\/displayproducts.eu\/nb\/wp-json\/wp\/v2\/product"}],"about":[{"href":"https:\/\/displayproducts.eu\/nb\/wp-json\/wp\/v2\/types\/product"}],"replies":[{"embeddable":true,"href":"https:\/\/displayproducts.eu\/nb\/wp-json\/wp\/v2\/comments?post=1254"}],"wp:featuredmedia":[{"embeddable":true,"href":"https:\/\/displayproducts.eu\/nb\/wp-json\/wp\/v2\/media\/6745"}],"wp:attachment":[{"href":"https:\/\/displayproducts.eu\/nb\/wp-json\/wp\/v2\/media?parent=1254"}],"wp:term":[{"taxonomy":"product_brand","embeddable":true,"href":"https:\/\/displayproducts.eu\/nb\/wp-json\/wp\/v2\/product_brand?post=1254"},{"taxonomy":"product_cat","embeddable":true,"href":"https:\/\/displayproducts.eu\/nb\/wp-json\/wp\/v2\/product_cat?post=1254"},{"taxonomy":"product_tag","embeddable":true,"href":"https:\/\/displayproducts.eu\/nb\/wp-json\/wp\/v2\/product_tag?post=1254"}],"curies":[{"name":"wp","href":"https:\/\/api.w.org\/{rel}","templated":true}]}}