{"id":1253,"date":"2024-10-27T11:54:13","date_gmt":"2024-10-27T08:54:13","guid":{"rendered":"https:\/\/wristbandfactory.eu\/toode\/sublimation-lanyards-with-2-metal-hooks\/"},"modified":"2026-04-01T21:52:36","modified_gmt":"2026-04-01T18:52:36","slug":"dual-hook-sublimation-lanyards","status":"publish","type":"product","link":"https:\/\/displayproducts.eu\/nb\/p\/dual-hook-sublimation-lanyards\/","title":{"rendered":"Sublimeringsn\u00f8kkelb\u00e5nd med dobbel krok"},"content":{"rendered":"<div class=\"mx-12 md:mx-24 lg:mx-48\">\n<div class=\"container my-8 svelte-zlsknf\">\n<div class=\"my-24 rounded-lg border-0 border-gray-700 bg-gray-100 px-16 py-24\">\n<div class=\"mt-11 !text-gray-500\">\n<p>S\u00f8rg for at merkevaren og arrangementsprofilen din alltid er i fokus med v\u00e5re <b>Sublimeringsn\u00f8kkelb\u00e5nd med dobbel krok<\/b>. Denne premium-snoren er den profesjonelle l\u00f8sningen for h\u00e5ndtering av st\u00f8rre arrangementskort eller ID-holdere, ved hjelp av to festepunkter for \u00e5 forhindre at de spinner eller vipper.<\/p>\n<p>Denne snoren er laget av et fint 90 cm polyesterb\u00e5nd, og gir et glatt lerret for v\u00e5r avanserte fargesublimeringstrykking. Denne prosessen gir mulighet for ubegrensede, fotorealistiske design, inkludert komplekse logoer, gradienter og fullfargebilder p\u00e5 \u00e9n eller begge sider. Resultatet er en livlig, falmebestandig finish som ikke sprekker eller flasses av.<\/p>\n<p>De doble metallkarabinerene er ideelle for konferanser, messer og bedriftsarrangementer, og gir et stabilt og sikkert grep for enhver ID-innehaver med to sporhull. Som oppf\u00f8rt i kategoriene er denne lanyarden tilgjengelig med en sikkerhetsklips for \u00f8kt brukersikkerhet i travle milj\u00f8er.<\/p>\n<p><b>Viktige funksjoner:<\/b><\/p>\n<ul>\n<li><b>Design med dobbel krok:<\/b> Har to metallkarabinere for \u00e5 holde store ID-kort eller arrangementskort sikkert og vendt fremover.<\/li>\n<li><b>Sublimering i fullfarge:<\/b> Tilbyr livlig, fotorealistisk utskrift for komplekse logoer og gradienter p\u00e5 \u00e9n eller to sider.<\/li>\n<li><b>Slitesterk 90 cm polyester:<\/b> En komfortabel, fin polyesterrem designet for heldagsbruk p\u00e5 arrangementer som varer flere dager.<\/li>\n<li><b>Sikkerhetsbryteralternativ:<\/b> Tilgjengelig med et bryteklips, en viktig sikkerhetsfunksjon for bedriftsmilj\u00f8er.<\/li>\n<li><b>Allsidige tilbeh\u00f8r:<\/b> Leveres som standard med to metallkarabinere, med andre klipsalternativer tilgjengelig.<\/li>\n<\/ul>\n<\/div>\n<\/div>\n<\/div>\n<\/div>","protected":false},"excerpt":{"rendered":"<ul>\n<li>Forhindre at merket spinner med en sikker dobbelkrokdesign (2x metallkarabinkrok).<\/li>\n<li>Vis frem merkevaren din med livlig sublimering i fullfarge (1 eller 2 sider).<\/li>\n<li>Slitesterk 90 cm fin polyesterstropp, ideell for konferanser som varer flere dager.<\/li>\n<li>Tilgjengelig med et valgfritt sikkerhetsklips for forbedret brukersikkerhet.<\/li>\n<\/ul>","protected":false},"featured_media":6694,"comment_status":"closed","ping_status":"closed","template":"","meta":[],"product_brand":[],"product_cat":[43,106],"product_tag":[],"class_list":{"0":"post-1253","1":"product","2":"type-product","3":"status-publish","4":"has-post-thumbnail","6":"product_cat-lanyards","7":"product_cat-breakaway-lanyards","9":"first","10":"instock","11":"shipping-taxable","12":"purchasable","13":"product-type-simple"},"_links":{"self":[{"href":"https:\/\/displayproducts.eu\/nb\/wp-json\/wp\/v2\/product\/1253","targetHints":{"allow":["GET"]}}],"collection":[{"href":"https:\/\/displayproducts.eu\/nb\/wp-json\/wp\/v2\/product"}],"about":[{"href":"https:\/\/displayproducts.eu\/nb\/wp-json\/wp\/v2\/types\/product"}],"replies":[{"embeddable":true,"href":"https:\/\/displayproducts.eu\/nb\/wp-json\/wp\/v2\/comments?post=1253"}],"wp:featuredmedia":[{"embeddable":true,"href":"https:\/\/displayproducts.eu\/nb\/wp-json\/wp\/v2\/media\/6694"}],"wp:attachment":[{"href":"https:\/\/displayproducts.eu\/nb\/wp-json\/wp\/v2\/media?parent=1253"}],"wp:term":[{"taxonomy":"product_brand","embeddable":true,"href":"https:\/\/displayproducts.eu\/nb\/wp-json\/wp\/v2\/product_brand?post=1253"},{"taxonomy":"product_cat","embeddable":true,"href":"https:\/\/displayproducts.eu\/nb\/wp-json\/wp\/v2\/product_cat?post=1253"},{"taxonomy":"product_tag","embeddable":true,"href":"https:\/\/displayproducts.eu\/nb\/wp-json\/wp\/v2\/product_tag?post=1253"}],"curies":[{"name":"wp","href":"https:\/\/api.w.org\/{rel}","templated":true}]}}