{"id":1250,"date":"2024-10-27T11:54:13","date_gmt":"2024-10-27T08:54:13","guid":{"rendered":"https:\/\/wristbandfactory.eu\/toode\/sublimation-lanyards-with-metal-carabiner\/"},"modified":"2026-04-01T21:52:36","modified_gmt":"2026-04-01T18:52:36","slug":"full-color-sublimation-lanyards-safety-breakaway","status":"publish","type":"product","link":"https:\/\/displayproducts.eu\/nb\/p\/full-color-sublimation-lanyards-safety-breakaway\/","title":{"rendered":"N\u00f8kkelb\u00e5nd med sikkerhetsl\u00e5s (sublimering)"},"content":{"rendered":"<p data-path-to-node=\"11\">Lag en effektfull uttalelse samtidig som du prioriterer deltakernes sikkerhet med v\u00e5r <b>Sublimeringsn\u00f8kkelb\u00e5nd i fullfarge med brytemekanisme<\/b>. Dette produktet er det beste valget for organisasjoner som krever kompleks merkevarebygging \u2013 som flerfargede logoer, gradienter eller fotorealistiske bilder \u2013 uten at det g\u00e5r p\u00e5 bekostning av samsvar med helse- og sikkerhetsforskrifter.<\/p>\n<p data-path-to-node=\"12\">Det definerende trekket ved denne lanyarden er den integrerte <b>sikkerhetsklips<\/b> plassert bak p\u00e5 nakken. Denne mekanismen er utformet for \u00e5 utl\u00f8ses automatisk hvis snoren trekkes kraftig eller setter seg fast i maskiner\/d\u00f8rer, noe som forhindrer skader. Dette gj\u00f8r den til et viktig krav for skoler, sykehus, industrimilj\u00f8er og store offentlige arrangementer.<\/p>\n<p data-path-to-node=\"13\">Visuelt sett bruker snoren avanserte <b>fargestoff-sublimeringstrykk<\/b>. Designet ditt blir permanent infundert direkte i fibrene i det 90 cm fine polyesterb\u00e5ndet, i stedet for \u00e5 ligge opp\u00e5 det. Dette sikrer kant-til-kant-dekning og en finish som er fullstendig motstandsdyktig mot sprekkdannelse, avskalling eller falming. Det glatte polyestermaterialet er usedvanlig mykt, noe som sikrer komfort hele dagen for ansatte og gjester. Hver snor leveres som standard med en p\u00e5litelig <b>metallkarabinkrok<\/b> for sikker festing av ID-kort eller adgangskort.<\/p>\n<p data-path-to-node=\"14\"><b>Viktige funksjoner:<\/b><\/p>\n<ul data-path-to-node=\"15\">\n<li>\n<p data-path-to-node=\"15,0,0\"><b>Sikkerhetsbryterklips:<\/b> Viktig sikkerhetsfunksjon som utl\u00f8ses under trykk; ideell for bedrifts-, medisinsk og industriell bruk.<\/p>\n<\/li>\n<li>\n<p data-path-to-node=\"15,1,0\"><b>Sublimering i fullfarge:<\/b> Tillater fotorealistiske, komplekse design og gradienter over hele overflaten.<\/p>\n<\/li>\n<li>\n<p data-path-to-node=\"15,2,0\"><b>Slitesterk fin polyester:<\/b> Glatt 90 cm b\u00e5nd forhindrer hudirritasjon og t\u00e5ler daglig bruk.<\/p>\n<\/li>\n<li>\n<p data-path-to-node=\"15,3,0\"><b>Dobbeltsidig utskrift:<\/b> Tilgjengelig med merkevarebygging p\u00e5 \u00e9n eller begge sider for \u00e5 maksimere eksponering.<\/p>\n<\/li>\n<li>\n<p data-path-to-node=\"15,4,0\"><b>Sikker vedlegg:<\/b> Inkluderer en solid metallkarabinkrok (andre klipsalternativer er tilgjengelige p\u00e5 foresp\u00f8rsel).<\/p>\n<\/li>\n<\/ul>","protected":false},"excerpt":{"rendered":"<ul>\n<li>\n<p data-path-to-node=\"9,0,0\"><b>Obligatorisk sikkerhet:<\/b> Utstyrt med en sikkerhetsklips som utl\u00f8ses under spenning, og oppfyller standard sikkerhetsforskrifter for bedrifter og arrangementer.<\/p>\n<\/li>\n<li>\n<p data-path-to-node=\"9,1,0\"><b>Ubegrenset design:<\/b> Fargesublimeringsteknologi muliggj\u00f8r fullfargeutskrift av komplekse logoer, bilder og gradienter fra kant til kant.<\/p>\n<\/li>\n<li>\n<p data-path-to-node=\"9,2,0\"><b>Permanent finish:<\/b> Blekk er tilsatt stoffet, noe som sikrer at designet aldri vil sprekke, flasse eller falme.<\/p>\n<\/li>\n<li>\n<p data-path-to-node=\"9,3,0\"><b>Komfort og holdbarhet:<\/b> Laget av myk, finvevd polyester (90 cm) som er komfortabel for langvarig bruk.<\/p>\n<\/li>\n<\/ul>","protected":false},"featured_media":6712,"comment_status":"closed","ping_status":"closed","template":"","meta":[],"product_brand":[],"product_cat":[43,104,106],"product_tag":[],"class_list":{"0":"post-1250","1":"product","2":"type-product","3":"status-publish","4":"has-post-thumbnail","6":"product_cat-lanyards","7":"product_cat-custom-printed-lanyards","8":"product_cat-breakaway-lanyards","10":"first","11":"instock","12":"shipping-taxable","13":"purchasable","14":"product-type-simple"},"_links":{"self":[{"href":"https:\/\/displayproducts.eu\/nb\/wp-json\/wp\/v2\/product\/1250","targetHints":{"allow":["GET"]}}],"collection":[{"href":"https:\/\/displayproducts.eu\/nb\/wp-json\/wp\/v2\/product"}],"about":[{"href":"https:\/\/displayproducts.eu\/nb\/wp-json\/wp\/v2\/types\/product"}],"replies":[{"embeddable":true,"href":"https:\/\/displayproducts.eu\/nb\/wp-json\/wp\/v2\/comments?post=1250"}],"wp:featuredmedia":[{"embeddable":true,"href":"https:\/\/displayproducts.eu\/nb\/wp-json\/wp\/v2\/media\/6712"}],"wp:attachment":[{"href":"https:\/\/displayproducts.eu\/nb\/wp-json\/wp\/v2\/media?parent=1250"}],"wp:term":[{"taxonomy":"product_brand","embeddable":true,"href":"https:\/\/displayproducts.eu\/nb\/wp-json\/wp\/v2\/product_brand?post=1250"},{"taxonomy":"product_cat","embeddable":true,"href":"https:\/\/displayproducts.eu\/nb\/wp-json\/wp\/v2\/product_cat?post=1250"},{"taxonomy":"product_tag","embeddable":true,"href":"https:\/\/displayproducts.eu\/nb\/wp-json\/wp\/v2\/product_tag?post=1250"}],"curies":[{"name":"wp","href":"https:\/\/api.w.org\/{rel}","templated":true}]}}