{"id":1247,"date":"2024-10-27T11:54:13","date_gmt":"2024-10-27T08:54:13","guid":{"rendered":"https:\/\/wristbandfactory.eu\/toode\/satin-lanyards-with-1-sided-silkscreen-logo-design\/"},"modified":"2026-04-01T21:52:36","modified_gmt":"2026-04-01T18:52:36","slug":"printed-satin-lanyards-premium-vip-branding","status":"publish","type":"product","link":"https:\/\/displayproducts.eu\/nb\/p\/printed-satin-lanyards-premium-vip-branding\/","title":{"rendered":"Sateng-n\u00f8kkelb\u00e5nd med trykk"},"content":{"rendered":"<p data-path-to-node=\"11\">Gj\u00f8r et sofistikert inntrykk p\u00e5 din neste konferanse, messe eller bedriftssamling med v\u00e5re <b>Trykte satengarmbind<\/b>. I motsetning til standard polyester tilbyr sateng en utpreget eksklusiv l\u00f8sning som forbedrer merkevarens image gjennom tekstur og glans. Den glatte, skinnende finishen gir et profesjonelt utseende og f\u00f8lelse, noe som gj\u00f8r den til det perfekte valget for VIP-gjester, bedriftspersonale og premium merkevareaktiveringer.<\/p>\n<p data-path-to-node=\"12\">Disse lanyardene er laget av fint satengb\u00e5nd og m\u00e5ler omtrent 90 cm i lengde. P\u00e5 grunn av materialets glatte natur, p\u00e5f\u00f8rer vi logoen din med et h\u00f8ykvalitetsb\u00e5nd. <b>ensidig silketrykk<\/b>. Denne metoden sikrer at du <b>Pantone-matchede farger<\/b> forblir skarpe og levende, og skaper en vakker kontrast mot den skinnende bakgrunnen.<\/p>\n<p data-path-to-node=\"13\"><i>Merknad om utskrift:<\/i> P\u00e5 grunn av den delikate og litt gjennomskinnelige naturen til fin sateng, er designet ofte svakt synlig p\u00e5 baksiden. Dette er en bransjestandardkarakteristikk for satengarmbind av h\u00f8y kvalitet og bidrar til deres autentiske tekstilf\u00f8lelse.<\/p>\n<p data-path-to-node=\"14\">Hver snor leveres som standard med en slitesterk <b>metallkarabinkrok<\/b>, noe som sikrer sikkert feste for ID-kort eller n\u00f8kkelb\u00e5nd. For en helhetlig premiumopplevelse anbefaler vi \u00e5 bruke disse lanyardene med v\u00e5re stive kortholdere.<\/p>\n<p data-path-to-node=\"15\"><b>Viktige funksjoner:<\/b><\/p>\n<ul data-path-to-node=\"16\">\n<li>\n<p data-path-to-node=\"16,0,0\"><b>Materiale:<\/b> Fin sateng med en glatt, blank overflate for en luksuri\u00f8s estetikk.<\/p>\n<\/li>\n<li>\n<p data-path-to-node=\"16,1,0\"><b>Printing:<\/b> Ensidig silketrykk for livlig merkevarebygging med h\u00f8y kontrast.<\/p>\n<\/li>\n<li>\n<p data-path-to-node=\"16,2,0\"><b>Fargematching:<\/b> N\u00f8yaktig Pantone-matching for bedriftslogoen din.<\/p>\n<\/li>\n<li>\n<p data-path-to-node=\"16,3,0\"><b>Standardm\u00e5l:<\/b> ~90 cm lengde, komfortabel for formell bruk.<\/p>\n<\/li>\n<li>\n<p data-path-to-node=\"16,4,0\"><b>Maskinvare:<\/b> Inkluderer en robust metallkarabinkrok; tilpassede klips tilgjengelig.<\/p>\n<\/li>\n<li>\n<p data-path-to-node=\"16,5,0\"><b>S\u00f8knad:<\/b> Best egnet for VIP-tilgang, prisutdelinger og motearrangementer.<\/p>\n<\/li>\n<\/ul>","protected":false},"excerpt":{"rendered":"<ul>\n<li>\n<p data-path-to-node=\"9,0,0\"><b>Luksusfinish:<\/b> Den fine satengveven gir en glatt, blank overflate som f\u00f8les f\u00f8rsteklasses \u00e5 ta p\u00e5.<\/p>\n<\/li>\n<li>\n<p data-path-to-node=\"9,1,0\"><b>Skarp detaljering:<\/b> Silketrykk av h\u00f8y kvalitet sikrer at logoen din fremst\u00e5r levende og tydelig mot den skinnende bakgrunnen.<\/p>\n<\/li>\n<li>\n<p data-path-to-node=\"9,2,0\"><b>VIP og bedrift:<\/b> Det foretrukne valget for eksklusive konferanser, gallamiddager og eksklusive merkevarekampanjer.<\/p>\n<\/li>\n<li>\n<p data-path-to-node=\"9,3,0\"><b>Profesjonell maskinvare:<\/b> Inkluderer en slitesterk metallkarabinkrok som standard; annet premiumtilbeh\u00f8r er tilgjengelig.<\/p>\n<\/li>\n<li><\/li>\n<\/ul>","protected":false},"featured_media":6758,"comment_status":"closed","ping_status":"closed","template":"","meta":[],"product_brand":[],"product_cat":[43,104],"product_tag":[],"class_list":{"0":"post-1247","1":"product","2":"type-product","3":"status-publish","4":"has-post-thumbnail","6":"product_cat-lanyards","7":"product_cat-custom-printed-lanyards","9":"first","10":"instock","11":"shipping-taxable","12":"purchasable","13":"product-type-simple"},"_links":{"self":[{"href":"https:\/\/displayproducts.eu\/nb\/wp-json\/wp\/v2\/product\/1247","targetHints":{"allow":["GET"]}}],"collection":[{"href":"https:\/\/displayproducts.eu\/nb\/wp-json\/wp\/v2\/product"}],"about":[{"href":"https:\/\/displayproducts.eu\/nb\/wp-json\/wp\/v2\/types\/product"}],"replies":[{"embeddable":true,"href":"https:\/\/displayproducts.eu\/nb\/wp-json\/wp\/v2\/comments?post=1247"}],"wp:featuredmedia":[{"embeddable":true,"href":"https:\/\/displayproducts.eu\/nb\/wp-json\/wp\/v2\/media\/6758"}],"wp:attachment":[{"href":"https:\/\/displayproducts.eu\/nb\/wp-json\/wp\/v2\/media?parent=1247"}],"wp:term":[{"taxonomy":"product_brand","embeddable":true,"href":"https:\/\/displayproducts.eu\/nb\/wp-json\/wp\/v2\/product_brand?post=1247"},{"taxonomy":"product_cat","embeddable":true,"href":"https:\/\/displayproducts.eu\/nb\/wp-json\/wp\/v2\/product_cat?post=1247"},{"taxonomy":"product_tag","embeddable":true,"href":"https:\/\/displayproducts.eu\/nb\/wp-json\/wp\/v2\/product_tag?post=1247"}],"curies":[{"name":"wp","href":"https:\/\/api.w.org\/{rel}","templated":true}]}}