{"id":1246,"date":"2024-10-27T11:54:13","date_gmt":"2024-10-27T08:54:13","guid":{"rendered":"https:\/\/wristbandfactory.eu\/toode\/flat-polyester-lanyards\/"},"modified":"2026-04-01T21:52:04","modified_gmt":"2026-04-01T18:52:04","slug":"custom-printed-polyester-lanyards-corporate-branding","status":"publish","type":"product","link":"https:\/\/displayproducts.eu\/nb\/p\/custom-printed-polyester-lanyards-corporate-branding\/","title":{"rendered":"Tilpassede trykte polyester-armbind \u2013 Bedriftsprofilering"},"content":{"rendered":"<div class=\"mx-12 md:mx-24 lg:mx-48\">\n<div class=\"container my-8 svelte-zlsknf\">\n<div class=\"my-24 rounded-lg border-0 border-gray-700 bg-gray-100 px-16 py-24\">\n<div class=\"mt-11 !text-gray-500\">\n<p data-path-to-node=\"12\">Sikre arrangementet ditt og foren teamet ditt med v\u00e5rt <b>Tilpassede trykte polyester-armbind<\/b>, bransjestandardl\u00f8sningen for effektiv merkevaresynlighet. Disse lanyardene er konstruert for store volumer som internasjonale konferanser, messer og store festivaler, og tilbyr den optimale balansen mellom holdbarhet, utskriftskvalitet og kostnadseffektivitet.<\/p>\n<p data-path-to-node=\"13\">Materialet er laget av h\u00f8yverdig flat polyester og gir et glatt lerret som er viktig for tydelig og lesbar merkevarebygging. I motsetning til teksturerte alternativer, muliggj\u00f8r denne flate overflaten presis logogjengivelse, noe som sikrer at bedriftens identitet vises uten forvrengning. Vi tilbyr <b>Pantone-fargematching<\/b>, slik at vi kan farge stoffet og trykke kunstverket ditt i dine eksakte merkefarger p\u00e5 \u00e9n eller begge sider.<\/p>\n<p data-path-to-node=\"14\">Hver snor er designet for komfort og funksjonalitet, og m\u00e5ler omtrent 90 cm i lengde, noe som gj\u00f8r den egnet for alle deltakere. Enheten leveres forh\u00e5ndsmontert med en robust <b>metallkarabinkrok<\/b>, som sikrer at ID-kort, bes\u00f8kskort og adgangsbrikker forblir sikkert festet under hele arrangementet. For organisasjoner med spesifikke sikkerhets- eller funksjonsbehov er alternative fester (som sikkerhetsbrytere eller andre klips) tilgjengelig p\u00e5 foresp\u00f8rsel.<\/p>\n<p data-path-to-node=\"15\"><b>Viktige funksjoner:<\/b><\/p>\n<ul data-path-to-node=\"16\">\n<li>\n<p data-path-to-node=\"16,0,0\"><b>Materiale:<\/b> Slitesterk, flat polyester designet for HD-utskrift.<\/p>\n<\/li>\n<li>\n<p data-path-to-node=\"16,1,0\"><b>Tilpasning:<\/b> Full Pantone-fargematching for b\u00e5de stoff og trykk.<\/p>\n<\/li>\n<li>\n<p data-path-to-node=\"16,2,0\"><b>Utskriftsalternativer:<\/b> Tilgjengelig med ensidig eller tosidig logoplassering for maksimal synlighet.<\/p>\n<\/li>\n<li>\n<p data-path-to-node=\"16,3,0\"><b>Standardm\u00e5l:<\/b> 90 cm lengde x 20 mm bredde (standard) for universell passform.<\/p>\n<\/li>\n<li>\n<p data-path-to-node=\"16,4,0\"><b>Maskinvare:<\/b> Kraftig metallkarabinkrok inkludert; spesialtilpassede fester tilgjengelig.<\/p>\n<\/li>\n<li>\n<p data-path-to-node=\"16,5,0\"><b>Brukstilfelle:<\/b> Perfekt for bedrifts-ID, personalkort og giveaways til salgsfremmende arrangementer.<\/p>\n<\/li>\n<\/ul>\n<\/div>\n<\/div>\n<\/div>\n<\/div>","protected":false},"excerpt":{"rendered":"<ul data-path-to-node=\"10\">\n<li>\n<p data-path-to-node=\"10,0,0\"><b>Merkevarebygging med h\u00f8y effekt:<\/b> Glatt, flat polyesteroverflate sikrer skarp logogjengivelse med h\u00f8y kontrast.<\/p>\n<\/li>\n<li>\n<p data-path-to-node=\"10,1,0\"><b>Pantone-presisjon:<\/b> Fullstendig tilpassbar trykking p\u00e5 1 eller 2 sider for \u00e5 matche dine eksakte bedriftsfarger.<\/p>\n<\/li>\n<li>\n<p data-path-to-node=\"10,2,0\"><b>Kostnadseffektiv bulkl\u00f8sning:<\/b> Bransjestandarden for store konferanser, festivaler og messer.<\/p>\n<\/li>\n<li>\n<p data-path-to-node=\"10,3,0\"><b>P\u00e5litelig maskinvare:<\/b> Inkluderer en solid metallkarabinkrok som standard for sikkert feste av ID-kort og kort.<\/p>\n<\/li>\n<\/ul>","protected":false},"featured_media":6815,"comment_status":"closed","ping_status":"closed","template":"","meta":[],"product_brand":[],"product_cat":[104],"product_tag":[],"class_list":{"0":"post-1246","1":"product","2":"type-product","3":"status-publish","4":"has-post-thumbnail","6":"product_cat-custom-printed-lanyards","8":"first","9":"instock","10":"shipping-taxable","11":"purchasable","12":"product-type-simple"},"_links":{"self":[{"href":"https:\/\/displayproducts.eu\/nb\/wp-json\/wp\/v2\/product\/1246","targetHints":{"allow":["GET"]}}],"collection":[{"href":"https:\/\/displayproducts.eu\/nb\/wp-json\/wp\/v2\/product"}],"about":[{"href":"https:\/\/displayproducts.eu\/nb\/wp-json\/wp\/v2\/types\/product"}],"replies":[{"embeddable":true,"href":"https:\/\/displayproducts.eu\/nb\/wp-json\/wp\/v2\/comments?post=1246"}],"wp:featuredmedia":[{"embeddable":true,"href":"https:\/\/displayproducts.eu\/nb\/wp-json\/wp\/v2\/media\/6815"}],"wp:attachment":[{"href":"https:\/\/displayproducts.eu\/nb\/wp-json\/wp\/v2\/media?parent=1246"}],"wp:term":[{"taxonomy":"product_brand","embeddable":true,"href":"https:\/\/displayproducts.eu\/nb\/wp-json\/wp\/v2\/product_brand?post=1246"},{"taxonomy":"product_cat","embeddable":true,"href":"https:\/\/displayproducts.eu\/nb\/wp-json\/wp\/v2\/product_cat?post=1246"},{"taxonomy":"product_tag","embeddable":true,"href":"https:\/\/displayproducts.eu\/nb\/wp-json\/wp\/v2\/product_tag?post=1246"}],"curies":[{"name":"wp","href":"https:\/\/api.w.org\/{rel}","templated":true}]}}