{"id":1243,"date":"2024-10-27T11:54:13","date_gmt":"2024-10-27T08:54:13","guid":{"rendered":"https:\/\/wristbandfactory.eu\/toode\/seed-paper-lanyard\/"},"modified":"2026-04-01T21:52:36","modified_gmt":"2026-04-01T18:52:36","slug":"seed-paper-lanyards","status":"publish","type":"product","link":"https:\/\/displayproducts.eu\/nb\/p\/seed-paper-lanyards\/","title":{"rendered":"N\u00f8kkelb\u00e5nd i fr\u00f8papir (Plantbar)"},"content":{"rendered":"<p data-path-to-node=\"11\">Lag et varig milj\u00f8utsagn p\u00e5 ditt neste arrangement, utstilling eller festival med v\u00e5re innovative <b>Papirn\u00f8kkelb\u00e5nd av fr\u00f8<\/b>. Disse lanyardene er designet for \u00e5 gi et nytt, gr\u00f8nt form\u00e5l til et tradisjonelt engangsprodukt, og tilbyr en unik m\u00e5te \u00e5 demonstrere organisasjonens forpliktelse til regenerering og b\u00e6rekraft.<\/p>\n<p data-path-to-node=\"12\">I stedet for \u00e5 kaste snoren etter arrangementet, inviteres deltakerne til \u00e5 plante den direkte i jorden. Med tiden brytes det biologisk nedbrytbare papiret ned, og de innlemmede fr\u00f8ene blomstrer til en vakker blanding av <b>villblomster<\/b>. Dette skaper en positiv, levende p\u00e5minnelse om merkevaren og budskapet ditt lenge etter at konferansed\u00f8rene har lukket seg.<\/p>\n<p data-path-to-node=\"13\">Hvert snorb\u00e5nd er laget i Europa fra <b>80 g\/m\u00b2 fr\u00f8papir<\/b>. Selv om den er delikat, er den perfekt for endagsarrangementer, VIP-pass eller eksklusive invitasjoner. Ditt fargedesign kan trykkes p\u00e5 \u00e9n side. For \u00e5 st\u00f8tte produktets milj\u00f8bevisste natur og sikre best mulig spireevne, anbefaler vi design som dekker mindre enn 50% av overflatearealet (noe som ogs\u00e5 gir en kostnadsfordel).<\/p>\n<p data-path-to-node=\"14\"><b>Viktige funksjoner:<\/b><\/p>\n<ul data-path-to-node=\"15\">\n<li>\n<p data-path-to-node=\"15,0,0\"><b>Materiale:<\/b> 80 g\/m\u00b2 biologisk nedbrytbart papir med en blanding av villblomstfr\u00f8.<\/p>\n<\/li>\n<li>\n<p data-path-to-node=\"15,1,0\"><b>Bruk etter arrangementet:<\/b> Fullt plantbar; forvandler avfall til en villblomsterhage.<\/p>\n<\/li>\n<li>\n<p data-path-to-node=\"15,2,0\"><b>Printing:<\/b> Ensidig fullfargetrykk (milj\u00f8vennlig lav blekkdekning anbefales).<\/p>\n<\/li>\n<li>\n<p data-path-to-node=\"15,3,0\"><b>Dimensjoner:<\/b> Standard st\u00f8rrelse 90 x 20 mm (ca.).<\/p>\n<\/li>\n<li>\n<p data-path-to-node=\"15,4,0\"><b>Opprinnelse:<\/b> Laget i Europa for et lavere karbonavtrykk.<\/p>\n<\/li>\n<li>\n<p data-path-to-node=\"15,5,0\"><b>Brukstilfelle:<\/b> Ideell for kortvarige arrangementer, produktlanseringer og gr\u00f8nne bryllup.<\/p>\n<\/li>\n<\/ul>","protected":false},"excerpt":{"rendered":"<ul data-path-to-node=\"9\">\n<li>\n<p data-path-to-node=\"9,0,0\"><b>Plantable Branding:<\/b> Snoren inneholder en blanding av villblomstfr\u00f8 som blomstrer n\u00e5r de plantes i jord etter arrangementet.<\/p>\n<\/li>\n<li>\n<p data-path-to-node=\"9,1,0\"><b>Nullavfallssyklus:<\/b> Et fullstendig biologisk nedbrytbart produkt som ikke etterlater seg s\u00f8ppel, bare blomster.<\/p>\n<\/li>\n<li>\n<p data-path-to-node=\"9,2,0\"><b>\u00d8kodesign:<\/b> Utskriften er optimalisert for minimalt blekkforbruk (&lt;50% dekning anbefales) for \u00e5 sikre fr\u00f8ets levedyktighet.<\/p>\n<\/li>\n<li>\n<p data-path-to-node=\"9,3,0\"><b>Laget i Europa:<\/b> Produsert lokalt med 80 g\/m\u00b2 papir for \u00e5 minimere transportutslipp.<\/p>\n<\/li>\n<\/ul>","protected":false},"featured_media":6780,"comment_status":"closed","ping_status":"closed","template":"","meta":[],"product_brand":[],"product_cat":[43,107],"product_tag":[],"class_list":{"0":"post-1243","1":"product","2":"type-product","3":"status-publish","4":"has-post-thumbnail","6":"product_cat-lanyards","7":"product_cat-eco-friendly-lanyards","9":"first","10":"instock","11":"shipping-taxable","12":"purchasable","13":"product-type-simple"},"_links":{"self":[{"href":"https:\/\/displayproducts.eu\/nb\/wp-json\/wp\/v2\/product\/1243","targetHints":{"allow":["GET"]}}],"collection":[{"href":"https:\/\/displayproducts.eu\/nb\/wp-json\/wp\/v2\/product"}],"about":[{"href":"https:\/\/displayproducts.eu\/nb\/wp-json\/wp\/v2\/types\/product"}],"replies":[{"embeddable":true,"href":"https:\/\/displayproducts.eu\/nb\/wp-json\/wp\/v2\/comments?post=1243"}],"wp:featuredmedia":[{"embeddable":true,"href":"https:\/\/displayproducts.eu\/nb\/wp-json\/wp\/v2\/media\/6780"}],"wp:attachment":[{"href":"https:\/\/displayproducts.eu\/nb\/wp-json\/wp\/v2\/media?parent=1243"}],"wp:term":[{"taxonomy":"product_brand","embeddable":true,"href":"https:\/\/displayproducts.eu\/nb\/wp-json\/wp\/v2\/product_brand?post=1243"},{"taxonomy":"product_cat","embeddable":true,"href":"https:\/\/displayproducts.eu\/nb\/wp-json\/wp\/v2\/product_cat?post=1243"},{"taxonomy":"product_tag","embeddable":true,"href":"https:\/\/displayproducts.eu\/nb\/wp-json\/wp\/v2\/product_tag?post=1243"}],"curies":[{"name":"wp","href":"https:\/\/api.w.org\/{rel}","templated":true}]}}