{"id":1242,"date":"2024-10-27T11:54:14","date_gmt":"2024-10-27T08:54:14","guid":{"rendered":"https:\/\/wristbandfactory.eu\/toode\/corn-lanyards\/"},"modified":"2026-04-01T21:52:36","modified_gmt":"2026-04-01T18:52:36","slug":"printed-eco-corn-lanyards","status":"publish","type":"product","link":"https:\/\/displayproducts.eu\/nb\/p\/printed-eco-corn-lanyards\/","title":{"rendered":"Maisbaserte n\u00f8kkelb\u00e5nd (Biologisk nedbrytbar)"},"content":{"rendered":"<div class=\"mx-12 md:mx-24 lg:mx-48\">\n<div class=\"container my-8 svelte-zlsknf\">\n<div class=\"my-24 rounded-lg border-0 border-gray-700 bg-gray-100 px-16 py-24\">\n<div class=\"mt-11 !text-gray-500\">\n<p data-path-to-node=\"11\">Vis ekte milj\u00f8lederskap med v\u00e5re <b>Trykte \u00f8kologiske maisn\u00f8kkelb\u00e5nd<\/b>. I motsetning til tradisjonelle syntetiske lanyards utvunnet fra petroleum, er disse innovative identifikasjonsstroppene laget av <b>100% maisstivelse (PLA)<\/b> fiber. Dette gj\u00f8r dem til en fullstendig biologisk nedbrytbar og plantebasert l\u00f8sning, perfekt for fremtidsrettede organisasjoner og b\u00e6rekraftige arrangementer.<\/p>\n<p data-path-to-node=\"12\">Det som gj\u00f8r dette produktet unikt er dets kompromissl\u00f8se natur. Selv om det er laget av mais, etterligner den resulterende PLA-fiberen holdbarheten, teksturen og styrken til standard polyester. Dette betyr at du f\u00e5r en robust lanyard av h\u00f8y kvalitet som t\u00e5ler flerdagers konferanser, men som likevel er komposterbar ved slutten av livssyklusen.<\/p>\n<p data-path-to-node=\"13\">Vi tilbyr profesjonelle <b>silketrykk<\/b> p\u00e5 den glatte PLA-overflaten, slik at logoen din gjengis n\u00f8yaktig slik du \u00f8nsker <b>Pantone-merkefarger<\/b>. Enten du trenger ensidig eller tosidig utskrift, blir resultatet skarpt og levende. Hver enhet leveres med en standard <b>metallkarabinkrok<\/b>, som kombinerer industriell holdbarhet med milj\u00f8f\u00f8lsomhet.<\/p>\n<p data-path-to-node=\"14\"><b>Viktige funksjoner:<\/b><\/p>\n<ul data-path-to-node=\"15\">\n<li>\n<p data-path-to-node=\"15,0,0\"><b>Materiale:<\/b> 100% Maisstivelsesfiber (PLA) \u2013 Plantebasert og biologisk nedbrytbar.<\/p>\n<\/li>\n<li>\n<p data-path-to-node=\"15,1,0\"><b>Ytelse:<\/b> Slitesterk og glatt tekstur som ligner p\u00e5 tradisjonell polyester.<\/p>\n<\/li>\n<li>\n<p data-path-to-node=\"15,2,0\"><b>B\u00e6rekraft:<\/b> Betydelig lavere karbonavtrykk sammenlignet med oljebasert plast.<\/p>\n<\/li>\n<li>\n<p data-path-to-node=\"15,3,0\"><b>Printing:<\/b> Silketrykk av h\u00f8y kvalitet med Pantone-fargetilpasning.<\/p>\n<\/li>\n<li>\n<p data-path-to-node=\"15,4,0\"><b>Maskinvare:<\/b> Inkluderer en p\u00e5litelig metallkarabinkrok for sikkert feste av merket.<\/p>\n<\/li>\n<li>\n<p data-path-to-node=\"15,5,0\"><b>Brukstilfelle:<\/b> Perfekt for \u201cgr\u00f8nne\u201d konferanser, milj\u00f8festivaler og CSR-initiativer.<\/p>\n<\/li>\n<\/ul>\n<\/div>\n<\/div>\n<\/div>\n<\/div>","protected":false},"excerpt":{"rendered":"<ul>\n<li>\n<p data-path-to-node=\"9,0,0\"><b>Plantebasert innovasjon:<\/b> Produsert av 100% maisstivelsesfiber (PLA), og tilbyr et fullstendig biologisk nedbrytbart alternativ til oljebasert plast.<\/p>\n<\/li>\n<li>\n<p data-path-to-node=\"9,1,0\"><b>Polyesterlignende ytelse:<\/b> F\u00f8les og fungerer akkurat som syntetisk stoff \u2013 slitesterkt og glatt \u2013 men er utelukkende avledet fra planter.<\/p>\n<\/li>\n<li>\n<p data-path-to-node=\"9,2,0\"><b>Bedriftsansvar:<\/b> Det ideelle valget for selskaper med strenge nullavfalls- eller karbonn\u00f8ytrale retningslinjer.<\/p>\n<\/li>\n<li>\n<p data-path-to-node=\"9,3,0\"><b>Tilpasset merkevarebygging:<\/b> Glatt overflate gir skarp, Pantone-matchet silketrykk p\u00e5 \u00e9n eller to sider.<\/p>\n<\/li>\n<\/ul>","protected":false},"featured_media":6736,"comment_status":"closed","ping_status":"closed","template":"","meta":[],"product_brand":[],"product_cat":[104,107],"product_tag":[],"class_list":{"0":"post-1242","1":"product","2":"type-product","3":"status-publish","4":"has-post-thumbnail","6":"product_cat-custom-printed-lanyards","7":"product_cat-eco-friendly-lanyards","9":"first","10":"instock","11":"shipping-taxable","12":"purchasable","13":"product-type-simple"},"_links":{"self":[{"href":"https:\/\/displayproducts.eu\/nb\/wp-json\/wp\/v2\/product\/1242","targetHints":{"allow":["GET"]}}],"collection":[{"href":"https:\/\/displayproducts.eu\/nb\/wp-json\/wp\/v2\/product"}],"about":[{"href":"https:\/\/displayproducts.eu\/nb\/wp-json\/wp\/v2\/types\/product"}],"replies":[{"embeddable":true,"href":"https:\/\/displayproducts.eu\/nb\/wp-json\/wp\/v2\/comments?post=1242"}],"wp:featuredmedia":[{"embeddable":true,"href":"https:\/\/displayproducts.eu\/nb\/wp-json\/wp\/v2\/media\/6736"}],"wp:attachment":[{"href":"https:\/\/displayproducts.eu\/nb\/wp-json\/wp\/v2\/media?parent=1242"}],"wp:term":[{"taxonomy":"product_brand","embeddable":true,"href":"https:\/\/displayproducts.eu\/nb\/wp-json\/wp\/v2\/product_brand?post=1242"},{"taxonomy":"product_cat","embeddable":true,"href":"https:\/\/displayproducts.eu\/nb\/wp-json\/wp\/v2\/product_cat?post=1242"},{"taxonomy":"product_tag","embeddable":true,"href":"https:\/\/displayproducts.eu\/nb\/wp-json\/wp\/v2\/product_tag?post=1242"}],"curies":[{"name":"wp","href":"https:\/\/api.w.org\/{rel}","templated":true}]}}