{"id":1238,"date":"2024-10-27T11:54:14","date_gmt":"2024-10-27T08:54:14","guid":{"rendered":"https:\/\/wristbandfactory.eu\/toode\/standard-shoelace-lanyards\/"},"modified":"2026-04-01T21:52:36","modified_gmt":"2026-04-01T18:52:36","slug":"plain-shoelace-lanyards","status":"publish","type":"product","link":"https:\/\/displayproducts.eu\/nb\/p\/plain-shoelace-lanyards\/","title":{"rendered":"Vanlige skolissearmbind"},"content":{"rendered":"<p>Utstyr teamet ditt med en praktisk og profesjonell l\u00f8sning for daglig identifikasjon. V\u00e5re skolisseb\u00e5nd er et kostnadseffektivt og stilig valg for bedrifter og organisasjoner som trenger en p\u00e5litelig m\u00e5te \u00e5 vise frem ansatt-ID-er eller adgangskort til arrangementer.<\/p>\n<p>Disse sn\u00f8reb\u00e5ndene har det popul\u00e6re skolissedesignet, kjent for sin komfortable f\u00f8lelse og holdbarhet, noe som gj\u00f8r dem perfekte for bruk hele dagen p\u00e5 konferanser, messer eller p\u00e5 kontoret. Selv om de er utrykte, kommer de i et bredt utvalg av farger, slik at du uten trykkt kan matche dem til bedriftens merkevarebygging eller arrangementstema. Hvert sn\u00f8reb\u00e5nd inkluderer en solid metallholder for \u00e5 feste enhver ID-holder eller adgangskort sikkert.<\/p>\n<p><b>Viktige funksjoner:<\/b><\/p>\n<ul>\n<li><b>Klassisk skolissedesign:<\/b> Tilbyr en komfortabel, lett og slitesterk l\u00f8sning for bruk hele dagen.<\/li>\n<li><b>Kostnadseffektiv ID-l\u00f8sning:<\/b> Ideell for bulkbestillinger til store arrangementer, konferanser eller daglig identifisering av ansatte.<\/li>\n<li><b>Flere fargealternativer:<\/b> Tilgjengelig i et bredt utvalg av ensfargede farger for \u00e5 matche bedriftens merkevarebygging eller kategorisere deltakere.<\/li>\n<li><b>Standard metallklips:<\/b> Inkluderer en p\u00e5litelig metallklips for sikker festing av ID-holdere eller arrangementskort.<\/li>\n<\/ul>\n<p>&nbsp;<\/p>","protected":false},"excerpt":{"rendered":"<ul>\n<li>En kostnadseffektiv l\u00f8sning for daglig ansatt-ID og tilgang til arrangementer.<\/li>\n<li>Har et klassisk, slitesterkt skolissesnordesign for komfort hele dagen.<\/li>\n<li>Tilgjengelig i et bredt utvalg av ensfargede farger som matcher bedriftens identitet.<\/li>\n<li>Inkluderer en standard metallklips for ID-kort og adgangskort.<\/li>\n<li><\/li>\n<\/ul>","protected":false},"featured_media":6723,"comment_status":"closed","ping_status":"closed","template":"","meta":[],"product_brand":[],"product_cat":[43,113],"product_tag":[],"class_list":{"0":"post-1238","1":"product","2":"type-product","3":"status-publish","4":"has-post-thumbnail","6":"product_cat-lanyards","7":"product_cat-plain-lanyards","9":"first","10":"instock","11":"shipping-taxable","12":"purchasable","13":"product-type-simple"},"_links":{"self":[{"href":"https:\/\/displayproducts.eu\/nb\/wp-json\/wp\/v2\/product\/1238","targetHints":{"allow":["GET"]}}],"collection":[{"href":"https:\/\/displayproducts.eu\/nb\/wp-json\/wp\/v2\/product"}],"about":[{"href":"https:\/\/displayproducts.eu\/nb\/wp-json\/wp\/v2\/types\/product"}],"replies":[{"embeddable":true,"href":"https:\/\/displayproducts.eu\/nb\/wp-json\/wp\/v2\/comments?post=1238"}],"wp:featuredmedia":[{"embeddable":true,"href":"https:\/\/displayproducts.eu\/nb\/wp-json\/wp\/v2\/media\/6723"}],"wp:attachment":[{"href":"https:\/\/displayproducts.eu\/nb\/wp-json\/wp\/v2\/media?parent=1238"}],"wp:term":[{"taxonomy":"product_brand","embeddable":true,"href":"https:\/\/displayproducts.eu\/nb\/wp-json\/wp\/v2\/product_brand?post=1238"},{"taxonomy":"product_cat","embeddable":true,"href":"https:\/\/displayproducts.eu\/nb\/wp-json\/wp\/v2\/product_cat?post=1238"},{"taxonomy":"product_tag","embeddable":true,"href":"https:\/\/displayproducts.eu\/nb\/wp-json\/wp\/v2\/product_tag?post=1238"}],"curies":[{"name":"wp","href":"https:\/\/api.w.org\/{rel}","templated":true}]}}