{"id":1235,"date":"2024-10-27T11:54:14","date_gmt":"2024-10-27T08:54:14","guid":{"rendered":"https:\/\/wristbandfactory.eu\/toode\/fluorescent-lanyards\/"},"modified":"2026-04-01T21:52:04","modified_gmt":"2026-04-01T18:52:04","slug":"fluorescent-lanyards","status":"publish","type":"product","link":"https:\/\/displayproducts.eu\/nb\/p\/fluorescent-lanyards\/","title":{"rendered":"Fluorescerende armbind"},"content":{"rendered":"<p>\u00d8k synligheten og sikkerheten p\u00e5 ditt neste arrangement med v\u00e5re fluorescerende lanyards. Disse lanyardsene er et viktig verkt\u00f8y for arrangementsledere som uten trykkt trenger \u00e5 identifisere ansatte, VIP-er eller gjester under alle lysforhold.<\/p>\n<p>Disse snorene er laget av slitesterke materialer av h\u00f8y kvalitet og er konstruert for bruk i flere dager. Det livlige fluorescerende materialet er godt synlig i dagslys og <b>lyser sterkt under UV-lys (svart lys)<\/b>, noe som gj\u00f8r dem til den perfekte l\u00f8sningen for nattklubber, konserter, festivaler og kveldsarrangementer for bedrifter.<\/p>\n<p>Denne synlighetsfunksjonen gir et ekstra sikkerhetslag og muliggj\u00f8r rask visuell identifisering av autorisert personell. De er tilgjengelige i en rekke sterke farger, og fungerer som et utmerket lerret for din tilpassede logo, og forvandler et sikkerhetselement til et reklameverkt\u00f8y. Bestill i bulk for en kostnadseffektiv m\u00e5te \u00e5 administrere arrangementet ditt og markedsf\u00f8re merkevaren din.<\/p>\n<p><b>Viktige funksjoner:<\/b><\/p>\n<ul>\n<li><b>Materiale med h\u00f8y synlighet:<\/b> Gir utmerket synlighet i dagslys og lyser sterkt under UV\/svart lys.<\/li>\n<li><b>Slitesterk konstruksjon:<\/b> Laget av h\u00f8ykvalitets, slitesterke materialer, egnet for arrangementer over flere dager.<\/li>\n<li><b>Forbedret sikkerhet for arrangementer:<\/b> Gj\u00f8r det mulig \u00e5 uten trykkt og raskt identifisere ansatte eller gjester i svakt lys.<\/li>\n<li><b>Kostnadseffektiv merkevarebygging:<\/b> En rimelig l\u00f8sning for \u00e5 markedsf\u00f8re merkevaren eller budskapet ditt i bulk p\u00e5 store arrangementer.<\/li>\n<li><b>Flere fargealternativer:<\/b> Tilgjengelig i en rekke sterke fluorescerende farger som matcher arrangementstemaet ditt.<\/li>\n<\/ul>","protected":false},"excerpt":{"rendered":"<ul>\n<li>\u00d8k synligheten for ansatte og gjester i omgivelser med lite lys.<\/li>\n<li>Livlig fluorescerende materiale lyser sterkt under UV\/svart lys.<\/li>\n<li>Slitesterkt materiale av h\u00f8y kvalitet for bruk over flere dager.<\/li>\n<li>Ideell for identifikasjon av ansatte ved festivaler, konserter og bedriftsarrangementer.<\/li>\n<\/ul>","protected":false},"featured_media":6706,"comment_status":"closed","ping_status":"closed","template":"","meta":[],"product_brand":[],"product_cat":[43,109],"product_tag":[],"class_list":{"0":"post-1235","1":"product","2":"type-product","3":"status-publish","4":"has-post-thumbnail","6":"product_cat-lanyards","7":"product_cat-reflective-lanyards","9":"first","10":"instock","11":"shipping-taxable","12":"purchasable","13":"product-type-simple"},"_links":{"self":[{"href":"https:\/\/displayproducts.eu\/nb\/wp-json\/wp\/v2\/product\/1235","targetHints":{"allow":["GET"]}}],"collection":[{"href":"https:\/\/displayproducts.eu\/nb\/wp-json\/wp\/v2\/product"}],"about":[{"href":"https:\/\/displayproducts.eu\/nb\/wp-json\/wp\/v2\/types\/product"}],"replies":[{"embeddable":true,"href":"https:\/\/displayproducts.eu\/nb\/wp-json\/wp\/v2\/comments?post=1235"}],"wp:featuredmedia":[{"embeddable":true,"href":"https:\/\/displayproducts.eu\/nb\/wp-json\/wp\/v2\/media\/6706"}],"wp:attachment":[{"href":"https:\/\/displayproducts.eu\/nb\/wp-json\/wp\/v2\/media?parent=1235"}],"wp:term":[{"taxonomy":"product_brand","embeddable":true,"href":"https:\/\/displayproducts.eu\/nb\/wp-json\/wp\/v2\/product_brand?post=1235"},{"taxonomy":"product_cat","embeddable":true,"href":"https:\/\/displayproducts.eu\/nb\/wp-json\/wp\/v2\/product_cat?post=1235"},{"taxonomy":"product_tag","embeddable":true,"href":"https:\/\/displayproducts.eu\/nb\/wp-json\/wp\/v2\/product_tag?post=1235"}],"curies":[{"name":"wp","href":"https:\/\/api.w.org\/{rel}","templated":true}]}}