{"id":1233,"date":"2024-10-27T11:54:14","date_gmt":"2024-10-27T08:54:14","guid":{"rendered":"https:\/\/wristbandfactory.eu\/toode\/rpet-eco-lanyards\/"},"modified":"2026-04-01T21:52:36","modified_gmt":"2026-04-01T18:52:36","slug":"printed-rpet-lanyards","status":"publish","type":"product","link":"https:\/\/displayproducts.eu\/nb\/p\/printed-rpet-lanyards\/","title":{"rendered":"R-PET n\u00f8kkelb\u00e5nd med logotrykk (Silketrykk)"},"content":{"rendered":"<p data-path-to-node=\"11\">Bli med i bevegelsen mot b\u00e6rekraft og markedsf\u00f8r merkevaren din ansvarlig med v\u00e5re <b>Trykte rPET-armbind<\/b>. Dette produktet er det perfekte valget for organisasjoner som trenger en kostnadseffektiv lanyard for store mengder som er i samsvar med bedriftens milj\u00f8verdier uten \u00e5 sprenge budsjettet.<\/p>\n<p data-path-to-node=\"12\">Disse snorene er vevd av <b>100% rPET-polyester<\/b>, en sterk fiber utvunnet utelukkende fra resirkulerte plastflasker. Ved \u00e5 velge rPET, avleder du aktivt plastavfall fra s\u00f8ppelfyllinger og reduserer karbonavtrykket til arrangementet ditt. I motsetning til v\u00e5r sublimeringsversjon bruker denne spesifikke modellen <b>silketrykk<\/b>. Denne metoden er ideell for logoer med ensfargede farger, og gir en skarp og dristig finish som skiller seg ut p\u00e5 det ribbeteksturerte stoffet.<\/p>\n<p data-path-to-node=\"13\">Vi tilbyr <b>presis Pantone-fargematching<\/b> for logotrykket ditt, slik at bedriftens identitet opprettholdes perfekt. Selve materialet er robust og slitesterkt, og kan ikke skilles fra jomfruelig polyester i styrke, noe som gj\u00f8r det til en p\u00e5litelig arbeidshest for konferanser, festivaler og daglig kontorbruk. Hver snor leveres som standard med en metallkarabinkrok, noe som gir en funksjonell og milj\u00f8bevisst l\u00f8sning for deltakerne.<\/p>\n<p data-path-to-node=\"14\"><b>Viktige funksjoner:<\/b><\/p>\n<ul data-path-to-node=\"15\">\n<li>\n<p data-path-to-node=\"15,0,0\"><b>Materiale:<\/b> 100% rPET (resirkulert polyetylentereftalat).<\/p>\n<\/li>\n<li>\n<p data-path-to-node=\"15,1,0\"><b>Utskriftsteknologi:<\/b> Silketrykk (best for 1\u20134 spotfarger).<\/p>\n<\/li>\n<li>\n<p data-path-to-node=\"15,2,0\"><b>\u00d8konomi:<\/b> Et budsjettvennlig, b\u00e6rekraftig alternativ til jomfruelig polyester.<\/p>\n<\/li>\n<li>\n<p data-path-to-node=\"15,3,0\"><b>Fargen\u00f8yaktighet:<\/b> Pantone-matching tilgjengelig for den trykte logoen.<\/p>\n<\/li>\n<li>\n<p data-path-to-node=\"15,4,0\"><b>Varighet:<\/b> H\u00f8y strekkfasthet egnet for tunge merker og n\u00f8kkelb\u00e5nd.<\/p>\n<\/li>\n<li>\n<p data-path-to-node=\"15,5,0\"><b>Maskinvare:<\/b> Inkluderer en standard metallkarabinkrok (tilpassede klips tilgjengelig).<\/p>\n<\/li>\n<\/ul>","protected":false},"excerpt":{"rendered":"<ul>\n<li>\n<p data-path-to-node=\"9,0,0\"><b>B\u00e6rekraftig valg:<\/b> Produsert av 100% resirkulert PET (rPET) utvunnet fra forbrukerflasker av plast.<\/p>\n<\/li>\n<li>\n<p data-path-to-node=\"9,1,0\"><b>Kostnadseffektiv \u00f8ko:<\/b> Det rimeligste inngangspunktet for merkevarer som \u00f8nsker \u00e5 bytte til b\u00e6rekraftige identifikasjonsl\u00f8sninger.<\/p>\n<\/li>\n<li>\n<p data-path-to-node=\"9,2,0\"><b>Skarp merkevarebygging:<\/b> Har silketrykk av h\u00f8y kvalitet for dristige, skarpe logoer ved bruk av presis Pantone-fargetilpasning.<\/p>\n<\/li>\n<li>\n<p data-path-to-node=\"9,3,0\"><b>Holdbar og sterk:<\/b> Beholder styrken til standard polyester, noe som gj\u00f8r den egnet for flerdagsarrangementer og bruk av ansatte.<\/p>\n<\/li>\n<\/ul>","protected":false},"featured_media":6754,"comment_status":"closed","ping_status":"closed","template":"","meta":[],"product_brand":[],"product_cat":[104,107],"product_tag":[],"class_list":{"0":"post-1233","1":"product","2":"type-product","3":"status-publish","4":"has-post-thumbnail","6":"product_cat-custom-printed-lanyards","7":"product_cat-eco-friendly-lanyards","9":"first","10":"instock","11":"shipping-taxable","12":"purchasable","13":"product-type-simple"},"_links":{"self":[{"href":"https:\/\/displayproducts.eu\/nb\/wp-json\/wp\/v2\/product\/1233","targetHints":{"allow":["GET"]}}],"collection":[{"href":"https:\/\/displayproducts.eu\/nb\/wp-json\/wp\/v2\/product"}],"about":[{"href":"https:\/\/displayproducts.eu\/nb\/wp-json\/wp\/v2\/types\/product"}],"replies":[{"embeddable":true,"href":"https:\/\/displayproducts.eu\/nb\/wp-json\/wp\/v2\/comments?post=1233"}],"wp:featuredmedia":[{"embeddable":true,"href":"https:\/\/displayproducts.eu\/nb\/wp-json\/wp\/v2\/media\/6754"}],"wp:attachment":[{"href":"https:\/\/displayproducts.eu\/nb\/wp-json\/wp\/v2\/media?parent=1233"}],"wp:term":[{"taxonomy":"product_brand","embeddable":true,"href":"https:\/\/displayproducts.eu\/nb\/wp-json\/wp\/v2\/product_brand?post=1233"},{"taxonomy":"product_cat","embeddable":true,"href":"https:\/\/displayproducts.eu\/nb\/wp-json\/wp\/v2\/product_cat?post=1233"},{"taxonomy":"product_tag","embeddable":true,"href":"https:\/\/displayproducts.eu\/nb\/wp-json\/wp\/v2\/product_tag?post=1233"}],"curies":[{"name":"wp","href":"https:\/\/api.w.org\/{rel}","templated":true}]}}