{"id":1232,"date":"2024-10-27T11:54:14","date_gmt":"2024-10-27T08:54:14","guid":{"rendered":"https:\/\/wristbandfactory.eu\/toode\/vinyl-wristbands\/"},"modified":"2026-04-01T21:52:36","modified_gmt":"2026-04-01T18:52:36","slug":"custom-printed-vinyl-wristbands","status":"publish","type":"product","link":"https:\/\/displayproducts.eu\/nb\/p\/custom-printed-vinyl-wristbands\/","title":{"rendered":"Vinylarmb\u00e5nd med trykk"},"content":{"rendered":"<div class=\"mx-12 md:mx-24 lg:mx-48\">\n<div class=\"container my-8 svelte-zlsknf\">\n<div class=\"my-24 rounded-lg border-0 border-gray-700 bg-gray-100 px-16 py-24\">\n<div class=\"mt-11 !text-gray-500\">\n<p data-path-to-node=\"15\">Sikre arrangementet ditt med v\u00e5r <b data-path-to-node=\"15\" data-index-in-node=\"52\">Vinylarmb\u00e5nd med trykk<\/b>, bransjestandarden for adgangskontroll over flere dager. Disse armb\u00e5ndene er laget av tre lag med myk, men ekstremt slitesterk vinyl, noe som sikrer at de forblir komfortable samtidig som de t\u00e5ler vann, svette og aktive milj\u00f8er som festivaler, badeland og feriesteder.<\/p>\n<p data-path-to-node=\"16\">I motsetning til papirb\u00e5nd kan ikke disse rives av. <b data-path-to-node=\"16\" data-index-in-node=\"50\">engangs plasttrykklukking<\/b> sikrer at n\u00e5r armb\u00e5ndet er festet, m\u00e5 det klippes av for \u00e5 fjernes, noe som forhindrer uautoriserte overf\u00f8ringer. Tilgjengelig i <b data-path-to-node=\"16\" data-index-in-node=\"199\">Bredt ansikt<\/b> (for st\u00f8rre logoer) eller <b data-path-to-node=\"16\" data-index-in-node=\"231\">L-form<\/b> design, vi bruker h\u00f8y kvalitet <b data-path-to-node=\"16\" data-index-in-node=\"268\">silketrykk<\/b> \u00e5 bruke logoen eller teksten din i \u00e9n uten trykkt livlig farge som motst\u00e5r falming.<\/p>\n<h2 data-path-to-node=\"17\">Viktige funksjoner<\/h2>\n<ul data-path-to-node=\"18\">\n<li>\n<p data-path-to-node=\"18,0,0\"><b data-path-to-node=\"18,0,0\" data-index-in-node=\"0\">Sikkerhetsl\u00e5s:<\/b> Den permanente trykknapplukkingen forhindrer gjenbruk, noe som garanterer sikker kontroll over folkemengder.<\/p>\n<\/li>\n<li>\n<p data-path-to-node=\"18,1,0\"><b data-path-to-node=\"18,1,0\" data-index-in-node=\"0\">Vanntett design:<\/b> Perfekt for v\u00e5te milj\u00f8er, inkludert bassenger, badstuer og utend\u00f8rsfestivaler.<\/p>\n<\/li>\n<li>\n<p data-path-to-node=\"18,2,0\"><b data-path-to-node=\"18,2,0\" data-index-in-node=\"0\">H\u00f8ykontrastutskrift:<\/b> Silketrykkteknologi gir et skarpt og slitesterkt avtrykk av logoen eller budskapet ditt.<\/p>\n<\/li>\n<li>\n<p data-path-to-node=\"18,3,0\"><b data-path-to-node=\"18,3,0\" data-index-in-node=\"0\">Bredt fargespekter:<\/b> Velg mellom neon-, matt- eller blanke basisfarger for \u00e5 matche merkeidentiteten din.<\/p>\n<\/li>\n<\/ul>\n<h2 data-path-to-node=\"19\">Spesifikasjoner<\/h2>\n<ul data-path-to-node=\"20\">\n<li>\n<p data-path-to-node=\"20,0,0\"><b data-path-to-node=\"20,0,0\" data-index-in-node=\"0\">Materiale:<\/b> 3-lags tri-laminat vinyl<\/p>\n<\/li>\n<li>\n<p data-path-to-node=\"20,1,0\"><b data-path-to-node=\"20,1,0\" data-index-in-node=\"0\">Printing:<\/b> 1-farget silketrykk (slitesterk og skarp)<\/p>\n<\/li>\n<li>\n<p data-path-to-node=\"20,2,0\"><b data-path-to-node=\"20,2,0\" data-index-in-node=\"0\">Lukking:<\/b> Engangs plasttrykkl\u00e5s<\/p>\n<\/li>\n<li>\n<p data-path-to-node=\"20,3,0\"><b data-path-to-node=\"20,3,0\" data-index-in-node=\"0\">St\u00f8rrelse:<\/b> Justerbar (passer alle h\u00e5ndleddsst\u00f8rrelser)<\/p>\n<\/li>\n<li>\n<p data-path-to-node=\"20,4,0\"><b data-path-to-node=\"20,4,0\" data-index-in-node=\"0\">Bruksvarighet:<\/b> 3\u20137+ dager<\/p>\n<\/li>\n<li>\n<p data-path-to-node=\"20,5,0\"><b data-path-to-node=\"20,5,0\" data-index-in-node=\"0\">Vanntett:<\/b> Ja (100%)<\/p>\n<\/li>\n<li>\n<p data-path-to-node=\"20,6,0\"><b data-path-to-node=\"20,6,0\" data-index-in-node=\"0\">Min. antall:<\/b> 100 enheter<\/p>\n<\/li>\n<\/ul>\n<h2 data-path-to-node=\"21\">Brukstilfeller<\/h2>\n<ul data-path-to-node=\"22\">\n<li>\n<p data-path-to-node=\"22,0,0\"><b data-path-to-node=\"22,0,0\" data-index-in-node=\"0\">Hoteller og feriesteder:<\/b> Gjeste-ID for all-inclusive-pakker (safe for basseng og dusj).<\/p>\n<\/li>\n<li>\n<p data-path-to-node=\"22,1,0\"><b data-path-to-node=\"22,1,0\" data-index-in-node=\"0\">Konserter og festivaler:<\/b> Sikker h\u00e5ndtering av adganger over flere dager.<\/p>\n<\/li>\n<li>\n<p data-path-to-node=\"22,2,0\"><b data-path-to-node=\"22,2,0\" data-index-in-node=\"0\">Vannparker:<\/b> Holdbar nok til \u00e5 t\u00e5le klor og konstant vanneksponering.<\/p>\n<\/li>\n<li>\n<p data-path-to-node=\"22,3,0\"><b data-path-to-node=\"22,3,0\" data-index-in-node=\"0\">Nattklubber og barer:<\/b> VIP- eller aldersverifisering som forblir p\u00e5 hele natten.<\/p>\n<\/li>\n<\/ul>\n<\/div>\n<\/div>\n<\/div>\n<\/div>","protected":false},"excerpt":{"rendered":"<ul>\n<li>\n<p data-path-to-node=\"14,0,0\"><b data-path-to-node=\"14,0,0\" data-index-in-node=\"0\">H\u00f8y sikkerhet:<\/b> Har en engangsl\u00e5s i plast for \u00e5 forhindre overf\u00f8ring og tukling.<\/p>\n<\/li>\n<li>\n<p data-path-to-node=\"14,1,0\"><b data-path-to-node=\"14,1,0\" data-index-in-node=\"0\">Holdbarhet i flere dager:<\/b> Laget av 3-lags vinyl som er 100% vanntett og rivebestandig.<\/p>\n<\/li>\n<li>\n<p data-path-to-node=\"14,2,0\"><b data-path-to-node=\"14,2,0\" data-index-in-node=\"0\">Tilpasset merkevarebygging:<\/b> Slitesterkt silketrykk i \u00e9n farge for logoer og tekst med h\u00f8y kontrast.<\/p>\n<\/li>\n<li>\n<p data-path-to-node=\"14,3,0\"><b data-path-to-node=\"14,3,0\" data-index-in-node=\"0\">Komfortabel bruk:<\/b> Mykt, glatt materiale designet for langvarig bruk (3\u20137+ dager).<\/p>\n<\/li>\n<\/ul>","protected":false},"featured_media":6007,"comment_status":"closed","ping_status":"closed","template":"","meta":[],"product_brand":[],"product_cat":[66,51],"product_tag":[],"class_list":{"0":"post-1232","1":"product","2":"type-product","3":"status-publish","4":"has-post-thumbnail","6":"product_cat-wristbands","7":"product_cat-vinyl","9":"first","10":"instock","11":"shipping-taxable","12":"purchasable","13":"product-type-simple"},"_links":{"self":[{"href":"https:\/\/displayproducts.eu\/nb\/wp-json\/wp\/v2\/product\/1232","targetHints":{"allow":["GET"]}}],"collection":[{"href":"https:\/\/displayproducts.eu\/nb\/wp-json\/wp\/v2\/product"}],"about":[{"href":"https:\/\/displayproducts.eu\/nb\/wp-json\/wp\/v2\/types\/product"}],"replies":[{"embeddable":true,"href":"https:\/\/displayproducts.eu\/nb\/wp-json\/wp\/v2\/comments?post=1232"}],"wp:featuredmedia":[{"embeddable":true,"href":"https:\/\/displayproducts.eu\/nb\/wp-json\/wp\/v2\/media\/6007"}],"wp:attachment":[{"href":"https:\/\/displayproducts.eu\/nb\/wp-json\/wp\/v2\/media?parent=1232"}],"wp:term":[{"taxonomy":"product_brand","embeddable":true,"href":"https:\/\/displayproducts.eu\/nb\/wp-json\/wp\/v2\/product_brand?post=1232"},{"taxonomy":"product_cat","embeddable":true,"href":"https:\/\/displayproducts.eu\/nb\/wp-json\/wp\/v2\/product_cat?post=1232"},{"taxonomy":"product_tag","embeddable":true,"href":"https:\/\/displayproducts.eu\/nb\/wp-json\/wp\/v2\/product_tag?post=1232"}],"curies":[{"name":"wp","href":"https:\/\/api.w.org\/{rel}","templated":true}]}}