{"id":1229,"date":"2024-10-27T11:54:14","date_gmt":"2024-10-27T08:54:14","guid":{"rendered":"https:\/\/wristbandfactory.eu\/toode\/glitter-wristbands\/"},"modified":"2026-04-01T21:52:36","modified_gmt":"2026-04-01T18:52:36","slug":"glitter-vinyl-wristbands","status":"publish","type":"product","link":"https:\/\/displayproducts.eu\/nb\/p\/glitter-vinyl-wristbands\/","title":{"rendered":"Glitter vinyl armb\u00e5nd"},"content":{"rendered":"<p data-path-to-node=\"8\">Legg til et snev av eksklusivitet til ditt neste eksklusive arrangement med v\u00e5re glittervinylarmb\u00e5nd. Dette er premiuml\u00f8sningen for gallaball, VIP-soner og eksklusive fester der en slagkraftig og f\u00f8rsteklasses finish er avgj\u00f8rende for merkevarens image.<\/p>\n<p data-path-to-node=\"9\">Disse remmene kombinerer den flerdagers holdbarheten og vanntette sikkerheten til v\u00e5re standard vinylarmb\u00e5nd med en glitrende glitterfinish.<\/p>\n<h3>Bestill fra lager eller spesialtrykk<\/h3>\n<p data-path-to-node=\"11\">For \u00e5 overholde tidsfristene dine tilbyr vi to alternativer:<\/p>\n<ol start=\"1\" data-path-to-node=\"12\">\n<li>\n<p data-path-to-node=\"12,0,0\"><b>Utrykt (fra lager):<\/b> V\u00e5re utrykte glitterarmb\u00e5nd er tilgjengelige p\u00e5 lager i 6 livlige farger for umiddelbar forsendelse: gull, s\u00f8lv, gr\u00f8nn, bl\u00e5, rosa eller r\u00f8d.<\/p>\n<\/li>\n<li>\n<p data-path-to-node=\"12,1,0\"><b>Tilpasset trykt:<\/b> For merkevarebygging kan vi legge til logoen eller teksten din i et slitesterkt 1-farges trykk med hvilken som helst blekkfarge du \u00f8nsker.<\/p>\n<\/li>\n<\/ol>\n<h3>Sikkerhet inkludert<\/h3>\n<p data-path-to-node=\"14\">Hvert armb\u00e5nd er sikret med en engangs plasttrykkl\u00e5s. Denne ikke-overf\u00f8rbare l\u00e5sen s\u00f8rger for at arrangementet ditt forblir sikkert og forhindrer uautorisert adgang.<\/p>\n<p data-path-to-node=\"15\"><i>Merk: Det spesialtilpassede trykket p\u00e5 glitteroverflater er f\u00f8lsomt for kremer, sand og saltvann. Vi anbefaler disse b\u00e5ndene for innend\u00f8rsarrangementer eller t\u00f8rre festivaler for \u00e5 sikre maksimal levetid for trykket.<\/i><\/p>\n<p data-path-to-node=\"16\"><b>Viktige funksjoner:<\/b><\/p>\n<ul data-path-to-node=\"17\">\n<li>\n<p data-path-to-node=\"17,0,0\"><b>Premium glitterfinish:<\/b> Glitrende materiale, ideelt for VIP-er, gallaer og eksklusive fester.<\/p>\n<\/li>\n<li>\n<p data-path-to-node=\"17,1,0\"><b>H\u00f8ysikkerhetsstenging:<\/b> Har en engangs plastklikkl\u00e5s for \u00e5 forhindre overf\u00f8ring.<\/p>\n<\/li>\n<li>\n<p data-path-to-node=\"17,2,0\"><b>Tilpasset merkevarebygging:<\/b> Tilgjengelig med slitesterk logo eller teksttrykk i \u00e9n farge.<\/p>\n<\/li>\n<li>\n<p data-path-to-node=\"17,3,0\"><b>6 livlige farger:<\/b> Velg mellom aksjeopsjoner i gull, s\u00f8lv, gr\u00f8nt, bl\u00e5tt, r\u00f8dt eller rosa.<\/p>\n<\/li>\n<li>\n<p data-path-to-node=\"17,4,0\"><b>Lagertilgjengelighet:<\/b> Utrykte b\u00e5nd er tilgjengelige fra lager for umiddelbar forsendelse.<\/p>\n<\/li>\n<\/ul>","protected":false},"excerpt":{"rendered":"<ul>\n<li>\n<p data-path-to-node=\"7,0,0\"><b>Premium VIP-finish:<\/b> Effektiv glitterfinish, perfekt for gallaball, VIP-kunder og eksklusive fester.<\/p>\n<\/li>\n<li>\n<p data-path-to-node=\"7,1,0\"><b>H\u00f8ysikkerhetsstenging:<\/b> Har en sikker engangsl\u00e5s i plast for \u00e5 forhindre overf\u00f8ring.<\/p>\n<\/li>\n<li>\n<p data-path-to-node=\"7,2,0\"><b>Fleksibel bestilling:<\/b> Tilgjengelig utrykt fra lager (for rask levering) eller med 1-farget tilpasset logotrykk.<\/p>\n<\/li>\n<li>\n<p data-path-to-node=\"7,3,0\"><b>6 basisfarger:<\/b> Velg mellom gull, s\u00f8lv, gr\u00f8nn, bl\u00e5, r\u00f8d eller rosa.<\/p>\n<\/li>\n<\/ul>","protected":false},"featured_media":6032,"comment_status":"closed","ping_status":"closed","template":"","meta":[],"product_brand":[],"product_cat":[66,51,68],"product_tag":[],"class_list":{"0":"post-1229","1":"product","2":"type-product","3":"status-publish","4":"has-post-thumbnail","6":"product_cat-wristbands","7":"product_cat-vinyl","8":"product_cat-event-supplies","10":"first","11":"instock","12":"shipping-taxable","13":"purchasable","14":"product-type-simple"},"_links":{"self":[{"href":"https:\/\/displayproducts.eu\/nb\/wp-json\/wp\/v2\/product\/1229","targetHints":{"allow":["GET"]}}],"collection":[{"href":"https:\/\/displayproducts.eu\/nb\/wp-json\/wp\/v2\/product"}],"about":[{"href":"https:\/\/displayproducts.eu\/nb\/wp-json\/wp\/v2\/types\/product"}],"replies":[{"embeddable":true,"href":"https:\/\/displayproducts.eu\/nb\/wp-json\/wp\/v2\/comments?post=1229"}],"wp:featuredmedia":[{"embeddable":true,"href":"https:\/\/displayproducts.eu\/nb\/wp-json\/wp\/v2\/media\/6032"}],"wp:attachment":[{"href":"https:\/\/displayproducts.eu\/nb\/wp-json\/wp\/v2\/media?parent=1229"}],"wp:term":[{"taxonomy":"product_brand","embeddable":true,"href":"https:\/\/displayproducts.eu\/nb\/wp-json\/wp\/v2\/product_brand?post=1229"},{"taxonomy":"product_cat","embeddable":true,"href":"https:\/\/displayproducts.eu\/nb\/wp-json\/wp\/v2\/product_cat?post=1229"},{"taxonomy":"product_tag","embeddable":true,"href":"https:\/\/displayproducts.eu\/nb\/wp-json\/wp\/v2\/product_tag?post=1229"}],"curies":[{"name":"wp","href":"https:\/\/api.w.org\/{rel}","templated":true}]}}