{"id":1228,"date":"2024-10-27T11:54:14","date_gmt":"2024-10-27T08:54:14","guid":{"rendered":"https:\/\/wristbandfactory.eu\/toode\/medical-wristbands\/"},"modified":"2026-04-01T21:52:36","modified_gmt":"2026-04-01T18:52:36","slug":"medical-wristbands","status":"publish","type":"product","link":"https:\/\/displayproducts.eu\/nb\/p\/medical-wristbands\/","title":{"rendered":"Sykehusb\u00e5nd"},"content":{"rendered":"<div class=\"mx-12 md:mx-24 lg:mx-48\">\n<div class=\"container my-8 svelte-zlsknf\">\n<div class=\"my-24 rounded-lg border-0 border-gray-700 bg-gray-100 px-16 py-24\">\n<div class=\"mt-11 !text-gray-500\">\n<p data-path-to-node=\"12\">S\u00f8rg for pasientsikkerhet og n\u00f8yaktig identifikasjon med v\u00e5re <b data-path-to-node=\"12\" data-index-in-node=\"84\">Medisinske ID-armb\u00e5nd<\/b>. Disse armb\u00e5ndene er spesielt utviklet for sykehus, sykehjem og helseinstitusjoner, og gir en p\u00e5litelig og effektiv m\u00e5te \u00e5 vise viktige pasientdata p\u00e5.<\/p>\n<p data-path-to-node=\"13\"><span data-path-to-node=\"13,0\">Armb\u00e5ndene er laget av myk, allergivennlig vinyl, noe som sikrer at de er komfortable for langvarig bruk og trygge for sensitiv hud. <\/span><span data-path-to-node=\"13,2\"><span class=\"citation-59\">Materialet er slitesterkt og vannavst\u00f8tende, noe som gj\u00f8r det egnet for dusj- og sykehusmilj\u00f8er uten \u00e5 smitte av eller slites ut.<\/span><\/span><span data-path-to-node=\"13,4\">.<\/span><\/p>\n<h2 data-path-to-node=\"14\">Viktige funksjoner<\/h2>\n<ul data-path-to-node=\"15\">\n<li>\n<p data-path-to-node=\"15,0,0\"><b data-path-to-node=\"15,0,0\" data-index-in-node=\"0\">System for innsetting av kort:<\/b> Har en sikker lomme med et papirinnleggskort, slik at ansatte raskt kan skrive ned navn, f\u00f8dselsdatoer eller medisinske ID-numre uten spesielle skrivere.<\/p>\n<\/li>\n<li>\n<p data-path-to-node=\"15,1,0\"><b data-path-to-node=\"15,1,0\" data-index-in-node=\"0\">Ikke-overf\u00f8rbar sikkerhet:<\/b> Utstyrt med en engangs plastklikklukking (klips) som m\u00e5 klippes for \u00e5 kunne fjernes, for \u00e5 forhindre uautorisert overf\u00f8ring mellom pasienter.<\/p>\n<\/li>\n<li>\n<p data-path-to-node=\"15,2,0\"><b data-path-to-node=\"15,2,0\" data-index-in-node=\"0\">Pasientsikkerhet f\u00f8rst:<\/b> Laget av hypoallergeniske materialer uten skarpe kanter for \u00e5 forhindre hudirritasjon eller skade.<\/p>\n<\/li>\n<li>\n<p data-path-to-node=\"15,3,0\"><b data-path-to-node=\"15,3,0\" data-index-in-node=\"0\">Visuell ID:<\/b> Tilgjengelig i standard hvit (voksne), med andre farger tilgjengelig p\u00e5 foresp\u00f8rsel for \u00e5 hjelpe med \u00e5 kategorisere pasientgrupper (f.eks. allergier, fallrisiko).<\/p>\n<\/li>\n<\/ul>\n<h2 data-path-to-node=\"16\">Spesifikasjoner<\/h2>\n<ul data-path-to-node=\"17\">\n<li>\n<p data-path-to-node=\"17,0,0\"><b data-path-to-node=\"17,0,0\" data-index-in-node=\"0\">Materiale:<\/b> Myk PVC \/ vinyl (hypoallergenisk).<\/p>\n<\/li>\n<li>\n<p data-path-to-node=\"17,1,0\"><b data-path-to-node=\"17,1,0\" data-index-in-node=\"0\">Lukketype:<\/b> Engangstrykkl\u00e5s\/klips i plast.<\/p>\n<\/li>\n<li>\n<p data-path-to-node=\"17,2,0\"><b data-path-to-node=\"17,2,0\" data-index-in-node=\"0\">Skriveomr\u00e5de:<\/b> Innstikkskort inkludert.<\/p>\n<\/li>\n<li>\n<p data-path-to-node=\"17,3,0\"><b data-path-to-node=\"17,3,0\" data-index-in-node=\"0\">St\u00f8rrelser:<\/b> Voksen- og barnevarianter tilgjengelig.<\/p>\n<\/li>\n<li>\n<p data-path-to-node=\"17,4,0\"><b data-path-to-node=\"17,4,0\" data-index-in-node=\"0\">Varighet:<\/b> Vannavst\u00f8tende og rivebestandig.<\/p>\n<\/li>\n<li>\n<p data-path-to-node=\"17,5,0\"><b data-path-to-node=\"17,5,0\" data-index-in-node=\"0\">Minimum bestillingsmengde:<\/b> 100 enheter.<\/p>\n<\/li>\n<\/ul>\n<h2 data-path-to-node=\"18\">Brukstilfeller<\/h2>\n<ul data-path-to-node=\"19\">\n<li>\n<p data-path-to-node=\"19,0,0\"><b data-path-to-node=\"19,0,0\" data-index-in-node=\"0\">Sykehusinnleggelser:<\/b> Rask identifisering av innkommende pasienter p\u00e5 akuttmottaket eller avdelinger.<\/p>\n<\/li>\n<li>\n<p data-path-to-node=\"19,1,0\"><b data-path-to-node=\"19,1,0\" data-index-in-node=\"0\">Sykehjem:<\/b> Holdbar identifikasjon for langtidsboende.<\/p>\n<\/li>\n<li>\n<p data-path-to-node=\"19,2,0\"><b data-path-to-node=\"19,2,0\" data-index-in-node=\"0\">Poliklinikk:<\/b> Uten trykk merking for dagprosedyrer.<\/p>\n<\/li>\n<li>\n<p data-path-to-node=\"19,3,0\"><b data-path-to-node=\"19,3,0\" data-index-in-node=\"0\">Medisinsk triage:<\/b> Rask kategorisering av pasienter under akuttmottak.<\/p>\n<\/li>\n<\/ul>\n<\/div>\n<\/div>\n<\/div>\n<\/div>","protected":false},"excerpt":{"rendered":"<ul>\n<li>\n<p data-path-to-node=\"11,0,1\"><span data-path-to-node=\"11,0,1,0\"><b data-path-to-node=\"11,0,1,0\" data-index-in-node=\"0\"><span class=\"citation-60\">Materiale:<\/span><\/b><span class=\"citation-60\"> Myk, hypoallergenisk vinyl (vannavst\u00f8tende)<\/span><\/span><span data-path-to-node=\"11,0,1,2\">.<\/span><\/p>\n<\/li>\n<li>\n<p data-path-to-node=\"11,1,0\"><b data-path-to-node=\"11,1,0\" data-index-in-node=\"0\">Dataregistrering:<\/b> Gjennomsiktig lomme med innstikkskort av papir for pasientinformasjon.<\/p>\n<\/li>\n<li>\n<p data-path-to-node=\"11,2,0\"><b data-path-to-node=\"11,2,0\" data-index-in-node=\"0\">Sikkerhet:<\/b> Engangs plasttrykklukking forhindrer overf\u00f8ring.<\/p>\n<\/li>\n<li>\n<p data-path-to-node=\"11,3,0\"><b data-path-to-node=\"11,3,0\" data-index-in-node=\"0\">St\u00f8rrelse:<\/b> Tilgjengelig i voksen- og barnest\u00f8rrelser.<\/p>\n<\/li>\n<\/ul>","protected":false},"featured_media":6413,"comment_status":"closed","ping_status":"closed","template":"","meta":[],"product_brand":[],"product_cat":[66,51,72],"product_tag":[],"class_list":{"0":"post-1228","1":"product","2":"type-product","3":"status-publish","4":"has-post-thumbnail","6":"product_cat-wristbands","7":"product_cat-vinyl","8":"product_cat-medical-and-hospital","10":"first","11":"instock","12":"shipping-taxable","13":"purchasable","14":"product-type-simple"},"_links":{"self":[{"href":"https:\/\/displayproducts.eu\/nb\/wp-json\/wp\/v2\/product\/1228","targetHints":{"allow":["GET"]}}],"collection":[{"href":"https:\/\/displayproducts.eu\/nb\/wp-json\/wp\/v2\/product"}],"about":[{"href":"https:\/\/displayproducts.eu\/nb\/wp-json\/wp\/v2\/types\/product"}],"replies":[{"embeddable":true,"href":"https:\/\/displayproducts.eu\/nb\/wp-json\/wp\/v2\/comments?post=1228"}],"wp:featuredmedia":[{"embeddable":true,"href":"https:\/\/displayproducts.eu\/nb\/wp-json\/wp\/v2\/media\/6413"}],"wp:attachment":[{"href":"https:\/\/displayproducts.eu\/nb\/wp-json\/wp\/v2\/media?parent=1228"}],"wp:term":[{"taxonomy":"product_brand","embeddable":true,"href":"https:\/\/displayproducts.eu\/nb\/wp-json\/wp\/v2\/product_brand?post=1228"},{"taxonomy":"product_cat","embeddable":true,"href":"https:\/\/displayproducts.eu\/nb\/wp-json\/wp\/v2\/product_cat?post=1228"},{"taxonomy":"product_tag","embeddable":true,"href":"https:\/\/displayproducts.eu\/nb\/wp-json\/wp\/v2\/product_tag?post=1228"}],"curies":[{"name":"wp","href":"https:\/\/api.w.org\/{rel}","templated":true}]}}