{"id":1217,"date":"2024-10-27T11:54:36","date_gmt":"2024-10-27T08:54:36","guid":{"rendered":"https:\/\/wristbandfactory.eu\/toode\/polyester-wristbands-with-woven-logo\/"},"modified":"2026-04-01T21:52:36","modified_gmt":"2026-04-01T18:52:36","slug":"woven-fabric-wristbands-up-to-4-colours","status":"publish","type":"product","link":"https:\/\/displayproducts.eu\/nb\/p\/woven-fabric-wristbands-up-to-4-colours\/","title":{"rendered":"Vevde stoffarmb\u00e5nd (opptil 4 farger)"},"content":{"rendered":"<div class=\"mx-12 md:mx-24 lg:mx-48\">\n<div class=\"container my-8 svelte-zlsknf\">\n<div class=\"my-24 rounded-lg border-0 border-gray-700 bg-gray-100 px-16 py-24\">\n<div class=\"mt-11 !text-gray-500\">\n<p data-path-to-node=\"8\">L\u00f8ft merkevaren til arrangementet ditt med v\u00e5re premium armb\u00e5nd i vevd stoff. I motsetning til trykte alternativer integrerer dette designet logoen og budskapet ditt (med opptil fire forskjellige farger) direkte i det slitesterke polyesterstoffet. Denne vevde metoden skaper en slitesterk, teksturert finish av h\u00f8y kvalitet som motst\u00e5r falming og slitasje, noe som gj\u00f8r det til det beste valget for flerdagers festivaler og bedriftsarrangementer der merkevareprestisje er avgj\u00f8rende.<\/p>\n<h3 data-path-to-node=\"9\"><b>Konfigurer ditt perfekte vevde armb\u00e5nd<\/b><\/h3>\n<ol start=\"1\" data-path-to-node=\"10\">\n<li>\n<p data-path-to-node=\"10,0,0\"><b>Velg l\u00e5sen din:<\/b> Velg lukkingen som passer til sikkerhetsbehovene til arrangementet ditt. Dette armb\u00e5ndet er kompatibelt med hele v\u00e5rt utvalg av l\u00e5ser, inkludert:<\/p>\n<ul data-path-to-node=\"10,0,1\">\n<li>\n<p data-path-to-node=\"10,0,1,0,0\"><b>H\u00f8ysikkerhetsl\u00e5ser:<\/b> En engangslukking for \u00e5 forhindre overf\u00f8ring og sikre robust tilgangskontroll.<\/p>\n<\/li>\n<li>\n<p data-path-to-node=\"10,0,1,1,0\"><b>Gjenbrukbare l\u00e5ser:<\/b> En justerbar kule for fleksibel bruk over flere dager.<\/p>\n<\/li>\n<li>\n<p data-path-to-node=\"10,0,1,2,0\"><b>Milj\u00f8vennlige l\u00e5ser:<\/b> V\u00e5r b\u00e6rekraftige engangsl\u00e5s i bambus.<\/p>\n<\/li>\n<\/ul>\n<\/li>\n<li>\n<p data-path-to-node=\"10,1,0\"><b>Legg til valgfri antibakteriell behandling:<\/b> For arrangementer som krever de h\u00f8yeste hygienestandardene, er disse armb\u00e5ndene tilgjengelige med et valgfritt <b>antibakteriell behandling sertifisert i henhold til ISO 20743-standarder<\/b>. Dette gir et viktig sikkerhetslag for deltakere p\u00e5 helsekonferanser, matfestivaler eller store offentlige sammenkomster.<\/p>\n<\/li>\n<\/ol>\n<h3 data-path-to-node=\"11\"><b>Viktige funksjoner:<\/b><\/h3>\n<ul data-path-to-node=\"12\">\n<li>\n<p data-path-to-node=\"12,0,0\"><b>Premium vevd logo:<\/b> Designet ditt er vevd inn i stoffet (opptil 4 farger) for en slitesterk og eksklusiv finish.<\/p>\n<\/li>\n<li>\n<p data-path-to-node=\"12,1,0\"><b>Alternativer for sikkerhetsl\u00e5s:<\/b> Velg mellom h\u00f8ysikkerhet (engangsbruk), gjenbrukbar eller milj\u00f8vennlig bambus.<\/p>\n<\/li>\n<li>\n<p data-path-to-node=\"12,2,0\"><b>Valgfri antibakteriell behandling:<\/b> ISO 20743-sertifisert for forbedret hygiene.<\/p>\n<\/li>\n<li>\n<p data-path-to-node=\"12,3,0\"><b>Slitesterk polyester:<\/b> Slitesterkt materiale ideelt for langvarig bruk.<\/p>\n<\/li>\n<li>\n<p data-path-to-node=\"12,4,0\"><b>Minimumsbestilling:<\/b> 100 stykker.<\/p>\n<\/li>\n<\/ul>\n<p data-path-to-node=\"13\">\n<\/div>\n<\/div>\n<\/div>\n<\/div>","protected":false},"excerpt":{"rendered":"<ul>\n<li>\n<p data-path-to-node=\"7,0,0\">Premium vevd design: Logoen din veves direkte inn i stoffet med opptil fire farger for en slitesterk og falmende finish.<\/p>\n<\/li>\n<li>\n<p data-path-to-node=\"7,1,0\">L\u00e5sealternativer: Velg mellom h\u00f8ysikkerhet (engangsbruk), gjenbrukbar eller milj\u00f8vennlig bambus.<\/p>\n<\/li>\n<li>\n<p data-path-to-node=\"7,2,0\">Valgfri antibakteriell behandling: ISO 20743-sertifisert behandling for forbedret hygiene og deltakernes sikkerhet.<\/p>\n<\/li>\n<li>\n<p data-path-to-node=\"7,3,0\">Slitesterkt polyestermateriale, ideelt for festivaler som varer flere dager.<\/p>\n<\/li>\n<\/ul>","protected":false},"featured_media":6385,"comment_status":"closed","ping_status":"closed","template":"","meta":[],"product_brand":[],"product_cat":[66,47],"product_tag":[],"class_list":{"0":"post-1217","1":"product","2":"type-product","3":"status-publish","4":"has-post-thumbnail","6":"product_cat-wristbands","7":"product_cat-fabric-wristbands","9":"first","10":"instock","11":"shipping-taxable","12":"purchasable","13":"product-type-simple"},"_links":{"self":[{"href":"https:\/\/displayproducts.eu\/nb\/wp-json\/wp\/v2\/product\/1217","targetHints":{"allow":["GET"]}}],"collection":[{"href":"https:\/\/displayproducts.eu\/nb\/wp-json\/wp\/v2\/product"}],"about":[{"href":"https:\/\/displayproducts.eu\/nb\/wp-json\/wp\/v2\/types\/product"}],"replies":[{"embeddable":true,"href":"https:\/\/displayproducts.eu\/nb\/wp-json\/wp\/v2\/comments?post=1217"}],"wp:featuredmedia":[{"embeddable":true,"href":"https:\/\/displayproducts.eu\/nb\/wp-json\/wp\/v2\/media\/6385"}],"wp:attachment":[{"href":"https:\/\/displayproducts.eu\/nb\/wp-json\/wp\/v2\/media?parent=1217"}],"wp:term":[{"taxonomy":"product_brand","embeddable":true,"href":"https:\/\/displayproducts.eu\/nb\/wp-json\/wp\/v2\/product_brand?post=1217"},{"taxonomy":"product_cat","embeddable":true,"href":"https:\/\/displayproducts.eu\/nb\/wp-json\/wp\/v2\/product_cat?post=1217"},{"taxonomy":"product_tag","embeddable":true,"href":"https:\/\/displayproducts.eu\/nb\/wp-json\/wp\/v2\/product_tag?post=1217"}],"curies":[{"name":"wp","href":"https:\/\/api.w.org\/{rel}","templated":true}]}}