{"id":1216,"date":"2024-10-27T11:54:36","date_gmt":"2024-10-27T08:54:36","guid":{"rendered":"https:\/\/wristbandfactory.eu\/toode\/adjustable-cord-wristbands\/"},"modified":"2026-04-01T21:52:04","modified_gmt":"2026-04-01T18:52:04","slug":"adjustable-rope-wristbands-custom-printed-cord-with-logo","status":"publish","type":"product","link":"https:\/\/displayproducts.eu\/nb\/p\/adjustable-rope-wristbands-custom-printed-cord-with-logo\/","title":{"rendered":"Paracord-armb\u00e5nd \u2013 Med logo"},"content":{"rendered":"<div class=\"mx-12 md:mx-24 lg:mx-48\">\n<div class=\"container my-8 svelte-zlsknf\">\n<div class=\"my-24 rounded-lg border-0 border-gray-700 bg-gray-100 px-16 py-24\">\n<div class=\"mt-11 !text-gray-500\">\n<p data-path-to-node=\"9\"><b>Stilig og allsidig merkevarebygging: Tilpassede justerbare tauarmb\u00e5nd<\/b><\/p>\n<p data-path-to-node=\"10\">L\u00f8ft reklamevarene dine opp med v\u00e5re justerbare tau-armb\u00e5nd. Disse armb\u00e5ndene er designet for holdbarhet og langvarig bruk, og har en robust rund polyestersnor og et tilpassbart gummib\u00e5nd, noe som gir et moderne alternativ til tradisjonelle flate armb\u00e5nd. De er den perfekte l\u00f8sningen for merkevarekampanjer, veldedighetsarrangementer og VIP-varer.<\/p>\n<p data-path-to-node=\"11\"><b>En st\u00f8rrelse passer alle<\/b> Den smarte glidemekanismen gj\u00f8r at armb\u00e5ndet uten trykkt kan justeres slik at det passer til alle h\u00e5ndleddsst\u00f8rrelser, fra barn til voksne. Denne allsidigheten i \u201cone-size-fits-all\u201d forenkler bestillingsprosessen og eliminerer behovet for \u00e5 gjette st\u00f8rrelsesforhold for m\u00e5lgruppen din.<\/p>\n<p data-path-to-node=\"12\"><b>Fokusert merkevarebygging<\/b> I motsetning til heldekkende trykk, fokuserer disse armb\u00e5ndene oppmerksomheten p\u00e5 logoen eller budskapet ditt, trykt tydelig p\u00e5 det sentrale gummir\u00f8ret. Det kontrastrike, ensfargede trykket s\u00f8rger for at merkevaren din forblir i fokus mot den stilige tofargede snorbakgrunnen.<\/p>\n<p data-path-to-node=\"13\"><b>Hygiene- og sikkerhetsalternativer<\/b> For arrangementer som krever h\u00f8yere helsestandarder, tilbyr vi en valgfri ISO 20743-sertifisert antibakteriell behandling for polyestersnoren. Denne funksjonen gir brukerne ekstra trygghet og posisjonerer merkevaren din som en ansvarlig bransjeleder.<\/p>\n<p data-path-to-node=\"14\"><b>Viktige funksjoner:<\/b><\/p>\n<ul data-path-to-node=\"15\">\n<li>\n<p data-path-to-node=\"15,0,0\"><b>H\u00f8ykvalitetsledning:<\/b> Slitesterk vevd polyester beholder form og farge.<\/p>\n<\/li>\n<li>\n<p data-path-to-node=\"15,1,0\"><b>S\u00e6rpreget design:<\/b> Tilgjengelig i tofargede fargekombinasjoner som matcher merkevarens temaer.<\/p>\n<\/li>\n<li>\n<p data-path-to-node=\"15,2,0\"><b>Justerbar glidebryter:<\/b> Sikker og brukervennlig glidende r\u00f8rmekanisme.<\/p>\n<\/li>\n<li>\n<p data-path-to-node=\"15,3,0\"><b>Langvarig:<\/b> Designet for langvarig bruk, og maksimerer merkeinntrykket.<\/p>\n<\/li>\n<li>\n<p data-path-to-node=\"15,4,0\"><b>Klar for engros:<\/b> Optimalisert for bulkbestillinger med jevn kvalitetskontroll.<\/p>\n<\/li>\n<\/ul>\n<\/div>\n<\/div>\n<\/div>\n<\/div>","protected":false},"excerpt":{"rendered":"<ul>\n<li>\n<p data-path-to-node=\"6,0,0\"><b>Materiale:<\/b> Rund tofarget polyestersnor med glidende gummislange.<\/p>\n<\/li>\n<li>\n<p data-path-to-node=\"6,1,0\"><b>Tilpasning:<\/b> Skarpt logotrykk i \u00e9n farge p\u00e5 det sentrale r\u00f8ret.<\/p>\n<\/li>\n<li>\n<p data-path-to-node=\"6,2,0\"><b>Passe:<\/b> Fullt justerbar glidende knutemekanisme (\u00e9n st\u00f8rrelse passer alle).<\/p>\n<\/li>\n<li>\n<p data-path-to-node=\"6,3,0\"><b>Sikkerhet:<\/b> Valgfri antibakteriell behandling i henhold til ISO 20743 tilgjengelig.<\/p>\n<\/li>\n<\/ul>","protected":false},"featured_media":6400,"comment_status":"closed","ping_status":"closed","template":"","meta":[],"product_brand":[],"product_cat":[66,112],"product_tag":[],"class_list":{"0":"post-1216","1":"product","2":"type-product","3":"status-publish","4":"has-post-thumbnail","6":"product_cat-wristbands","7":"product_cat-paracord-wristbands","9":"first","10":"instock","11":"shipping-taxable","12":"purchasable","13":"product-type-simple"},"_links":{"self":[{"href":"https:\/\/displayproducts.eu\/nb\/wp-json\/wp\/v2\/product\/1216","targetHints":{"allow":["GET"]}}],"collection":[{"href":"https:\/\/displayproducts.eu\/nb\/wp-json\/wp\/v2\/product"}],"about":[{"href":"https:\/\/displayproducts.eu\/nb\/wp-json\/wp\/v2\/types\/product"}],"replies":[{"embeddable":true,"href":"https:\/\/displayproducts.eu\/nb\/wp-json\/wp\/v2\/comments?post=1216"}],"wp:featuredmedia":[{"embeddable":true,"href":"https:\/\/displayproducts.eu\/nb\/wp-json\/wp\/v2\/media\/6400"}],"wp:attachment":[{"href":"https:\/\/displayproducts.eu\/nb\/wp-json\/wp\/v2\/media?parent=1216"}],"wp:term":[{"taxonomy":"product_brand","embeddable":true,"href":"https:\/\/displayproducts.eu\/nb\/wp-json\/wp\/v2\/product_brand?post=1216"},{"taxonomy":"product_cat","embeddable":true,"href":"https:\/\/displayproducts.eu\/nb\/wp-json\/wp\/v2\/product_cat?post=1216"},{"taxonomy":"product_tag","embeddable":true,"href":"https:\/\/displayproducts.eu\/nb\/wp-json\/wp\/v2\/product_tag?post=1216"}],"curies":[{"name":"wp","href":"https:\/\/api.w.org\/{rel}","templated":true}]}}