{"id":1212,"date":"2024-10-27T11:54:36","date_gmt":"2024-10-27T08:54:36","guid":{"rendered":"https:\/\/wristbandfactory.eu\/toode\/safety-wristbands-for-children\/"},"modified":"2026-04-01T21:52:36","modified_gmt":"2026-04-01T18:52:36","slug":"safety-wristbands-for-children","status":"publish","type":"product","link":"https:\/\/displayproducts.eu\/nb\/p\/safety-wristbands-for-children\/","title":{"rendered":"Sikkerhetsarmb\u00e5nd for barn"},"content":{"rendered":"<div class=\"wpb_text_column wpb_content_element\">\n<div class=\"wpb_wrapper\">\n<p>Armb\u00e5ndene er helt trygge for barnets helse og hud, noe som er bevist av relevante sertifikater. Vi samarbeider med de mest erfarne materialprodusentene for \u00e5 sikre at kundene v\u00e5re f\u00e5r et helt trygt produkt.<\/p>\n<\/div>\n<\/div>\n<p>sertifisert<br \/>\ngodkjent av det nasjonale hygieneinstituttet i Polen<\/p>\n<p>materiale<br \/>\nspesielt materiale som er sk\u00e5nsomt for barns hud<\/p>\n<p>hypoallergenisk<br \/>\ningen allergifremkallende forbindelser<\/p>\n<p>hypoallergenisk<br \/>\nGunstige partnerskapsvilk\u00e5r<\/p>\n<p>oppover 300 stk<br \/>\nlave produksjonsmengder mulig<\/p>\n<p>tid<br \/>\nkorte produksjonstider<br \/>\nvarighet<br \/>\nmaterialet er fleksibelt, delikat og slitesterkt p\u00e5 samme tid<\/p>\n<p>gjenbrukbar<br \/>\nspennene p\u00e5 b\u00e5ndet er utformet for \u00e5 muliggj\u00f8re flere gangers bruk av b\u00e5ndet<\/p>\n<p>farge<br \/>\nl\u00e5sen endrer farge n\u00e5r den utsettes for sterke UV-str\u00e5ler<\/p>","protected":false},"excerpt":{"rendered":"<div>\n<p class=\"text-gray-500\">Et bredt utvalg av fargerike, unike m\u00f8nstre, designet av en illustrat\u00f8r og pedagog. Dessuten kan ethvert design lages av kunden og plasseres p\u00e5 et armb\u00e5nd. Det er den perfekte l\u00f8sningen for bedrifter som s\u00f8ker et unikt reklamemedium, en innovativ og fantasifull dings, eller en nyttig gave til sine ansatte og kunder. Reklamegrafikken kan dekke hele overflaten av armb\u00e5ndet (unntatt festet).<\/p>\n<\/div>","protected":false},"featured_media":6439,"comment_status":"closed","ping_status":"closed","template":"","meta":[],"product_brand":[],"product_cat":[66,68],"product_tag":[],"class_list":{"0":"post-1212","1":"product","2":"type-product","3":"status-publish","4":"has-post-thumbnail","6":"product_cat-wristbands","7":"product_cat-event-supplies","9":"first","10":"instock","11":"shipping-taxable","12":"purchasable","13":"product-type-simple"},"_links":{"self":[{"href":"https:\/\/displayproducts.eu\/nb\/wp-json\/wp\/v2\/product\/1212","targetHints":{"allow":["GET"]}}],"collection":[{"href":"https:\/\/displayproducts.eu\/nb\/wp-json\/wp\/v2\/product"}],"about":[{"href":"https:\/\/displayproducts.eu\/nb\/wp-json\/wp\/v2\/types\/product"}],"replies":[{"embeddable":true,"href":"https:\/\/displayproducts.eu\/nb\/wp-json\/wp\/v2\/comments?post=1212"}],"wp:featuredmedia":[{"embeddable":true,"href":"https:\/\/displayproducts.eu\/nb\/wp-json\/wp\/v2\/media\/6439"}],"wp:attachment":[{"href":"https:\/\/displayproducts.eu\/nb\/wp-json\/wp\/v2\/media?parent=1212"}],"wp:term":[{"taxonomy":"product_brand","embeddable":true,"href":"https:\/\/displayproducts.eu\/nb\/wp-json\/wp\/v2\/product_brand?post=1212"},{"taxonomy":"product_cat","embeddable":true,"href":"https:\/\/displayproducts.eu\/nb\/wp-json\/wp\/v2\/product_cat?post=1212"},{"taxonomy":"product_tag","embeddable":true,"href":"https:\/\/displayproducts.eu\/nb\/wp-json\/wp\/v2\/product_tag?post=1212"}],"curies":[{"name":"wp","href":"https:\/\/api.w.org\/{rel}","templated":true}]}}