{"id":1209,"date":"2024-07-16T17:57:25","date_gmt":"2024-07-16T14:57:25","guid":{"rendered":"https:\/\/wristbandfactory.eu\/toode\/seed-paper-bracelet\/"},"modified":"2026-04-01T21:52:36","modified_gmt":"2026-04-01T18:52:36","slug":"seed-paper-wristbands","status":"publish","type":"product","link":"https:\/\/displayproducts.eu\/nb\/p\/seed-paper-wristbands\/","title":{"rendered":"Fr\u00f8papirarmb\u00e5nd"},"content":{"rendered":"<p data-path-to-node=\"12\">Gj\u00f8r en varig, positiv innvirkning p\u00e5 deltakerne og milj\u00f8et med v\u00e5re <b data-path-to-node=\"12\" data-index-in-node=\"104\">Fr\u00f8papirarmb\u00e5nd<\/b>. Dette innovative produktet tilbyr en unik, avfallsfri l\u00f8sning for milj\u00f8bevisste arrangementsarrang\u00f8rer, og forvandler en typisk engangsartikkel til et minneverdig \u201candre liv\u201d som markblomster. Disse armb\u00e5ndene er designet for festivaler, b\u00e6rekraftige bedriftsarrangementer og gr\u00f8nne konferanser, og fungerer b\u00e5de som et sikkert adgangskort og en erkl\u00e6ring om dine milj\u00f8verdier.<\/p>\n<h2 data-path-to-node=\"13\">Viktige funksjoner<\/h2>\n<ul data-path-to-node=\"14\">\n<li>\n<p data-path-to-node=\"14,0,0\"><b data-path-to-node=\"14,0,0\" data-index-in-node=\"0\">Planterbar teknologi:<\/b> Laget av 80 gsm papir med en blanding av villblomstfr\u00f8. Etter arrangementet kan armb\u00e5ndet plantes i jord for \u00e5 dyrke frem blomster.<\/p>\n<\/li>\n<li>\n<p data-path-to-node=\"14,1,0\"><b data-path-to-node=\"14,1,0\" data-index-in-node=\"0\">Fullfarge-merkevarebygging:<\/b> St\u00f8tter kant-til-kant-utskrift, slik at du kan vise frem logoen, sponsorene eller milj\u00f8budskapet ditt p\u00e5 en levende m\u00e5te.<\/p>\n<\/li>\n<li>\n<p data-path-to-node=\"14,2,0\"><b data-path-to-node=\"14,2,0\" data-index-in-node=\"0\">Sikker tilgangskontroll:<\/b> Har en p\u00e5litelig selvklebende stripe som er til engangsbruk og ikke-overf\u00f8rbar, noe som sikrer sikkerheten p\u00e5 stedet ditt.<\/p>\n<\/li>\n<li>\n<p data-path-to-node=\"14,3,0\"><b data-path-to-node=\"14,3,0\" data-index-in-node=\"0\">Tekstur og f\u00f8lelse:<\/b> Den naturlige, litt ujevne teksturen til fr\u00f8papiret gir en taktil, organisk kvalitet som forsterker b\u00e6rekraftsbudskapet.<\/p>\n<\/li>\n<\/ul>\n<h2 data-path-to-node=\"15\">Spesifikasjoner<\/h2>\n<ul data-path-to-node=\"16\">\n<li>\n<p data-path-to-node=\"16,0,0\"><b data-path-to-node=\"16,0,0\" data-index-in-node=\"0\">Dimensjoner:<\/b> Ca. 240 x 20 mm (standard justerbar st\u00f8rrelse).<\/p>\n<\/li>\n<li>\n<p data-path-to-node=\"16,1,0\"><b data-path-to-node=\"16,1,0\" data-index-in-node=\"0\">Materialvekt:<\/b> 80 gsm fr\u00f8papir.<\/p>\n<\/li>\n<li>\n<p data-path-to-node=\"16,2,0\"><b data-path-to-node=\"16,2,0\" data-index-in-node=\"0\">Utskriftsmetode:<\/b> Digitaltrykk i fullfarge (CMYK).<\/p>\n<\/li>\n<li>\n<p data-path-to-node=\"16,3,0\"><b data-path-to-node=\"16,3,0\" data-index-in-node=\"0\">Bruksvarighet:<\/b> Anbefales for arrangementer over \u00e9n dag (maks. 1\u20132 dager) p\u00e5 grunn av biologisk nedbrytbarhet.<\/p>\n<\/li>\n<li>\n<p data-path-to-node=\"16,4,0\"><b data-path-to-node=\"16,4,0\" data-index-in-node=\"0\">Minimum bestillingsmengde:<\/b> 100 enheter.<\/p>\n<\/li>\n<\/ul>\n<h2 data-path-to-node=\"17\">Brukstilfeller<\/h2>\n<ul data-path-to-node=\"18\">\n<li>\n<p data-path-to-node=\"18,0,0\"><b data-path-to-node=\"18,0,0\" data-index-in-node=\"0\">Gr\u00f8nne festivaler:<\/b> Perfekt for utend\u00f8rs musikk- og kunstfestivaler som prioriterer \u201cLeave No Traces\u201d-prinsippene.<\/p>\n<\/li>\n<li>\n<p data-path-to-node=\"18,1,0\"><b data-path-to-node=\"18,1,0\" data-index-in-node=\"0\">Bedriftens CSR-arrangementer:<\/b> Ideelt for firmasamlinger med fokus p\u00e5 b\u00e6rekraft og milj\u00f8ansvar.<\/p>\n<\/li>\n<li>\n<p data-path-to-node=\"18,2,0\"><b data-path-to-node=\"18,2,0\" data-index-in-node=\"0\">Innsamlingsaksjoner for veldedige form\u00e5l:<\/b> En symbolsk gave til givere som vokser til blomster, som representerer vekst og takknemlighet.<\/p>\n<\/li>\n<li>\n<p data-path-to-node=\"18,3,0\"><b data-path-to-node=\"18,3,0\" data-index-in-node=\"0\">VIP-tilgang:<\/b> En unik, f\u00f8rsteklasses differensieringsfaktor for spesielle gjester p\u00e5 milj\u00f8konferanser.<\/p>\n<\/li>\n<\/ul>","protected":false},"excerpt":{"rendered":"<ul>\n<li>\n<p data-path-to-node=\"11,0,0\"><b data-path-to-node=\"11,0,0\" data-index-in-node=\"0\">Materiale:<\/b> 80 gsm biologisk nedbrytbart papir med innlagte fr\u00f8 av villblomster.<\/p>\n<\/li>\n<li>\n<p data-path-to-node=\"11,1,0\"><b data-path-to-node=\"11,1,0\" data-index-in-node=\"0\">Tilpasning:<\/b> Fullfargetrykk fra kant til kant for slagkraftig merkevarebygging.<\/p>\n<\/li>\n<li>\n<p data-path-to-node=\"11,2,0\"><b data-path-to-node=\"11,2,0\" data-index-in-node=\"0\">Lukking:<\/b> Sikker engangsklebende stripe forhindrer overf\u00f8ring.<\/p>\n<\/li>\n<li>\n<p data-path-to-node=\"11,3,0\"><b data-path-to-node=\"11,3,0\" data-index-in-node=\"0\">\u00d8kofokus:<\/b> 100% kan plantes etter bruk for en avfallsfri l\u00f8sning for arrangementer.<\/p>\n<\/li>\n<\/ul>","protected":false},"featured_media":6394,"comment_status":"closed","ping_status":"closed","template":"","meta":[],"product_brand":[],"product_cat":[133,66],"product_tag":[],"class_list":{"0":"post-1209","1":"product","2":"type-product","3":"status-publish","4":"has-post-thumbnail","6":"product_cat-eco-friendly-wristbands","7":"product_cat-wristbands","9":"first","10":"instock","11":"shipping-taxable","12":"purchasable","13":"product-type-simple"},"_links":{"self":[{"href":"https:\/\/displayproducts.eu\/nb\/wp-json\/wp\/v2\/product\/1209","targetHints":{"allow":["GET"]}}],"collection":[{"href":"https:\/\/displayproducts.eu\/nb\/wp-json\/wp\/v2\/product"}],"about":[{"href":"https:\/\/displayproducts.eu\/nb\/wp-json\/wp\/v2\/types\/product"}],"replies":[{"embeddable":true,"href":"https:\/\/displayproducts.eu\/nb\/wp-json\/wp\/v2\/comments?post=1209"}],"wp:featuredmedia":[{"embeddable":true,"href":"https:\/\/displayproducts.eu\/nb\/wp-json\/wp\/v2\/media\/6394"}],"wp:attachment":[{"href":"https:\/\/displayproducts.eu\/nb\/wp-json\/wp\/v2\/media?parent=1209"}],"wp:term":[{"taxonomy":"product_brand","embeddable":true,"href":"https:\/\/displayproducts.eu\/nb\/wp-json\/wp\/v2\/product_brand?post=1209"},{"taxonomy":"product_cat","embeddable":true,"href":"https:\/\/displayproducts.eu\/nb\/wp-json\/wp\/v2\/product_cat?post=1209"},{"taxonomy":"product_tag","embeddable":true,"href":"https:\/\/displayproducts.eu\/nb\/wp-json\/wp\/v2\/product_tag?post=1209"}],"curies":[{"name":"wp","href":"https:\/\/api.w.org\/{rel}","templated":true}]}}