{"id":1208,"date":"2024-10-27T11:54:37","date_gmt":"2024-10-27T08:54:37","guid":{"rendered":"https:\/\/wristbandfactory.eu\/toode\/faux-leather-wristbands\/"},"modified":"2026-04-01T21:52:36","modified_gmt":"2026-04-01T18:52:36","slug":"faux-leather-wristbands","status":"publish","type":"product","link":"https:\/\/displayproducts.eu\/nb\/p\/faux-leather-wristbands\/","title":{"rendered":"Armb\u00e5nd i kunstskinn"},"content":{"rendered":"<p>G\u00e5 for et autentisk utseende med graverte l\u00e6rarmb\u00e5nd. Teksten din er preget inn i armb\u00e5ndet, akkurat som autentiske l\u00e6rarbeidere gj\u00f8r. P\u00e5 denne m\u00e5ten har teksten samme farge som armb\u00e5ndet.<\/p>\n<p>Vi tilbyr to typer lukkinger, en plastklips og en metalllukking.<\/p>\n<p>Plastklemmen ligner p\u00e5 lukkingen av vinylarmb\u00e5nd. Det er hull i armb\u00e5ndet som gir en skreddersydd passform. Du kan ikke \u00e5pne lukkingen etter at du har klikket igjen uten \u00e5 skade lukkingen, da den viser tegn p\u00e5 at den er tuklet med noe. Dette forhindrer svindel.<\/p>\n<p>Metalllukkingen er ogs\u00e5 standardlukkingen for festivalarmb\u00e5nd i stoff. Du trenger et krympetang for \u00e5 lukke den. Du kan ikke fjerne armb\u00e5ndet etter at du har krympet lukkingen uten at det viser tegn til at den er tuklet med noe, noe som forhindrer svindel.<\/p>","protected":false},"excerpt":{"rendered":"<div>\n<p class=\"text-gray-500\">Med armb\u00e5nd i kunstskinn eller imitert skinn velger du sikker adgangskontroll til arrangementet ditt med et unikt utseende. Du kan velge mellom fire forskjellige farger kunstskinn for trykk i \u00e9n eller to farger eller gravering. For \u00e5 sikre armb\u00e5ndene tilbyr vi to alternativer: metalllukking eller plasttrykklukking.<\/p>\n<\/div>","protected":false},"featured_media":6410,"comment_status":"closed","ping_status":"closed","template":"","meta":[],"product_brand":[],"product_cat":[66,117],"product_tag":[],"class_list":{"0":"post-1208","1":"product","2":"type-product","3":"status-publish","4":"has-post-thumbnail","6":"product_cat-wristbands","7":"product_cat-leather-wristbands","9":"first","10":"instock","11":"shipping-taxable","12":"purchasable","13":"product-type-simple"},"_links":{"self":[{"href":"https:\/\/displayproducts.eu\/nb\/wp-json\/wp\/v2\/product\/1208","targetHints":{"allow":["GET"]}}],"collection":[{"href":"https:\/\/displayproducts.eu\/nb\/wp-json\/wp\/v2\/product"}],"about":[{"href":"https:\/\/displayproducts.eu\/nb\/wp-json\/wp\/v2\/types\/product"}],"replies":[{"embeddable":true,"href":"https:\/\/displayproducts.eu\/nb\/wp-json\/wp\/v2\/comments?post=1208"}],"wp:featuredmedia":[{"embeddable":true,"href":"https:\/\/displayproducts.eu\/nb\/wp-json\/wp\/v2\/media\/6410"}],"wp:attachment":[{"href":"https:\/\/displayproducts.eu\/nb\/wp-json\/wp\/v2\/media?parent=1208"}],"wp:term":[{"taxonomy":"product_brand","embeddable":true,"href":"https:\/\/displayproducts.eu\/nb\/wp-json\/wp\/v2\/product_brand?post=1208"},{"taxonomy":"product_cat","embeddable":true,"href":"https:\/\/displayproducts.eu\/nb\/wp-json\/wp\/v2\/product_cat?post=1208"},{"taxonomy":"product_tag","embeddable":true,"href":"https:\/\/displayproducts.eu\/nb\/wp-json\/wp\/v2\/product_tag?post=1208"}],"curies":[{"name":"wp","href":"https:\/\/api.w.org\/{rel}","templated":true}]}}