{"id":1205,"date":"2024-10-27T11:54:37","date_gmt":"2024-10-27T08:54:37","guid":{"rendered":"https:\/\/wristbandfactory.eu\/toode\/custom-rfid-leather-wristband\/"},"modified":"2026-04-01T21:52:36","modified_gmt":"2026-04-01T18:52:36","slug":"custom-rfid-leather-wristband","status":"publish","type":"product","link":"https:\/\/displayproducts.eu\/nb\/p\/custom-rfid-leather-wristband\/","title":{"rendered":"RFID l\u00e6rarmb\u00e5nd"},"content":{"rendered":"<p data-path-to-node=\"12\">Forbedre gjesteopplevelsen din med v\u00e5r <b data-path-to-node=\"12\" data-index-in-node=\"64\">Tilpassede RFID-armb\u00e5nd i l\u00e6r<\/b>. Disse armb\u00e5ndene er designet for milj\u00f8er der stil er like viktig som sikkerhet, og kombinerer avansert RFID-teknologi med den klassiske elegansen til l\u00e6r. I motsetning til vanlige silikon- eller stoffalternativer fungerer disse armb\u00e5ndene som et f\u00f8rsteklasses tilbeh\u00f8r, noe som gj\u00f8r dem perfekte for VIP-soner, luksuri\u00f8se feriesteder, countryklubber og eksklusive bedriftsarrangementer.<\/p>\n<p data-path-to-node=\"13\">De er laget av slitesterkt PU-skinn (med ekte skinn tilgjengelig), og tilbyr en komfortabel passform for langvarig bruk. Den integrerte chipen er s\u00f8ml\u00f8st innebygd, noe som sikrer p\u00e5litelig dataoverf\u00f8ring for adgangskontroll, kontantl\u00f8se betalinger eller integrering av sosiale medier uten at det g\u00e5r p\u00e5 bekostning av armb\u00e5ndets estetiske appell.<\/p>\n<h2 data-path-to-node=\"14\">Viktige funksjoner<\/h2>\n<ul data-path-to-node=\"15\">\n<li>\n<p data-path-to-node=\"15,0,1\"><span data-path-to-node=\"15,0,1,0\"><b data-path-to-node=\"15,0,1,0\" data-index-in-node=\"0\"><span class=\"citation-43\">Avansert brikkekompatibilitet:<\/span><\/b><span class=\"citation-43\"> Tilgjengelig med et bredt utvalg av RFID-brikker, inkludert LF (125 KHz), HF (13,56 MHz NTAG\u00ae\/Mifare) og UHF (860\u2013960 MHz), for \u00e5 passe til ethvert system.<\/span><\/span><span data-path-to-node=\"15,0,1,2\">.<\/span><\/p>\n<\/li>\n<li>\n<p data-path-to-node=\"15,1,1\"><span data-path-to-node=\"15,1,1,0\"><b data-path-to-node=\"15,1,1,0\" data-index-in-node=\"0\"><span class=\"citation-42\">Premium estetikk:<\/span><\/b><span class=\"citation-42\"> L\u00e6rfinishen tilbyr et sofistikert alternativ til plast, og forbedrer den opplevde verdien av arrangementet eller lokalet ditt<\/span><\/span><span data-path-to-node=\"15,1,1,2\">.<\/span><\/p>\n<\/li>\n<li>\n<p data-path-to-node=\"15,2,0\"><b data-path-to-node=\"15,2,0\" data-index-in-node=\"0\">Tilpasset merkevarebygging:<\/b> Tilpass med logoen din ved hjelp av f\u00f8rsteklasses teknikker som preging, gravering eller silketrykk.<\/p>\n<\/li>\n<li>\n<p data-path-to-node=\"15,3,0\"><b data-path-to-node=\"15,3,0\" data-index-in-node=\"0\">Justerbar passform:<\/b> Designet med en klassisk spennelukking (standardst\u00f8rrelse 250x22x3 mm) for \u00e5 passe komfortabelt til de fleste h\u00e5ndleddsst\u00f8rrelser.<\/p>\n<\/li>\n<\/ul>\n<h2 data-path-to-node=\"16\">Spesifikasjoner<\/h2>\n<ul data-path-to-node=\"17\">\n<li>\n<p data-path-to-node=\"17,0,0\"><b data-path-to-node=\"17,0,0\" data-index-in-node=\"0\">Dimensjoner:<\/b> 250 mm x 22 mm x 3 mm.<\/p>\n<\/li>\n<li>\n<p data-path-to-node=\"17,1,0\"><b data-path-to-node=\"17,1,0\" data-index-in-node=\"0\">Materiale:<\/b> PU-skinn (standard) eller ekte skinn (oppgradering).<\/p>\n<\/li>\n<li>\n<p data-path-to-node=\"17,2,0\"><b data-path-to-node=\"17,2,0\" data-index-in-node=\"0\">Frekvensalternativer:<\/b> LF (125 kHz), HF (13,56 MHz), UHF (860\u2013960 MHz).<\/p>\n<\/li>\n<li>\n<p data-path-to-node=\"17,3,0\"><b data-path-to-node=\"17,3,0\" data-index-in-node=\"0\">Chiptyper:<\/b> TK4100, F08, NTAG213\/215\/216, Alien H3 og flere.<\/p>\n<\/li>\n<li>\n<p data-path-to-node=\"17,4,0\"><b data-path-to-node=\"17,4,0\" data-index-in-node=\"0\">Leseavstand:<\/b> 1\u201310 cm (LF\/HF), opptil flere meter (UHF, avhengig av leser).<\/p>\n<\/li>\n<li>\n<p data-path-to-node=\"17,5,0\"><b data-path-to-node=\"17,5,0\" data-index-in-node=\"0\">Minimum bestillingsmengde:<\/b> 100 enheter.<\/p>\n<\/li>\n<\/ul>\n<h2 data-path-to-node=\"18\">Brukstilfeller<\/h2>\n<ul data-path-to-node=\"19\">\n<li>\n<p data-path-to-node=\"19,0,0\"><b data-path-to-node=\"19,0,0\" data-index-in-node=\"0\">Luksushoteller og feriesteder:<\/b> N\u00f8kkelfri adgang til rommet og kontantl\u00f8s betaling for fasiliteter p\u00e5 feriestedet.<\/p>\n<\/li>\n<li>\n<p data-path-to-node=\"19,1,0\"><b data-path-to-node=\"19,1,0\" data-index-in-node=\"0\">Tilgang til VIP-arrangement:<\/b> Eksklusive tilgangsopplysninger for backstage-omr\u00e5der, private lounger og gallaarrangementer.<\/p>\n<\/li>\n<li>\n<p data-path-to-node=\"19,2,0\"><b data-path-to-node=\"19,2,0\" data-index-in-node=\"0\">Fitness og countryklubber:<\/b> Slitesterke, stilige medlemsidentifikatorer for tilgang til anlegg.<\/p>\n<\/li>\n<li>\n<p data-path-to-node=\"19,3,0\"><b data-path-to-node=\"19,3,0\" data-index-in-node=\"0\">Kontorsikkerhet:<\/b> Elegant identifikasjon for ansatte i bedriftsmilj\u00f8er.<\/p>\n<\/li>\n<\/ul>","protected":false},"excerpt":{"rendered":"<ul>\n<li>\n<p data-path-to-node=\"11,0,0\"><b data-path-to-node=\"11,0,0\" data-index-in-node=\"0\">Materiale:<\/b> H\u00f8ykvalitets PU eller ekte skinn for et sofistikert utseende.<\/p>\n<\/li>\n<li>\n<p data-path-to-node=\"11,1,0\"><b data-path-to-node=\"11,1,0\" data-index-in-node=\"0\">Teknologi:<\/b> Integrerte LF- (TK4100), HF- (NTAG\u00ae) eller UHF- (Alien H3)-brikker.<\/p>\n<\/li>\n<li>\n<p data-path-to-node=\"11,2,0\"><b data-path-to-node=\"11,2,0\" data-index-in-node=\"0\">Tilpasning:<\/b> Preging, preging eller trykk for diskret merkevarebygging.<\/p>\n<\/li>\n<li>\n<p data-path-to-node=\"11,3,0\"><b data-path-to-node=\"11,3,0\" data-index-in-node=\"0\">S\u00f8knad:<\/b> Ideell for VIP-adgangskontroll, kontantl\u00f8se betalinger og luksushoteller.<\/p>\n<\/li>\n<\/ul>","protected":false},"featured_media":6037,"comment_status":"closed","ping_status":"closed","template":"","meta":[],"product_brand":[],"product_cat":[66,117,81],"product_tag":[],"class_list":{"0":"post-1205","1":"product","2":"type-product","3":"status-publish","4":"has-post-thumbnail","6":"product_cat-wristbands","7":"product_cat-leather-wristbands","8":"product_cat-rfid","10":"first","11":"instock","12":"shipping-taxable","13":"purchasable","14":"product-type-simple"},"_links":{"self":[{"href":"https:\/\/displayproducts.eu\/nb\/wp-json\/wp\/v2\/product\/1205","targetHints":{"allow":["GET"]}}],"collection":[{"href":"https:\/\/displayproducts.eu\/nb\/wp-json\/wp\/v2\/product"}],"about":[{"href":"https:\/\/displayproducts.eu\/nb\/wp-json\/wp\/v2\/types\/product"}],"replies":[{"embeddable":true,"href":"https:\/\/displayproducts.eu\/nb\/wp-json\/wp\/v2\/comments?post=1205"}],"wp:featuredmedia":[{"embeddable":true,"href":"https:\/\/displayproducts.eu\/nb\/wp-json\/wp\/v2\/media\/6037"}],"wp:attachment":[{"href":"https:\/\/displayproducts.eu\/nb\/wp-json\/wp\/v2\/media?parent=1205"}],"wp:term":[{"taxonomy":"product_brand","embeddable":true,"href":"https:\/\/displayproducts.eu\/nb\/wp-json\/wp\/v2\/product_brand?post=1205"},{"taxonomy":"product_cat","embeddable":true,"href":"https:\/\/displayproducts.eu\/nb\/wp-json\/wp\/v2\/product_cat?post=1205"},{"taxonomy":"product_tag","embeddable":true,"href":"https:\/\/displayproducts.eu\/nb\/wp-json\/wp\/v2\/product_tag?post=1205"}],"curies":[{"name":"wp","href":"https:\/\/api.w.org\/{rel}","templated":true}]}}