{"id":1203,"date":"2024-10-27T11:54:37","date_gmt":"2024-10-27T08:54:37","guid":{"rendered":"https:\/\/wristbandfactory.eu\/toode\/fabric-wristbands\/"},"modified":"2026-04-01T21:52:36","modified_gmt":"2026-04-01T18:52:36","slug":"full-colour-printed-fabric-wristbands","status":"publish","type":"product","link":"https:\/\/displayproducts.eu\/nb\/p\/full-colour-printed-fabric-wristbands\/","title":{"rendered":"Fullfargetrykte stoffarmb\u00e5nd"},"content":{"rendered":"<div class=\"mx-12 md:mx-24 lg:mx-48\">\n<div class=\"container my-8 svelte-zlsknf\">\n<div class=\"my-24 rounded-lg border-0 border-gray-700 bg-gray-100 px-16 py-24\">\n<div class=\"mt-11 !text-gray-500\">\n<p data-path-to-node=\"8\">L\u00f8ft arrangementsopplevelsen din med v\u00e5re fargetrykte stoffarmb\u00e5nd. Dette er v\u00e5r mest popul\u00e6re l\u00f8sning for adgangskontroll til arrangementer, designet for \u00e5 v\u00e6re et kraftig markedsf\u00f8ringsverkt\u00f8y som ogs\u00e5 fungerer som en verdifull suvenir for deltakerne.<\/p>\n<p data-path-to-node=\"9\"><b>Ett armb\u00e5nd, fullt tilpasset av deg<\/b><\/p>\n<p data-path-to-node=\"10\">Denne ene produktsiden samler alle v\u00e5re trykte stoffalternativer. Bare velg materiale og l\u00e5s for \u00e5 lage det perfekte armb\u00e5ndet til arrangementet ditt.<\/p>\n<ol start=\"1\" data-path-to-node=\"11\">\n<li>\n<p data-path-to-node=\"11,0,0\"><b>Velg trykk og materiale:<\/b> Ved hjelp av toppmoderne sublimeringstrykk reproduserer vi designet ditt i livlige, falmebestandige CMYK- eller presise Pantone (PMS)-nyanser. Velg mellom to materialoverflater:<\/p>\n<ul data-path-to-node=\"11,0,1\">\n<li>\n<p data-path-to-node=\"11,0,1,0,0\"><b>Slitesterk polyester:<\/b> V\u00e5r h\u00f8ykvalitets, vanntette og hudvennlige standard for alle arrangementer.<\/p>\n<\/li>\n<li>\n<p data-path-to-node=\"11,0,1,1,0\"><b>Premium sateng:<\/b> En glattere og glansfull finish for en f\u00f8rsteklasses og eksklusiv f\u00f8lelse (absorberer \u201csatengarmb\u00e5nd\u201d-produktet).<\/p>\n<\/li>\n<\/ul>\n<\/li>\n<li>\n<p data-path-to-node=\"11,1,0\"><b>Velg l\u00e5sen din:<\/b> Sikkerhet er avgj\u00f8rende. Konfigurer armb\u00e5ndene dine med den n\u00f8yaktige l\u00e5sen for dine behov. Vi tilbyr et komplett utvalg av alternativer:<\/p>\n<ul data-path-to-node=\"11,1,1\">\n<li>\n<p data-path-to-node=\"11,1,1,0,0\"><b>H\u00f8ysikkerhetsl\u00e5ser:<\/b> Engangs selvlukkende plastklips eller slitesterke metalll\u00e5ser for \u00e5 forhindre overf\u00f8ring.<\/p>\n<\/li>\n<li>\n<p data-path-to-node=\"11,1,1,1,0\"><b>Gjenbrukbare l\u00e5ser:<\/b> En justerbar perle som gj\u00f8r at armb\u00e5ndene kan tas av og brukes p\u00e5 nytt.<\/p>\n<\/li>\n<li>\n<p data-path-to-node=\"11,1,1,2,0\"><b>Milj\u00f8vennlige l\u00e5ser:<\/b> V\u00e5r b\u00e6rekraftige engangsl\u00e5s i bambus.<\/p>\n<\/li>\n<\/ul>\n<\/li>\n<\/ol>\n<p data-path-to-node=\"12\">Disse armb\u00e5ndene er den ideelle, sikre l\u00f8sningen for \u00e5 kontrollere adgang p\u00e5 konserter, festivaler, fester, hoteller og badeland.<\/p>\n<p data-path-to-node=\"13\"><i>(Merk: P\u00e5 grunn av produksjonsprosessen anbefaler vi \u00e5 bruke repeterende m\u00f8nstre p\u00e5 baksiden av armb\u00e5ndet for optimale resultater.)<\/i><\/p>\n<p data-path-to-node=\"14\"><b>Viktige funksjoner:<\/b><\/p>\n<ul data-path-to-node=\"15\">\n<li>\n<p data-path-to-node=\"15,0,0\"><b>Printing:<\/b> CMYK- eller PMS-sublimeringstrykk i fullfarge.<\/p>\n<\/li>\n<li>\n<p data-path-to-node=\"15,1,0\"><b>Materiale:<\/b> H\u00f8ykvalitets polyester (premium satengfinish er ogs\u00e5 tilgjengelig).<\/p>\n<\/li>\n<li>\n<p data-path-to-node=\"15,2,0\"><b>Alternativer for sikkerhetsl\u00e5s:<\/b> H\u00f8ysikkerhet (plast\/metall), gjenbrukbar perle eller milj\u00f8vennlig bambus.<\/p>\n<\/li>\n<li>\n<p data-path-to-node=\"15,3,0\"><b>Holdbar og vanntett:<\/b> Ideell for arrangementer over flere dager.<\/p>\n<\/li>\n<li>\n<p data-path-to-node=\"15,4,0\"><b>Komfort:<\/b> Lett og myk for komfortabel bruk over lengre tid.<\/p>\n<\/li>\n<li>\n<p data-path-to-node=\"15,5,0\"><b>Minimumsbestilling:<\/b> 100 stykker.<\/p>\n<\/li>\n<\/ul>\n<p data-path-to-node=\"16\">\n<\/div>\n<\/div>\n<\/div>\n<\/div>","protected":false},"excerpt":{"rendered":"<ul data-path-to-node=\"7\">\n<li>\n<p data-path-to-node=\"7,0,0\">Livlig CMYK- eller Pantone-sublimeringstrykk i fullfarge.<\/p>\n<\/li>\n<li>\n<p data-path-to-node=\"7,1,0\"><b>Materialalternativer:<\/b> Velg mellom slitesterk, vanntett polyester eller sateng med premiumfinish.<\/p>\n<\/li>\n<li>\n<p data-path-to-node=\"7,2,0\"><b>L\u00e5sealternativer:<\/b> H\u00f8ysikkerhet (engangsplast\/metall), gjenbrukbar (justerbar perle) eller milj\u00f8vennlig bambus.<\/p>\n<\/li>\n<li>\n<p data-path-to-node=\"7,3,0\">Komfortabel, slitesterk og hudvennlig for arrangementer over flere dager.<\/p>\n<\/li>\n<\/ul>","protected":false},"featured_media":6388,"comment_status":"closed","ping_status":"closed","template":"","meta":[],"product_brand":[],"product_cat":[47],"product_tag":[],"class_list":{"0":"post-1203","1":"product","2":"type-product","3":"status-publish","4":"has-post-thumbnail","6":"product_cat-fabric-wristbands","8":"first","9":"instock","10":"shipping-taxable","11":"purchasable","12":"product-type-simple"},"_links":{"self":[{"href":"https:\/\/displayproducts.eu\/nb\/wp-json\/wp\/v2\/product\/1203","targetHints":{"allow":["GET"]}}],"collection":[{"href":"https:\/\/displayproducts.eu\/nb\/wp-json\/wp\/v2\/product"}],"about":[{"href":"https:\/\/displayproducts.eu\/nb\/wp-json\/wp\/v2\/types\/product"}],"replies":[{"embeddable":true,"href":"https:\/\/displayproducts.eu\/nb\/wp-json\/wp\/v2\/comments?post=1203"}],"wp:featuredmedia":[{"embeddable":true,"href":"https:\/\/displayproducts.eu\/nb\/wp-json\/wp\/v2\/media\/6388"}],"wp:attachment":[{"href":"https:\/\/displayproducts.eu\/nb\/wp-json\/wp\/v2\/media?parent=1203"}],"wp:term":[{"taxonomy":"product_brand","embeddable":true,"href":"https:\/\/displayproducts.eu\/nb\/wp-json\/wp\/v2\/product_brand?post=1203"},{"taxonomy":"product_cat","embeddable":true,"href":"https:\/\/displayproducts.eu\/nb\/wp-json\/wp\/v2\/product_cat?post=1203"},{"taxonomy":"product_tag","embeddable":true,"href":"https:\/\/displayproducts.eu\/nb\/wp-json\/wp\/v2\/product_tag?post=1203"}],"curies":[{"name":"wp","href":"https:\/\/api.w.org\/{rel}","templated":true}]}}