{"id":1183,"date":"2024-07-16T18:07:16","date_gmt":"2024-07-16T15:07:16","guid":{"rendered":"https:\/\/wristbandfactory.eu\/toode\/uv-neverloseme-wristbands\/"},"modified":"2026-04-01T21:52:04","modified_gmt":"2026-04-01T18:52:04","slug":"uv-sensor-safety-wristbands","status":"publish","type":"product","link":"https:\/\/displayproducts.eu\/nb\/p\/uv-sensor-safety-wristbands\/","title":{"rendered":"UV-sensor sikkerhetsarmb\u00e5nd"},"content":{"rendered":"<p>Vis organisasjonens forpliktelse til sikkerhet med UV-sensorsikkerhetsarmb\u00e5ndet. Dette funksjonelle reklameartiklet er ideelt for bedriftsfamiliedager, utend\u00f8rskonferanser eller helsefokuserte markedsf\u00f8ringskampanjer, og gir deltakerne ekte nytte.<\/p>\n<p>Armb\u00e5ndet har en spesiell, gjenbrukbar l\u00e5s som aktivt overv\u00e5ker soleksponering. L\u00e5sen endrer fargen fra hvit til intens r\u00f8d n\u00e5r UVA- eller UVB-str\u00e5lingsniv\u00e5ene blir farlige, noe som gir et tydelig visuelt varsel for brukerne.<\/p>\n<p>Selve b\u00e5ndet er laget av et spesielt, hypoallergenisk materiale som er b\u00e5de slitesterkt og sk\u00e5nsomt mot huden, og det er <b>sertifisert av Nasjonalt institutt for hygiene<\/b>. Hele overflaten p\u00e5 b\u00e5ndet kan tilpasses fullt ut med din fargede firmalogo, arrangementsbranding eller et sikkerhetsslagord, noe som skaper et sv\u00e6rt synlig og minneverdig markedsf\u00f8ringsverkt\u00f8y.<\/p>\n<p>Dette armb\u00e5ndet forener merkevaren din med samfunnsansvar og moderne sikkerhetsbevissthet, og skaper en positiv assosiasjon som varer lenge etter arrangementet.<\/p>\n<p><b>Viktige funksjoner:<\/b><\/p>\n<ul>\n<li><b>UV-sensorl\u00e5s:<\/b> Gjenbrukbar l\u00e5s endrer aktivt farge til r\u00f8dt for \u00e5 advare om h\u00f8ye UVA\/UVB-str\u00e5lingsniv\u00e5er.<\/li>\n<li><b>Tilpasning i fullfarge:<\/b> Hele b\u00e5ndoverflaten kan trykkes med din unike logo eller melding.<\/li>\n<li><b>Barnesikkert sertifisert materiale:<\/b> Hypoallergenisk, fleksibelt og slitesterkt materiale, sertifisert av National Institute of Hygiene.<\/li>\n<li><b>Gjenbrukbart design:<\/b> L\u00e5sen er designet for flere bruksomr\u00e5der, og forlenger levetiden til reklameartikkelen din.<\/li>\n<li><b>Verkt\u00f8y for samfunnsansvar:<\/b> En unik dings for \u00e5 demonstrere merkevarens forpliktelse til helse og sikkerhet.<\/li>\n<\/ul>","protected":false},"excerpt":{"rendered":"<ul>\n<li>Har en UV-reaktiv l\u00e5s som skifter farge til r\u00f8d i farlig sollys.<\/li>\n<li>Hypoallergenisk, slitesterkt og gjenbrukbart materiale, sertifisert for barnesikkerhet.<\/li>\n<li>Fullt tilpassbart b\u00e5nd med din logo eller sikkerhetsmelding i fullfarge.<\/li>\n<li>Et f\u00f8rsteklasses reklameprodukt for familiefokuserte arrangementer og bedriftsansvar.<\/li>\n<\/ul>\n<p>&nbsp;<\/p>","protected":false},"featured_media":6254,"comment_status":"closed","ping_status":"closed","template":"","meta":[],"product_brand":[],"product_cat":[66,88,68],"product_tag":[],"class_list":{"0":"post-1183","1":"product","2":"type-product","3":"status-publish","4":"has-post-thumbnail","6":"product_cat-wristbands","7":"product_cat-smart-wristbands","8":"product_cat-event-supplies","10":"first","11":"instock","12":"shipping-taxable","13":"purchasable","14":"product-type-simple"},"_links":{"self":[{"href":"https:\/\/displayproducts.eu\/nb\/wp-json\/wp\/v2\/product\/1183","targetHints":{"allow":["GET"]}}],"collection":[{"href":"https:\/\/displayproducts.eu\/nb\/wp-json\/wp\/v2\/product"}],"about":[{"href":"https:\/\/displayproducts.eu\/nb\/wp-json\/wp\/v2\/types\/product"}],"replies":[{"embeddable":true,"href":"https:\/\/displayproducts.eu\/nb\/wp-json\/wp\/v2\/comments?post=1183"}],"wp:featuredmedia":[{"embeddable":true,"href":"https:\/\/displayproducts.eu\/nb\/wp-json\/wp\/v2\/media\/6254"}],"wp:attachment":[{"href":"https:\/\/displayproducts.eu\/nb\/wp-json\/wp\/v2\/media?parent=1183"}],"wp:term":[{"taxonomy":"product_brand","embeddable":true,"href":"https:\/\/displayproducts.eu\/nb\/wp-json\/wp\/v2\/product_brand?post=1183"},{"taxonomy":"product_cat","embeddable":true,"href":"https:\/\/displayproducts.eu\/nb\/wp-json\/wp\/v2\/product_cat?post=1183"},{"taxonomy":"product_tag","embeddable":true,"href":"https:\/\/displayproducts.eu\/nb\/wp-json\/wp\/v2\/product_tag?post=1183"}],"curies":[{"name":"wp","href":"https:\/\/api.w.org\/{rel}","templated":true}]}}