{"id":6857,"date":"2026-01-15T16:48:49","date_gmt":"2026-01-15T13:48:49","guid":{"rendered":"https:\/\/wristbandfactory.eu\/?post_type=product&#038;p=6857"},"modified":"2026-04-01T21:52:34","modified_gmt":"2026-04-01T18:52:34","slug":"custom-lanyards-with-metal-bulldog-clip","status":"publish","type":"product","link":"https:\/\/displayproducts.eu\/lv\/p\/custom-lanyards-with-metal-bulldog-clip\/","title":{"rendered":"Kakla lentas ar apdruku un knaibles veida klipsi"},"content":{"rendered":"<p data-path-to-node=\"4\">Racionaliz\u0113jiet sava pas\u0101kuma re\u0123istr\u0101cijas procesu ar m\u016bsu pal\u012bdz\u012bbu <b data-path-to-node=\"4\" data-index-in-node=\"73\">Piel\u0101gotas kakla lentas ar met\u0101la buldoga klipsi<\/b>. Bie\u017ei raksturots k\u0101 \u201cdr\u0113bju kna\u0123a\u201d stila stiprin\u0101jums, \u0161is stiprin\u0101jums ir iecien\u012bts konferenc\u0113s un tirdzniec\u012bbas izst\u0101d\u0113s, pateicoties t\u0101 \u0101trumam un daudzpus\u012bbai. Ar atsperi nostiprin\u0101tie \u017eok\u013ci viegli atveras ar saspiedienu, \u013caujot acumirkl\u012b piestiprin\u0101t personas apliec\u012bbas, caurlaides vai plastmasas makus \u2014 pat tos, kuriem nav paredz\u0113ta cauruma caurumam.<\/p>\n<h2 data-path-to-node=\"5\">Galven\u0101s iez\u012bmes<\/h2>\n<ul data-path-to-node=\"6\">\n<li>\n<p data-path-to-node=\"6,0,0\"><b data-path-to-node=\"6,0,0\" data-index-in-node=\"0\">Daudzpus\u012bga skava:<\/b> At\u0161\u0137ir\u012bb\u0101 no \u0101\u0137iem, kuriem nepiecie\u0161ams noteikts cauruma izm\u0113rs, Bulldog klip\u0161a \u017eok\u013ci var satvert gandr\u012bz jebkura noz\u012bm\u012b\u0161u tur\u0113t\u0101ja, lamin\u0101ta vai kartes malu.<\/p>\n<\/li>\n<li>\n<p data-path-to-node=\"6,1,0\"><b data-path-to-node=\"6,1,0\" data-index-in-node=\"0\">Pretv\u012b\u0161anas stabilit\u0101te:<\/b> Platais satv\u0113riena laukums nodro\u0161ina, ka ID kartes kar\u0101jas taisni un ir v\u0113rstas uz priek\u0161u, vienm\u0113r saglab\u0101jot v\u0101rdus un logotipus redzamus.<\/p>\n<\/li>\n<li>\n<p data-path-to-node=\"6,2,0\"><b data-path-to-node=\"6,2,0\" data-index-in-node=\"0\">Saudz\u012bgs pret materi\u0101liem:<\/b> Lai gan satv\u0113riens ir sp\u0113c\u012bgs, gludie met\u0101la \u017eok\u013ci ir paredz\u0113ti dro\u0161ai notur\u0113\u0161anai, neboj\u0101jot standarta PVC maisi\u0146us.<\/p>\n<\/li>\n<li>\n<p data-path-to-node=\"6,3,0\"><b data-path-to-node=\"6,3,0\" data-index-in-node=\"0\">Piln\u012bga sublim\u0101cijas druka:<\/b> Pati aukli\u0146as siksni\u0146a ir apdruk\u0101ta no malas l\u012bdz malai spilgt\u0101s, pilnkr\u0101su kr\u0101s\u0101s, nodro\u0161inot, ka j\u016bsu z\u012bmols atbilst klip\u0161a augst\u0101k\u0101s kvalit\u0101tes praktiskumam.<\/p>\n<\/li>\n<\/ul>\n<h2 data-path-to-node=\"7\">Specifik\u0101cijas<\/h2>\n<ul data-path-to-node=\"8\">\n<li>\n<p data-path-to-node=\"8,0,0\"><b data-path-to-node=\"8,0,0\" data-index-in-node=\"0\">Materi\u0101ls:<\/b> 100% gluds poliesters.<\/p>\n<\/li>\n<li>\n<p data-path-to-node=\"8,1,0\"><b data-path-to-node=\"8,1,0\" data-index-in-node=\"0\">Pielikums:<\/b> Ni\u0137el\u0113ts met\u0101la buldoga klipsis (noz\u012bm\u012b\u0161u skava).<\/p>\n<\/li>\n<li>\n<p data-path-to-node=\"8,2,0\"><b data-path-to-node=\"8,2,0\" data-index-in-node=\"0\">Druk\u0101\u0161anas metode:<\/b> Pilnkr\u0101su kr\u0101su sublim\u0101cija.<\/p>\n<\/li>\n<li>\n<p data-path-to-node=\"8,3,0\"><b data-path-to-node=\"8,3,0\" data-index-in-node=\"0\">Saspraudes platums:<\/b> Standarta ~10 mm \u017eok\u013ca platums dro\u0161ai fiks\u0101cijai.<\/p>\n<\/li>\n<li>\n<p data-path-to-node=\"8,4,0\"><b data-path-to-node=\"8,4,0\" data-index-in-node=\"0\">Pieejamie platumi:<\/b> 15 mm, 20 mm, 25 mm.<\/p>\n<\/li>\n<\/ul>\n<h2 data-path-to-node=\"9\">Lieto\u0161anas gad\u012bjumi<\/h2>\n<ul data-path-to-node=\"10\">\n<li>\n<p data-path-to-node=\"10,0,0\"><b data-path-to-node=\"10,0,0\" data-index-in-node=\"0\">Konferences un tirdzniec\u012bbas izst\u0101des:<\/b> \u0100tr\u0101kais veids, k\u0101 piestiprin\u0101t noz\u012bm\u012btes pie kakla siksni\u0146\u0101m liela apjoma re\u0123istr\u0101cijas laik\u0101.<\/p>\n<\/li>\n<li>\n<p data-path-to-node=\"10,1,0\"><b data-path-to-node=\"10,1,0\" data-index-in-node=\"0\">Apmekl\u0113t\u0101ju caurlaides:<\/b> Ide\u0101li piem\u0113rots pagaidu noz\u012bm\u012bt\u0113m, kuras nepiecie\u0161ams sav\u0101kt un izmantot atk\u0101rtoti.<\/p>\n<\/li>\n<li>\n<p data-path-to-node=\"10,2,0\"><b data-path-to-node=\"10,2,0\" data-index-in-node=\"0\">Person\u0101la formas t\u0113rpi:<\/b> Var piestiprin\u0101t pie apkakl\u0113m vai kabat\u0101m, ja kakla siksni\u0146a ap kaklu nav v\u0113lama.<\/p>\n<\/li>\n<\/ul>","protected":false},"excerpt":{"rendered":"<ul>\n<li>\n<p data-path-to-node=\"3,0,0\"><b data-path-to-node=\"3,0,0\" data-index-in-node=\"0\">Ve\u013cas kna\u0123a stila darb\u012bba:<\/b> Viegli atveramais \u201cBulldog\u201d meh\u0101nisms dro\u0161i piestiprin\u0101s pie noz\u012bm\u012b\u0161u tur\u0113t\u0101jiem vai ap\u0123\u0113rba, neizdurot caurumu.<\/p>\n<\/li>\n<li>\n<p data-path-to-node=\"3,1,0\"><b data-path-to-node=\"3,1,0\" data-index-in-node=\"0\">Stabils displejs:<\/b> Platie, plakanie \u017eok\u013ci stingri satver noz\u012bm\u012bti, ne\u013caujot tai sagriezties vai apgriezties.<\/p>\n<\/li>\n<li>\n<p data-path-to-node=\"3,2,0\"><b data-path-to-node=\"3,2,0\" data-index-in-node=\"0\">Divk\u0101r\u0161s stiprin\u0101jums:<\/b> Var piespraust pie plastmasas ID maci\u0146a vai tie\u0161i pie krekla kabatas vai atloka.<\/p>\n<\/li>\n<li>\n<p data-path-to-node=\"3,3,0\"><b data-path-to-node=\"3,3,0\" data-index-in-node=\"0\">Iztur\u012bga met\u0101la konstrukcija:<\/b> Izgatavots no ni\u0137el\u0113ta t\u0113rauda, lai nodro\u0161in\u0101tu ilgsto\u0161u atsperu notur\u0113\u0161anu un iztur\u012bbu.<\/p>\n<\/li>\n<\/ul>","protected":false},"featured_media":6858,"comment_status":"closed","ping_status":"closed","template":"","meta":[],"product_brand":[],"product_cat":[104],"product_tag":[],"class_list":{"0":"post-6857","1":"product","2":"type-product","3":"status-publish","4":"has-post-thumbnail","6":"product_cat-custom-printed-lanyards","8":"first","9":"instock","10":"shipping-taxable","11":"purchasable","12":"product-type-simple"},"_links":{"self":[{"href":"https:\/\/displayproducts.eu\/lv\/wp-json\/wp\/v2\/product\/6857","targetHints":{"allow":["GET"]}}],"collection":[{"href":"https:\/\/displayproducts.eu\/lv\/wp-json\/wp\/v2\/product"}],"about":[{"href":"https:\/\/displayproducts.eu\/lv\/wp-json\/wp\/v2\/types\/product"}],"replies":[{"embeddable":true,"href":"https:\/\/displayproducts.eu\/lv\/wp-json\/wp\/v2\/comments?post=6857"}],"wp:featuredmedia":[{"embeddable":true,"href":"https:\/\/displayproducts.eu\/lv\/wp-json\/wp\/v2\/media\/6858"}],"wp:attachment":[{"href":"https:\/\/displayproducts.eu\/lv\/wp-json\/wp\/v2\/media?parent=6857"}],"wp:term":[{"taxonomy":"product_brand","embeddable":true,"href":"https:\/\/displayproducts.eu\/lv\/wp-json\/wp\/v2\/product_brand?post=6857"},{"taxonomy":"product_cat","embeddable":true,"href":"https:\/\/displayproducts.eu\/lv\/wp-json\/wp\/v2\/product_cat?post=6857"},{"taxonomy":"product_tag","embeddable":true,"href":"https:\/\/displayproducts.eu\/lv\/wp-json\/wp\/v2\/product_tag?post=6857"}],"curies":[{"name":"wp","href":"https:\/\/api.w.org\/{rel}","templated":true}]}}