{"id":6855,"date":"2026-01-15T15:41:22","date_gmt":"2026-01-15T12:41:22","guid":{"rendered":"https:\/\/wristbandfactory.eu\/?post_type=product&#038;p=6855"},"modified":"2026-04-01T21:52:34","modified_gmt":"2026-04-01T18:52:34","slug":"custom-printed-event-badges-id-cards-pvc-laminated","status":"publish","type":"product","link":"https:\/\/displayproducts.eu\/lv\/p\/custom-printed-event-badges-id-cards-pvc-laminated\/","title":{"rendered":"Apdruk\u0101tas kakla kartes (PVC un lamin\u0113tas)"},"content":{"rendered":"<p data-path-to-node=\"6\">Optimiz\u0113jiet savu akredit\u0101cijas procesu ar m\u016bsu daudzpus\u012bgo kl\u0101stu <b data-path-to-node=\"6\" data-index-in-node=\"91\">Piel\u0101gotas druk\u0101tas pas\u0101kumu noz\u012bm\u012btes un ID kartes<\/b>. Neatkar\u012bgi no t\u0101, vai organiz\u0113jat vienas dienas konferenci vai p\u0101rvald\u0101t ilgtermi\u0146a \u0113kas dro\u0161\u012bbu, m\u0113s pied\u0101v\u0101jam risin\u0101jumu, kas atbilst j\u016bsu bud\u017eetam un iztur\u012bbas pras\u012bb\u0101m, vien\u0101, \u0113rt\u0101 pas\u016bt\u012bjum\u0101.<\/p>\n<p data-path-to-node=\"7\">T\u0101 viet\u0101, lai ieg\u0101d\u0101tos atsevi\u0161\u0137us tur\u0113t\u0101jus un ielikt\u0146us, \u0161\u012bs noz\u012bm\u012btes ir piln\u012bgs \u201cviss vien\u0101\u201d risin\u0101jums \u2014 apdruk\u0101tas, pabeigtas un gatavas pak\u0101r\u0161anai.<\/p>\n<h2 data-path-to-node=\"8\">Izv\u0113lieties savu materi\u0101lu<\/h2>\n<ul data-path-to-node=\"9\">\n<li>\n<p data-path-to-node=\"9,0,0\"><b data-path-to-node=\"9,0,0\" data-index-in-node=\"0\">A variants: Cietais PVC (Premium):<\/b> Izgatavoti no cieta polivinilhlor\u012bda (l\u012bdz\u012bgi k\u0101 bankas karte). Tie ir \u016bdensnecaurlaid\u012bgi, nelok\u0101mi un \u0101rk\u0101rt\u012bgi iztur\u012bgi. Ide\u0101li piem\u0113roti darbinieku apliec\u012bb\u0101m, VIP caurlaid\u0113m un atk\u0101rtoti lietojam\u0101m preses noz\u012bm\u012bt\u0113m.<\/p>\n<\/li>\n<li>\n<p data-path-to-node=\"9,1,0\"><b data-path-to-node=\"9,1,0\" data-index-in-node=\"0\">B variants: Lamin\u0113ts pap\u012brs (standarta):<\/b> Augstas kvalit\u0101tes pap\u012bra ieliktnis, kas ievietots iztur\u012bg\u0101 plastmasas maisi\u0146\u0101, izmantojot termisko lamin\u0113\u0161anu. \u0160is ir nozares standarts tirdzniec\u012bbas izst\u0101d\u0113m, festiv\u0101liem un konferenc\u0113m, kur bud\u017eets un \u0101trums ir galvenais faktors.<\/p>\n<\/li>\n<\/ul>\n<h2 data-path-to-node=\"10\">Pieejamie izm\u0113ri un form\u0101ti<\/h2>\n<ul data-path-to-node=\"11\">\n<li>\n<p data-path-to-node=\"11,0,0\"><b data-path-to-node=\"11,0,0\" data-index-in-node=\"0\">Standarta CR80 (86 x 54 mm):<\/b> Klasiskais kred\u012btkartes izm\u0113rs. Pieejams ainavas vai portreta re\u017e\u012bm\u0101.<\/p>\n<\/li>\n<li>\n<p data-path-to-node=\"11,1,0\"><b data-path-to-node=\"11,1,0\" data-index-in-node=\"0\">Vid\u0113ja izm\u0113ra pas\u0101kums (100 x 70 mm):<\/b> Pied\u0101v\u0101 30% liel\u0101ku virsmas laukumu darba k\u0101rt\u012bb\u0101m, kart\u0113m vai liel\u0101k\u0101m fotogr\u0101fij\u0101m.<\/p>\n<\/li>\n<li>\n<p data-path-to-node=\"11,2,0\"><b data-path-to-node=\"11,2,0\" data-index-in-node=\"0\">Liels\/XL (120 x 80 mm):<\/b> Maksim\u0101la redzam\u012bba. Lieliski piem\u0113rots \u201cAccess All Areas\u201d caurlaid\u0113m un festiv\u0101la dal\u012bbnieku sarakstam.<\/p>\n<\/li>\n<\/ul>\n<h2 data-path-to-node=\"12\">Specifik\u0101cijas<\/h2>\n<ul data-path-to-node=\"13\">\n<li>\n<p data-path-to-node=\"13,0,0\"><b data-path-to-node=\"13,0,0\" data-index-in-node=\"0\">Drukas tehnolo\u0123ija:<\/b> Pilnkr\u0101su digit\u0101l\u0101 vai ofseta druka<\/p>\n<\/li>\n<li>\n<p data-path-to-node=\"13,1,0\"><b data-path-to-node=\"13,1,0\" data-index-in-node=\"0\">PVC biezums:<\/b> 0,76 mm (standarta kred\u012btkarte)<\/p>\n<\/li>\n<li>\n<p data-path-to-node=\"13,2,0\"><b data-path-to-node=\"13,2,0\" data-index-in-node=\"0\">Lamin\u0113ta biezums:<\/b> Biezs pap\u012brs + 150\u2013250 mikronu lamin\u0101ts<\/p>\n<\/li>\n<li>\n<p data-path-to-node=\"13,3,0\"><b data-path-to-node=\"13,3,0\" data-index-in-node=\"0\">Apdare:<\/b> Izgriezti noapa\u013coti st\u016bri + caurumot\u0101js (aplis vai sprauga)<\/p>\n<\/li>\n<li>\n<p data-path-to-node=\"13,4,0\"><b data-path-to-node=\"13,4,0\" data-index-in-node=\"0\">Minim\u0101lais pas\u016bt\u012bjums:<\/b> 50 gabali<\/p>\n<\/li>\n<\/ul>\n<h2 data-path-to-node=\"14\">Lieto\u0161anas gad\u012bjumi<\/h2>\n<ul data-path-to-node=\"15\">\n<li>\n<p data-path-to-node=\"15,0,0\"><b data-path-to-node=\"15,0,0\" data-index-in-node=\"0\">Konferences un tirdzniec\u012bbas izst\u0101des:<\/b> Izmaksu zi\u0146\u0101 efekt\u012bvas lamin\u0113tas noz\u012bm\u012btes t\u016bksto\u0161iem apmekl\u0113t\u0101ju.<\/p>\n<\/li>\n<li>\n<p data-path-to-node=\"15,1,0\"><b data-path-to-node=\"15,1,0\" data-index-in-node=\"0\">M\u016bzikas festiv\u0101li:<\/b> Liela form\u0101ta XL caurlaides m\u0101ksliniekiem un komandas locek\u013ciem (viegli paman\u0101mas no att\u0101luma).<\/p>\n<\/li>\n<li>\n<p data-path-to-node=\"15,2,0\"><b data-path-to-node=\"15,2,0\" data-index-in-node=\"0\">Uz\u0146\u0113muma ID:<\/b> Iztur\u012bgas PVC kartes ikdienas biroja lieto\u0161anai.<\/p>\n<\/li>\n<li>\n<p data-path-to-node=\"15,3,0\"><b data-path-to-node=\"15,3,0\" data-index-in-node=\"0\">Sporta pas\u0101kumi:<\/b> Laikapst\u0101k\u013ciem iztur\u012bgas PVC noz\u012bm\u012btes darbiniekiem un pla\u0161sazi\u0146as l\u012bdzek\u013ciem, kas str\u0101d\u0101 \u0101rpus telp\u0101m.<\/p>\n<\/li>\n<\/ul>","protected":false},"excerpt":{"rendered":"<ul data-path-to-node=\"5\">\n<li>\n<p data-path-to-node=\"5,0,0\"><b data-path-to-node=\"5,0,0\" data-index-in-node=\"0\">Divas materi\u0101lu iesp\u0113jas:<\/b> Izv\u0113lieties starp stingr\u0101m <b data-path-to-node=\"5,0,0\" data-index-in-node=\"43\">PVC plastmasa<\/b> (iztur\u012bgs, kred\u012btkartes saj\u016bta) vai izmaksu zi\u0146\u0101 efekt\u012bvs <b data-path-to-node=\"5,0,0\" data-index-in-node=\"101\">Lamin\u0113ts pap\u012brs<\/b> (viegls, iekapsul\u0113ts).<\/p>\n<\/li>\n<li>\n<p data-path-to-node=\"5,1,0\"><b data-path-to-node=\"5,1,0\" data-index-in-node=\"0\">Daudzpus\u012bgi izm\u0113ri:<\/b> Pieejams standarta kred\u012btkar\u0161u izm\u0113r\u0101 (86x54 mm) un lielos pas\u0101kumu form\u0101tos (100x70 mm, 120x80 mm).<\/p>\n<\/li>\n<li>\n<p data-path-to-node=\"5,2,0\"><b data-path-to-node=\"5,2,0\" data-index-in-node=\"0\">Druk\u0101\u0161ana no malas l\u012bdz malai:<\/b> Pilnkr\u0101su augstas iz\u0161\u0137irtsp\u0113jas druka ab\u0101s pus\u0113s nodro\u0161ina j\u016bsu z\u012bmola vai pas\u0101kuma grafikas izcel\u0161anos.<\/p>\n<\/li>\n<li>\n<p data-path-to-node=\"5,3,0\"><b data-path-to-node=\"5,3,0\" data-index-in-node=\"0\">Gatavs valk\u0101\u0161anai:<\/b> Vis\u0101m noz\u012bm\u012bt\u0113m ir standarta caurumot\u0101js (apa\u013c\u0161 vai ov\u0101ls), lai t\u0101s var\u0113tu nekav\u0113joties piestiprin\u0101t pie kakla siksni\u0146\u0101m.<\/p>\n<\/li>\n<\/ul>","protected":false},"featured_media":6856,"comment_status":"closed","ping_status":"closed","template":"","meta":[],"product_brand":[],"product_cat":[90],"product_tag":[],"class_list":{"0":"post-6855","1":"product","2":"type-product","3":"status-publish","4":"has-post-thumbnail","6":"product_cat-laminated-cards","8":"first","9":"instock","10":"shipping-taxable","11":"purchasable","12":"product-type-simple"},"_links":{"self":[{"href":"https:\/\/displayproducts.eu\/lv\/wp-json\/wp\/v2\/product\/6855","targetHints":{"allow":["GET"]}}],"collection":[{"href":"https:\/\/displayproducts.eu\/lv\/wp-json\/wp\/v2\/product"}],"about":[{"href":"https:\/\/displayproducts.eu\/lv\/wp-json\/wp\/v2\/types\/product"}],"replies":[{"embeddable":true,"href":"https:\/\/displayproducts.eu\/lv\/wp-json\/wp\/v2\/comments?post=6855"}],"wp:featuredmedia":[{"embeddable":true,"href":"https:\/\/displayproducts.eu\/lv\/wp-json\/wp\/v2\/media\/6856"}],"wp:attachment":[{"href":"https:\/\/displayproducts.eu\/lv\/wp-json\/wp\/v2\/media?parent=6855"}],"wp:term":[{"taxonomy":"product_brand","embeddable":true,"href":"https:\/\/displayproducts.eu\/lv\/wp-json\/wp\/v2\/product_brand?post=6855"},{"taxonomy":"product_cat","embeddable":true,"href":"https:\/\/displayproducts.eu\/lv\/wp-json\/wp\/v2\/product_cat?post=6855"},{"taxonomy":"product_tag","embeddable":true,"href":"https:\/\/displayproducts.eu\/lv\/wp-json\/wp\/v2\/product_tag?post=6855"}],"curies":[{"name":"wp","href":"https:\/\/api.w.org\/{rel}","templated":true}]}}