{"id":6853,"date":"2026-01-15T15:29:17","date_gmt":"2026-01-15T12:29:17","guid":{"rendered":"https:\/\/wristbandfactory.eu\/?post_type=product&#038;p=6853"},"modified":"2026-04-01T21:52:34","modified_gmt":"2026-04-01T18:52:34","slug":"custom-printed-eco-friendly-yoga-mats-cork-microfiber-coconut","status":"publish","type":"product","link":"https:\/\/displayproducts.eu\/lv\/p\/custom-printed-eco-friendly-yoga-mats-cork-microfiber-coconut\/","title":{"rendered":"Apdruk\u0101ti jogas pakl\u0101ji (kor\u0137a un mikro\u0161\u0137iedras)"},"content":{"rendered":"<p data-path-to-node=\"6\">P\u0101rveidojiet savu studijas telpu vai korporat\u012bvo labsaj\u016btas programmu ar m\u016bsu augst\u0101k\u0101s klases kl\u0101stu <b data-path-to-node=\"6\" data-index-in-node=\"109\">Piel\u0101goti druk\u0101ti videi draudz\u012bgi jogas pakl\u0101ji\u0146i<\/b>. \u0160ie pakl\u0101ji\u0146i, kas paredz\u0113ti profesion\u0101lai lieto\u0161anai un augstas klases pre\u010du tirdzniec\u012bbai, apvieno ilgtsp\u0113j\u012bbu ar izcilu veiktsp\u0113ju. At\u0161\u0137ir\u012bb\u0101 no standarta PVC pakl\u0101jiem, m\u016bsu kolekcij\u0101 tiek izmantota dab\u012bg\u0101 kau\u010duka pamatne nep\u0101rsp\u0113jamai stabilit\u0101tei un tiek pied\u0101v\u0101ti tr\u012bs at\u0161\u0137ir\u012bgi virsmas materi\u0101li, lai tie atbilstu j\u016bsu \u012bpa\u0161aj\u0101m z\u012bmola un funkcion\u0101laj\u0101m vajadz\u012bb\u0101m.<\/p>\n<p data-path-to-node=\"7\">Neatkar\u012bgi no t\u0101, vai jums ir nepiecie\u0161ama sviedrus absorb\u0113jo\u0161a virsma karstajai jogai vai augstas sa\u0137eres tekst\u016bra prec\u012bz\u0101m poz\u0101m, m\u016bsu piel\u0101gojamie pakl\u0101ji\u0146i pied\u0101v\u0101 perfektu pamatu j\u016bsu z\u012bmolam.<\/p>\n<h2 data-path-to-node=\"8\">Materi\u0101lu opcijas<\/h2>\n<ul data-path-to-node=\"9\">\n<li>\n<p data-path-to-node=\"9,0,0\"><b data-path-to-node=\"9,0,0\" data-index-in-node=\"0\">A variants: zam\u0161\u0101dai l\u012bdz\u012bgs mikro\u0161\u0137iedra:<\/b> M\u012bksta, samtaina virsma, kas k\u013c\u016bst lip\u012bg\u0101ka, sv\u012bstot. Ide\u0101li piem\u0113rota karstajai jogai un detaliz\u0113t\u0101m pilnkr\u0101su fotoatt\u0113lu izdruk\u0101m.<\/p>\n<\/li>\n<li>\n<p data-path-to-node=\"9,1,0\"><b data-path-to-node=\"9,1,0\" data-index-in-node=\"0\">B variants: 100% dab\u012bgais kor\u0137is:<\/b> Antimikrobi\u0101ls un videi draudz\u012bgs. Nodro\u0161ina dabisku, organisku izskatu ar lielisku sa\u0137eri saus\u0101 vid\u0113.<\/p>\n<\/li>\n<li>\n<p data-path-to-node=\"9,2,0\"><b data-path-to-node=\"9,2,0\" data-index-in-node=\"0\">C variants: Kokosriekstu PU \u0161\u0137iedra:<\/b> Vislab\u0101k\u0101 izv\u0113le sniegumam. PU un vismaz 10% kokos\u0161\u0137iedras mais\u012bjums nodro\u0161ina izcilu sa\u0137eri un unik\u0101lu tekstur\u0113tu est\u0113tiku.<\/p>\n<\/li>\n<\/ul>\n<h2 data-path-to-node=\"10\">Specifik\u0101cijas<\/h2>\n<ul data-path-to-node=\"11\">\n<li>\n<p data-path-to-node=\"11,0,0\"><b data-path-to-node=\"11,0,0\" data-index-in-node=\"0\">Pamatmateri\u0101ls:<\/b> Dab\u012bgais kau\u010duks (visi mode\u013ci)<\/p>\n<\/li>\n<li>\n<p data-path-to-node=\"11,1,0\"><b data-path-to-node=\"11,1,0\" data-index-in-node=\"0\">Druk\u0101\u0161ana:<\/b> Pilnkr\u0101su CMYK (Piez\u012bme: materi\u0101la absorbcijas d\u0113\u013c var rasties \u00b115% kr\u0101su \u0113nojuma vari\u0101cijas)<\/p>\n<\/li>\n<li>\n<p data-path-to-node=\"11,2,0\"><b data-path-to-node=\"11,2,0\" data-index-in-node=\"0\">Minim\u0101lais pas\u016bt\u012bjums:<\/b> 12 gabali (pas\u016bt\u012bjums, kas dal\u0101s pa 6)<\/p>\n<\/li>\n<li>\n<p data-path-to-node=\"11,3,0\"><b data-path-to-node=\"11,3,0\" data-index-in-node=\"0\">1. modelis (mikro\u0161\u0137iedra):<\/b> 183 x 68 cm | Biezums: 0,15 cm vai 0,4 cm | Svars: ~1,5 kg \u2013 3,0 kg<\/p>\n<\/li>\n<li>\n<p data-path-to-node=\"11,4,0\"><b data-path-to-node=\"11,4,0\" data-index-in-node=\"0\">2. modelis (kor\u0137is):<\/b> 183 x 61 cm | Biezums: 0,2 cm vai 0,4 cm | Svars: ~1,4 kg \u2013 2,8 kg<\/p>\n<\/li>\n<li>\n<p data-path-to-node=\"11,5,0\"><b data-path-to-node=\"11,5,0\" data-index-in-node=\"0\">3.\u00a0modelis (kokosriekstu PU):<\/b> 183 x 68 cm | Biezums: 0,2 cm vai 0,45 cm | Svars: ~1,5 kg\u20133,0 kg | 100% Bez lateksa\/PVH<\/p>\n<\/li>\n<\/ul>\n<h2 data-path-to-node=\"12\">Lieto\u0161anas gad\u012bjumi<\/h2>\n<ul data-path-to-node=\"13\">\n<li>\n<p data-path-to-node=\"13,0,0\"><b data-path-to-node=\"13,0,0\" data-index-in-node=\"0\">Jogas studijas un sporta z\u0101les:<\/b> Firmas apr\u012bkojums nodarb\u012bb\u0101m vai mazumtirdzniec\u012bbai biedriem.<\/p>\n<\/li>\n<li>\n<p data-path-to-node=\"13,1,0\"><b data-path-to-node=\"13,1,0\" data-index-in-node=\"0\">Korporat\u012bv\u0101 labsaj\u016bta:<\/b> Augst\u0101k\u0101s kvalit\u0101tes d\u0101vanas darbiniekiem, kas veicina vesel\u012bbu un darba un priv\u0101t\u0101s dz\u012bves l\u012bdzsvaru.<\/p>\n<\/li>\n<li>\n<p data-path-to-node=\"13,2,0\"><b data-path-to-node=\"13,2,0\" data-index-in-node=\"0\">Atp\u016btas vietas un spa:<\/b> Ekskluz\u012bvas preces luksusa labsaj\u016btas retr\u012btiem.<\/p>\n<\/li>\n<li>\n<p data-path-to-node=\"13,3,0\"><b data-path-to-node=\"13,3,0\" data-index-in-node=\"0\">Influenceru preces:<\/b> Augstas v\u0113rt\u012bbas piel\u0101goti produkti fitnesa ietekm\u0113t\u0101jiem un treneriem.<\/p>\n<\/li>\n<\/ul>","protected":false},"excerpt":{"rendered":"<ul>\n<li>\n<p data-path-to-node=\"5,0,0\"><b data-path-to-node=\"5,0,0\" data-index-in-node=\"0\">Augst\u0101k\u0101s kvalit\u0101tes ekolo\u0123iski materi\u0101li:<\/b> Izv\u0113lieties m\u012bkstu zam\u0161\u0101das mikro\u0161\u0137iedru, dab\u012bgu antimikrobi\u0101lu kor\u0137i vai augstas sa\u0137eres kokosriekstu PU mais\u012bjumu \u2014 visiem ar dab\u012bg\u0101 kau\u010duka nesl\u012bdo\u0161u pamatni.<\/p>\n<\/li>\n<li>\n<p data-path-to-node=\"5,1,0\"><b data-path-to-node=\"5,1,0\" data-index-in-node=\"0\">Pilnkr\u0101su z\u012bmols:<\/b> CMYK druka no malas l\u012bdz malai \u013cauj izveidot fotore\u0101listiskus dizainus, piel\u0101gotus rakstus vai drosm\u012bgus korporat\u012bvos logotipus.<\/p>\n<\/li>\n<li>\n<p data-path-to-node=\"5,2,0\"><b data-path-to-node=\"5,2,0\" data-index-in-node=\"0\">Iztur\u012bba komerci\u0101liem m\u0113r\u0137iem:<\/b> Iztur\u012bga konstrukcija, kas paredz\u0113ta sporta z\u0101l\u0113m, jogas studij\u0101m un augst\u0101k\u0101s kvalit\u0101tes korporat\u012bvaj\u0101m labsaj\u016btas d\u0101van\u0101m.<\/p>\n<\/li>\n<li>\n<p data-path-to-node=\"5,3,0\"><b data-path-to-node=\"5,3,0\" data-index-in-node=\"0\">Nesl\u012bdo\u0161a stabilit\u0101te:<\/b> Dab\u012bg\u0101 kau\u010duka pamatne nodro\u0161ina, ka pakl\u0101ji\u0146\u0161 stingri turas sav\u0101 viet\u0101 intens\u012bvu treni\u0146u laik\u0101.<\/p>\n<\/li>\n<\/ul>","protected":false},"featured_media":6854,"comment_status":"closed","ping_status":"closed","template":"","meta":[],"product_brand":[],"product_cat":[118],"product_tag":[],"class_list":{"0":"post-6853","1":"product","2":"type-product","3":"status-publish","4":"has-post-thumbnail","6":"product_cat-sports-fitness","8":"first","9":"instock","10":"shipping-taxable","11":"purchasable","12":"product-type-simple"},"_links":{"self":[{"href":"https:\/\/displayproducts.eu\/lv\/wp-json\/wp\/v2\/product\/6853","targetHints":{"allow":["GET"]}}],"collection":[{"href":"https:\/\/displayproducts.eu\/lv\/wp-json\/wp\/v2\/product"}],"about":[{"href":"https:\/\/displayproducts.eu\/lv\/wp-json\/wp\/v2\/types\/product"}],"replies":[{"embeddable":true,"href":"https:\/\/displayproducts.eu\/lv\/wp-json\/wp\/v2\/comments?post=6853"}],"wp:featuredmedia":[{"embeddable":true,"href":"https:\/\/displayproducts.eu\/lv\/wp-json\/wp\/v2\/media\/6854"}],"wp:attachment":[{"href":"https:\/\/displayproducts.eu\/lv\/wp-json\/wp\/v2\/media?parent=6853"}],"wp:term":[{"taxonomy":"product_brand","embeddable":true,"href":"https:\/\/displayproducts.eu\/lv\/wp-json\/wp\/v2\/product_brand?post=6853"},{"taxonomy":"product_cat","embeddable":true,"href":"https:\/\/displayproducts.eu\/lv\/wp-json\/wp\/v2\/product_cat?post=6853"},{"taxonomy":"product_tag","embeddable":true,"href":"https:\/\/displayproducts.eu\/lv\/wp-json\/wp\/v2\/product_tag?post=6853"}],"curies":[{"name":"wp","href":"https:\/\/api.w.org\/{rel}","templated":true}]}}