{"id":6851,"date":"2026-01-15T15:18:22","date_gmt":"2026-01-15T12:18:22","guid":{"rendered":"https:\/\/wristbandfactory.eu\/?post_type=product&#038;p=6851"},"modified":"2026-04-01T21:52:03","modified_gmt":"2026-04-01T18:52:03","slug":"custom-printed-cotton-tea-towels-250gsm-45x70cm","status":"publish","type":"product","link":"https:\/\/displayproducts.eu\/lv\/p\/custom-printed-cotton-tea-towels-250gsm-45x70cm\/","title":{"rendered":"Apdruk\u0101ti kokvilnas virtuves dvie\u013ci (250gsm)"},"content":{"rendered":"<p data-path-to-node=\"8\">Paaugstiniet sava z\u012bmola kl\u0101tb\u016btni m\u0101jas vai viesm\u012bl\u012bbas vides sird\u012b ar m\u016bsu pal\u012bdz\u012bbu <b data-path-to-node=\"8\" data-index-in-node=\"110\">P\u0113c pas\u016bt\u012bjuma apdruk\u0101ti kokvilnas t\u0113jas dvie\u013ci<\/b>. At\u0161\u0137ir\u012bb\u0101 no standarta rekl\u0101mas tekstilizstr\u0101d\u0101jumiem, \u0161ie dvie\u013ci ir izgatavoti no augstas kvalit\u0101tes 250 g\/m\u00b2 kokvilnas, radot iztur\u012bgu, augst\u0101k\u0101s kvalit\u0101tes saj\u016btu, kas labi atspogu\u013co j\u016bsu uz\u0146\u0113mumu. Neatkar\u012bgi no t\u0101, vai tos izmanto ros\u012bg\u0101 profesion\u0101l\u0101 virtuv\u0113 vai k\u0101 stil\u012bgu korporat\u012bvo d\u0101vanu, tie apvieno ikdienas lietder\u012bbu ar efekt\u012bvu z\u012bmola atpaz\u012bstam\u012bbu.<\/p>\n<p data-path-to-node=\"9\">\u0160ie virtuves dvie\u013ci ir paredz\u0113ti B2B klientiem, kas mekl\u0113 preces, kuras tiek lietotas, nevis izmestas. Krauk\u0161\u0137\u012bg\u0101 sietspiedes tehnolo\u0123ija \u013cauj izveidot drosm\u012bgus, skaidrus logotipus vai m\u0101kslinieciskus rakstus, padarot tos par lieliski piem\u0113rotiem priek\u0161metiem muzeju veikaliem, modes pre\u010du veikaliem un pas\u0101kumu d\u0101vanu izloz\u0113m.<\/p>\n<h2 data-path-to-node=\"10\">Galven\u0101s iez\u012bmes<\/h2>\n<ul data-path-to-node=\"11\">\n<li>\n<p data-path-to-node=\"11,0,0\"><b data-path-to-node=\"11,0,0\" data-index-in-node=\"0\">Augsta bl\u012bvuma audums:<\/b> Ar 250 g\/m\u00b2 svaru \u0161\u012b kokvilna ir biez\u0101ka un iztur\u012bg\u0101ka nek\u0101 standarta rekl\u0101mas dvie\u013ci, nodro\u0161inot ilgm\u016b\u017e\u012bbu.<\/p>\n<\/li>\n<li>\n<p data-path-to-node=\"11,1,0\"><b data-path-to-node=\"11,1,0\" data-index-in-node=\"0\">Krauk\u0161\u0137\u012bga sietspiede:<\/b> M\u0113s varam izdruk\u0101t j\u016bsu \u012bpa\u0161o dizainu, izmantojot l\u012bdz pat 3 Pantone atbilsto\u0161\u0101m kr\u0101s\u0101m, nodro\u0161inot j\u016bsu z\u012bmola identit\u0101tes saglab\u0101\u0161anu.<\/p>\n<\/li>\n<li>\n<p data-path-to-node=\"11,2,0\"><b data-path-to-node=\"11,2,0\" data-index-in-node=\"0\">Funkcion\u0101lais izm\u0113rs:<\/b> 45 x 70 cm izm\u0113rs ir nozares standarts virtuves piederumiem, kas pied\u0101v\u0101 pla\u0161u virsmas laukumu \u017e\u0101v\u0113\u0161anai un izvieto\u0161anai.<\/p>\n<\/li>\n<li>\n<p data-path-to-node=\"11,3,0\"><b data-path-to-node=\"11,3,0\" data-index-in-node=\"0\">Mazg\u0101jams ve\u013cas ma\u0161\u012bn\u0101:<\/b> Izstr\u0101d\u0101ts, lai iztur\u0113tu regul\u0101ru mazg\u0101\u0161anu, saglab\u0101jot auduma integrit\u0101ti (ieteicams mazg\u0101t zem\u0101 temperat\u016br\u0101, lai saglab\u0101tu apdrukas ilgm\u016b\u017e\u012bbu).<\/p>\n<\/li>\n<\/ul>\n<h2 data-path-to-node=\"12\">Specifik\u0101cijas<\/h2>\n<ul data-path-to-node=\"13\">\n<li>\n<p data-path-to-node=\"13,0,0\"><b data-path-to-node=\"13,0,0\" data-index-in-node=\"0\">Materi\u0101ls:<\/b> 100% kokvilna<\/p>\n<\/li>\n<li>\n<p data-path-to-node=\"13,1,0\"><b data-path-to-node=\"13,1,0\" data-index-in-node=\"0\">Svars:<\/b> 250 g\/m\u00b2 (grami uz kvadr\u0101tmetru)<\/p>\n<\/li>\n<li>\n<p data-path-to-node=\"13,2,0\"><b data-path-to-node=\"13,2,0\" data-index-in-node=\"0\">Izm\u0113ri:<\/b> 45 cm x 70 cm<\/p>\n<\/li>\n<li>\n<p data-path-to-node=\"13,3,0\"><b data-path-to-node=\"13,3,0\" data-index-in-node=\"0\">Druk\u0101\u0161anas metode:<\/b> Sietspiede (l\u012bdz 3 kr\u0101s\u0101m)<\/p>\n<\/li>\n<li>\n<p data-path-to-node=\"13,4,0\"><b data-path-to-node=\"13,4,0\" data-index-in-node=\"0\">Pakaram\u0101 cilpa:<\/b> Integr\u0113ts \u0113rt\u012bbai<\/p>\n<\/li>\n<li>\n<p data-path-to-node=\"13,5,0\"><b data-path-to-node=\"13,5,0\" data-index-in-node=\"0\">Ra\u017eo\u0161anas novirze:<\/b> L\u016bdzu, \u0146emiet v\u0113r\u0101, ka ra\u017eo\u0161anas partiju d\u0113\u013c m\u0113s paturam ties\u012bbas pieg\u0101d\u0101t un izrakst\u012bt r\u0113\u0137inu par +\/- 5% no pas\u016bt\u012bt\u0101 daudzuma.<\/p>\n<\/li>\n<\/ul>\n<h2 data-path-to-node=\"14\">Lieto\u0161anas gad\u012bjumi<\/h2>\n<ul data-path-to-node=\"15\">\n<li>\n<p data-path-to-node=\"15,0,0\"><b data-path-to-node=\"15,0,0\" data-index-in-node=\"0\">Viesm\u012bl\u012bbas z\u012bmola veido\u0161ana:<\/b> Vienots aksesu\u0101rs viesm\u012b\u013ciem, b\u0101ra darbiniekiem un pav\u0101riem viesn\u012bc\u0101s un restor\u0101nos.<\/p>\n<\/li>\n<li>\n<p data-path-to-node=\"15,1,0\"><b data-path-to-node=\"15,1,0\" data-index-in-node=\"0\">Korporat\u012bv\u0101s d\u0101vanas:<\/b> Praktisks, videi draudz\u012bgs papildin\u0101jums sv\u0113tku d\u0101vanu groziem vai m\u0101jas tematikas sabiedrisko attiec\u012bbu pake\u0161u komplektiem.<\/p>\n<\/li>\n<li>\n<p data-path-to-node=\"15,2,0\"><b data-path-to-node=\"15,2,0\" data-index-in-node=\"0\">Mazumtirdzniec\u012bbas preces:<\/b> Augstas pe\u013c\u0146as t\u0101l\u0101kp\u0101rdo\u0161anas preces m\u0101ksliniekiem, suven\u012bru veikaliem un dz\u012bvesstila z\u012bmoliem.<\/p>\n<\/li>\n<li>\n<p data-path-to-node=\"15,3,0\"><b data-path-to-node=\"15,3,0\" data-index-in-node=\"0\">Pas\u0101kuma d\u0101vanas:<\/b> neaizmirstamas tirdzniec\u012bbas izst\u0101\u017eu izdales materi\u0101li p\u0101rtikas un dz\u0113rienu nozares pas\u0101kumiem.<\/p>\n<\/li>\n<\/ul>","protected":false},"excerpt":{"rendered":"<ul>\n<li>\n<p data-path-to-node=\"7,0,0\"><b data-path-to-node=\"7,0,0\" data-index-in-node=\"0\">Augst\u0101k\u0101s kvalit\u0101tes smagsvara kokvilna:<\/b> Izgatavots no iztur\u012bga 250 g\/m\u00b2 kokvilnas auduma, kas nodro\u0161ina lielisku uzs\u016bk\u0161anas sp\u0113ju un augstas kvalit\u0101tes saj\u016btu.<\/p>\n<\/li>\n<li>\n<p data-path-to-node=\"7,1,0\"><b data-path-to-node=\"7,1,0\" data-index-in-node=\"0\">Liela z\u012bmola veido\u0161anas zona:<\/b> Ietilp\u012bgie 45 x 70 cm izm\u0113ri nodro\u0161ina maksim\u0101lu redzam\u012bbu j\u016bsu logotipam vai piel\u0101gotam m\u0101kslas darbam.<\/p>\n<\/li>\n<li>\n<p data-path-to-node=\"7,2,0\"><b data-path-to-node=\"7,2,0\" data-index-in-node=\"0\">Daudzpus\u012bga piel\u0101go\u0161ana:<\/b> Atbalsta sietspiedi l\u012bdz pat 3 at\u0161\u0137ir\u012bg\u0101s kr\u0101s\u0101s (ieskaitot balto), lai ieg\u016btu asus un iztur\u012bgus dizainus.<\/p>\n<\/li>\n<li>\n<p data-path-to-node=\"7,3,0\"><b data-path-to-node=\"7,3,0\" data-index-in-node=\"0\">Ide\u0101li piem\u0113rots viesm\u012bl\u012bbas un mazumtirdzniec\u012bbas nozarei:<\/b> Lieliski piem\u0113rots restor\u0101niem, korporat\u012bvaj\u0101m d\u0101van\u0101m, pre\u010du kolekcij\u0101m un m\u0101jas dekoru akcij\u0101m.<\/p>\n<\/li>\n<\/ul>","protected":false},"featured_media":6852,"comment_status":"closed","ping_status":"closed","template":"","meta":[],"product_brand":[],"product_cat":[122],"product_tag":[],"class_list":{"0":"post-6851","1":"product","2":"type-product","3":"status-publish","4":"has-post-thumbnail","6":"product_cat-promotional-accessories","8":"first","9":"instock","10":"shipping-taxable","11":"purchasable","12":"product-type-simple"},"_links":{"self":[{"href":"https:\/\/displayproducts.eu\/lv\/wp-json\/wp\/v2\/product\/6851","targetHints":{"allow":["GET"]}}],"collection":[{"href":"https:\/\/displayproducts.eu\/lv\/wp-json\/wp\/v2\/product"}],"about":[{"href":"https:\/\/displayproducts.eu\/lv\/wp-json\/wp\/v2\/types\/product"}],"replies":[{"embeddable":true,"href":"https:\/\/displayproducts.eu\/lv\/wp-json\/wp\/v2\/comments?post=6851"}],"wp:featuredmedia":[{"embeddable":true,"href":"https:\/\/displayproducts.eu\/lv\/wp-json\/wp\/v2\/media\/6852"}],"wp:attachment":[{"href":"https:\/\/displayproducts.eu\/lv\/wp-json\/wp\/v2\/media?parent=6851"}],"wp:term":[{"taxonomy":"product_brand","embeddable":true,"href":"https:\/\/displayproducts.eu\/lv\/wp-json\/wp\/v2\/product_brand?post=6851"},{"taxonomy":"product_cat","embeddable":true,"href":"https:\/\/displayproducts.eu\/lv\/wp-json\/wp\/v2\/product_cat?post=6851"},{"taxonomy":"product_tag","embeddable":true,"href":"https:\/\/displayproducts.eu\/lv\/wp-json\/wp\/v2\/product_tag?post=6851"}],"curies":[{"name":"wp","href":"https:\/\/api.w.org\/{rel}","templated":true}]}}