{"id":6849,"date":"2026-01-15T15:09:32","date_gmt":"2026-01-15T12:09:32","guid":{"rendered":"https:\/\/wristbandfactory.eu\/?post_type=product&#038;p=6849"},"modified":"2026-04-01T21:52:34","modified_gmt":"2026-04-01T18:52:34","slug":"custom-printed-bike-seat-covers-waterproof-reflective-eco-options","status":"publish","type":"product","link":"https:\/\/displayproducts.eu\/lv\/p\/custom-printed-bike-seat-covers-waterproof-reflective-eco-options\/","title":{"rendered":"Velosip\u0113du s\u0113dek\u013cu p\u0101rvalki ar apdruku"},"content":{"rendered":"<p data-path-to-node=\"8\">Aizsarg\u0101jiet velosip\u0113du s\u0113dek\u013cus no lietus un net\u012brumiem, vienlaikus maksim\u0101li palielinot sava z\u012bmola atpaz\u012bstam\u012bbu pils\u0113tvid\u0113. M\u016bsu <b data-path-to-node=\"8\" data-index-in-node=\"133\">Piel\u0101goti druk\u0101ti velosip\u0113du s\u0113dek\u013cu p\u0101rvalki<\/b> ir galvenais partiz\u0101nu m\u0101rketinga instruments, kas pied\u0101v\u0101 augstu redzam\u012bbu p\u0101rpild\u012bt\u0101s velosip\u0113du novietn\u0113s un pils\u0113tu centros.<\/p>\n<p data-path-to-node=\"9\">T\u0101 viet\u0101, lai ierobe\u017eotu j\u016bs ar vienu stilu, m\u0113s pied\u0101v\u0101jam pilnu materi\u0101lu kl\u0101stu, kas atbilst j\u016bsu kampa\u0146as m\u0113r\u0137iem un bud\u017eetam. Neatkar\u012bgi no t\u0101, vai jums ir nepiecie\u0161ams ilgtsp\u0113j\u012bgs risin\u0101jums, izmantojot p\u0101rstr\u0101d\u0101tu plastmasu, vai dro\u0161\u012bbai paredz\u0113ts atstarojo\u0161s p\u0101rsegs ziemas satiksmes dal\u012bbniekiem, m\u0113s ra\u017eojam atbilsto\u0161i j\u016bsu prec\u012bzaj\u0101m specifik\u0101cij\u0101m.<\/p>\n<h3 data-path-to-node=\"10\">Galven\u0101s iez\u012bmes un materi\u0101lu iesp\u0113jas<\/h3>\n<ul data-path-to-node=\"11\">\n<li>\n<p data-path-to-node=\"11,0,0\"><b data-path-to-node=\"11,0,0\" data-index-in-node=\"0\">Standarta akcija (210D poliesters):<\/b> Popul\u0101r\u0101k\u0101 izv\u0113le masveida izplat\u012b\u0161anai. Viegla, \u016bdensiztur\u012bga un rentabla.<\/p>\n<\/li>\n<li>\n<p data-path-to-node=\"11,1,0\"><b data-path-to-node=\"11,1,0\" data-index-in-node=\"0\">Videi draudz\u012bgs (p\u0101rstr\u0101d\u0101ts RPET):<\/b> Izgatavots no p\u0101rstr\u0101d\u0101t\u0101m plastmasas pudel\u0113m. Lieliski piem\u0113rots za\u013caj\u0101m kampa\u0146\u0101m. Pieejams balt\u0101 pamatn\u0113 vai p\u0113c pas\u016bt\u012bjuma pieska\u0146ots PMS.<\/p>\n<\/li>\n<li>\n<p data-path-to-node=\"11,2,0\"><b data-path-to-node=\"11,2,0\" data-index-in-node=\"0\">Dro\u0161\u012bba pirmaj\u0101 viet\u0101 (atstarojo\u0161a):<\/b> Apr\u012bkots ar atstarojo\u0161iem auduma s\u0101nu pane\u013ciem, lai nodro\u0161in\u0101tu, ka rite\u0146brauc\u0113ji ir redzami nakt\u012b. Funkcion\u0101la dro\u0161\u012bbas d\u0101vana, ko sa\u0146\u0113m\u0113ji nov\u0113rt\u0113.<\/p>\n<\/li>\n<li>\n<p data-path-to-node=\"11,3,0\"><b data-path-to-node=\"11,3,0\" data-index-in-node=\"0\">Maksim\u0101la iztur\u012bba (PVC lamin\u0101ts):<\/b> 210T audums ar \u016bdensnecaurlaid\u012bgu PVC lamin\u0113\u0161anas sl\u0101ni. Iztur\u012bga izv\u0113le ekstrem\u0101liem laikapst\u0101k\u013ciem.<\/p>\n<\/li>\n<\/ul>\n<h3 data-path-to-node=\"12\">Piel\u0101go\u0161ana un z\u012bmola veido\u0161ana<\/h3>\n<ul data-path-to-node=\"13\">\n<li>\n<p data-path-to-node=\"13,0,0\"><b data-path-to-node=\"13,0,0\" data-index-in-node=\"0\">Piln\u012bga kr\u0101su saska\u0146o\u0161ana:<\/b> M\u0113s varam pietuvin\u0101t standarta materi\u0101lu kr\u0101sas j\u016bsu uz\u0146\u0113muma Pantone (PMS) tonim.<\/p>\n<\/li>\n<li>\n<p data-path-to-node=\"13,1,0\"><b data-path-to-node=\"13,1,0\" data-index-in-node=\"0\">Logotipa izvietojums:<\/b> Liels apdrukas laukums aug\u0161\u0113j\u0101 virsm\u0101, k\u0101 ar\u012b s\u0101nu apdrukas iesp\u0113jas (iz\u0146emot atstarojo\u0161os mode\u013cus) 360 gr\u0101du redzam\u012bbai.<\/p>\n<\/li>\n<li>\n<p data-path-to-node=\"13,2,0\"><b data-path-to-node=\"13,2,0\" data-index-in-node=\"0\">Pielikumu stili:<\/b> Izv\u0113lieties starp standarta melnu\/baltu gumiju vai uzlabojiet to ar elegantu \u201cneredzamu\u201d elast\u012bgo aukli\u0146u, lai ieg\u016btu t\u012br\u0101ku izskatu.<\/p>\n<\/li>\n<\/ul>\n<h3 data-path-to-node=\"14\">Specifik\u0101cijas<\/h3>\n<ul data-path-to-node=\"15\">\n<li>\n<p data-path-to-node=\"15,0,0\"><b data-path-to-node=\"15,0,0\" data-index-in-node=\"0\">Izm\u0113ri:<\/b> Aptuveni 24 x 26 cm (der liel\u0101kajai da\u013cai standarta seglu).<\/p>\n<\/li>\n<li>\n<p data-path-to-node=\"15,1,0\"><b data-path-to-node=\"15,1,0\" data-index-in-node=\"0\">Materi\u0101lu svars:<\/b> 210D (standarta), 210T (PVC versija), RPET opcijas.<\/p>\n<\/li>\n<li>\n<p data-path-to-node=\"15,2,0\"><b data-path-to-node=\"15,2,0\" data-index-in-node=\"0\">\u016adens iztur\u012bba:<\/b> \u016adeni atgr\u016bdo\u0161i p\u0101rkl\u0101jumi uz poliestera\/RPET; lamin\u0113ta hidroizol\u0101cija uz PVC mode\u013ciem.<\/p>\n<\/li>\n<li>\n<p data-path-to-node=\"15,3,0\"><b data-path-to-node=\"15,3,0\" data-index-in-node=\"0\">Minim\u0101lais pas\u016bt\u012bjuma daudzums:<\/b> 250 gab.<\/p>\n<\/li>\n<\/ul>","protected":false},"excerpt":{"rendered":"<ul>\n<li>\n<p data-path-to-node=\"7,0,0\"><b data-path-to-node=\"7,0,0\" data-index-in-node=\"0\">Augstas ietekmes redzam\u012bba:<\/b> P\u0101rveidojiet katru velosip\u0113du par mobilo rekl\u0101mas stendu ar pilnas virsmas piel\u0101gotu apdruku.<\/p>\n<\/li>\n<li>\n<p data-path-to-node=\"7,1,0\"><b data-path-to-node=\"7,1,0\" data-index-in-node=\"0\">Daudzpus\u012bga materi\u0101lu izv\u0113le:<\/b> Pieejams standarta 210D poliestera, videi draudz\u012bga RPET, augstas redzam\u012bbas atstarojo\u0161a vai \u012bpa\u0161i iztur\u012bga PVC auduma versij\u0101s.<\/p>\n<\/li>\n<li>\n<p data-path-to-node=\"7,2,0\"><b data-path-to-node=\"7,2,0\" data-index-in-node=\"0\">Univers\u0101ls piegulums:<\/b> Standarta 24 \u00d7 26 cm izm\u0113rs ar elast\u012bgo lenti der liel\u0101kajai da\u013cai pils\u0113tas un sporta velosip\u0113du s\u0113dek\u013cu.<\/p>\n<\/li>\n<li>\n<p data-path-to-node=\"7,3,0\"><b data-path-to-node=\"7,3,0\" data-index-in-node=\"0\">Ide\u0101li piem\u0113rots partiz\u0101nu m\u0101rketingam:<\/b> Lieliski piem\u0113rots universit\u0101\u0161u kampa\u0146\u0101m, pils\u0113tas pas\u0101kumiem, velosip\u0113du veikaliem un ekoapzi\u0146as veicin\u0101\u0161anas pas\u0101kumiem.<\/p>\n<\/li>\n<\/ul>","protected":false},"featured_media":6850,"comment_status":"closed","ping_status":"closed","template":"","meta":[],"product_brand":[],"product_cat":[129,118],"product_tag":[],"class_list":{"0":"post-6849","1":"product","2":"type-product","3":"status-publish","4":"has-post-thumbnail","6":"product_cat-leisure-lifestyle","7":"product_cat-sports-fitness","9":"first","10":"instock","11":"shipping-taxable","12":"product-type-simple"},"_links":{"self":[{"href":"https:\/\/displayproducts.eu\/lv\/wp-json\/wp\/v2\/product\/6849","targetHints":{"allow":["GET"]}}],"collection":[{"href":"https:\/\/displayproducts.eu\/lv\/wp-json\/wp\/v2\/product"}],"about":[{"href":"https:\/\/displayproducts.eu\/lv\/wp-json\/wp\/v2\/types\/product"}],"replies":[{"embeddable":true,"href":"https:\/\/displayproducts.eu\/lv\/wp-json\/wp\/v2\/comments?post=6849"}],"wp:featuredmedia":[{"embeddable":true,"href":"https:\/\/displayproducts.eu\/lv\/wp-json\/wp\/v2\/media\/6850"}],"wp:attachment":[{"href":"https:\/\/displayproducts.eu\/lv\/wp-json\/wp\/v2\/media?parent=6849"}],"wp:term":[{"taxonomy":"product_brand","embeddable":true,"href":"https:\/\/displayproducts.eu\/lv\/wp-json\/wp\/v2\/product_brand?post=6849"},{"taxonomy":"product_cat","embeddable":true,"href":"https:\/\/displayproducts.eu\/lv\/wp-json\/wp\/v2\/product_cat?post=6849"},{"taxonomy":"product_tag","embeddable":true,"href":"https:\/\/displayproducts.eu\/lv\/wp-json\/wp\/v2\/product_tag?post=6849"}],"curies":[{"name":"wp","href":"https:\/\/api.w.org\/{rel}","templated":true}]}}