{"id":6846,"date":"2026-01-15T13:19:07","date_gmt":"2026-01-15T10:19:07","guid":{"rendered":"https:\/\/wristbandfactory.eu\/?post_type=product&#038;p=6846"},"modified":"2026-04-01T21:52:34","modified_gmt":"2026-04-01T18:52:34","slug":"custom-printed-polyester-ski-bibs-race-vests","status":"publish","type":"product","link":"https:\/\/displayproducts.eu\/lv\/p\/custom-printed-polyester-ski-bibs-race-vests\/","title":{"rendered":"Sl\u0113po\u0161anas numuri un starta vestes ar apdruku"},"content":{"rendered":"<p data-path-to-node=\"9\">Pie\u0161\u0137iriet savam ziemas sporta pas\u0101kumam, maratonam vai sl\u0113po\u0161anas skolai profesion\u0101lu izskatu ar m\u016bsu p\u0113c pas\u016bt\u012bjuma apdruk\u0101tajiem poliestera sl\u0113po\u0161anas krekliem. \u0160\u012bs sacens\u012bbu vestes, kas \u012bpa\u0161i izstr\u0101d\u0101tas akt\u012bvai lieto\u0161anai, kalpo k\u0101 galvenais sacens\u012bbu dal\u012bbnieku identifikators, vienlaikus nodro\u0161inot lielisku vietu sponsoru redzam\u012bbai.<\/p>\n<p data-path-to-node=\"10\">At\u0161\u0137ir\u012bb\u0101 no standarta uzl\u012bm\u0113m vai pap\u012bra numuriem, kas mitros apst\u0101k\u013cos var sapl\u012bst vai atdal\u012bties, m\u016bsu poliestera priek\u0161auti ir izgatavoti t\u0101, lai iztur\u0113tu sniegu, v\u0113ju un kust\u012bbas. 33x50 cm izm\u0113rs ir univers\u0101li piem\u0113rots gan pieaugu\u0161ajiem, gan junioriem, viegli uzvelkot tos p\u0101ri apjom\u012bgam ziemas ap\u0123\u0113rbam vai vieglam sporta ap\u0123\u0113rbam.<\/p>\n<p data-path-to-node=\"11\"><b data-path-to-node=\"11\" data-index-in-node=\"0\">Galven\u0101s iez\u012bmes<\/b><\/p>\n<ul data-path-to-node=\"12\">\n<li>\n<p data-path-to-node=\"12,0,0\"><b data-path-to-node=\"12,0,0\" data-index-in-node=\"0\">Sec\u012bg\u0101 numer\u0101cija:<\/b> Vienk\u0101r\u0161ojiet sacens\u012bbu organiz\u0113\u0161anu. M\u0113s pied\u0101v\u0101jam main\u012bgo datu druk\u0101\u0161anu (VDP), kas \u013cauj katram numuram pievienot unik\u0101lu starta numuru, dal\u012bbnieka v\u0101rdu vai QR kodu, kas tie\u0161i integr\u0113ts dizain\u0101.<\/p>\n<\/li>\n<li>\n<p data-path-to-node=\"12,1,0\"><b data-path-to-node=\"12,1,0\" data-index-in-node=\"0\">Augstas redzam\u012bbas z\u012bmola veido\u0161ana:<\/b> Izmantojot modernu sublim\u0101cijas druku, j\u016bsu logotipi un sponsora grafika k\u013c\u016bst par auduma da\u013cu. Tas nodro\u0161ina, ka kr\u0101sas saglab\u0101jas spilgtas un neplais\u0101 un nelob\u0101s pat zem\u0101 temperat\u016br\u0101.<\/p>\n<\/li>\n<li>\n<p data-path-to-node=\"12,2,0\"><b data-path-to-node=\"12,2,0\" data-index-in-node=\"0\">Komforts un mobilit\u0101te:<\/b> Atv\u0113rt\u0101 s\u0101nu konstrukcija ar elast\u012bg\u0101m savienojo\u0161\u0101m lent\u0113m nodro\u0161ina neierobe\u017eotu kust\u012bbu sl\u0113pot\u0101jiem un skr\u0113j\u0113jiem, vienlaikus dro\u0161i noturot nipeli sav\u0101 viet\u0101.<\/p>\n<\/li>\n<li>\n<p data-path-to-node=\"12,3,0\"><b data-path-to-node=\"12,3,0\" data-index-in-node=\"0\">Atk\u0101rtoti lietojams un mazg\u0101jams:<\/b> Izgatavotas no 100% poliestera, \u0161\u012bs vestes var sav\u0101kt, mazg\u0101t un atk\u0101rtoti izmantot vair\u0101ku dienu pas\u0101kumiem vai atk\u0101rtot\u0101m sezon\u0101m, nodro\u0161inot lielisku ieguld\u012bjumu atdevi.<\/p>\n<\/li>\n<\/ul>\n<p data-path-to-node=\"13\"><b data-path-to-node=\"13\" data-index-in-node=\"0\">Specifik\u0101cijas<\/b><\/p>\n<ul data-path-to-node=\"14\">\n<li>\n<p data-path-to-node=\"14,0,0\"><b data-path-to-node=\"14,0,0\" data-index-in-node=\"0\">Materi\u0101ls:<\/b> 100% iztur\u012bgs poliesters<\/p>\n<\/li>\n<li>\n<p data-path-to-node=\"14,1,0\"><b data-path-to-node=\"14,1,0\" data-index-in-node=\"0\">Izm\u0113ri:<\/b> 33 cm (platums) x 50 cm (augstums)<\/p>\n<\/li>\n<li>\n<p data-path-to-node=\"14,2,0\"><b data-path-to-node=\"14,2,0\" data-index-in-node=\"0\">Stiprin\u0101jums:<\/b> Elast\u012bgas s\u0101nu lentass elast\u012bgai piegul\u0161anai<\/p>\n<\/li>\n<li>\n<p data-path-to-node=\"14,3,0\"><b data-path-to-node=\"14,3,0\" data-index-in-node=\"0\">Druk\u0101\u0161anas metode:<\/b> Pilnkr\u0101su kr\u0101su sublim\u0101cija vai siltuma p\u0101rnese<\/p>\n<\/li>\n<li>\n<p data-path-to-node=\"14,4,0\"><b data-path-to-node=\"14,4,0\" data-index-in-node=\"0\">Piel\u0101go\u0161ana:<\/b> Logotipi, foni, individu\u0101lie numuri (001\u2013999+)<\/p>\n<\/li>\n<\/ul>\n<p data-path-to-node=\"15\"><b data-path-to-node=\"15\" data-index-in-node=\"0\">Lieto\u0161anas gad\u012bjumi<\/b><\/p>\n<ul data-path-to-node=\"16\">\n<li>\n<p data-path-to-node=\"16,0,0\"><b data-path-to-node=\"16,0,0\" data-index-in-node=\"0\">Sl\u0113po\u0161anas un snovborda skolas:<\/b> Skaidri identific\u0113jiet instruktorus un studentus uz nog\u0101z\u0113m.<\/p>\n<\/li>\n<li>\n<p data-path-to-node=\"16,1,0\"><b data-path-to-node=\"16,1,0\" data-index-in-node=\"0\">Sacens\u012bbu sac\u012bkstes:<\/b> B\u016btiski nepiecie\u0161ams biatloniem, maratoniem un triatloniem, kuros nepiecie\u0161ama at\u0161\u0137ir\u012bga dal\u012bbnieku numer\u0101cija.<\/p>\n<\/li>\n<li>\n<p data-path-to-node=\"16,2,0\"><b data-path-to-node=\"16,2,0\" data-index-in-node=\"0\">Korporat\u012bvie pas\u0101kumi:<\/b> Komandas salied\u0113\u0161anas vingrin\u0101jumi un uz\u0146\u0113muma sporta dienas.<\/p>\n<\/li>\n<li>\n<p data-path-to-node=\"16,3,0\"><b data-path-to-node=\"16,3,0\" data-index-in-node=\"0\">Pas\u0101kuma person\u0101ls:<\/b> Augstas redzam\u012bbas identifik\u0101cija trases tiesne\u0161iem, apsardzes darbiniekiem un medic\u012bnas komand\u0101m.<\/p>\n<\/li>\n<\/ul>\n<p data-path-to-node=\"17\">","protected":false},"excerpt":{"rendered":"<ul data-path-to-node=\"8\">\n<li>\n<p data-path-to-node=\"8,0,0\"><b data-path-to-node=\"8,0,0\" data-index-in-node=\"0\">Univers\u0101ls piegulums:<\/b> 33x50 cm izm\u0113ri ar elast\u012bg\u0101m s\u0101nu siksn\u0101m, kas paredz\u0113tas \u0113rtai valk\u0101\u0161anai virs sl\u0113po\u0161anas jak\u0101m vai sporta ap\u0123\u0113rba.<\/p>\n<\/li>\n<li>\n<p data-path-to-node=\"8,1,0\"><b data-path-to-node=\"8,1,0\" data-index-in-node=\"0\">Main\u012bgo datu druk\u0101\u0161ana:<\/b> M\u0113s varam uzdruk\u0101t unik\u0101lus sec\u012bgus numurus vai nosaukumus uz katra priek\u0161aut\u0101 l\u012bdz\u0101s j\u016bsu pas\u0101kuma z\u012bmolam.<\/p>\n<\/li>\n<li>\n<p data-path-to-node=\"8,2,0\"><b data-path-to-node=\"8,2,0\" data-index-in-node=\"0\">Iztur\u012bgs poliesters:<\/b> Viegls, laikapst\u0101k\u013ciem iztur\u012bgs audums, kas ir ide\u0101li piem\u0113rots ziemas sporta veidiem un sacens\u012bb\u0101m br\u012bv\u0101 dab\u0101.<\/p>\n<\/li>\n<li>\n<p data-path-to-node=\"8,3,0\"><b data-path-to-node=\"8,3,0\" data-index-in-node=\"0\">Piln\u012bga piel\u0101go\u0161ana:<\/b> Sublim\u0101cijas drukas iesp\u0113ja no malas l\u012bdz malai, lai ieg\u016btu spilgtas un ilgi notur\u012bgas korporat\u012bv\u0101s logotipus.<\/p>\n<\/li>\n<\/ul>","protected":false},"featured_media":6847,"comment_status":"closed","ping_status":"closed","template":"","meta":[],"product_brand":[],"product_cat":[68,118],"product_tag":[],"class_list":{"0":"post-6846","1":"product","2":"type-product","3":"status-publish","4":"has-post-thumbnail","6":"product_cat-event-supplies","7":"product_cat-sports-fitness","9":"first","10":"instock","11":"shipping-taxable","12":"purchasable","13":"product-type-simple"},"_links":{"self":[{"href":"https:\/\/displayproducts.eu\/lv\/wp-json\/wp\/v2\/product\/6846","targetHints":{"allow":["GET"]}}],"collection":[{"href":"https:\/\/displayproducts.eu\/lv\/wp-json\/wp\/v2\/product"}],"about":[{"href":"https:\/\/displayproducts.eu\/lv\/wp-json\/wp\/v2\/types\/product"}],"replies":[{"embeddable":true,"href":"https:\/\/displayproducts.eu\/lv\/wp-json\/wp\/v2\/comments?post=6846"}],"wp:featuredmedia":[{"embeddable":true,"href":"https:\/\/displayproducts.eu\/lv\/wp-json\/wp\/v2\/media\/6847"}],"wp:attachment":[{"href":"https:\/\/displayproducts.eu\/lv\/wp-json\/wp\/v2\/media?parent=6846"}],"wp:term":[{"taxonomy":"product_brand","embeddable":true,"href":"https:\/\/displayproducts.eu\/lv\/wp-json\/wp\/v2\/product_brand?post=6846"},{"taxonomy":"product_cat","embeddable":true,"href":"https:\/\/displayproducts.eu\/lv\/wp-json\/wp\/v2\/product_cat?post=6846"},{"taxonomy":"product_tag","embeddable":true,"href":"https:\/\/displayproducts.eu\/lv\/wp-json\/wp\/v2\/product_tag?post=6846"}],"curies":[{"name":"wp","href":"https:\/\/api.w.org\/{rel}","templated":true}]}}