{"id":6842,"date":"2026-01-13T11:51:23","date_gmt":"2026-01-13T08:51:23","guid":{"rendered":"https:\/\/wristbandfactory.eu\/?post_type=product&#038;p=6842"},"modified":"2026-04-01T21:52:03","modified_gmt":"2026-04-01T18:52:03","slug":"numbered-fabric-wristbands","status":"publish","type":"product","link":"https:\/\/displayproducts.eu\/lv\/p\/numbered-fabric-wristbands\/","title":{"rendered":"Numur\u0113tas auduma aproces"},"content":{"rendered":"<p data-path-to-node=\"10\">P\u0101r\u0146emiet kontroli p\u0101r sava pas\u0101kuma dro\u0161\u012bbu un lo\u0123istiku ar m\u016bsu piel\u0101gotaj\u0101m auduma aproc\u0113m ar sec\u012bgu numer\u0101ciju. Lai gan standarta firmas aproces nodro\u0161ina vizu\u0101lu identifik\u0101ciju, numur\u0113tas aproces pie\u0161\u0137ir kritiski svar\u012bgu lietder\u012bbas sl\u0101ni profesion\u0101liem pas\u0101kumu organizatoriem. Neatkar\u012bgi no t\u0101, vai vad\u0101t festiv\u0101lu, korporat\u012bvo konferenci vai ierobe\u017eotas piek\u013cuves norises vietu, unik\u0101la identifikatora kl\u0101tb\u016btne uz katras rokas racionaliz\u0113s j\u016bsu darb\u012bbu.<\/p>\n<p data-path-to-node=\"11\">\u0160\u012bs aproces ir b\u016btiskas pas\u0101kumiem, kuros nepiecie\u0161ami stingri ietilp\u012bbas ierobe\u017eojumi vai unik\u0101la viesu datu izseko\u0161ana. Numer\u0101ciju var uzdruk\u0101t tie\u0161i uz auduma vai ar l\u0101zeru iegrav\u0113t uz b\u012bd\u0101m\u0101s sl\u0113dzenes, nodro\u0161inot, ka t\u0101 paliek salas\u0101ma visa pas\u0101kuma laik\u0101. \u0160\u012b funkcija efekt\u012bvi p\u0101rv\u0113r\u0161 standarta aksesu\u0101ru par funkcion\u0101lu r\u012bku p\u016b\u013ca p\u0101rvald\u012bbai un datu saska\u0146o\u0161anai.<\/p>\n<h2 data-path-to-node=\"12\">Galven\u0101s iez\u012bmes<\/h2>\n<ul data-path-to-node=\"13\">\n<li>\n<p data-path-to-node=\"13,0,0\"><b data-path-to-node=\"13,0,0\" data-index-in-node=\"0\">Sec\u012bg\u0101s numer\u0101cijas opcijas:<\/b> Izv\u0113lieties starp druk\u0101tiem cipariem uz lentes virsmas vai l\u0101zergrav\u0113jumu uz plastmasas\/met\u0101la aizdares.<\/p>\n<\/li>\n<li>\n<p data-path-to-node=\"13,1,0\"><b data-path-to-node=\"13,1,0\" data-index-in-node=\"0\">Augstas iz\u0161\u0137irtsp\u0113jas z\u012bmola veido\u0161ana:<\/b> Pieejams gan sublim\u0101cijas tehnik\u0101 (fotore\u0101listisks apdares veids), gan aust\u0101 (klasisks festiv\u0101la izskats) stil\u0101.<\/p>\n<\/li>\n<li>\n<p data-path-to-node=\"13,2,0\"><b data-path-to-node=\"13,2,0\" data-index-in-node=\"0\">Iztur\u012bgi materi\u0101li:<\/b> Izgatavots no augstas kvalit\u0101tes poliestera, kas ir \u0113rts vair\u0101ku dienu valk\u0101\u0161anai un iztur\u012bgs pret \u016bdeni un pl\u012bsumiem.<\/p>\n<\/li>\n<li>\n<p data-path-to-node=\"13,3,0\"><b data-path-to-node=\"13,3,0\" data-index-in-node=\"0\">Piel\u0101gota s\u0113rija:<\/b> M\u0113s varam piel\u0101goties konkr\u0113tiem numuru diapazoniem (piem\u0113ram, 0001\u20131000) vai burtciparu kodiem, lai tie atbilstu j\u016bsu bi\u013ce\u0161u p\u0101rdo\u0161anas sist\u0113mai.<\/p>\n<\/li>\n<\/ul>\n<h2 data-path-to-node=\"14\">Specifik\u0101cijas<\/h2>\n<ul data-path-to-node=\"15\">\n<li>\n<p data-path-to-node=\"15,0,0\"><b data-path-to-node=\"15,0,0\" data-index-in-node=\"0\">Materi\u0101ls:<\/b> 100% poliesters (sat\u012bna vai austa apdare).<\/p>\n<\/li>\n<li>\n<p data-path-to-node=\"15,1,0\"><b data-path-to-node=\"15,1,0\" data-index-in-node=\"0\">Standarta izm\u0113rs:<\/b> 15 mm x 350 mm vai 20 mm x 350 mm (viens izm\u0113rs der visiem).<\/p>\n<\/li>\n<li>\n<p data-path-to-node=\"15,2,0\"><b data-path-to-node=\"15,2,0\" data-index-in-node=\"0\">Numer\u0101cijas tehnika:<\/b> Tintes iesmidzin\u0101\u0161ana vai l\u0101zera kodin\u0101\u0161ana.<\/p>\n<\/li>\n<li>\n<p data-path-to-node=\"15,3,0\"><b data-path-to-node=\"15,3,0\" data-index-in-node=\"0\">Blo\u0137\u0113\u0161anas opcijas:<\/b> Vienvirziena plastmasas b\u012bd\u0101m\u0101 sl\u0113dzene (dro\u0161a) vai atk\u0101rtoti lietojama p\u0113rl\u012bte (rekl\u0101mas).<\/p>\n<\/li>\n<li>\n<p data-path-to-node=\"15,4,0\"><b data-path-to-node=\"15,4,0\" data-index-in-node=\"0\">Minim\u0101lais pas\u016bt\u012bjums:<\/b> 100 vien\u012bbas.<\/p>\n<\/li>\n<\/ul>\n<h2 data-path-to-node=\"16\">Lieto\u0161anas gad\u012bjumi<\/h2>\n<ul data-path-to-node=\"17\">\n<li>\n<p data-path-to-node=\"17,0,0\"><b data-path-to-node=\"17,0,0\" data-index-in-node=\"0\">Festiv\u0101li un koncerti:<\/b> Sekojiet l\u012bdzi ikdienas apmekl\u0113t\u0101ju skaitam un saska\u0146ojiet aproces ar p\u0101rdoto bi\u013ce\u0161u skaitu.<\/p>\n<\/li>\n<li>\n<p data-path-to-node=\"17,1,0\"><b data-path-to-node=\"17,1,0\" data-index-in-node=\"0\">Garderobe un bag\u0101\u017ea:<\/b> Izmantojiet aproces numuru k\u0101 dro\u0161u piepras\u012bjuma birku re\u0123istr\u0113t\u0101m prec\u0113m.<\/p>\n<\/li>\n<li>\n<p data-path-to-node=\"17,2,0\"><b data-path-to-node=\"17,2,0\" data-index-in-node=\"0\">Loterijas un konkursi:<\/b> Izmantojiet unik\u0101lo ID nejau\u0161\u0101m balvu izloz\u0113m tie\u0161i no skatuves.<\/p>\n<\/li>\n<li>\n<p data-path-to-node=\"17,3,0\"><b data-path-to-node=\"17,3,0\" data-index-in-node=\"0\">VIP piek\u013cuves kontrole:<\/b> P\u0101rbaudiet konkr\u0113tus viesus, sal\u012bdzinot tos ar galveno viesu sarakstu, izmantojot vi\u0146u unik\u0101lo numuru.<\/p>\n<\/li>\n<\/ul>","protected":false},"excerpt":{"rendered":"<ul>\n<li>\n<p data-path-to-node=\"8,0,0\"><b data-path-to-node=\"8,0,0\" data-index-in-node=\"0\">Uzlabota dro\u0161\u012bba un izseko\u0161ana:<\/b> Unik\u0101la sec\u012bga numer\u0101cija \u013cauj prec\u012bzi uzraudz\u012bt viesu skaitu un viegli identific\u0113t viesus.<\/p>\n<\/li>\n<li>\n<p data-path-to-node=\"8,1,0\"><b data-path-to-node=\"8,1,0\" data-index-in-node=\"0\">Bi\u013ce\u0161u saska\u0146o\u0161ana:<\/b> Lieliski piem\u0113rots konkr\u0113tu apro\u010du sasaist\u012b\u0161anai ar bi\u013ce\u0161u numuriem, dr\u0113bju \u010deka priek\u0161metiem vai VIP loterijas ierakstiem.<\/p>\n<\/li>\n<li>\n<p data-path-to-node=\"8,2,0\"><b data-path-to-node=\"8,2,0\" data-index-in-node=\"0\">Premium l\u012bme\u0146a piel\u0101go\u0161ana:<\/b> Pilnkr\u0101su sublim\u0101cijas druka vai austi dizaini apvienojum\u0101 ar skaidri redzamu, iztur\u012bgu numer\u0101ciju.<\/p>\n<\/li>\n<li>\n<p data-path-to-node=\"8,3,0\"><b data-path-to-node=\"8,3,0\" data-index-in-node=\"0\">Aizsardz\u012bba pret viltojumiem:<\/b> Apr\u012bkots ar dro\u0161\u0101m b\u012bd\u0101m\u0101m sl\u0113dzen\u0113m, lai nov\u0113rstu neat\u013cautu p\u0101rvieto\u0161anu vai atk\u0101rtotu izmanto\u0161anu vair\u0101ku dienu pas\u0101kumu laik\u0101.<\/p>\n<\/li>\n<\/ul>","protected":false},"featured_media":6844,"comment_status":"closed","ping_status":"closed","template":"","meta":[],"product_brand":[],"product_cat":[47],"product_tag":[],"class_list":{"0":"post-6842","1":"product","2":"type-product","3":"status-publish","4":"has-post-thumbnail","6":"product_cat-fabric-wristbands","8":"first","9":"instock","10":"shipping-taxable","11":"purchasable","12":"product-type-simple"},"_links":{"self":[{"href":"https:\/\/displayproducts.eu\/lv\/wp-json\/wp\/v2\/product\/6842","targetHints":{"allow":["GET"]}}],"collection":[{"href":"https:\/\/displayproducts.eu\/lv\/wp-json\/wp\/v2\/product"}],"about":[{"href":"https:\/\/displayproducts.eu\/lv\/wp-json\/wp\/v2\/types\/product"}],"replies":[{"embeddable":true,"href":"https:\/\/displayproducts.eu\/lv\/wp-json\/wp\/v2\/comments?post=6842"}],"wp:featuredmedia":[{"embeddable":true,"href":"https:\/\/displayproducts.eu\/lv\/wp-json\/wp\/v2\/media\/6844"}],"wp:attachment":[{"href":"https:\/\/displayproducts.eu\/lv\/wp-json\/wp\/v2\/media?parent=6842"}],"wp:term":[{"taxonomy":"product_brand","embeddable":true,"href":"https:\/\/displayproducts.eu\/lv\/wp-json\/wp\/v2\/product_brand?post=6842"},{"taxonomy":"product_cat","embeddable":true,"href":"https:\/\/displayproducts.eu\/lv\/wp-json\/wp\/v2\/product_cat?post=6842"},{"taxonomy":"product_tag","embeddable":true,"href":"https:\/\/displayproducts.eu\/lv\/wp-json\/wp\/v2\/product_tag?post=6842"}],"curies":[{"name":"wp","href":"https:\/\/api.w.org\/{rel}","templated":true}]}}