{"id":6841,"date":"2026-01-13T11:36:59","date_gmt":"2026-01-13T08:36:59","guid":{"rendered":"https:\/\/wristbandfactory.eu\/?post_type=product&#038;p=6841"},"modified":"2026-04-01T21:52:34","modified_gmt":"2026-04-01T18:52:34","slug":"custom-hard-pvc-tags-for-wristbands-qr-barcode-rfid-ready","status":"publish","type":"product","link":"https:\/\/displayproducts.eu\/lv\/p\/custom-hard-pvc-tags-for-wristbands-qr-barcode-rfid-ready\/","title":{"rendered":"Ciet\u0101 PVC birkas auduma aproc\u0113m"},"content":{"rendered":"<p data-path-to-node=\"10\">P\u0101rveidojiet standarta pas\u0101kumu aproces par inteli\u0123entiem piek\u013cuves kontroles r\u012bkiem ar m\u016bsu piel\u0101gotaj\u0101m cietaj\u0101m PVC birk\u0101m. \u0160\u012bs stingr\u0101s sl\u012bdnes ir paredz\u0113tas tie\u0161ai uzv\u0113r\u0161anai uz auduma aproc\u0113m, nodro\u0161inot plakanu, iztur\u012bgu virsmu, kas \u012bpa\u0161i optimiz\u0113ta sken\u0113jamiem datiem. At\u0161\u0137ir\u012bb\u0101 no m\u012bkst\u0101m auduma virsm\u0101m, kur QR kodi var deform\u0113ties, ciet\u0101s PVC birkas nodro\u0161ina 100% sken\u0113jam\u012bbu bezskaidras naudas maks\u0101jumiem, bi\u013ce\u0161u p\u0101rdo\u0161anai un soci\u0101lo mediju integr\u0101cijai.<\/p>\n<h3 data-path-to-node=\"11\">Galven\u0101s iez\u012bmes<\/h3>\n<ul data-path-to-node=\"12\">\n<li>\n<p data-path-to-node=\"12,0,0\"><b data-path-to-node=\"12,0,0\" data-index-in-node=\"0\">Main\u012bgo datu druk\u0101\u0161ana:<\/b> M\u0113s varam uz katras atsevi\u0161\u0137as birkas izdruk\u0101t unik\u0101lus QR kodus, sv\u012btrkodus vai sec\u012bgus s\u0113rijas numurus, t\u0101d\u0113j\u0101di nodro\u0161inot individu\u0101lu viesu izseko\u0161anu un dro\u0161u piek\u013cuves kontroli.<\/p>\n<\/li>\n<li>\n<p data-path-to-node=\"12,1,0\"><b data-path-to-node=\"12,1,0\" data-index-in-node=\"0\">Augst\u0101k\u0101s kvalit\u0101tes konstrukcija:<\/b> \u0160\u012bs eti\u0137etes ir izgatavotas no augstas kvalit\u0101tes cieta PVC, t\u0101p\u0113c t\u0101s ir iztur\u012bgas pret loc\u012b\u0161anu, \u016bdeni un UV starojumu, padarot t\u0101s p\u0101r\u0101kas par lamin\u0113t\u0101m pap\u012bra alternat\u012bv\u0101m.<\/p>\n<\/li>\n<li>\n<p data-path-to-node=\"12,2,0\"><b data-path-to-node=\"12,2,0\" data-index-in-node=\"0\">Spilgts z\u012bmols:<\/b> Glud\u0101, balt\u0101 virsma kalpo k\u0101 ide\u0101ls audekls skaidriem, pilnkr\u0101su logotipiem un sponsora z\u012bmolam, kas izce\u013cas uz auduma lentass fona.<\/p>\n<\/li>\n<li>\n<p data-path-to-node=\"12,3,0\"><b data-path-to-node=\"12,3,0\" data-index-in-node=\"0\">RFID\/NFC iesp\u0113jas:<\/b> P\u0113c piepras\u012bjuma pieejams ar iegult\u0101m RFID vai NFC mikrosh\u0113m\u0101m bezkontakta ieejas un bezskaidras naudas maks\u0101jumu sist\u0113m\u0101m.<\/p>\n<\/li>\n<\/ul>\n<h3 data-path-to-node=\"13\">Specifik\u0101cijas<\/h3>\n<ul data-path-to-node=\"14\">\n<li>\n<p data-path-to-node=\"14,0,0\"><b data-path-to-node=\"14,0,0\" data-index-in-node=\"0\">Materi\u0101ls:<\/b> Cietais PVC (polivinilhlor\u012bds)<\/p>\n<\/li>\n<li>\n<p data-path-to-node=\"14,1,0\"><b data-path-to-node=\"14,1,0\" data-index-in-node=\"0\">Izm\u0113ri:<\/b> Pieejami standarta izm\u0113ri (piem\u0113ram, 26x33 mm, 30x40 mm) vai piel\u0101gotas formas.<\/p>\n<\/li>\n<li>\n<p data-path-to-node=\"14,2,0\"><b data-path-to-node=\"14,2,0\" data-index-in-node=\"0\">Sader\u012bba:<\/b> Spraugas paredz\u0113tas 15 mm vai 20 mm plat\u0101m aust\u0101m vai sat\u012bna aproc\u0113m.<\/p>\n<\/li>\n<li>\n<p data-path-to-node=\"14,3,0\"><b data-path-to-node=\"14,3,0\" data-index-in-node=\"0\">Druk\u0101\u0161anas metode:<\/b> UV digit\u0101l\u0101 druka vai ofseta druka fotokvalit\u0101tei.<\/p>\n<\/li>\n<li>\n<p data-path-to-node=\"14,4,0\"><b data-path-to-node=\"14,4,0\" data-index-in-node=\"0\">Apdare:<\/b> Pieejama sp\u012bd\u012bga vai mat\u0113ta lamin\u0113\u0161ana.<\/p>\n<\/li>\n<\/ul>\n<h3 data-path-to-node=\"15\">B2B lieto\u0161anas gad\u012bjumi<\/h3>\n<ul data-path-to-node=\"16\">\n<li>\n<p data-path-to-node=\"16,0,0\"><b data-path-to-node=\"16,0,0\" data-index-in-node=\"0\">M\u016bzikas festiv\u0101li:<\/b> Izmantojiet QR kodus bezskaidras naudas papildin\u0101\u0161anai un ieejas sken\u0113\u0161anai.<\/p>\n<\/li>\n<li>\n<p data-path-to-node=\"16,1,0\"><b data-path-to-node=\"16,1,0\" data-index-in-node=\"0\">VIP piek\u013cuve:<\/b> At\u0161\u0137ir\u012bgas, cietas birkas, lai identific\u0113tu \u012bpa\u0161us viesus vai aizkuli\u0161u person\u0101lu.<\/p>\n<\/li>\n<li>\n<p data-path-to-node=\"16,2,0\"><b data-path-to-node=\"16,2,0\" data-index-in-node=\"0\">Garderobe p\u0101rvald\u012bba:<\/b> Pie aproc\u0113m piestiprin\u0101tas numur\u0113tas birkas dro\u0161ai priek\u0161metu sa\u0146em\u0161anai.<\/p>\n<\/li>\n<li>\n<p data-path-to-node=\"16,3,0\"><b data-path-to-node=\"16,3,0\" data-index-in-node=\"0\">K\u016brorti un viesn\u012bcas:<\/b> Iztur\u012bgas istabas atsl\u0113gas vai dvie\u013cu apmai\u0146as \u017eetoni, kas piestiprin\u0101ti pie viesu aproc\u0113m.<\/p>\n<\/li>\n<\/ul>","protected":false},"excerpt":{"rendered":"<ul>\n<li>\n<p data-path-to-node=\"9,0,0\"><b data-path-to-node=\"9,0,0\" data-index-in-node=\"0\">Vied\u0101s identifik\u0101cijas risin\u0101jums:<\/b> Lieliski piem\u0113rots QR kodu, sv\u012btrkodu un UID numuru integr\u0113\u0161anai uz auduma aproc\u0113m.<\/p>\n<\/li>\n<li>\n<p data-path-to-node=\"9,1,0\"><b data-path-to-node=\"9,1,0\" data-index-in-node=\"0\">Iztur\u012bgs materi\u0101ls:<\/b> Izgatavots no stingra, \u016bdensiztur\u012bga PVC, kas iztur vair\u0101ku dienu pas\u0101kumus un skarbus apst\u0101k\u013cus.<\/p>\n<\/li>\n<li>\n<p data-path-to-node=\"9,2,0\"><b data-path-to-node=\"9,2,0\" data-index-in-node=\"0\">Piln\u012bga piel\u0101go\u0161ana:<\/b> Augstas iz\u0161\u0137irtsp\u0113jas UV vai ofseta druka \u013cauj ieg\u016bt spilgtus logotipus un sken\u0113t sare\u017e\u0123\u012btus datus.<\/p>\n<\/li>\n<li>\n<p data-path-to-node=\"9,3,0\"><b data-path-to-node=\"9,3,0\" data-index-in-node=\"0\">Univers\u0101ls piegulums:<\/b> Izstr\u0101d\u0101ts ar diviem slotiem, lai neman\u0101mi atbilstu standarta 15 mm un 20 mm auduma aproc\u0113m.<\/p>\n<\/li>\n<\/ul>","protected":false},"featured_media":6840,"comment_status":"closed","ping_status":"closed","template":"","meta":[],"product_brand":[],"product_cat":[66,124],"product_tag":[],"class_list":{"0":"post-6841","1":"product","2":"type-product","3":"status-publish","4":"has-post-thumbnail","6":"product_cat-wristbands","7":"product_cat-id-solutions","9":"first","10":"instock","11":"shipping-taxable","12":"product-type-simple"},"_links":{"self":[{"href":"https:\/\/displayproducts.eu\/lv\/wp-json\/wp\/v2\/product\/6841","targetHints":{"allow":["GET"]}}],"collection":[{"href":"https:\/\/displayproducts.eu\/lv\/wp-json\/wp\/v2\/product"}],"about":[{"href":"https:\/\/displayproducts.eu\/lv\/wp-json\/wp\/v2\/types\/product"}],"replies":[{"embeddable":true,"href":"https:\/\/displayproducts.eu\/lv\/wp-json\/wp\/v2\/comments?post=6841"}],"wp:featuredmedia":[{"embeddable":true,"href":"https:\/\/displayproducts.eu\/lv\/wp-json\/wp\/v2\/media\/6840"}],"wp:attachment":[{"href":"https:\/\/displayproducts.eu\/lv\/wp-json\/wp\/v2\/media?parent=6841"}],"wp:term":[{"taxonomy":"product_brand","embeddable":true,"href":"https:\/\/displayproducts.eu\/lv\/wp-json\/wp\/v2\/product_brand?post=6841"},{"taxonomy":"product_cat","embeddable":true,"href":"https:\/\/displayproducts.eu\/lv\/wp-json\/wp\/v2\/product_cat?post=6841"},{"taxonomy":"product_tag","embeddable":true,"href":"https:\/\/displayproducts.eu\/lv\/wp-json\/wp\/v2\/product_tag?post=6841"}],"curies":[{"name":"wp","href":"https:\/\/api.w.org\/{rel}","templated":true}]}}