{"id":6678,"date":"2026-01-09T22:38:59","date_gmt":"2026-01-09T19:38:59","guid":{"rendered":"https:\/\/wristbandfactory.eu\/?post_type=product&#038;p=6678"},"modified":"2026-04-01T21:52:34","modified_gmt":"2026-04-01T18:52:34","slug":"metal-opera-glasses-with-handle-bulk-theatre-binoculars-3x-4x","status":"publish","type":"product","link":"https:\/\/displayproducts.eu\/lv\/p\/metal-opera-glasses-with-handle-bulk-theatre-binoculars-3x-4x\/","title":{"rendered":"Met\u0101la te\u0101tra binoklis ar rokturi"},"content":{"rendered":"<p data-path-to-node=\"9\">Uzlabojiet savu patronu vai klientu kult\u016bras pieredzi ar m\u016bsu pal\u012bdz\u012bbu <b data-path-to-node=\"9\" data-index-in-node=\"94\">Augst\u0101k\u0101s kvalit\u0101tes met\u0101la operas binokli<\/b>. \u0160ie te\u0101tra binok\u013ci, kas rad\u012bti izsmalcin\u0101t\u012bbai un skaidr\u012bbai, ir ide\u0101ls aksesu\u0101rs operas namiem, te\u0101triem un koncertz\u0101l\u0113m. At\u0161\u0137ir\u012bb\u0101 no plastmasas alternat\u012bv\u0101m, \u0161iem binok\u013ciem ir iztur\u012bga, piln\u012bb\u0101 met\u0101la konstrukcija ar zelta apdari, padarot tos par augstv\u0113rt\u012bgu preci, kas piem\u0113rota t\u0101l\u0101kp\u0101rdo\u0161anai mazumtirdzniec\u012bb\u0101 vai k\u0101 ekskluz\u012bvas korporat\u012bv\u0101s d\u0101vanas.<\/p>\n<p data-path-to-node=\"10\">Integr\u0113tais salok\u0101mais rokturis pie\u0161\u0137ir vintage \u0161armu, vienlaikus nodro\u0161inot praktisku komfortu garu izr\u0101\u017eu laik\u0101. Neatkar\u012bgi no t\u0101, vai iep\u0113rkaties muzeja suven\u012bru veikal\u0101 vai mekl\u0113jat unik\u0101lu piemi\u0146as d\u0101vanu svin\u012bgam pas\u0101kumam, \u0161ie operas binok\u013ci pied\u0101v\u0101 perfektu stila un funkcionalit\u0101tes apvienojumu.<\/p>\n<h2 data-path-to-node=\"11\">Galven\u0101s iez\u012bmes<\/h2>\n<ul data-path-to-node=\"12\">\n<li>\n<p data-path-to-node=\"12,0,0\"><b data-path-to-node=\"12,0,0\" data-index-in-node=\"0\">Divi optiskie varianti:<\/b> Izv\u0113lieties starp <b data-path-to-node=\"12,0,0\" data-index-in-node=\"37\">3x palielin\u0101jums<\/b> (plat\u0101ks redzeslauks, 122 m\/1000 m) visas skatuves iem\u016b\u017ein\u0101\u0161anai vai <b data-path-to-node=\"12,0,0\" data-index-in-node=\"122\">4x palielin\u0101jums<\/b> (105 m\/1000 m) sejas izteiksmju un smalku deta\u013cu fokus\u0113\u0161anai.<\/p>\n<\/li>\n<li>\n<p data-path-to-node=\"12,1,0\"><b data-path-to-node=\"12,1,0\" data-index-in-node=\"0\">Ergonomisks dizains:<\/b> Apr\u012bkots ar centr\u0101li fokus\u0113tu prizmu un salok\u0101mu\/teleskopisku rokturi (105\u2013165 mm) \u0113rtai regul\u0113\u0161anai un \u0113rtai tur\u0113\u0161anai.<\/p>\n<\/li>\n<li>\n<p data-path-to-node=\"12,2,0\"><b data-path-to-node=\"12,2,0\" data-index-in-node=\"0\">Premium versija:<\/b> Iztur\u012bgais met\u0101la korpuss, kas sver 175 g un ir kompakts (100 \u00d7 54 mm), nodro\u0161ina ilgm\u016b\u017e\u012bbu un augst\u0101k\u0101s kvalit\u0101tes saj\u016btu rok\u0101.<\/p>\n<\/li>\n<li>\n<p data-path-to-node=\"12,3,0\"><b data-path-to-node=\"12,3,0\" data-index-in-node=\"0\">Gatavs prezent\u0101cijai:<\/b> Katrai vien\u012bbai ir elegants uzglab\u0101\u0161anas kaste, kas vienk\u0101r\u0161o d\u0101vanu vai mazumtirdzniec\u012bbas izvieto\u0161anas iepako\u0161anas procesu.<\/p>\n<\/li>\n<\/ul>\n<h2 data-path-to-node=\"13\">Specifik\u0101cijas<\/h2>\n<ul data-path-to-node=\"14\">\n<li>\n<p data-path-to-node=\"14,0,0\"><b data-path-to-node=\"14,0,0\" data-index-in-node=\"0\">Materi\u0101ls:<\/b> Pilnmet\u0101la sakaus\u0113jums ar zelta apdari<\/p>\n<\/li>\n<li>\n<p data-path-to-node=\"14,1,0\"><b data-path-to-node=\"14,1,0\" data-index-in-node=\"0\">Rokturis:<\/b> Teleskopisks\/salok\u0101ms (105 mm l\u012bdz 165 mm)<\/p>\n<\/li>\n<li>\n<p data-path-to-node=\"14,2,0\"><b data-path-to-node=\"14,2,0\" data-index-in-node=\"0\">Svars:<\/b> 175 g<\/p>\n<\/li>\n<li>\n<p data-path-to-node=\"14,3,0\"><b data-path-to-node=\"14,3,0\" data-index-in-node=\"0\">Izm\u0113ri:<\/b> 100 \u00d7 54 mm<\/p>\n<\/li>\n<li>\n<p data-path-to-node=\"14,4,0\"><b data-path-to-node=\"14,4,0\" data-index-in-node=\"0\">Prizmas tips:<\/b> Centra fokuss<\/p>\n<\/li>\n<li>\n<p data-path-to-node=\"14,5,0\"><b data-path-to-node=\"14,5,0\" data-index-in-node=\"0\">3x mode\u013ca specifik\u0101cijas:<\/b><\/p>\n<ul data-path-to-node=\"14,5,1\">\n<li>\n<p data-path-to-node=\"14,5,1,0,0\">Izejas z\u012bl\u012bte: 8 mm<\/p>\n<\/li>\n<li>\n<p data-path-to-node=\"14,5,1,1,0\">Redzes lauks: 122 m \/ 1000 m<\/p>\n<\/li>\n<li>\n<p data-path-to-node=\"14,5,1,2,0\">Spilgtuma indekss: 69<\/p>\n<\/li>\n<\/ul>\n<\/li>\n<li>\n<p data-path-to-node=\"14,6,0\"><b data-path-to-node=\"14,6,0\" data-index-in-node=\"0\">4x mode\u013ca specifik\u0101cijas:<\/b><\/p>\n<ul data-path-to-node=\"14,6,1\">\n<li>\n<p data-path-to-node=\"14,6,1,0,0\">Izejas z\u012bl\u012bte: 6,5 mm<\/p>\n<\/li>\n<li>\n<p data-path-to-node=\"14,6,1,1,0\">Redzes lauks: 105 m \/ 1000 m<\/p>\n<\/li>\n<li>\n<p data-path-to-node=\"14,6,1,2,0\">Spilgtuma indekss: 39<\/p>\n<\/li>\n<\/ul>\n<\/li>\n<li>\n<p data-path-to-node=\"14,7,0\"><b data-path-to-node=\"14,7,0\" data-index-in-node=\"0\">Pieg\u0101des laiks:<\/b> Aptuveni 37 dienas (izgatavots p\u0113c pas\u016bt\u012bjuma\/imports)<\/p>\n<\/li>\n<\/ul>\n<h2 data-path-to-node=\"15\">Lieto\u0161anas gad\u012bjumi<\/h2>\n<ul data-path-to-node=\"16\">\n<li>\n<p data-path-to-node=\"16,0,0\"><b data-path-to-node=\"16,0,0\" data-index-in-node=\"0\">Te\u0101tra un operas veikali:<\/b> Augstas pe\u013c\u0146as prece apmekl\u0113t\u0101jiem, kuri v\u0113las uzlabot savu skat\u012b\u0161an\u0101s pieredzi.<\/p>\n<\/li>\n<li>\n<p data-path-to-node=\"16,1,0\"><b data-path-to-node=\"16,1,0\" data-index-in-node=\"0\">Korporat\u012bv\u0101s d\u0101vanas:<\/b> Izsmalcin\u0101ta d\u0101vana partneriem m\u0101kslas un kult\u016bras nozar\u0113.<\/p>\n<\/li>\n<li>\n<p data-path-to-node=\"16,2,0\"><b data-path-to-node=\"16,2,0\" data-index-in-node=\"0\">VIP pas\u0101kumu \u0113rt\u012bbas:<\/b> Nodro\u0161iniet augst\u0101k\u0101 l\u012bme\u0146a bi\u013ce\u0161u \u012bpa\u0161niekiem firmas z\u012bmola vai ekskluz\u012bvus skat\u012b\u0161an\u0101s r\u012bkus.<\/p>\n<\/li>\n<\/ul>","protected":false},"excerpt":{"rendered":"<ul data-path-to-node=\"8\">\n<li>\n<p data-path-to-node=\"8,0,0\"><b data-path-to-node=\"8,0,0\" data-index-in-node=\"0\">Klasisk\u0101 elegance:<\/b> Piln\u012bb\u0101 met\u0101la korpuss ar greznu zelta apdari un salok\u0101mu rokturi izsmalcin\u0101tai skat\u012b\u0161anai.<\/p>\n<\/li>\n<li>\n<p data-path-to-node=\"8,1,0\"><b data-path-to-node=\"8,1,0\" data-index-in-node=\"0\">Augst\u0101k\u0101s kvalit\u0101tes optika:<\/b> Pieejams 3x (pla\u0161s skats) vai 4x (deta\u013cu fokuss) palielin\u0101jum\u0101 ar augstu spilgtuma indeksu.<\/p>\n<\/li>\n<li>\n<p data-path-to-node=\"8,2,0\"><b data-path-to-node=\"8,2,0\" data-index-in-node=\"0\">Gatavs B2B:<\/b> Lieliski piem\u0113rots te\u0101tra pre\u010du veikaliem, VIP pas\u0101kumu d\u0101van\u0101m un augstas klases korporat\u012bvaj\u0101m balv\u0101m.<\/p>\n<\/li>\n<li>\n<p data-path-to-node=\"8,3,0\"><b data-path-to-node=\"8,3,0\" data-index-in-node=\"0\">Pilns komplekts:<\/b> Iek\u013cauts iztur\u012bgs uzglab\u0101\u0161anas maci\u0146\u0161 aizsardz\u012bbai un prezent\u0101cijai.<\/p>\n<\/li>\n<\/ul>","protected":false},"featured_media":6679,"comment_status":"closed","ping_status":"closed","template":"","meta":[],"product_brand":[],"product_cat":[121],"product_tag":[],"class_list":{"0":"post-6678","1":"product","2":"type-product","3":"status-publish","4":"has-post-thumbnail","6":"product_cat-promotional-merchandise","8":"first","9":"instock","10":"shipping-taxable","11":"purchasable","12":"product-type-simple"},"_links":{"self":[{"href":"https:\/\/displayproducts.eu\/lv\/wp-json\/wp\/v2\/product\/6678","targetHints":{"allow":["GET"]}}],"collection":[{"href":"https:\/\/displayproducts.eu\/lv\/wp-json\/wp\/v2\/product"}],"about":[{"href":"https:\/\/displayproducts.eu\/lv\/wp-json\/wp\/v2\/types\/product"}],"replies":[{"embeddable":true,"href":"https:\/\/displayproducts.eu\/lv\/wp-json\/wp\/v2\/comments?post=6678"}],"wp:featuredmedia":[{"embeddable":true,"href":"https:\/\/displayproducts.eu\/lv\/wp-json\/wp\/v2\/media\/6679"}],"wp:attachment":[{"href":"https:\/\/displayproducts.eu\/lv\/wp-json\/wp\/v2\/media?parent=6678"}],"wp:term":[{"taxonomy":"product_brand","embeddable":true,"href":"https:\/\/displayproducts.eu\/lv\/wp-json\/wp\/v2\/product_brand?post=6678"},{"taxonomy":"product_cat","embeddable":true,"href":"https:\/\/displayproducts.eu\/lv\/wp-json\/wp\/v2\/product_cat?post=6678"},{"taxonomy":"product_tag","embeddable":true,"href":"https:\/\/displayproducts.eu\/lv\/wp-json\/wp\/v2\/product_tag?post=6678"}],"curies":[{"name":"wp","href":"https:\/\/api.w.org\/{rel}","templated":true}]}}