{"id":6671,"date":"2026-01-09T18:39:46","date_gmt":"2026-01-09T15:39:46","guid":{"rendered":"https:\/\/wristbandfactory.eu\/?post_type=product&#038;p=6671"},"modified":"2026-04-01T21:52:34","modified_gmt":"2026-04-01T18:52:34","slug":"custom-foil-holographic-event-wristbands","status":"publish","type":"product","link":"https:\/\/displayproducts.eu\/lv\/p\/custom-foil-holographic-event-wristbands\/","title":{"rendered":"Aproces ar folijas druku"},"content":{"rendered":"<p data-path-to-node=\"9\">Paaugstiniet sava pas\u0101kuma z\u012bmola atpaz\u012bstam\u012bbu ar m\u016bsu piel\u0101gotaj\u0101m folijas un hologr\u0101fiskaj\u0101m aproc\u0113m. \u0160\u012bs lentes ir izgatavotas no augstas kvalit\u0101tes YUPO sint\u0113tisk\u0101 pap\u012bra un pied\u0101v\u0101 augst\u0101k\u0101s kvalit\u0101tes alternat\u012bvu standarta Tyvek materi\u0101lam, to pienbalt\u0101 virsma nodro\u0161ina ko\u0161as un dizainam atbilsto\u0161as kr\u0101sas.<\/p>\n<p data-path-to-node=\"10\">\u0160\u012bs aproces ir paredz\u0113tas augsta l\u012bme\u0146a pas\u0101kumiem, klubiem un festiv\u0101liem, un t\u0101s \u013cauj izmantot greznas met\u0101liskas deta\u013cas, tostarp zelta, sudraba un stikla folijas elementus, vai piln\u012bb\u0101 hologr\u0101fisku apdari. Gluda tekst\u016bra apvienojum\u0101 ar augstas iz\u0161\u0137irtsp\u0113jas CMYK ofseta druku padara t\u0101s ide\u0101li piem\u0113rotas sare\u017e\u0123\u012btiem dizainiem un VIP identifik\u0101cijai. Neskatoties uz eleganto izskatu, t\u0101s ir iztur\u012bgas, lai iztur\u0113tu \u016bdeni, sviedrus un akt\u012bvu vidi.<\/p>\n<h2 data-path-to-node=\"11\">Galven\u0101s iez\u012bmes<\/h2>\n<ul data-path-to-node=\"12\">\n<li>\n<p data-path-to-node=\"12,0,0\"><b data-path-to-node=\"12,0,0\" data-index-in-node=\"0\">Luksusa apdare:<\/b> Pieejams ar karstspiedes zelta foliju, sudraba foliju, \u201cstikla\u201d foliju un hologr\u0101fiskiem p\u0101rkl\u0101jumiem maksim\u0101lai redzam\u012bbai.<\/p>\n<\/li>\n<li>\n<p data-path-to-node=\"12,1,0\"><b data-path-to-node=\"12,1,0\" data-index-in-node=\"0\">Materi\u0101l\u0101 izcil\u012bba:<\/b> YUPO sint\u0113tisk\u0101 celuloze nodro\u0161ina glud\u0101ku apdari nek\u0101 Tyvek, \u013caujot ieg\u016bt as\u0101kas drukas deta\u013cas un spilgt\u0101kas kr\u0101sas.<\/p>\n<\/li>\n<li>\n<p data-path-to-node=\"12,2,0\"><b data-path-to-node=\"12,2,0\" data-index-in-node=\"0\">Aizsardz\u012bba pret viltojumiem:<\/b> Sp\u0113c\u012bgajai l\u012bm\u0113jo\u0161ajai aizdarei ir izgrieztas dro\u0161\u012bbas sloksnes, kas sapl\u012bst, ja tiek m\u0113\u0123in\u0101ts to no\u0146emt, nodro\u0161inot, ka joslu nevar izmantot atk\u0101rtoti.<\/p>\n<\/li>\n<li>\n<p data-path-to-node=\"12,3,0\"><b data-path-to-node=\"12,3,0\" data-index-in-node=\"0\">Vieddatu gatav\u012bba:<\/b> Piln\u012bb\u0101 sader\u012bgs ar main\u012bgu datu druk\u0101\u0161anu, tostarp sec\u012bgu numer\u0101ciju, sv\u012btrkodiem un QR kodiem digit\u0101lai integr\u0101cijai.<\/p>\n<\/li>\n<\/ul>\n<h2 data-path-to-node=\"13\">Specifik\u0101cijas<\/h2>\n<ul data-path-to-node=\"14\">\n<li>\n<p data-path-to-node=\"14,0,0\"><b data-path-to-node=\"14,0,0\" data-index-in-node=\"0\">Materi\u0101ls:<\/b> YUPO (jauktas celulozes\/sint\u0113tiskais pap\u012brs) \u2013 \u016bdensiztur\u012bgs un pl\u012bsumiztur\u012bgs.<\/p>\n<\/li>\n<li>\n<p data-path-to-node=\"14,1,0\"><b data-path-to-node=\"14,1,0\" data-index-in-node=\"0\">Standarta izm\u0113ri:<\/b><\/p>\n<ul data-path-to-node=\"14,1,1\">\n<li>\n<p data-path-to-node=\"14,1,1,0,0\">20 mm x 250 mm<\/p>\n<\/li>\n<li>\n<p data-path-to-node=\"14,1,1,1,0\">25 mm x 250 mm<\/p>\n<\/li>\n<li>\n<p data-path-to-node=\"14,1,1,2,0\"><i data-path-to-node=\"14,1,1,2,0\" data-index-in-node=\"0\">Piel\u0101goti izm\u0113ri pieejami p\u0113c piepras\u012bjuma.<\/i><\/p>\n<\/li>\n<\/ul>\n<\/li>\n<li>\n<p data-path-to-node=\"14,2,0\"><b data-path-to-node=\"14,2,0\" data-index-in-node=\"0\">Druk\u0101\u0161anas metode:<\/b> Pilnkr\u0101su CMYK ofseta druka + folijas z\u012bmogo\u0161ana.<\/p>\n<\/li>\n<li>\n<p data-path-to-node=\"14,3,0\"><b data-path-to-node=\"14,3,0\" data-index-in-node=\"0\">Folijas opcijas:<\/b> Zelts, sudrabs, stikla folija, hologramma.<\/p>\n<\/li>\n<li>\n<p data-path-to-node=\"14,4,0\"><b data-path-to-node=\"14,4,0\" data-index-in-node=\"0\">Izcelsme:<\/b> Dienvidkoreja (ANYWRISTBAND \/ modelis TS25).<\/p>\n<\/li>\n<\/ul>\n<h2 data-path-to-node=\"15\">Lieto\u0161anas gad\u012bjumi<\/h2>\n<ul data-path-to-node=\"16\">\n<li>\n<p data-path-to-node=\"16,0,0\"><b data-path-to-node=\"16,0,0\" data-index-in-node=\"0\">VIP piek\u013cuves kontrole:<\/b> Lieliski piem\u0113rots VIP viesu izcel\u0161anai koncertos, festiv\u0101los un naktsklubos, pateicoties atstarojo\u0161ajai met\u0101liskajai apdarei.<\/p>\n<\/li>\n<li>\n<p data-path-to-node=\"16,1,0\"><b data-path-to-node=\"16,1,0\" data-index-in-node=\"0\">Korporat\u012bvie pas\u0101kumi:<\/b> Augstas klases z\u012bmola veido\u0161ana svin\u012bgiem pas\u0101kumiem un konferenc\u0113m, kur vizu\u0101l\u0101 prezent\u0101cija ir kritiski svar\u012bga.<\/p>\n<\/li>\n<li>\n<p data-path-to-node=\"16,2,0\"><b data-path-to-node=\"16,2,0\" data-index-in-node=\"0\">Dro\u0161as norises vietas:<\/b> Ide\u0101li piem\u0113rots atrakciju parkiem un ierobe\u017eot\u0101m zon\u0101m, kur\u0101m nepiecie\u0161ama uzticama identifik\u0101cija ar sv\u012btrkoda integr\u0101ciju.<\/p>\n<\/li>\n<\/ul>\n<p data-path-to-node=\"17\">","protected":false},"excerpt":{"rendered":"<ul>\n<li>\n<p data-path-to-node=\"7,0,0\"><b data-path-to-node=\"7,0,0\" data-index-in-node=\"0\">Augst\u0101k\u0101s kvalit\u0101tes vizu\u0101lais efekts:<\/b> Izce\u013cas ar satrieco\u0161iem met\u0101liskiem akcentiem (zelta, sudraba, stikla folijas) vai hologr\u0101fiskiem efektiem uz gludas, pienbaltas YUPO virsmas.<\/p>\n<\/li>\n<li>\n<p data-path-to-node=\"7,1,0\"><b data-path-to-node=\"7,1,0\" data-index-in-node=\"0\">Izcila iztur\u012bba:<\/b> Izgatavots no pl\u012bsto\u0161a, \u016bdensnecaurlaid\u012bga 100% sint\u0113tisk\u0101 pap\u012bra, kas p\u0101rsp\u0113j standarta pap\u012bra lentes.<\/p>\n<\/li>\n<li>\n<p data-path-to-node=\"7,2,0\"><b data-path-to-node=\"7,2,0\" data-index-in-node=\"0\">Augsta dro\u0161\u012bba:<\/b> Apr\u012bkots ar pret atv\u0113r\u0161anu dro\u0161\u0101m l\u012bmlent\u0113m un izstr\u0101d\u0101tiem dro\u0161\u012bbas griezumiem, lai nov\u0113rstu p\u0101rne\u0161anu.<\/p>\n<\/li>\n<li>\n<p data-path-to-node=\"7,3,0\"><b data-path-to-node=\"7,3,0\" data-index-in-node=\"0\">Piln\u012bga piel\u0101go\u0161ana:<\/b> Atbalsta spilgtu CMYK ofseta druku, sv\u012btrkodus, QR kodus un main\u012bgu numer\u0101ciju piek\u013cuves kontrolei.<\/p>\n<\/li>\n<\/ul>","protected":false},"featured_media":6677,"comment_status":"closed","ping_status":"closed","template":"","meta":[],"product_brand":[],"product_cat":[41],"product_tag":[],"class_list":{"0":"post-6671","1":"product","2":"type-product","3":"status-publish","4":"has-post-thumbnail","6":"product_cat-tyvek","8":"first","9":"instock","10":"shipping-taxable","11":"product-type-simple"},"_links":{"self":[{"href":"https:\/\/displayproducts.eu\/lv\/wp-json\/wp\/v2\/product\/6671","targetHints":{"allow":["GET"]}}],"collection":[{"href":"https:\/\/displayproducts.eu\/lv\/wp-json\/wp\/v2\/product"}],"about":[{"href":"https:\/\/displayproducts.eu\/lv\/wp-json\/wp\/v2\/types\/product"}],"replies":[{"embeddable":true,"href":"https:\/\/displayproducts.eu\/lv\/wp-json\/wp\/v2\/comments?post=6671"}],"wp:featuredmedia":[{"embeddable":true,"href":"https:\/\/displayproducts.eu\/lv\/wp-json\/wp\/v2\/media\/6677"}],"wp:attachment":[{"href":"https:\/\/displayproducts.eu\/lv\/wp-json\/wp\/v2\/media?parent=6671"}],"wp:term":[{"taxonomy":"product_brand","embeddable":true,"href":"https:\/\/displayproducts.eu\/lv\/wp-json\/wp\/v2\/product_brand?post=6671"},{"taxonomy":"product_cat","embeddable":true,"href":"https:\/\/displayproducts.eu\/lv\/wp-json\/wp\/v2\/product_cat?post=6671"},{"taxonomy":"product_tag","embeddable":true,"href":"https:\/\/displayproducts.eu\/lv\/wp-json\/wp\/v2\/product_tag?post=6671"}],"curies":[{"name":"wp","href":"https:\/\/api.w.org\/{rel}","templated":true}]}}