{"id":6618,"date":"2026-01-09T15:51:34","date_gmt":"2026-01-09T12:51:34","guid":{"rendered":"https:\/\/wristbandfactory.eu\/?post_type=product&#038;p=6618"},"modified":"2026-04-01T21:52:34","modified_gmt":"2026-04-01T18:52:34","slug":"custom-natural-cork-wristbands","status":"publish","type":"product","link":"https:\/\/displayproducts.eu\/lv\/p\/custom-natural-cork-wristbands\/","title":{"rendered":"Dab\u012bg\u0101 kor\u0137a aproces"},"content":{"rendered":"<p data-path-to-node=\"10\">Sniedziet drosm\u012bgu pazi\u0146ojumu par ilgtsp\u0113j\u012bbu ar m\u016bsu <b data-path-to-node=\"10\" data-index-in-node=\"77\">Dab\u012bg\u0101 kor\u0137a aproces<\/b>. \u0160is materi\u0101ls, kas ieg\u016bts no kor\u0137ozolu mizas, nekait\u0113jot pa\u0161am kokam, ir viens no videi draudz\u012bg\u0101kajiem pieejamajiem resursiem. \u0160\u012bs aproces ir ide\u0101la izv\u0113le vides konferenc\u0113m, dabas k\u016brortiem un festiv\u0101liem, kas v\u0113las samazin\u0101t plastmasas atkritumu daudzumu, vienlaikus pied\u0101v\u0101jot viesiem augst\u0101k\u0101s kvalit\u0101tes aksesu\u0101ru.<\/p>\n<p data-path-to-node=\"11\">At\u0161\u0137ir\u012bb\u0101 no sint\u0113tiskiem materi\u0101liem, katrai kor\u0137a aprocei ir unik\u0101ls dab\u012bgs \u0161\u0137iedru raksts. Materi\u0101ls ir maigs pret \u0101du, viegls un p\u0101rsteidzo\u0161i iztur\u012bgs \u2014 dabiski atgr\u016b\u017e \u016bdeni un sviedrus. Lai ieg\u016btu vislab\u0101ko ekolo\u0123isko izskatu, iesak\u0101m <b data-path-to-node=\"11\" data-index-in-node=\"239\">L\u0101zergrav\u0113\u0161ana<\/b> j\u016bsu logotips, kas rada tum\u0161u, asu kontrastu uz zeltain\u0101 kor\u0137a fona, neizmantojot nek\u0101das \u0137\u012bmisk\u0101s tintes.<\/p>\n<h2 data-path-to-node=\"12\">Galven\u0101s iez\u012bmes<\/h2>\n<ul data-path-to-node=\"13\">\n<li>\n<p data-path-to-node=\"13,0,0\"><b data-path-to-node=\"13,0,0\" data-index-in-node=\"0\">Atjaunojamie resursi:<\/b> Kor\u0137is tiek ieg\u016bts ilgtsp\u0113j\u012bgi; koks atjauno savu mizu, padarot to par produktu bez sirdsapzi\u0146as p\u0101rmetumiem.<\/p>\n<\/li>\n<li>\n<p data-path-to-node=\"13,1,0\"><b data-path-to-node=\"13,1,0\" data-index-in-node=\"0\">Augst\u0101k\u0101s kvalit\u0101tes z\u012bmols:<\/b> Izv\u0113lieties starp asu melnu sietspiedi vai izsmalcin\u0101tu l\u0101zergrav\u0113jumu, lai ieg\u016btu taustes saj\u016btu.<\/p>\n<\/li>\n<li>\n<p data-path-to-node=\"13,2,0\"><b data-path-to-node=\"13,2,0\" data-index-in-node=\"0\">Dro\u0161a blo\u0137\u0113\u0161ana:<\/b> Pieejams ar ilgtsp\u0113j\u012bgu <b data-path-to-node=\"13,2,0\" data-index-in-node=\"45\">Koka sl\u012bdnis<\/b> vai bambusa lod\u012btes, lai pabeigtu 100% plastmasas nesaturo\u0161o profilu (pieejamas ar\u012b standarta plastmasas sl\u0113dzenes).<\/p>\n<\/li>\n<li>\n<p data-path-to-node=\"13,3,0\"><b data-path-to-node=\"13,3,0\" data-index-in-node=\"0\">Hipoaler\u0123isks:<\/b> Ide\u0101li piem\u0113rots viesiem ar jut\u012bgu \u0101du, jo kor\u0137is ir iztur\u012bgs pret putek\u013ciem un bakt\u0113rij\u0101m.<\/p>\n<\/li>\n<\/ul>\n<h2 data-path-to-node=\"14\">Specifik\u0101cijas<\/h2>\n<ul data-path-to-node=\"15\">\n<li>\n<p data-path-to-node=\"15,0,0\"><b data-path-to-node=\"15,0,0\" data-index-in-node=\"0\">Materi\u0101ls:<\/b> Dab\u012bg\u0101 kor\u0137a sl\u0101nis (pastiprin\u0101ta pamatne)<\/p>\n<\/li>\n<li>\n<p data-path-to-node=\"15,1,0\"><b data-path-to-node=\"15,1,0\" data-index-in-node=\"0\">Z\u012bmola veido\u0161anas metode:<\/b> L\u0101zergrav\u0113\u0161ana (ieteicama) vai sietspiede<\/p>\n<\/li>\n<li>\n<p data-path-to-node=\"15,2,0\"><b data-path-to-node=\"15,2,0\" data-index-in-node=\"0\">Izm\u0113rs:<\/b> 350 mm x 15 mm (regul\u0113jams)<\/p>\n<\/li>\n<li>\n<p data-path-to-node=\"15,3,0\"><b data-path-to-node=\"15,3,0\" data-index-in-node=\"0\">\u016adensiztur\u012bgs:<\/b> J\u0101 (dabiski \u016bdensiztur\u012bgs)<\/p>\n<\/li>\n<li>\n<p data-path-to-node=\"15,4,0\"><b data-path-to-node=\"15,4,0\" data-index-in-node=\"0\">Blo\u0137\u0113\u0161anas opcijas:<\/b> Koka p\u0113rl\u012bte, bambusa sl\u012bdnis vai p\u0101rstr\u0101d\u0101ta plastmasa<\/p>\n<\/li>\n<li>\n<p data-path-to-node=\"15,5,0\"><b data-path-to-node=\"15,5,0\" data-index-in-node=\"0\">Minim\u0101lais daudzums:<\/b> 100 vien\u012bbas<\/p>\n<\/li>\n<\/ul>\n<h2 data-path-to-node=\"16\">Lieto\u0161anas gad\u012bjumi<\/h2>\n<ul data-path-to-node=\"17\">\n<li>\n<p data-path-to-node=\"17,0,0\"><b data-path-to-node=\"17,0,0\" data-index-in-node=\"0\">Ilgtsp\u0113j\u012bbas konferences:<\/b> Ide\u0101ls apliecin\u0101jums pas\u0101kumiem, kas v\u0113rsti uz klimatu un vidi.<\/p>\n<\/li>\n<li>\n<p data-path-to-node=\"17,1,0\"><b data-path-to-node=\"17,1,0\" data-index-in-node=\"0\">Eko k\u016brorti un glampings:<\/b> Atbilst luksusa naktsm\u012bt\u0146u dabiskajai est\u0113tikai br\u012bv\u0101 dab\u0101.<\/p>\n<\/li>\n<li>\n<p data-path-to-node=\"17,2,0\"><b data-path-to-node=\"17,2,0\" data-index-in-node=\"0\">V\u012bna festiv\u0101li:<\/b> Tematiska saikne ar v\u012bna kor\u0137iem padara to par jautru un atbilsto\u0161u z\u012bmola veido\u0161anas r\u012bku.<\/p>\n<\/li>\n<li>\n<p data-path-to-node=\"17,3,0\"><b data-path-to-node=\"17,3,0\" data-index-in-node=\"0\">Labdar\u012bbas sv\u0113tki:<\/b> Izsmalcin\u0101ts, neuzb\u0101z\u012bgs izskats augstas klases l\u012bdzek\u013cu v\u0101k\u0161anas pas\u0101kumiem.<\/p>\n<\/li>\n<\/ul>","protected":false},"excerpt":{"rendered":"<ul>\n<li>\n<p data-path-to-node=\"9,0,0\"><b data-path-to-node=\"9,0,0\" data-index-in-node=\"0\">100% Dabiska est\u0113tika:<\/b> Izgatavots no \u012bsta kor\u0137a materi\u0101la, kas pie\u0161\u0137ir unik\u0101lu, organiskam kokam l\u012bdz\u012bgu tekst\u016bru.<\/p>\n<\/li>\n<li>\n<p data-path-to-node=\"9,1,0\"><b data-path-to-node=\"9,1,0\" data-index-in-node=\"0\">Videi draudz\u012bga izv\u0113le:<\/b> Atjaunojama, biolo\u0123iski no\u0101rd\u0101ma plastmasas alternat\u012bva, kas ir ide\u0101li piem\u0113rota \u201cza\u013ciem\u201d pas\u0101kumiem.<\/p>\n<\/li>\n<li>\n<p data-path-to-node=\"9,2,0\"><b data-path-to-node=\"9,2,0\" data-index-in-node=\"0\">L\u0101zergrav\u0113\u0161ana:<\/b> Brendings tiek iededzin\u0101ts tie\u0161i kor\u0137\u012b, lai ieg\u016btu past\u0101v\u012bgu, augstas kvalit\u0101tes apdari (pieejama ar\u012b tintes apdruka).<\/p>\n<\/li>\n<li>\n<p data-path-to-node=\"9,3,0\"><b data-path-to-node=\"9,3,0\" data-index-in-node=\"0\">Dabiski iztur\u012bgs:<\/b> Kor\u0137is ir dabiski \u016bdensiztur\u012bgs, hipoaler\u0123isks un \u0113rts ilgsto\u0161ai valk\u0101\u0161anai.<\/p>\n<\/li>\n<\/ul>","protected":false},"featured_media":6620,"comment_status":"closed","ping_status":"closed","template":"","meta":[],"product_brand":[],"product_cat":[133,47],"product_tag":[],"class_list":{"0":"post-6618","1":"product","2":"type-product","3":"status-publish","4":"has-post-thumbnail","6":"product_cat-eco-friendly-wristbands","7":"product_cat-fabric-wristbands","9":"first","10":"instock","11":"shipping-taxable","12":"purchasable","13":"product-type-simple"},"_links":{"self":[{"href":"https:\/\/displayproducts.eu\/lv\/wp-json\/wp\/v2\/product\/6618","targetHints":{"allow":["GET"]}}],"collection":[{"href":"https:\/\/displayproducts.eu\/lv\/wp-json\/wp\/v2\/product"}],"about":[{"href":"https:\/\/displayproducts.eu\/lv\/wp-json\/wp\/v2\/types\/product"}],"replies":[{"embeddable":true,"href":"https:\/\/displayproducts.eu\/lv\/wp-json\/wp\/v2\/comments?post=6618"}],"wp:featuredmedia":[{"embeddable":true,"href":"https:\/\/displayproducts.eu\/lv\/wp-json\/wp\/v2\/media\/6620"}],"wp:attachment":[{"href":"https:\/\/displayproducts.eu\/lv\/wp-json\/wp\/v2\/media?parent=6618"}],"wp:term":[{"taxonomy":"product_brand","embeddable":true,"href":"https:\/\/displayproducts.eu\/lv\/wp-json\/wp\/v2\/product_brand?post=6618"},{"taxonomy":"product_cat","embeddable":true,"href":"https:\/\/displayproducts.eu\/lv\/wp-json\/wp\/v2\/product_cat?post=6618"},{"taxonomy":"product_tag","embeddable":true,"href":"https:\/\/displayproducts.eu\/lv\/wp-json\/wp\/v2\/product_tag?post=6618"}],"curies":[{"name":"wp","href":"https:\/\/api.w.org\/{rel}","templated":true}]}}