{"id":6607,"date":"2026-01-06T12:55:23","date_gmt":"2026-01-06T09:55:23","guid":{"rendered":"https:\/\/wristbandfactory.eu\/?post_type=product&#038;p=6607"},"modified":"2026-04-01T21:52:34","modified_gmt":"2026-04-01T18:52:34","slug":"custom-round-cord-lanyards-with-printable-badge-slider","status":"publish","type":"product","link":"https:\/\/displayproducts.eu\/lv\/p\/custom-round-cord-lanyards-with-printable-badge-slider\/","title":{"rendered":"Apa\u013cas kakla lentas ar apdruk\u0101jamu tur\u0113t\u0101ju"},"content":{"rendered":"<p data-path-to-node=\"8\">M\u016bsu piel\u0101got\u0101s apa\u013c\u0101s aukli\u0146as ar apdruk\u0101jamiem sl\u012bd\u0146iem pied\u0101v\u0101 modernu, minim\u0101listisku alternat\u012bvu tradicion\u0101laj\u0101m plakan\u0101m lent\u012b\u0161u siksni\u0146\u0101m. \u0160\u012b dizaina centr\u0101lais elements ir apa\u013c\u0161 plastmasas stiprin\u0101jums, ko var piln\u012bb\u0101 piel\u0101got ar j\u016bsu uz\u0146\u0113muma logotipu. \u0160is sl\u012bdnis ne tikai pastiprina j\u016bsu z\u012bmola identit\u0101ti acu l\u012bmen\u012b, bet ar\u012b nodro\u0161ina stabilu identifik\u0101cijas noz\u012bm\u012b\u0161u stiprin\u0101jumu, nodro\u0161inot, ka t\u0101s visa pas\u0101kuma laik\u0101 paliek v\u0113rstas uz priek\u0161u.<\/p>\n<h2 data-path-to-node=\"9\">Galven\u0101s iez\u012bmes<\/h2>\n<ul data-path-to-node=\"10\">\n<li>\n<p data-path-to-node=\"10,0,0\"><b data-path-to-node=\"10,0,0\" data-index-in-node=\"0\">Druk\u0101jams plastmasas savienot\u0101js:<\/b> Iztur\u012bgais plastmasas sl\u012bdnis ir optimiz\u0113ts ilgsto\u0161ai logotipa uzkl\u0101\u0161anai, kas neizbal\u0113s.<\/p>\n<\/li>\n<li>\n<p data-path-to-node=\"10,1,0\"><b data-path-to-node=\"10,1,0\" data-index-in-node=\"0\">Augst\u0101k\u0101s kvalit\u0101tes auklas tekst\u016bra:<\/b> Augsta bl\u012bvuma pinuma aukla, kas saglab\u0101 savu formu un profesion\u0101lo izskatu.<\/p>\n<\/li>\n<li>\n<p data-path-to-node=\"10,2,0\"><b data-path-to-node=\"10,2,0\" data-index-in-node=\"0\">Optimiz\u0113ts noz\u012bm\u012bt\u0113m:<\/b> Integr\u0113t\u0101 cilpa ir ide\u0101li piem\u0113rota standarta noz\u012bm\u012b\u0161u klip\u0161iem un kar\u0161u tur\u0113t\u0101jiem.<\/p>\n<\/li>\n<li>\n<p data-path-to-node=\"10,3,0\"><b data-path-to-node=\"10,3,0\" data-index-in-node=\"0\">Daudzpus\u012bga piel\u0101go\u0161ana:<\/b> Pieejams pla\u0161\u0101 auklu kr\u0101su gamm\u0101, lai perfekti atbilstu j\u016bsu korporat\u012bvajai identit\u0101tei.<\/p>\n<\/li>\n<\/ul>\n<h2 data-path-to-node=\"11\">Specifik\u0101cijas<\/h2>\n<ul data-path-to-node=\"12\">\n<li>\n<p data-path-to-node=\"12,0,0\"><b data-path-to-node=\"12,0,0\" data-index-in-node=\"0\">Vada diametrs:<\/b> 5 mm vai 6 mm augstas stipr\u012bbas poliestera aukla.<\/p>\n<\/li>\n<li>\n<p data-path-to-node=\"12,1,0\"><b data-path-to-node=\"12,1,0\" data-index-in-node=\"0\">Sl\u012bd\u0146a materi\u0101ls:<\/b> Pastiprin\u0101ta ABS plastmasa ar gludu apdari druk\u0101\u0161anai.<\/p>\n<\/li>\n<li>\n<p data-path-to-node=\"12,2,0\"><b data-path-to-node=\"12,2,0\" data-index-in-node=\"0\">Sl\u012bd\u0146a izm\u0113ri:<\/b> Apa\u013ca z\u012bmola zona ar diametru no 25 mm l\u012bdz 30 mm.<\/p>\n<\/li>\n<li>\n<p data-path-to-node=\"12,3,0\"><b data-path-to-node=\"12,3,0\" data-index-in-node=\"0\">Pielikuma veids:<\/b> Integr\u0113ta auklas cilpa noz\u012bm\u012b\u0161u tur\u0113t\u0101jiem.<\/p>\n<\/li>\n<\/ul>\n<h2 data-path-to-node=\"13\">Lieto\u0161anas gad\u012bjumi<\/h2>\n<ul data-path-to-node=\"14\">\n<li>\n<p data-path-to-node=\"14,0,0\"><b data-path-to-node=\"14,0,0\" data-index-in-node=\"0\">Augsta l\u012bme\u0146a samiti:<\/b> Lieliski piem\u0113rots presti\u017eiem pas\u0101kumiem, piem\u0113ram, Davosai, vai starptautiskiem forumiem, kur z\u012bmolam j\u0101b\u016bt neuzkr\u012bto\u0161am, bet profesion\u0101lam.<\/p>\n<\/li>\n<li>\n<p data-path-to-node=\"14,1,0\"><b data-path-to-node=\"14,1,0\" data-index-in-node=\"0\">Uz\u0146\u0113muma identifik\u0101cija:<\/b> Ide\u0101ls ikdienas valk\u0101\u0161anas risin\u0101jums darbiniekiem, kuriem nepiecie\u0161ama redzama identifik\u0101cijas piek\u013cuve.<\/p>\n<\/li>\n<li>\n<p data-path-to-node=\"14,2,0\"><b data-path-to-node=\"14,2,0\" data-index-in-node=\"0\">Izst\u0101des dal\u012bbnieku z\u012bmols:<\/b> Pie\u0161\u0137iriet saviem tirdzniec\u012bbas izst\u0101des darbiniekiem augst\u0101k\u0101s klases izskatu, kas izce\u013cas uz standarta plakano kakla siksnu fona.<\/p>\n<\/li>\n<\/ul>","protected":false},"excerpt":{"rendered":"<p data-path-to-node=\"6\">Profesion\u0101la apa\u013cas auklas kakla lentas risin\u0101jums ar specializ\u0113tu, druk\u0101jamu apa\u013cu sl\u012bdni. \u0160is stiprin\u0101jums kalpo k\u0101 labi redzams z\u012bmola kontaktpunkts, vienlaikus dro\u0161i turot ID kartes un pas\u0101kumu caurlaides.<\/p>\n<ul data-path-to-node=\"7\">\n<li>\n<p data-path-to-node=\"7,0,0\"><b data-path-to-node=\"7,0,0\" data-index-in-node=\"0\">Augstas ietekmes z\u012bmola veido\u0161ana:<\/b> Centr\u0101lais plastmasas sl\u012bdnis nodro\u0161ina l\u012bdzenu, stabilu virsmu augstas iz\u0161\u0137irtsp\u0113jas logotipa druk\u0101\u0161anai.<\/p>\n<\/li>\n<li>\n<p data-path-to-node=\"7,1,0\"><b data-path-to-node=\"7,1,0\" data-index-in-node=\"0\">Ergonomisks dizains:<\/b> \u0112rta apa\u013ca auklas konstrukcija samazina kakla kairin\u0101jumu garu korporat\u012bvo pas\u0101kumu laik\u0101.<\/p>\n<\/li>\n<li>\n<p data-path-to-node=\"7,2,0\"><b data-path-to-node=\"7,2,0\" data-index-in-node=\"0\">Integr\u0113ts identifik\u0101cijas risin\u0101jums:<\/b> \u012apa\u0161i izstr\u0101d\u0101ts, lai savienotu ar plastmasas kar\u0161u tur\u0113t\u0101jiem un bezkontakta kart\u0113m bez papildu aparat\u016bras.<\/p>\n<\/li>\n<\/ul>","protected":false},"featured_media":6608,"comment_status":"closed","ping_status":"closed","template":"","meta":[],"product_brand":[],"product_cat":[125,105],"product_tag":[],"class_list":{"0":"post-6607","1":"product","2":"type-product","3":"status-publish","4":"has-post-thumbnail","6":"product_cat-cord-lanyards","7":"product_cat-badge-holder-lanyards","9":"first","10":"instock","11":"shipping-taxable","12":"purchasable","13":"product-type-simple"},"_links":{"self":[{"href":"https:\/\/displayproducts.eu\/lv\/wp-json\/wp\/v2\/product\/6607","targetHints":{"allow":["GET"]}}],"collection":[{"href":"https:\/\/displayproducts.eu\/lv\/wp-json\/wp\/v2\/product"}],"about":[{"href":"https:\/\/displayproducts.eu\/lv\/wp-json\/wp\/v2\/types\/product"}],"replies":[{"embeddable":true,"href":"https:\/\/displayproducts.eu\/lv\/wp-json\/wp\/v2\/comments?post=6607"}],"wp:featuredmedia":[{"embeddable":true,"href":"https:\/\/displayproducts.eu\/lv\/wp-json\/wp\/v2\/media\/6608"}],"wp:attachment":[{"href":"https:\/\/displayproducts.eu\/lv\/wp-json\/wp\/v2\/media?parent=6607"}],"wp:term":[{"taxonomy":"product_brand","embeddable":true,"href":"https:\/\/displayproducts.eu\/lv\/wp-json\/wp\/v2\/product_brand?post=6607"},{"taxonomy":"product_cat","embeddable":true,"href":"https:\/\/displayproducts.eu\/lv\/wp-json\/wp\/v2\/product_cat?post=6607"},{"taxonomy":"product_tag","embeddable":true,"href":"https:\/\/displayproducts.eu\/lv\/wp-json\/wp\/v2\/product_tag?post=6607"}],"curies":[{"name":"wp","href":"https:\/\/api.w.org\/{rel}","templated":true}]}}