{"id":6599,"date":"2026-01-06T00:43:04","date_gmt":"2026-01-05T21:43:04","guid":{"rendered":"https:\/\/wristbandfactory.eu\/?post_type=product&#038;p=6599"},"modified":"2026-04-01T21:52:34","modified_gmt":"2026-04-01T18:52:34","slug":"premium-fabric-wristbands-with-gold-thread","status":"publish","type":"product","link":"https:\/\/displayproducts.eu\/lv\/p\/premium-fabric-wristbands-with-gold-thread\/","title":{"rendered":"Auduma aproces ar zelta diegu"},"content":{"rendered":"<p data-path-to-node=\"8\">M\u016bsu augst\u0101k\u0101s kvalit\u0101tes zelta diegu auduma aproces ir pas\u0101kumu identifik\u0101cijas virsotne. Apvienojot tradicion\u0101l\u0101s augstas kvalit\u0101tes poliestera \u0161\u0137iedras ar met\u0101lisku lureksa diegu, m\u0113s rad\u0101m aproci, kas ne tikai identific\u0113 viesi, bet ar\u012b uzlabo visu pas\u0101kuma pieredzi. \u0160\u012bs aproces ir paredz\u0113tas organizatoriem, kuri atsak\u0101s piek\u0101pties dro\u0161\u012bbas vai stila zi\u0146\u0101.<\/p>\n<h2 data-path-to-node=\"9\">Galven\u0101s iez\u012bmes<\/h2>\n<ul data-path-to-node=\"10\">\n<li>\n<p data-path-to-node=\"10,0,0\"><b data-path-to-node=\"10,0,0\" data-index-in-node=\"0\">Met\u0101liska lureksa au\u0161ana:<\/b> Autentisks zelta kr\u0101sas diegs, kas ieausts tie\u0161i audum\u0101, lai ieg\u016btu past\u0101v\u012bgu, mirdzo\u0161u apdari.<\/p>\n<\/li>\n<li>\n<p data-path-to-node=\"10,1,0\"><b data-path-to-node=\"10,1,0\" data-index-in-node=\"0\">Aizsardz\u012bba pret viltojumiem:<\/b> Izv\u0113lieties vienvirziena plastmasas b\u012bd\u0101mos elementus, met\u0101la gredzenus vai videi draudz\u012bgas bambusa sl\u0113dzenes.<\/p>\n<\/li>\n<li>\n<p data-path-to-node=\"10,2,0\"><b data-path-to-node=\"10,2,0\" data-index-in-node=\"0\">\u0112rts dizains:<\/b> M\u012bkst\u0101s malas nodro\u0161ina, ka aproce saglab\u0101 komfortu pat ilgsto\u0161u, vair\u0101ku dienu pas\u0101kumu laik\u0101.<\/p>\n<\/li>\n<li>\n<p data-path-to-node=\"10,3,0\"><b data-path-to-node=\"10,3,0\" data-index-in-node=\"0\">\u016adens un pl\u012bsumu iztur\u012bgs:<\/b> Rad\u012bts, lai iztur\u0113tu lietu, sviedrus un intens\u012bvu aktivit\u0101ti, nezaud\u0113jot kr\u0101su vai struktur\u0101lo integrit\u0101ti.<\/p>\n<\/li>\n<\/ul>\n<h2 data-path-to-node=\"11\">Specifik\u0101cijas<\/h2>\n<ul data-path-to-node=\"12\">\n<li>\n<p data-path-to-node=\"12,0,0\"><b data-path-to-node=\"12,0,0\" data-index-in-node=\"0\">Materi\u0101ls:<\/b> Augstas kvalit\u0101tes poliesters + met\u0101liski zelta lurekss.<\/p>\n<\/li>\n<li>\n<p data-path-to-node=\"12,1,0\"><b data-path-to-node=\"12,1,0\" data-index-in-node=\"0\">Izm\u0113ri:<\/b> Standarta izm\u0113rs 15 mm x 350 mm (p\u0113c piepras\u012bjuma pieejami ar\u012b citi platumi).<\/p>\n<\/li>\n<li>\n<p data-path-to-node=\"12,2,0\"><b data-path-to-node=\"12,2,0\" data-index-in-node=\"0\">Druk\u0101\u0161ana:<\/b> L\u012bdz 8 aust\u0101m kr\u0101s\u0101m, ieskaitot met\u0101lisko pamatni.<\/p>\n<\/li>\n<li>\n<p data-path-to-node=\"12,3,0\"><b data-path-to-node=\"12,3,0\" data-index-in-node=\"0\">Blo\u0137\u0113\u0161anas opcijas:<\/b> Vienreizlietojama b\u012bd\u0101m\u0101 sl\u0113dzene (plastmasa\/met\u0101ls) vai atk\u0101rtoti lietojama lod\u012bte.<\/p>\n<\/li>\n<li>\n<p data-path-to-node=\"12,4,0\"><b data-path-to-node=\"12,4,0\" data-index-in-node=\"0\">Minim\u0101lais pas\u016bt\u012bjuma daudzums:<\/b> 100 vien\u012bbas.<\/p>\n<\/li>\n<\/ul>\n<h2 data-path-to-node=\"13\">Lieto\u0161anas gad\u012bjumi<\/h2>\n<ul data-path-to-node=\"14\">\n<li>\n<p data-path-to-node=\"14,0,0\"><b data-path-to-node=\"14,0,0\" data-index-in-node=\"0\">M\u016bzikas festiv\u0101li:<\/b> VIP, aizkuli\u0161u vai m\u0101kslinieku zonu apz\u012bm\u0113\u0161ana ar redzamu premium mar\u0137ieri.<\/p>\n<\/li>\n<li>\n<p data-path-to-node=\"14,1,0\"><b data-path-to-node=\"14,1,0\" data-index-in-node=\"0\">Korporat\u012bv\u0101s svin\u012bbas:<\/b> Izsmalcin\u0101ta alternat\u012bva standarta plastmasas vai pap\u012bra aproc\u0113m svin\u012bgiem pas\u0101kumiem.<\/p>\n<\/li>\n<li>\n<p data-path-to-node=\"14,2,0\"><b data-path-to-node=\"14,2,0\" data-index-in-node=\"0\">Luksusa viesn\u012bcas un k\u016brorti:<\/b> Ar stilu izce\u013cot viesus, kuri rezerv\u0113ju\u0161i \u201cviss iek\u013cauts\u201d vai \u201ckluba l\u012bme\u0146a\u201d pakalpojumus.<\/p>\n<\/li>\n<li>\n<p data-path-to-node=\"14,3,0\"><b data-path-to-node=\"14,3,0\" data-index-in-node=\"0\">Piemi\u0146as pas\u0101kumi:<\/b> Jubilejas svin\u012bbas, kur\u0101s aproce kalpo k\u0101 augstv\u0113rt\u012bga piemi\u0146as lieta.<\/p>\n<\/li>\n<\/ul>\n<p data-path-to-node=\"15\">","protected":false},"excerpt":{"rendered":"<ul>\n<li>\n<p data-path-to-node=\"7,0,0\"><b data-path-to-node=\"7,0,0\" data-index-in-node=\"0\">Augst\u0101k\u0101s klases VIP est\u0113tika:<\/b> Austs met\u0101lisks zelta diegs nodro\u0161ina ekskluz\u012bvu, augstas klases izskatu, kas at\u0161\u0137ir VIP viesus.<\/p>\n<\/li>\n<li>\n<p data-path-to-node=\"7,1,0\"><b data-path-to-node=\"7,1,0\" data-index-in-node=\"0\">Maksim\u0101la dro\u0161\u012bba:<\/b> Apr\u012bkots ar nenododamu blo\u0137\u0113\u0161anas meh\u0101nismu, lai nov\u0113rstu neat\u013cautu koplieto\u0161anu un iek\u013c\u016b\u0161anu.<\/p>\n<\/li>\n<li>\n<p data-path-to-node=\"7,2,0\"><b data-path-to-node=\"7,2,0\" data-index-in-node=\"0\">Ilgsto\u0161s z\u012bmols:<\/b> Izgatavots no augstas kvalit\u0101tes poliestera, kas iztur vair\u0101ku dienu festiv\u0101lus un kalpo k\u0101 suven\u012brs.<\/p>\n<\/li>\n<li>\n<p data-path-to-node=\"7,3,0\"><b data-path-to-node=\"7,3,0\" data-index-in-node=\"0\">Piln\u012bga piel\u0101go\u0161ana:<\/b> Pilnkr\u0101su au\u0161ana \u013cauj integr\u0113t sare\u017e\u0123\u012btus logotipus ar dzirksto\u0161ajiem zelta akcentiem.<\/p>\n<\/li>\n<\/ul>","protected":false},"featured_media":6603,"comment_status":"closed","ping_status":"closed","template":"","meta":[],"product_brand":[],"product_cat":[47],"product_tag":[],"class_list":{"0":"post-6599","1":"product","2":"type-product","3":"status-publish","4":"has-post-thumbnail","6":"product_cat-fabric-wristbands","8":"first","9":"instock","10":"shipping-taxable","11":"purchasable","12":"product-type-simple"},"_links":{"self":[{"href":"https:\/\/displayproducts.eu\/lv\/wp-json\/wp\/v2\/product\/6599","targetHints":{"allow":["GET"]}}],"collection":[{"href":"https:\/\/displayproducts.eu\/lv\/wp-json\/wp\/v2\/product"}],"about":[{"href":"https:\/\/displayproducts.eu\/lv\/wp-json\/wp\/v2\/types\/product"}],"replies":[{"embeddable":true,"href":"https:\/\/displayproducts.eu\/lv\/wp-json\/wp\/v2\/comments?post=6599"}],"wp:featuredmedia":[{"embeddable":true,"href":"https:\/\/displayproducts.eu\/lv\/wp-json\/wp\/v2\/media\/6603"}],"wp:attachment":[{"href":"https:\/\/displayproducts.eu\/lv\/wp-json\/wp\/v2\/media?parent=6599"}],"wp:term":[{"taxonomy":"product_brand","embeddable":true,"href":"https:\/\/displayproducts.eu\/lv\/wp-json\/wp\/v2\/product_brand?post=6599"},{"taxonomy":"product_cat","embeddable":true,"href":"https:\/\/displayproducts.eu\/lv\/wp-json\/wp\/v2\/product_cat?post=6599"},{"taxonomy":"product_tag","embeddable":true,"href":"https:\/\/displayproducts.eu\/lv\/wp-json\/wp\/v2\/product_tag?post=6599"}],"curies":[{"name":"wp","href":"https:\/\/api.w.org\/{rel}","templated":true}]}}