{"id":6514,"date":"2026-01-03T00:15:17","date_gmt":"2026-01-02T21:15:17","guid":{"rendered":"https:\/\/wristbandfactory.eu\/?post_type=product&#038;p=6514"},"modified":"2026-04-01T21:52:34","modified_gmt":"2026-04-01T18:52:34","slug":"event-watch-led-wristband-with-custom-logo","status":"publish","type":"product","link":"https:\/\/displayproducts.eu\/lv\/p\/event-watch-led-wristband-with-custom-logo\/","title":{"rendered":"Pulkste\u0146a stila LED aproces ar logo"},"content":{"rendered":"<p data-path-to-node=\"10\">Paaugstiniet sava korporat\u012bv\u0101 z\u012bmola atpaz\u012bstam\u012bbu ar \u201cEvent Watch\u201d LED aproci. \u0160is modelis ir veidots ar izcilu korpusu, kas atdarina m\u016bsdien\u012bgu pulksteni, un ir \u012bpa\u0161i izstr\u0101d\u0101ts maksim\u0101lai z\u012bmola atpaz\u012bstam\u012bbai. LED modu\u013ca plakan\u0101, liel\u0101 virsma nodro\u0161ina, ka pat detaliz\u0113ti logotipi tiek atveidoti skaidri un saglab\u0101 uzman\u012bbas centr\u0101 vis\u0101 norises viet\u0101. Izgatavots no triecieniztur\u012bga ABS un medic\u012bnisk\u0101s kvalit\u0101tes silikona, \u0161is 30 g valk\u0101jamais modelis pied\u0101v\u0101 iev\u0113rojamu un augst\u0101k\u0101s kvalit\u0101tes saj\u016btu, ko viesi nov\u0113rt\u0113s k\u0101 augsto tehnolo\u0123iju suven\u012bru.<\/p>\n<h2 data-path-to-node=\"11\">Galven\u0101s iez\u012bmes<\/h2>\n<ul data-path-to-node=\"12\">\n<li>\n<p data-path-to-node=\"12,0,0\"><b data-path-to-node=\"12,0,0\" data-index-in-node=\"0\">Augst\u0101k\u0101s kvalit\u0101tes pulkste\u0146a stila est\u0113tika:<\/b> Paz\u012bstamais pulkste\u0146a dizains padara to par visprofesion\u0101l\u0101ko izv\u0113li augstas klases svin\u012bb\u0101m un korporat\u012bvaj\u0101m konferenc\u0113m.<\/p>\n<\/li>\n<li>\n<p data-path-to-node=\"12,1,0\"><b data-path-to-node=\"12,1,0\" data-index-in-node=\"0\">Profesion\u0101la RF integr\u0101cija:<\/b> Neman\u0101mi sinhroniz\u0113jas ar j\u016bsu apgaismojuma pulti, lai puls\u0113tu un mirgotu perfekt\u0101 saska\u0146\u0101 ar pas\u0101kuma skatuves programmu.<\/p>\n<\/li>\n<li>\n<p data-path-to-node=\"12,2,0\"><b data-path-to-node=\"12,2,0\" data-index-in-node=\"0\">Iztur\u012bgs un atk\u0101rtoti lietojams:<\/b> Augstas kvalit\u0101tes materi\u0101li un nomain\u0101m\u0101 bateriju sist\u0113ma padara \u0161\u012bs lentas piem\u0113rotas vair\u0101ku dienu lieto\u0161anai vai sec\u012bgiem braucieniem.<\/p>\n<\/li>\n<li>\n<p data-path-to-node=\"12,3,0\"><b data-path-to-node=\"12,3,0\" data-index-in-node=\"0\">Augstas intensit\u0101tes gaismas diodes:<\/b> Pied\u0101v\u0101 jaud\u012bgu gaismas jaudu, kas sp\u0113j att\u0113lot 15 at\u0161\u0137ir\u012bgas kr\u0101sas, lai perfekti atbilstu j\u016bsu z\u012bmola specifiskajai paletei.<\/p>\n<\/li>\n<\/ul>\n<h2 data-path-to-node=\"13\">Specifik\u0101cijas<\/h2>\n<ul data-path-to-node=\"14\">\n<li>\n<p data-path-to-node=\"14,0,0\"><b data-path-to-node=\"14,0,0\" data-index-in-node=\"0\">Materi\u0101ls:<\/b> Pastiprin\u0101ts ABS korpuss un augst\u0101k\u0101s kvalit\u0101tes silikona siksni\u0146a<\/p>\n<\/li>\n<li>\n<p data-path-to-node=\"14,1,0\"><b data-path-to-node=\"14,1,0\" data-index-in-node=\"0\">Svars:<\/b> 30 g<\/p>\n<\/li>\n<li>\n<p data-path-to-node=\"14,2,0\"><b data-path-to-node=\"14,2,0\" data-index-in-node=\"0\">Vien\u012bbas izm\u0113rs:<\/b> 6,7 x 7,5 cm<\/p>\n<\/li>\n<li>\n<p data-path-to-node=\"14,3,0\"><b data-path-to-node=\"14,3,0\" data-index-in-node=\"0\">Komunik\u0101cija:<\/b> RF 433MHz \/ T\u0101lvad\u012bbas pults \/ DMX512<\/p>\n<\/li>\n<li>\n<p data-path-to-node=\"14,4,0\"><b data-path-to-node=\"14,4,0\" data-index-in-node=\"0\">Akumulators:<\/b> 2x CR2032 (nomain\u0101mas)<\/p>\n<\/li>\n<li>\n<p data-path-to-node=\"14,5,0\"><b data-path-to-node=\"14,5,0\" data-index-in-node=\"0\">Darba laiks:<\/b> L\u012bdz 12 stund\u0101m<\/p>\n<\/li>\n<li>\n<p data-path-to-node=\"14,6,0\"><b data-path-to-node=\"14,6,0\" data-index-in-node=\"0\">LED kr\u0101sas:<\/b> 15 daudzkr\u0101su re\u017e\u012bmi<\/p>\n<\/li>\n<\/ul>\n<h2 data-path-to-node=\"15\">Lieto\u0161anas gad\u012bjumi<\/h2>\n<ul data-path-to-node=\"16\">\n<li>\n<p data-path-to-node=\"16,0,0\"><b data-path-to-node=\"16,0,0\" data-index-in-node=\"0\">Korporat\u012bvie svin\u012bgie pas\u0101kumi:<\/b> Profesion\u0101la valk\u0101jama ier\u012bce, kas kalpo gan k\u0101 interakt\u012bvs aksesu\u0101rs, gan k\u0101 z\u012bmola augstv\u0113rt\u012bga d\u0101vana.<\/p>\n<\/li>\n<li>\n<p data-path-to-node=\"16,1,0\"><b data-path-to-node=\"16,1,0\" data-index-in-node=\"0\">Liela m\u0113roga konferences:<\/b> P\u0101rv\u0113r\u0161ot visu auditoriju sinhroniz\u0113t\u0101 gaismas audekl\u0101 galveno runu un atkl\u0101smju laik\u0101.<\/p>\n<\/li>\n<li>\n<p data-path-to-node=\"16,2,0\"><b data-path-to-node=\"16,2,0\" data-index-in-node=\"0\">VIP sponsora z\u012bmols:<\/b> Izmantojot p\u0101r\u0101k lielo ciparn\u012bcu, lai demonstr\u0113tu galvenos pas\u0101kuma sponsorus ekskluz\u012bvu vakara pas\u0101kumu laik\u0101.<\/p>\n<\/li>\n<li>\n<p data-path-to-node=\"16,3,0\"><b data-path-to-node=\"16,3,0\" data-index-in-node=\"0\">Produktu lai\u0161ana klaj\u0101:<\/b> Z\u012bmola identit\u0101tes izcel\u0161ana t\u016bksto\u0161iem apmekl\u0113t\u0101ju vienlaikus, izmantojot centr\u0101lo apgaismojuma vad\u012bbu.<\/p>\n<\/li>\n<\/ul>\n<p data-path-to-node=\"17\">","protected":false},"excerpt":{"rendered":"<ul>\n<li>\n<p data-path-to-node=\"9,0,0\"><b data-path-to-node=\"9,0,0\" data-index-in-node=\"0\">Moderns pulkste\u0146u dizains:<\/b> Apr\u012bkots ar izteiktu taisnst\u016brveida korpusu uz \u0113rtas silikona lentas, kas atdarina profesion\u0101la viedpulkste\u0146a izskatu.<\/p>\n<\/li>\n<li>\n<p data-path-to-node=\"9,1,0\"><b data-path-to-node=\"9,1,0\" data-index-in-node=\"0\">Maksim\u0101la z\u012bmola virsma:<\/b> Lielizm\u0113ra, plakan\u0101 \u201cpulkste\u0146a ciparn\u012bca\u201d nodro\u0161ina liel\u0101ko drukas laukumu m\u016bsu katalog\u0101 iespaid\u012bgiem, piel\u0101gotiem logotipiem.<\/p>\n<\/li>\n<li>\n<p data-path-to-node=\"9,2,0\"><b data-path-to-node=\"9,2,0\" data-index-in-node=\"0\">Ilgsto\u0161a jauda:<\/b> Apr\u012bkots ar 2x CR2032 nomain\u0101m\u0101m baterij\u0101m, kas nodro\u0161ina uzticamu 12 stundu gaismas \u0161ovu ilgsto\u0161iem pas\u0101kumiem.<\/p>\n<\/li>\n<li>\n<p data-path-to-node=\"9,3,0\"><b data-path-to-node=\"9,3,0\" data-index-in-node=\"0\">Piln\u012bga sinhroniz\u0113ta vad\u012bba:<\/b> Nekav\u0113joties rea\u0123\u0113 uz centr\u0101lajiem RF un DMX512 kontrolieriem, lai vienlaikus p\u0101rvald\u012btu 15 spilgtas LED kr\u0101sas.<\/p>\n<\/li>\n<\/ul>","protected":false},"featured_media":6515,"comment_status":"closed","ping_status":"closed","template":"","meta":[],"product_brand":[],"product_cat":[80],"product_tag":[],"class_list":{"0":"post-6514","1":"product","2":"type-product","3":"status-publish","4":"has-post-thumbnail","6":"product_cat-led-wristbands","8":"first","9":"instock","10":"shipping-taxable","11":"purchasable","12":"product-type-simple"},"_links":{"self":[{"href":"https:\/\/displayproducts.eu\/lv\/wp-json\/wp\/v2\/product\/6514","targetHints":{"allow":["GET"]}}],"collection":[{"href":"https:\/\/displayproducts.eu\/lv\/wp-json\/wp\/v2\/product"}],"about":[{"href":"https:\/\/displayproducts.eu\/lv\/wp-json\/wp\/v2\/types\/product"}],"replies":[{"embeddable":true,"href":"https:\/\/displayproducts.eu\/lv\/wp-json\/wp\/v2\/comments?post=6514"}],"wp:featuredmedia":[{"embeddable":true,"href":"https:\/\/displayproducts.eu\/lv\/wp-json\/wp\/v2\/media\/6515"}],"wp:attachment":[{"href":"https:\/\/displayproducts.eu\/lv\/wp-json\/wp\/v2\/media?parent=6514"}],"wp:term":[{"taxonomy":"product_brand","embeddable":true,"href":"https:\/\/displayproducts.eu\/lv\/wp-json\/wp\/v2\/product_brand?post=6514"},{"taxonomy":"product_cat","embeddable":true,"href":"https:\/\/displayproducts.eu\/lv\/wp-json\/wp\/v2\/product_cat?post=6514"},{"taxonomy":"product_tag","embeddable":true,"href":"https:\/\/displayproducts.eu\/lv\/wp-json\/wp\/v2\/product_tag?post=6514"}],"curies":[{"name":"wp","href":"https:\/\/api.w.org\/{rel}","templated":true}]}}