{"id":6512,"date":"2026-01-02T23:35:13","date_gmt":"2026-01-02T20:35:13","guid":{"rendered":"https:\/\/wristbandfactory.eu\/?post_type=product&#038;p=6512"},"modified":"2026-04-01T21:52:34","modified_gmt":"2026-04-01T18:52:34","slug":"curved-ergonomic-led-wristband-with-custom-logo","status":"publish","type":"product","link":"https:\/\/displayproducts.eu\/lv\/p\/curved-ergonomic-led-wristband-with-custom-logo\/","title":{"rendered":"Ergonomiskas LED aproces ar logo"},"content":{"rendered":"<p data-path-to-node=\"9\">Paaugstiniet sava z\u012bmola pieredzi ar \u201cizliekto\u201d ergonomisko LED aproci. \u0160im modelim (Catalog LED 7) ir rakstur\u012bga stingra PVC konstrukcija, kas nodro\u0161ina augst\u0101k\u0101s kvalit\u0101tes izskatu un saj\u016btu sal\u012bdzin\u0101jum\u0101 ar standarta silikona alternat\u012bv\u0101m. Caursp\u012bd\u012bgais materi\u0101ls \u013cauj gaismai eleganti izklied\u0113ties pa visu aproci, savuk\u0101rt unik\u0101l\u0101 blo\u0137\u0113\u0161anas aizdare nodro\u0161ina, ka t\u0101 saglab\u0101jas \u0113rti un viet\u0101 visa pas\u0101kuma laik\u0101. T\u0101 ir iecien\u012bta izv\u0113le korporat\u012bvaj\u0101m VIP zon\u0101m un ietekm\u012bgiem produktu prezent\u0101cijas pas\u0101kumiem, kur galven\u0101 noz\u012bme ir m\u016bsdien\u012bgai est\u0113tikai.<\/p>\n<h2 data-path-to-node=\"10\">Galven\u0101s iez\u012bmes<\/h2>\n<ul data-path-to-node=\"11\">\n<li>\n<p data-path-to-node=\"11,0,0\"><b data-path-to-node=\"11,0,0\" data-index-in-node=\"0\">Izv\u0113lieties LED jaudu:<\/b> Izv\u0113lieties starp 2 LED versiju maigai atmosf\u0113rai vai 4 LED versiju maksim\u0101lam spilgtumam liel\u0101s norises viet\u0101s.<\/p>\n<\/li>\n<li>\n<p data-path-to-node=\"11,1,0\"><b data-path-to-node=\"11,1,0\" data-index-in-node=\"0\">Iztur\u012bgs PVC materi\u0101ls:<\/b> Izgatavots no triecieniztur\u012bga ABS un profesion\u0101las kvalit\u0101tes PVC kombin\u0101cijas, lai nodro\u0161in\u0101tu uzlabotu iztur\u012bbu.<\/p>\n<\/li>\n<li>\n<p data-path-to-node=\"11,2,0\"><b data-path-to-node=\"11,2,0\" data-index-in-node=\"0\">Vienm\u0113r\u012bga RF integr\u0101cija:<\/b> Izveido savienojumu ar centr\u0101laj\u0101m apgaismojuma konsol\u0113m, lai aktiviz\u0113tu kr\u0101su mai\u0146as re\u0101llaik\u0101 un dinamiskas mirgo\u0161anas sec\u012bbas.<\/p>\n<\/li>\n<li>\n<p data-path-to-node=\"11,3,0\"><b data-path-to-node=\"11,3,0\" data-index-in-node=\"0\">Anatomisk\u0101 piem\u0113rot\u012bba:<\/b> Iepriek\u0161 izliekt\u0101 forma piegu\u013c zem\u0101k uz plaukstas loc\u012btavas, samazinot apjomu un nodro\u0161inot elegantu, pulkstenim l\u012bdz\u012bgu profilu.<\/p>\n<\/li>\n<\/ul>\n<h2 data-path-to-node=\"12\">Specifik\u0101cijas<\/h2>\n<ul data-path-to-node=\"13\">\n<li>\n<p data-path-to-node=\"13,0,0\"><b data-path-to-node=\"13,0,0\" data-index-in-node=\"0\">Materi\u0101ls:<\/b> Triecieniztur\u012bgs ABS korpuss un augst\u0101k\u0101s kvalit\u0101tes PVC lentas.<\/p>\n<\/li>\n<li>\n<p data-path-to-node=\"13,1,0\"><b data-path-to-node=\"13,1,0\" data-index-in-node=\"0\">Vien\u012bbas izm\u0113rs:<\/b> Diametrs 6,9 x 6,4 cm.<\/p>\n<\/li>\n<li>\n<p data-path-to-node=\"13,2,0\"><b data-path-to-node=\"13,2,0\" data-index-in-node=\"0\">Svars:<\/b> 30 g.<\/p>\n<\/li>\n<li>\n<p data-path-to-node=\"13,3,0\"><b data-path-to-node=\"13,3,0\" data-index-in-node=\"0\">Komunik\u0101cija:<\/b> RF 433MHz \/ T\u0101lvad\u012bbas pults \/ DMX512.<\/p>\n<\/li>\n<li>\n<p data-path-to-node=\"13,4,0\"><b data-path-to-node=\"13,4,0\" data-index-in-node=\"0\">Akumulators:<\/b> 2x CR2032 (nomain\u0101mas).<\/p>\n<\/li>\n<li>\n<p data-path-to-node=\"13,5,0\"><b data-path-to-node=\"13,5,0\" data-index-in-node=\"0\">Akumulatora darb\u012bbas laiks:<\/b> Aptuveni 8 stundas akt\u012bva gaismas \u0161ova.<\/p>\n<\/li>\n<li>\n<p data-path-to-node=\"13,6,0\"><b data-path-to-node=\"13,6,0\" data-index-in-node=\"0\">LED re\u017e\u012bmi:<\/b> 15+ daudzkr\u0101su sinhroniz\u0101cijas re\u017e\u012bmi.<\/p>\n<\/li>\n<\/ul>\n<h2 data-path-to-node=\"14\">Lieto\u0161anas gad\u012bjumi<\/h2>\n<ul data-path-to-node=\"15\">\n<li>\n<p data-path-to-node=\"15,0,0\"><b data-path-to-node=\"15,0,0\" data-index-in-node=\"0\">Korporat\u012bvie svin\u012bgie pas\u0101kumi:<\/b> Nodro\u0161inot augsto tehnolo\u0123iju un stil\u012bgu valk\u0101jamo ap\u0123\u0113rbu, kas uzlabo form\u0101lo atmosf\u0113ru.<\/p>\n<\/li>\n<li>\n<p data-path-to-node=\"15,1,0\"><b data-path-to-node=\"15,1,0\" data-index-in-node=\"0\">Produkta atkl\u0101jumi:<\/b> Izmantojot sinhroniz\u0113tus kr\u0101su rakstus, lai rad\u012btu interesi jaunu produktu lai\u0161anas klaj\u0101 laik\u0101.<\/p>\n<\/li>\n<li>\n<p data-path-to-node=\"15,2,0\"><b data-path-to-node=\"15,2,0\" data-index-in-node=\"0\">VIP piek\u013cuves kontrole:<\/b> Izce\u013cot augst\u0101k\u0101s klases viesus ar stingru, labi redzamu LED modeli.<\/p>\n<\/li>\n<li>\n<p data-path-to-node=\"15,3,0\"><b data-path-to-node=\"15,3,0\" data-index-in-node=\"0\">Tematisk\u0101s ball\u012btes:<\/b> Izmantojot daudzkr\u0101su iesp\u0113jas, lai t\u0101s atbilstu j\u016bsu pas\u0101kuma specifiskajai kr\u0101su paletei.<\/p>\n<\/li>\n<\/ul>\n<p data-path-to-node=\"16\">","protected":false},"excerpt":{"rendered":"<ul>\n<li>\n<p data-path-to-node=\"8,0,0\"><b data-path-to-node=\"8,0,0\" data-index-in-node=\"0\">Anatomiski stingrs dizains:<\/b> Kontur\u0113t\u0101 PVC konstrukcija seko dabiskajai plaukstas loc\u012btavas formai, nodro\u0161inot profesion\u0101lu ergonomisku komfortu pas\u0101kumu laik\u0101.<\/p>\n<\/li>\n<li>\n<p data-path-to-node=\"8,1,0\"><b data-path-to-node=\"8,1,0\" data-index-in-node=\"0\">Dro\u0161a blo\u0137\u0113\u0161anas sl\u0113g\u0161ana:<\/b> Apr\u012bkota ar unik\u0101lu puzles stila savienojamu spraugu, lai nodro\u0161in\u0101tu, ka lente paliek dro\u0161a pat ener\u0123isku kust\u012bbu laik\u0101.<\/p>\n<\/li>\n<li>\n<p data-path-to-node=\"8,2,0\"><b data-path-to-node=\"8,2,0\" data-index-in-node=\"0\">T\u0101lvad\u012bbas sinhroniz\u0101cija:<\/b> Piln\u012bb\u0101 sader\u012bgs ar profesion\u0101liem RF un DMX512 kontrolieriem, lai nodro\u0161in\u0101tu sinhroniz\u0113tus gaismas efektus vis\u0101 norises viet\u0101.<\/p>\n<\/li>\n<li>\n<p data-path-to-node=\"8,3,0\"><b data-path-to-node=\"8,3,0\" data-index-in-node=\"0\">Augstas redzam\u012bbas z\u012bmola veido\u0161ana:<\/b> Stingr\u0101 PVC virsma nodro\u0161ina stabilu un redzamu virsmu augstas precizit\u0101tes piel\u0101gota logotipa druk\u0101\u0161anai.<\/p>\n<\/li>\n<\/ul>","protected":false},"featured_media":6687,"comment_status":"closed","ping_status":"closed","template":"","meta":[],"product_brand":[],"product_cat":[80],"product_tag":[],"class_list":{"0":"post-6512","1":"product","2":"type-product","3":"status-publish","4":"has-post-thumbnail","6":"product_cat-led-wristbands","8":"first","9":"instock","10":"shipping-taxable","11":"product-type-simple"},"_links":{"self":[{"href":"https:\/\/displayproducts.eu\/lv\/wp-json\/wp\/v2\/product\/6512","targetHints":{"allow":["GET"]}}],"collection":[{"href":"https:\/\/displayproducts.eu\/lv\/wp-json\/wp\/v2\/product"}],"about":[{"href":"https:\/\/displayproducts.eu\/lv\/wp-json\/wp\/v2\/types\/product"}],"replies":[{"embeddable":true,"href":"https:\/\/displayproducts.eu\/lv\/wp-json\/wp\/v2\/comments?post=6512"}],"wp:featuredmedia":[{"embeddable":true,"href":"https:\/\/displayproducts.eu\/lv\/wp-json\/wp\/v2\/media\/6687"}],"wp:attachment":[{"href":"https:\/\/displayproducts.eu\/lv\/wp-json\/wp\/v2\/media?parent=6512"}],"wp:term":[{"taxonomy":"product_brand","embeddable":true,"href":"https:\/\/displayproducts.eu\/lv\/wp-json\/wp\/v2\/product_brand?post=6512"},{"taxonomy":"product_cat","embeddable":true,"href":"https:\/\/displayproducts.eu\/lv\/wp-json\/wp\/v2\/product_cat?post=6512"},{"taxonomy":"product_tag","embeddable":true,"href":"https:\/\/displayproducts.eu\/lv\/wp-json\/wp\/v2\/product_tag?post=6512"}],"curies":[{"name":"wp","href":"https:\/\/api.w.org\/{rel}","templated":true}]}}