{"id":6507,"date":"2026-01-02T23:24:17","date_gmt":"2026-01-02T20:24:17","guid":{"rendered":"https:\/\/wristbandfactory.eu\/?post_type=product&#038;p=6507"},"modified":"2026-04-01T21:52:34","modified_gmt":"2026-04-01T18:52:34","slug":"the-bright-stadium-led-wristband-with-custom-logo","status":"publish","type":"product","link":"https:\/\/displayproducts.eu\/lv\/p\/the-bright-stadium-led-wristband-with-custom-logo\/","title":{"rendered":"Jaud\u012bgas stadiona LED aproces ar logo"},"content":{"rendered":"<p>P\u0101rveidojiet savu stadiona pas\u0101kumu par hipnotiz\u0113jo\u0161u gaismas j\u016bru ar \u201cThe Bright\u201d LED aproci. \u0160is modelis ir \u012bpa\u0161i izstr\u0101d\u0101ts liela m\u0113roga iestud\u0113jumiem, kuros standarta pogas tipa bateriju aproc\u0113m nav nepiecie\u0161am\u0101s gaismas pl\u016bsmas. Izmantojot 11 atsevi\u0161\u0137as LED un \u012bpa\u0161u AAA baro\u0161anas avotu, \u201cThe Bright\u201d nodro\u0161ina, ka j\u016bsu z\u012bmols un gaismas \u0161ovs sasniedz vist\u0101l\u0101k\u0101s s\u0113dvietas ar nep\u0101rsp\u0113jamu intensit\u0101ti un skaidr\u012bbu. Tas ir lab\u0101kais instruments pas\u0101kumu organizatoriem, kuri atsak\u0101s piek\u0101pties vizu\u0101lajam efektam.<\/p>\n<h2 data-path-to-node=\"11\">Galven\u0101s iez\u012bmes<\/h2>\n<ul data-path-to-node=\"12\">\n<li>\n<p data-path-to-node=\"12,0,0\"><b data-path-to-node=\"12,0,0\" data-index-in-node=\"0\">11 LED mas\u012bvs:<\/b> M\u016bsu jaud\u012bg\u0101k\u0101 apgaismojuma konfigur\u0101cija, kas \u012bpa\u0161i izstr\u0101d\u0101ta maksim\u0101lai jaudai pla\u0161\u0101s \u0101ra un iek\u0161telpu norises viet\u0101s.<\/p>\n<\/li>\n<li>\n<p data-path-to-node=\"12,1,0\"><b data-path-to-node=\"12,1,0\" data-index-in-node=\"0\">Darbina ar AAA baterij\u0101m:<\/b> At\u0161\u0137ir\u012bb\u0101 no standarta mode\u013ciem, \u0161aj\u0101 tiek izmantotas nomain\u0101mas AAA baterijas, lai nodro\u0161in\u0101tu vienk\u0101r\u0161\u0101ku apkopi un iev\u0113rojami ilg\u0101ku augstas intensit\u0101tes veiktsp\u0113ju.<\/p>\n<\/li>\n<li>\n<p data-path-to-node=\"12,2,0\"><b data-path-to-node=\"12,2,0\" data-index-in-node=\"0\">RF un DMX vad\u012bba:<\/b> Neman\u0101mi integr\u0113jas ar profesion\u0101liem apgaismojuma galdiem, lai re\u0101llaik\u0101 aktiviz\u0113tu kr\u0101su izmai\u0146as, vi\u013c\u0146us un rakstus.<\/p>\n<\/li>\n<li>\n<p data-path-to-node=\"12,3,0\"><b data-path-to-node=\"12,3,0\" data-index-in-node=\"0\">Iztur\u012bga konstrukcija:<\/b> Izgatavots no triecieniztur\u012bgas ABS plastmasas un \u0113rta silikona, lai iztur\u0113tu ener\u0123isku p\u016b\u013ca piedal\u012b\u0161anos.<\/p>\n<\/li>\n<\/ul>\n<h2 data-path-to-node=\"13\">Specifik\u0101cijas<\/h2>\n<ul data-path-to-node=\"14\">\n<li>\n<p data-path-to-node=\"14,0,0\"><b data-path-to-node=\"14,0,0\" data-index-in-node=\"0\">LED skaits:<\/b> 11 augstas intensit\u0101tes gaismas diodes.<\/p>\n<\/li>\n<li>\n<p data-path-to-node=\"14,1,0\"><b data-path-to-node=\"14,1,0\" data-index-in-node=\"0\">Baro\u0161anas avots:<\/b> 2x AAA baterijas (nomain\u0101mas).<\/p>\n<\/li>\n<li>\n<p data-path-to-node=\"14,2,0\"><b data-path-to-node=\"14,2,0\" data-index-in-node=\"0\">Svars:<\/b> 31 g (ieskaitot baterijas).<\/p>\n<\/li>\n<li>\n<p data-path-to-node=\"14,3,0\"><b data-path-to-node=\"14,3,0\" data-index-in-node=\"0\">Izpildes laiks:<\/b> L\u012bdz 12 stund\u0101m akt\u012bvas darb\u012bbas.<\/p>\n<\/li>\n<li>\n<p data-path-to-node=\"14,4,0\"><b data-path-to-node=\"14,4,0\" data-index-in-node=\"0\">Komunik\u0101cija:<\/b> Radiofrekven\u010du frekvence 433 MHz \/ DMX512.<\/p>\n<\/li>\n<li>\n<p data-path-to-node=\"14,5,0\"><b data-path-to-node=\"14,5,0\" data-index-in-node=\"0\">Materi\u0101ls:<\/b> Triecieniztur\u012bgs ABS korpuss un silikona siksni\u0146a.<\/p>\n<\/li>\n<li>\n<p data-path-to-node=\"14,6,0\"><b data-path-to-node=\"14,6,0\" data-index-in-node=\"0\">Piel\u0101go\u0161ana:<\/b> Augstas precizit\u0101tes spilventi\u0146u apdruka uz akumulatora\/LED korpusa.<\/p>\n<\/li>\n<\/ul>\n<h2 data-path-to-node=\"15\">Lieto\u0161anas gad\u012bjumi<\/h2>\n<ul data-path-to-node=\"16\">\n<li>\n<p data-path-to-node=\"16,0,0\"><b data-path-to-node=\"16,0,0\" data-index-in-node=\"0\">Stadiona koncertt\u016bres:<\/b> Radot milz\u012bgus, spilgtus gaismas \u0161ovus, kas perfekti sinhroniz\u0113jas ar muzik\u0101lo priek\u0161nesumu.<\/p>\n<\/li>\n<li>\n<p data-path-to-node=\"16,1,0\"><b data-path-to-node=\"16,1,0\" data-index-in-node=\"0\">Lieli br\u012bvdabas festiv\u0101li:<\/b> Nodro\u0161in\u0101t z\u012bmola atpaz\u012bstam\u012bbu un p\u016b\u013ca iesaisti pla\u0161aj\u0101 festiv\u0101la teritorij\u0101 nakt\u012b.<\/p>\n<\/li>\n<li>\n<p data-path-to-node=\"16,2,0\"><b data-path-to-node=\"16,2,0\" data-index-in-node=\"0\">Sporta pas\u0101kumi:<\/b> Iesaistot l\u012bdzjut\u0113jus un izce\u013cot svar\u012bg\u0101kos sp\u0113les mirk\u013cus ar sinhroniz\u0113tiem komandas kr\u0101su gaismas displejiem.<\/p>\n<\/li>\n<li>\n<p data-path-to-node=\"16,3,0\"><b data-path-to-node=\"16,3,0\" data-index-in-node=\"0\">Sponsoru aktiviz\u0113\u0161ana:<\/b> Nodro\u0161inot augst\u0101k\u0101s kvalit\u0101tes, firmas z\u012bmi valk\u0101jamu ap\u0123\u0113rbu, ko viesi nov\u0113rt\u0113s k\u0101 augsto tehnolo\u0123iju suven\u012bru.<\/p>\n<\/li>\n<\/ul>","protected":false},"excerpt":{"rendered":"<ul>\n<li>\n<p data-path-to-node=\"9,0,0\"><b data-path-to-node=\"9,0,0\" data-index-in-node=\"0\">Maksim\u0101l\u0101 redzam\u012bba:<\/b> Apr\u012bkots ar 11 augstas intensit\u0101tes LED diod\u0113m, lai nodro\u0161in\u0101tu visspilgt\u0101ko gaismas \u0161ovu lielos stadionos un ar\u0113n\u0101s.<\/p>\n<\/li>\n<li>\n<p data-path-to-node=\"9,1,0\"><b data-path-to-node=\"9,1,0\" data-index-in-node=\"0\">Papla\u0161in\u0101ta veiktsp\u0113ja:<\/b> Darbojas ar 2 AAA baterij\u0101m, kas nodro\u0161ina uzticamu 12 stundu darb\u012bbas laiku pat visilg\u0101kajiem pas\u0101kumiem.<\/p>\n<\/li>\n<li>\n<p data-path-to-node=\"9,2,0\"><b data-path-to-node=\"9,2,0\" data-index-in-node=\"0\">Profesion\u0101la sinhroniz\u0101cija:<\/b> Piln\u012bb\u0101 sader\u012bgs ar RF un DMX512 kontrolieriem sinhroniz\u0113tiem gaismas efektiem vis\u0101 norises viet\u0101.<\/p>\n<\/li>\n<li>\n<p data-path-to-node=\"9,3,0\"><b data-path-to-node=\"9,3,0\" data-index-in-node=\"0\">B2B piel\u0101go\u0161ana:<\/b> Liels, redzams drukas laukums uz ABS korpusa, lai nodro\u0161in\u0101tu labi redzamu piel\u0101gotu logotipu.<\/p>\n<\/li>\n<\/ul>","protected":false},"featured_media":6690,"comment_status":"closed","ping_status":"closed","template":"","meta":[],"product_brand":[],"product_cat":[80],"product_tag":[],"class_list":{"0":"post-6507","1":"product","2":"type-product","3":"status-publish","4":"has-post-thumbnail","6":"product_cat-led-wristbands","8":"first","9":"instock","10":"shipping-taxable","11":"product-type-simple"},"_links":{"self":[{"href":"https:\/\/displayproducts.eu\/lv\/wp-json\/wp\/v2\/product\/6507","targetHints":{"allow":["GET"]}}],"collection":[{"href":"https:\/\/displayproducts.eu\/lv\/wp-json\/wp\/v2\/product"}],"about":[{"href":"https:\/\/displayproducts.eu\/lv\/wp-json\/wp\/v2\/types\/product"}],"replies":[{"embeddable":true,"href":"https:\/\/displayproducts.eu\/lv\/wp-json\/wp\/v2\/comments?post=6507"}],"wp:featuredmedia":[{"embeddable":true,"href":"https:\/\/displayproducts.eu\/lv\/wp-json\/wp\/v2\/media\/6690"}],"wp:attachment":[{"href":"https:\/\/displayproducts.eu\/lv\/wp-json\/wp\/v2\/media?parent=6507"}],"wp:term":[{"taxonomy":"product_brand","embeddable":true,"href":"https:\/\/displayproducts.eu\/lv\/wp-json\/wp\/v2\/product_brand?post=6507"},{"taxonomy":"product_cat","embeddable":true,"href":"https:\/\/displayproducts.eu\/lv\/wp-json\/wp\/v2\/product_cat?post=6507"},{"taxonomy":"product_tag","embeddable":true,"href":"https:\/\/displayproducts.eu\/lv\/wp-json\/wp\/v2\/product_tag?post=6507"}],"curies":[{"name":"wp","href":"https:\/\/api.w.org\/{rel}","templated":true}]}}