{"id":6248,"date":"2025-12-20T19:03:55","date_gmt":"2025-12-20T16:03:55","guid":{"rendered":"https:\/\/wristbandfactory.eu\/?post_type=product&#038;p=6248"},"modified":"2026-04-01T21:52:03","modified_gmt":"2026-04-01T18:52:03","slug":"custom-printed-nail-files-made-in-europe-full-color-uv-print","status":"publish","type":"product","link":"https:\/\/displayproducts.eu\/lv\/p\/custom-printed-nail-files-made-in-europe-full-color-uv-print\/","title":{"rendered":"Nagu v\u012bles ar logo"},"content":{"rendered":"<p data-path-to-node=\"10\">Uzlabojiet sava skaistumkop\u0161anas z\u012bmola vai korporat\u012bvo d\u0101vanu izv\u0113li ar m\u016bsu <b data-path-to-node=\"10\" data-index-in-node=\"88\">Piel\u0101gotas druk\u0101tas nagu v\u012bles<\/b>, lepni <b data-path-to-node=\"10\" data-index-in-node=\"123\">Ra\u017eots Eirop\u0101<\/b>. At\u0161\u0137ir\u012bb\u0101 no parastiem rekl\u0101mas priek\u0161metiem, \u0161ie augstas kvalit\u0101tes smil\u0161pap\u012bra d\u0113\u013ci ir paredz\u0113ti re\u0101lai funkcionalit\u0101tei, padarot tos par v\u0113rt\u012bgu aksesu\u0101ru profesion\u0101liem saloniem, spa un ce\u013cojumu komplektiem.<\/p>\n<p data-path-to-node=\"11\">M\u0113s izmantojam vismodern\u0101k\u0101s tehnolo\u0123ijas <b data-path-to-node=\"11\" data-index-in-node=\"20\">UV digit\u0101l\u0101 druka<\/b> lai p\u0101rkl\u0101tu failu ar savu piel\u0101goto dizainu, logotipu vai rakstu. \u0160\u012b tehnolo\u0123ija \u013cauj ieg\u016bt fotore\u0101listiskas deta\u013cas un ko\u0161as kr\u0101sas, izmantojot dro\u0161as, netoksiskas tintes, kas iztur ikdienas lieto\u0161anu. Neatkar\u012bgi no t\u0101, vai esat viesn\u012bcu \u0137\u0113de, kas mekl\u0113 augst\u0101k\u0101s klases numuru \u0113rt\u012bbas, vai skaistumkop\u0161anas z\u012bmols, kas mekl\u0113 preces, \u0161ie faili pied\u0101v\u0101 perfektu stila un praktiskuma apvienojumu.<\/p>\n<h2 data-path-to-node=\"12\">Galven\u0101s iez\u012bmes<\/h2>\n<ul data-path-to-node=\"13\">\n<li>\n<p data-path-to-node=\"13,0,0\"><b data-path-to-node=\"13,0,0\" data-index-in-node=\"0\">Spilgta piel\u0101go\u0161ana:<\/b> Pilnas virsmas UV apdruka p\u0101rv\u0113r\u0161 vienk\u0101r\u0161u instrumentu par modes aksesu\u0101ru. Lieliski piem\u0113rota sare\u017e\u0123\u012btiem logotipiem vai pilna rakstu dizainam.<\/p>\n<\/li>\n<li>\n<p data-path-to-node=\"13,1,0\"><b data-path-to-node=\"13,1,0\" data-index-in-node=\"0\">Dro\u0161\u012bba pirmaj\u0101 viet\u0101:<\/b> M\u0113s izmantojam tikai netoksiskas, dro\u0161as drukas tintes, kas padara t\u0101s piem\u0113rotas pla\u0161ai izplat\u012b\u0161anai un bie\u017eai saskarei ar \u0101du.<\/p>\n<\/li>\n<li>\n<p data-path-to-node=\"13,2,0\"><b data-path-to-node=\"13,2,0\" data-index-in-node=\"0\">Iztur\u012bga konstrukcija:<\/b> Izgatavots ilgam kalpo\u0161anas laikam, izmantojot augstas kvalit\u0101tes abraz\u012bvo pap\u012bru, kas efekt\u012bvi veido gan dabiskos, gan pagarin\u0101tos nagus, tiem neloboties.<\/p>\n<\/li>\n<li>\n<p data-path-to-node=\"13,3,0\"><b data-path-to-node=\"13,3,0\" data-index-in-node=\"0\">M\u0101rketinga ietekme:<\/b> \u013boti funkcion\u0101ls priek\u0161mets, kas paliek klienta rokassomi\u0146\u0101 vai vannasistab\u0101, nodro\u0161inot atk\u0101rtotu z\u012bmola atpaz\u012bstam\u012bbu.<\/p>\n<\/li>\n<\/ul>\n<h2 data-path-to-node=\"14\">Specifik\u0101cijas<\/h2>\n<ul data-path-to-node=\"15\">\n<li>\n<p data-path-to-node=\"15,0,0\"><b data-path-to-node=\"15,0,0\" data-index-in-node=\"0\">Izcelsme:<\/b> Ra\u017eots Eirop\u0101.<\/p>\n<\/li>\n<li>\n<p data-path-to-node=\"15,1,0\"><b data-path-to-node=\"15,1,0\" data-index-in-node=\"0\">Druk\u0101\u0161anas metode:<\/b> Pilnkr\u0101su UV digit\u0101l\u0101 druka.<\/p>\n<\/li>\n<li>\n<p data-path-to-node=\"15,2,0\"><b data-path-to-node=\"15,2,0\" data-index-in-node=\"0\">Materi\u0101ls:<\/b> Augstas kvalit\u0101tes abraz\u012bv\u0101 pap\u012bra serde.<\/p>\n<\/li>\n<li>\n<p data-path-to-node=\"15,3,0\"><b data-path-to-node=\"15,3,0\" data-index-in-node=\"0\">Pieejamie izm\u0113ri:<\/b><\/p>\n<ul data-path-to-node=\"15,3,1\">\n<li>\n<p data-path-to-node=\"15,3,1,0,0\"><b data-path-to-node=\"15,3,1,0,0\" data-index-in-node=\"0\">Profesion\u0101ls (18 cm \u00d7 1,85 cm):<\/b> Salonu un m\u0101jas manik\u012bra standarts. Gara virsma glud\u0101m kust\u012bb\u0101m.<\/p>\n<\/li>\n<li>\n<p data-path-to-node=\"15,3,1,1,0\"><b data-path-to-node=\"15,3,1,1,0\" data-index-in-node=\"0\">Univers\u0101ls (12 cm \u00d7 1,6 cm):<\/b> Ide\u0101ls komforta un p\u0101rnesam\u012bbas l\u012bdzsvars.<\/p>\n<\/li>\n<li>\n<p data-path-to-node=\"15,3,1,2,0\"><b data-path-to-node=\"15,3,1,2,0\" data-index-in-node=\"0\">Ce\u013cojums (8,7 cm \u00d7 1,6 cm):<\/b> Kompakts izm\u0113rs, kas ide\u0101li piem\u0113rots kosm\u0113tikas somi\u0146\u0101m, ce\u013cojumu komplektiem un \u0101trai lieto\u0161anai ce\u013c\u0101.<\/p>\n<\/li>\n<\/ul>\n<\/li>\n<\/ul>\n<h2 data-path-to-node=\"16\">Lieto\u0161anas gad\u012bjumi<\/h2>\n<ul data-path-to-node=\"17\">\n<li>\n<p data-path-to-node=\"17,0,0\"><b data-path-to-node=\"17,0,0\" data-index-in-node=\"0\">Skaistumkop\u0161anas saloni un spa:<\/b> Z\u012bmolu instrumenti tehni\u0137iem vai mazumtirdzniec\u012bbas preces klientiem, ko \u0146emt l\u012bdzi uz m\u0101j\u0101m.<\/p>\n<\/li>\n<li>\n<p data-path-to-node=\"17,1,0\"><b data-path-to-node=\"17,1,0\" data-index-in-node=\"0\">Viesn\u012bcas \u0113rt\u012bbas:<\/b> P\u0101rdom\u0101ts papildin\u0101jums vannas istabas tualetes piederumiem luksusa viesn\u012bc\u0101s un k\u016brortos.<\/p>\n<\/li>\n<li>\n<p data-path-to-node=\"17,2,0\"><b data-path-to-node=\"17,2,0\" data-index-in-node=\"0\">Korporat\u012bv\u0101s d\u0101vanas:<\/b> Kompakta, l\u0113ta, tom\u0113r \u013coti lietder\u012bga d\u0101vana sievie\u0161u konferenc\u0113m, modes pas\u0101kumiem vai labsaj\u016btas kampa\u0146\u0101m.<\/p>\n<\/li>\n<\/ul>","protected":false},"excerpt":{"rendered":"<ul>\n<li>\n<p data-path-to-node=\"9,0,0\"><b data-path-to-node=\"9,0,0\" data-index-in-node=\"0\">Eiropas produkcija:<\/b> Lepni ra\u017eots Eirop\u0101, nodro\u0161inot izcilu meistar\u012bbu, dro\u0161\u012bbu un iztur\u012bbu sal\u012bdzin\u0101jum\u0101 ar standarta importa izstr\u0101d\u0101jumiem.<\/p>\n<\/li>\n<li>\n<p data-path-to-node=\"9,1,0\"><b data-path-to-node=\"9,1,0\" data-index-in-node=\"0\">Pilnkr\u0101su z\u012bmols:<\/b> Izmanto progres\u012bvu UV drukas tehnolo\u0123iju ar netoksisk\u0101m tint\u0113m, lai izveidotu spilgtus, pret skr\u0101p\u0113jumiem iztur\u012bgus logotipus un rakstus.<\/p>\n<\/li>\n<li>\n<p data-path-to-node=\"9,2,0\"><b data-path-to-node=\"9,2,0\" data-index-in-node=\"0\">Tr\u012bs daudzpus\u012bgi izm\u0113ri:<\/b> Pieejams liel\u0101 (profesion\u0101l\u0101), vid\u0113j\u0101 (univers\u0101l\u0101) un maz\u0101 (ce\u013cojumu) izm\u0113r\u0101, lai tas b\u016btu piem\u0113rots jebkurai m\u0113r\u0137auditorijai.<\/p>\n<\/li>\n<li>\n<p data-path-to-node=\"9,3,0\"><b data-path-to-node=\"9,3,0\" data-index-in-node=\"0\">Profesion\u0101la kvalit\u0101te:<\/b> Piem\u0113rots gan dab\u012bgiem, gan m\u0101ksl\u012bgiem nagiem, nodro\u0161inot efekt\u012bvu v\u012bl\u0113\u0161anu ar augstas kvalit\u0101tes abraz\u012bviem materi\u0101liem.<\/p>\n<\/li>\n<\/ul>","protected":false},"featured_media":6249,"comment_status":"closed","ping_status":"closed","template":"","meta":[],"product_brand":[],"product_cat":[132],"product_tag":[],"class_list":{"0":"post-6248","1":"product","2":"type-product","3":"status-publish","4":"has-post-thumbnail","6":"product_cat-hotel-spa-amenities","8":"first","9":"instock","10":"shipping-taxable","11":"product-type-simple"},"_links":{"self":[{"href":"https:\/\/displayproducts.eu\/lv\/wp-json\/wp\/v2\/product\/6248","targetHints":{"allow":["GET"]}}],"collection":[{"href":"https:\/\/displayproducts.eu\/lv\/wp-json\/wp\/v2\/product"}],"about":[{"href":"https:\/\/displayproducts.eu\/lv\/wp-json\/wp\/v2\/types\/product"}],"replies":[{"embeddable":true,"href":"https:\/\/displayproducts.eu\/lv\/wp-json\/wp\/v2\/comments?post=6248"}],"wp:featuredmedia":[{"embeddable":true,"href":"https:\/\/displayproducts.eu\/lv\/wp-json\/wp\/v2\/media\/6249"}],"wp:attachment":[{"href":"https:\/\/displayproducts.eu\/lv\/wp-json\/wp\/v2\/media?parent=6248"}],"wp:term":[{"taxonomy":"product_brand","embeddable":true,"href":"https:\/\/displayproducts.eu\/lv\/wp-json\/wp\/v2\/product_brand?post=6248"},{"taxonomy":"product_cat","embeddable":true,"href":"https:\/\/displayproducts.eu\/lv\/wp-json\/wp\/v2\/product_cat?post=6248"},{"taxonomy":"product_tag","embeddable":true,"href":"https:\/\/displayproducts.eu\/lv\/wp-json\/wp\/v2\/product_tag?post=6248"}],"curies":[{"name":"wp","href":"https:\/\/api.w.org\/{rel}","templated":true}]}}