{"id":6245,"date":"2025-12-20T18:56:31","date_gmt":"2025-12-20T15:56:31","guid":{"rendered":"https:\/\/wristbandfactory.eu\/?post_type=product&#038;p=6245"},"modified":"2026-04-01T21:52:03","modified_gmt":"2026-04-01T18:52:03","slug":"bio-based-reusable-coffee-cups","status":"publish","type":"product","link":"https:\/\/displayproducts.eu\/lv\/p\/bio-based-reusable-coffee-cups\/","title":{"rendered":"Daudzreizlietojam\u0101s kr\u016bzes ar logo (Bio)"},"content":{"rendered":"<p data-path-to-node=\"10\">Sniedziet ilgtsp\u0113j\u012bgu pazi\u0146ojumu ar m\u016bsu <b data-path-to-node=\"10\" data-index-in-node=\"63\">Piel\u0101gotas, atk\u0101rtoti lietojamas, uz biolo\u0123iskas b\u0101zes izgatavotas kafijas kr\u016bzes<\/b>. \u0160is 200 ml trauks, kas rad\u012bts k\u0101 ide\u0101la, videi draudz\u012bga alternat\u012bva vienreizlietojam\u0101m pap\u012bra kr\u016bz\u012bt\u0113m, apvieno v\u0101cu in\u017eenieriju ar atjaunojamiem materi\u0101liem. Tas ir ide\u0101ls rekl\u0101mas priek\u0161mets videi draudz\u012bgiem birojiem, kafejn\u012bc\u0101m un korporat\u012bvajiem pas\u0101kumiem.<\/p>\n<p data-path-to-node=\"11\">Kauss ir izgatavots no augstas kvalit\u0101tes <b data-path-to-node=\"11\" data-index-in-node=\"37\">no atjaunojamiem avotiem ieg\u016bta biolo\u0123iskas izcelsmes plastmasa<\/b>, nodro\u0161inot maz\u0101ku oglek\u013ca p\u0113das nospiedumu, neapdraudot iztur\u012bbu. T\u0101 praktiskais dizains ietver dro\u0161u v\u0101ku, kas ilg\u0101k uztur dz\u0113rienus karstus, vienlaikus nov\u0113r\u0161ot izl\u012b\u0161anu brauciena laik\u0101.<\/p>\n<h2 data-path-to-node=\"12\">Galven\u0101s iez\u012bmes<\/h2>\n<ul data-path-to-node=\"13\">\n<li>\n<p data-path-to-node=\"13,0,0\"><b data-path-to-node=\"13,0,0\" data-index-in-node=\"0\">Atjaunojamais sast\u0101vs:<\/b> Izgatavots no biolo\u0123iskas izcelsmes polim\u0113riem, pied\u0101v\u0101jot atbild\u012bgu alternat\u012bvu no fosil\u0101 kurin\u0101m\u0101 ieg\u016btai plastmasai.<\/p>\n<\/li>\n<li>\n<p data-path-to-node=\"13,1,0\"><b data-path-to-node=\"13,1,0\" data-index-in-node=\"0\">Birojam draudz\u012bgi:<\/b> Izstr\u0101d\u0101ts, lai perfekti ietilptu zem standarta kafijas autom\u0101tu sn\u012bpjiem, padarot to par lab\u0101ko aksesu\u0101ru \u201cno rakst\u0101mgalda l\u012bdz sapulcei\u201d.<\/p>\n<\/li>\n<li>\n<p data-path-to-node=\"13,2,0\"><b data-path-to-node=\"13,2,0\" data-index-in-node=\"0\">Higi\u0113na un dro\u0161\u012bba:<\/b> Piln\u012bb\u0101 bez BPA un dro\u0161s p\u0101rtikai. Materi\u0101ls ir iztur\u012bgs un piln\u012bb\u0101 p\u0101rstr\u0101d\u0101jams t\u0101 dz\u012bves cikla beig\u0101s.<\/p>\n<\/li>\n<li>\n<p data-path-to-node=\"13,3,0\"><b data-path-to-node=\"13,3,0\" data-index-in-node=\"0\">Daudzpus\u012bgs z\u012bmols:<\/b> Piel\u0101gojiet to ar sietspiedi, tampondruku vai augst\u0101k\u0101s kvalit\u0101tes l\u0101zergrav\u0113jumu, lai j\u016bsu logotips tiktu past\u0101v\u012bgi att\u0113lots.<\/p>\n<\/li>\n<\/ul>\n<h2 data-path-to-node=\"14\">Specifik\u0101cijas<\/h2>\n<ul data-path-to-node=\"15\">\n<li>\n<p data-path-to-node=\"15,0,0\"><b data-path-to-node=\"15,0,0\" data-index-in-node=\"0\">Ietilp\u012bba:<\/b> 200 ml.<\/p>\n<\/li>\n<li>\n<p data-path-to-node=\"15,1,0\"><b data-path-to-node=\"15,1,0\" data-index-in-node=\"0\">Materi\u0101ls:<\/b> Biolo\u0123iska plastmasa (atjaunojamie avoti).<\/p>\n<\/li>\n<li>\n<p data-path-to-node=\"15,2,0\"><b data-path-to-node=\"15,2,0\" data-index-in-node=\"0\">Izcelsme:<\/b> Ra\u017eots V\u0101cij\u0101.<\/p>\n<\/li>\n<li>\n<p data-path-to-node=\"15,3,0\"><b data-path-to-node=\"15,3,0\" data-index-in-node=\"0\">\u012apa\u0161\u012bbas:<\/b> Bez BPA, 100% p\u0101rstr\u0101d\u0101jams, dro\u0161i mazg\u0101jams trauku mazg\u0101jam\u0101 ma\u0161\u012bn\u0101.<\/p>\n<\/li>\n<li>\n<p data-path-to-node=\"15,4,0\"><b data-path-to-node=\"15,4,0\" data-index-in-node=\"0\">V\u0101ks:<\/b> Iek\u013cauts (biolo\u0123iskas izcelsmes, siltumu saglab\u0101jo\u0161s).<\/p>\n<\/li>\n<li>\n<p data-path-to-node=\"15,5,0\"><b data-path-to-node=\"15,5,0\" data-index-in-node=\"0\">Z\u012bmola iesp\u0113jas:<\/b> Sietspiede, tampondruka, l\u0101zergrav\u0113\u0161ana.<\/p>\n<\/li>\n<\/ul>\n<h2 data-path-to-node=\"16\">Lieto\u0161anas gad\u012bjumi<\/h2>\n<ul data-path-to-node=\"17\">\n<li>\n<p data-path-to-node=\"17,0,0\"><b data-path-to-node=\"17,0,0\" data-index-in-node=\"0\">Biroja ilgtsp\u0113j\u012bba:<\/b> Nomainiet vienreiz\u0113j\u0101s lieto\u0161anas kr\u016bzes biroja virtuv\u012bt\u0113, lai samazin\u0101tu atkritumus un izmaksas.<\/p>\n<\/li>\n<li>\n<p data-path-to-node=\"17,1,0\"><b data-path-to-node=\"17,1,0\" data-index-in-node=\"0\">Korporat\u012bv\u0101s d\u0101vanas:<\/b> Praktiska, augstas kvalit\u0101tes d\u0101vana darbiniekiem un klientiem, kas atbilst KSA m\u0113r\u0137iem.<\/p>\n<\/li>\n<li>\n<p data-path-to-node=\"17,2,0\"><b data-path-to-node=\"17,2,0\" data-index-in-node=\"0\">Kafejn\u012bcas un pas\u0101kumi:<\/b> Iztur\u012bgs serv\u0113\u0161anas risin\u0101jums konferenc\u0113m un \u0113dn\u012bc\u0101m, kur\u0101m nepiecie\u0161ami sakraujami, mazg\u0101jami dz\u0113rienu trauki.<\/p>\n<\/li>\n<\/ul>","protected":false},"excerpt":{"rendered":"<ul>\n<li>\n<p data-path-to-node=\"9,0,0\"><b data-path-to-node=\"9,0,0\" data-index-in-node=\"0\">Ekoinov\u0101cija:<\/b> Ra\u017eots V\u0101cij\u0101 no atjaunojamiem biolo\u0123iskas izcelsmes materi\u0101liem, atbalstot za\u013c\u0101ku dz\u012bvesveidu.<\/p>\n<\/li>\n<li>\n<p data-path-to-node=\"9,1,0\"><b data-path-to-node=\"9,1,0\" data-index-in-node=\"0\">Ide\u0101ls izm\u0113rs l\u012bdz\u0146em\u0161anai:<\/b> 200 ml ietilp\u012bba ir piem\u0113rota liel\u0101kajai da\u013cai standarta kafijas autom\u0101tu; ide\u0101li piem\u0113rota lieto\u0161anai biroj\u0101 un m\u0101j\u0101s.<\/p>\n<\/li>\n<li>\n<p data-path-to-node=\"9,2,0\"><b data-path-to-node=\"9,2,0\" data-index-in-node=\"0\">Viedais dizains:<\/b> Apr\u012bkots ar siltumu saglab\u0101jo\u0161u, nopl\u016bdi samazino\u0161u biolo\u0123isko v\u0101ku un sakraujamu formu \u0113rtai uzglab\u0101\u0161anai.<\/p>\n<\/li>\n<li>\n<p data-path-to-node=\"9,3,0\"><b data-path-to-node=\"9,3,0\" data-index-in-node=\"0\">Dro\u0161s un iztur\u012bgs:<\/b> Nesatur BPA, 100% p\u0101rstr\u0101d\u0101jams un mazg\u0101jams trauku mazg\u0101jam\u0101 ma\u0161\u012bn\u0101 (druk\u0101tiem logotipiem ieteicams mazg\u0101t ar rok\u0101m).<\/p>\n<\/li>\n<\/ul>","protected":false},"featured_media":6246,"comment_status":"closed","ping_status":"closed","template":"","meta":[],"product_brand":[],"product_cat":[111],"product_tag":[],"class_list":{"0":"post-6245","1":"product","2":"type-product","3":"status-publish","4":"has-post-thumbnail","6":"product_cat-reusable-event-cups","8":"first","9":"instock","10":"shipping-taxable","11":"purchasable","12":"product-type-simple"},"_links":{"self":[{"href":"https:\/\/displayproducts.eu\/lv\/wp-json\/wp\/v2\/product\/6245","targetHints":{"allow":["GET"]}}],"collection":[{"href":"https:\/\/displayproducts.eu\/lv\/wp-json\/wp\/v2\/product"}],"about":[{"href":"https:\/\/displayproducts.eu\/lv\/wp-json\/wp\/v2\/types\/product"}],"replies":[{"embeddable":true,"href":"https:\/\/displayproducts.eu\/lv\/wp-json\/wp\/v2\/comments?post=6245"}],"wp:featuredmedia":[{"embeddable":true,"href":"https:\/\/displayproducts.eu\/lv\/wp-json\/wp\/v2\/media\/6246"}],"wp:attachment":[{"href":"https:\/\/displayproducts.eu\/lv\/wp-json\/wp\/v2\/media?parent=6245"}],"wp:term":[{"taxonomy":"product_brand","embeddable":true,"href":"https:\/\/displayproducts.eu\/lv\/wp-json\/wp\/v2\/product_brand?post=6245"},{"taxonomy":"product_cat","embeddable":true,"href":"https:\/\/displayproducts.eu\/lv\/wp-json\/wp\/v2\/product_cat?post=6245"},{"taxonomy":"product_tag","embeddable":true,"href":"https:\/\/displayproducts.eu\/lv\/wp-json\/wp\/v2\/product_tag?post=6245"}],"curies":[{"name":"wp","href":"https:\/\/api.w.org\/{rel}","templated":true}]}}