{"id":6242,"date":"2025-12-20T18:48:57","date_gmt":"2025-12-20T15:48:57","guid":{"rendered":"https:\/\/wristbandfactory.eu\/?post_type=product&#038;p=6242"},"modified":"2026-04-01T21:52:34","modified_gmt":"2026-04-01T18:52:34","slug":"custom-made-hooded-wearable-blankets-bespoke-design","status":"publish","type":"product","link":"https:\/\/displayproducts.eu\/lv\/p\/custom-made-hooded-wearable-blankets-bespoke-design\/","title":{"rendered":"P\u0113c pas\u016bt\u012bjuma gatavoti pledi ar kapuci"},"content":{"rendered":"<p data-path-to-node=\"10\">Izveidojiet patiesi unik\u0101lu korporat\u012bvo d\u0101vanu vai mazumtirdzniec\u012bbas produktu ar m\u016bsu <b data-path-to-node=\"10\" data-index-in-node=\"89\">P\u0113c pas\u016bt\u012bjuma izgatavotas kapuces segas<\/b>. \u0160is pakalpojums \u013cauj jums p\u0101rsniegt standarta noliktavas pre\u010du ierobe\u017eojumus. M\u0113s pied\u0101v\u0101jam pilnu <b data-path-to-node=\"10\" data-index-in-node=\"226\">\u201cRa\u017eo\u0161anas risin\u0101jums \u201dGriezt un \u0161\u016bt\u201d<\/b>, sniedzot jums piln\u012bgu kontroli p\u0101r gala produkta izskatu, saj\u016btu un funkcij\u0101m.<\/p>\n<p data-path-to-node=\"11\">Neatkar\u012bgi no t\u0101, vai v\u0113laties milz\u012bgu, p\u0101r\u0101k lielu kapuci ziemas kampa\u0146ai, vieglu pon\u010do vasaras festiv\u0101liem vai greznu ar \u0161erpu oderi oder\u0113tu segu VIP d\u0101van\u0101m, m\u0113s to izgatavojam p\u0113c j\u016bsu specifik\u0101cij\u0101m. J\u016bsu dizains tiek uzdruk\u0101ts uz auduma ru\u013c\u013ciem pirms grie\u0161anas, nodro\u0161inot vienm\u0113r\u012bgu sapl\u016b\u0161anu. <b data-path-to-node=\"11\" data-index-in-node=\"274\">360 gr\u0101du z\u012bmola pieredze<\/b> bez neapdruk\u0101t\u0101m mal\u0101m.<\/p>\n<h2 data-path-to-node=\"12\">Galven\u0101s iez\u012bmes<\/h2>\n<ul data-path-to-node=\"13\">\n<li>\n<p data-path-to-node=\"13,0,0\"><b data-path-to-node=\"13,0,0\" data-index-in-node=\"0\">Neierobe\u017eota dizaina br\u012bv\u012bba:<\/b> M\u016bsu pilnas virsmas sublim\u0101cijas druka noz\u012bm\u0113, ka j\u016bsu m\u0101kslas darbs nosedz katru auduma collu. Lieliski piem\u0113rots sare\u017e\u0123\u012btiem rakstiem, z\u012bmolu talismaniem vai fotogr\u0101fiskiem dizainiem.<\/p>\n<\/li>\n<li>\n<p data-path-to-node=\"13,1,0\"><b data-path-to-node=\"13,1,0\" data-index-in-node=\"0\">Materi\u0101lu izv\u0113le:<\/b><\/p>\n<ul data-path-to-node=\"13,1,1\">\n<li>\n<p data-path-to-node=\"13,1,1,0,0\"><i data-path-to-node=\"13,1,1,0,0\" data-index-in-node=\"0\">\u0100r\u0113jais sl\u0101nis:<\/i> Gluds flane\u013ca fl\u012bss (ide\u0101li piem\u0113rots apdrukai) vai vel\u016brs.<\/p>\n<\/li>\n<li>\n<p data-path-to-node=\"13,1,1,1,0\"><i data-path-to-node=\"13,1,1,1,0\" data-index-in-node=\"0\">Iek\u0161\u0113j\u0101 odere:<\/i> Biezs balts \u0161erpa audums (klasisks siltums), pel\u0113ks \u0161erpa audums vai mikrofl\u012bss (viegl\u0101ks).<\/p>\n<\/li>\n<li>\n<p data-path-to-node=\"13,1,1,2,0\"><i data-path-to-node=\"13,1,1,2,0\" data-index-in-node=\"0\">Ekolo\u0123iska iesp\u0113ja:<\/i> P\u0113c piepras\u012bjuma pieejams no 100% GRS sertific\u0113ta p\u0101rstr\u0101d\u0101ta poliestera.<\/p>\n<\/li>\n<\/ul>\n<\/li>\n<li>\n<p data-path-to-node=\"13,2,0\"><b data-path-to-node=\"13,2,0\" data-index-in-node=\"0\">Piel\u0101gots izm\u0113rs:<\/b> M\u0113s varam ra\u017eot b\u0113rnu, pieaugu\u0161o standarta un pieaugu\u0161o lielizm\u0113ra (milzu) izm\u0113ros.<\/p>\n<\/li>\n<li>\n<p data-path-to-node=\"13,3,0\"><b data-path-to-node=\"13,3,0\" data-index-in-node=\"0\">Gatavs priv\u0101tai eti\u0137etei:<\/b> Varam pie\u0161\u016bt j\u016bsu pa\u0161u z\u012bmola kakla uzl\u012bmes, kop\u0161anas birkas un pat piel\u0101got r\u0101v\u0113jsl\u0113dz\u0113ja aukli\u0146as vai pogas.<\/p>\n<\/li>\n<\/ul>\n<h2 data-path-to-node=\"14\">Specifik\u0101cijas<\/h2>\n<ul data-path-to-node=\"15\">\n<li>\n<p data-path-to-node=\"15,0,0\"><b data-path-to-node=\"15,0,0\" data-index-in-node=\"0\">Ra\u017eo\u0161anas veids:<\/b> Izgatavots p\u0113c pas\u016bt\u012bjuma (OEM\/ODM).<\/p>\n<\/li>\n<li>\n<p data-path-to-node=\"15,1,0\"><b data-path-to-node=\"15,1,0\" data-index-in-node=\"0\">Standarta auduma svars:<\/b> 200 g\/m\u00b2 flane\u013ca + 230 g\/m\u00b2 \u0161erpa (piel\u0101gojams).<\/p>\n<\/li>\n<li>\n<p data-path-to-node=\"15,2,0\"><b data-path-to-node=\"15,2,0\" data-index-in-node=\"0\">Druk\u0101\u0161anas metode:<\/b> Pilnkr\u0101su sublim\u0101cija (CMYK).<\/p>\n<\/li>\n<li>\n<p data-path-to-node=\"15,3,0\"><b data-path-to-node=\"15,3,0\" data-index-in-node=\"0\">Standarta izm\u0113rs:<\/b> 100 x 80 cm (valk\u0101jama kapu\u010djakas stila) \u2013 <i data-path-to-node=\"15,3,0\" data-index-in-node=\"53\">Pieejami piel\u0101goti izm\u0113ri.<\/i><\/p>\n<\/li>\n<li>\n<p data-path-to-node=\"15,4,0\"><b data-path-to-node=\"15,4,0\" data-index-in-node=\"0\">Funkcijas:<\/b> Kapuce, \u0137engura kabata, elast\u012bgas aproces.<\/p>\n<\/li>\n<li>\n<p data-path-to-node=\"15,5,0\"><b data-path-to-node=\"15,5,0\" data-index-in-node=\"0\">Iepakojums:<\/b> Vakuuma iepakojums efekt\u012bvai pieg\u0101dei vai piel\u0101got\u0101m d\u0101vanu kast\u012bt\u0113m.<\/p>\n<\/li>\n<\/ul>","protected":false},"excerpt":{"rendered":"<ul>\n<li>\n<p data-path-to-node=\"9,0,0\"><b data-path-to-node=\"9,0,0\" data-index-in-node=\"0\">100% Piln\u012bb\u0101 piel\u0101gojams:<\/b> At\u0161\u0137ir\u012bb\u0101 no noliktav\u0101 eso\u0161aj\u0101m prec\u0113m, \u0161is produkts tiek ra\u017eots no nulles, kas \u013cauj veikt apdruku no malas l\u012bdz malai un piel\u0101got Pantone kr\u0101su saska\u0146o\u0161anu.<\/p>\n<\/li>\n<li>\n<p data-path-to-node=\"9,1,0\"><b data-path-to-node=\"9,1,0\" data-index-in-node=\"0\">Augst\u0101k\u0101s kvalit\u0101tes materi\u0101lu iesp\u0113jas:<\/b> Izv\u0113lieties starp p\u016bkainu \u0161erpu oderi, m\u012bkstu mikrofl\u012bsu vai videi draudz\u012bg\u0101m GRS p\u0101rstr\u0101d\u0101ta poliestera kombin\u0101cij\u0101m.<\/p>\n<\/li>\n<li>\n<p data-path-to-node=\"9,2,0\"><b data-path-to-node=\"9,2,0\" data-index-in-node=\"0\">Visaptvero\u0161s z\u012bmola dizains:<\/b> Izmantojiet visu segas virsmu \u2014 priek\u0161pusi, aizmuguri, kapuci un piedurknes \u2014, lai ieg\u016btu spilgtu, fotore\u0101listisku sublim\u0101cijas druku.<\/p>\n<\/li>\n<li>\n<p data-path-to-node=\"9,3,0\"><b data-path-to-node=\"9,3,0\" data-index-in-node=\"0\">Piel\u0101gotas funkcijas:<\/b> Piel\u0101gojiet deta\u013cas, piem\u0113ram, kabatas formu, apro\u010du kr\u0101sas, un pievienojiet priv\u0101tas eti\u0137etes vai iz\u0161\u016btus iel\u0101pus.<\/p>\n<\/li>\n<\/ul>","protected":false},"featured_media":6244,"comment_status":"closed","ping_status":"closed","template":"","meta":[],"product_brand":[],"product_cat":[129],"product_tag":[],"class_list":{"0":"post-6242","1":"product","2":"type-product","3":"status-publish","4":"has-post-thumbnail","6":"product_cat-leisure-lifestyle","8":"first","9":"instock","10":"shipping-taxable","11":"product-type-simple"},"_links":{"self":[{"href":"https:\/\/displayproducts.eu\/lv\/wp-json\/wp\/v2\/product\/6242","targetHints":{"allow":["GET"]}}],"collection":[{"href":"https:\/\/displayproducts.eu\/lv\/wp-json\/wp\/v2\/product"}],"about":[{"href":"https:\/\/displayproducts.eu\/lv\/wp-json\/wp\/v2\/types\/product"}],"replies":[{"embeddable":true,"href":"https:\/\/displayproducts.eu\/lv\/wp-json\/wp\/v2\/comments?post=6242"}],"wp:featuredmedia":[{"embeddable":true,"href":"https:\/\/displayproducts.eu\/lv\/wp-json\/wp\/v2\/media\/6244"}],"wp:attachment":[{"href":"https:\/\/displayproducts.eu\/lv\/wp-json\/wp\/v2\/media?parent=6242"}],"wp:term":[{"taxonomy":"product_brand","embeddable":true,"href":"https:\/\/displayproducts.eu\/lv\/wp-json\/wp\/v2\/product_brand?post=6242"},{"taxonomy":"product_cat","embeddable":true,"href":"https:\/\/displayproducts.eu\/lv\/wp-json\/wp\/v2\/product_cat?post=6242"},{"taxonomy":"product_tag","embeddable":true,"href":"https:\/\/displayproducts.eu\/lv\/wp-json\/wp\/v2\/product_tag?post=6242"}],"curies":[{"name":"wp","href":"https:\/\/api.w.org\/{rel}","templated":true}]}}