{"id":6239,"date":"2025-12-20T18:40:33","date_gmt":"2025-12-20T15:40:33","guid":{"rendered":"https:\/\/wristbandfactory.eu\/?post_type=product&#038;p=6239"},"modified":"2026-04-01T21:52:34","modified_gmt":"2026-04-01T18:52:34","slug":"custom-laser-engraved-portable-ashtrays-zinc-alloy-with-carabiner","status":"publish","type":"product","link":"https:\/\/displayproducts.eu\/lv\/p\/custom-laser-engraved-portable-ashtrays-zinc-alloy-with-carabiner\/","title":{"rendered":"P\u0101rn\u0113s\u0101jamie pelnu trauki ar logo"},"content":{"rendered":"<p data-path-to-node=\"10\">Apvienojiet stilu, funkcionalit\u0101ti un atbild\u012bbu pret vidi ar m\u016bsu <b data-path-to-node=\"10\" data-index-in-node=\"97\">Piel\u0101goti l\u0101zergrav\u0113ti portat\u012bvie pelnu trauki<\/b>. \u0160is aksesu\u0101rs, kas rad\u012bts m\u016bsdien\u012bgam profesion\u0101lim, pied\u0101v\u0101 diskr\u0113tu un elegantu veidu, k\u0101 atbr\u012bvoties no pelniem un cigare\u0161u izsm\u0113\u0137iem, atrodoties ce\u013c\u0101. Neatkar\u012bgi no t\u0101, vai tas ir paredz\u0113ts uz\u0146\u0113muma vad\u012bt\u0101jam, \u0101ra aktivit\u0101\u0161u entuziastam vai k\u0101 p\u0101rdom\u0101ta korporat\u012bva d\u0101vana, \u0161is cinka sakaus\u0113juma pelnutrauks ir kvalit\u0101tes apliecin\u0101jums.<\/p>\n<p data-path-to-node=\"11\">Elegants <b data-path-to-node=\"11\" data-index-in-node=\"10\">Cinka sakaus\u0113juma konstrukcija<\/b> ne tikai nodro\u0161ina modernu, sp\u012bd\u012bgu sudraba est\u0113tiku, bet ar\u012b garant\u0113 iztur\u012bbu. Tas ir iztur\u012bgs pret r\u016bsu un nodilumu, laika gait\u0101 saglab\u0101jot savu pul\u0113to izskatu. Kompaktajam taisnst\u016bra dizainam ir dro\u0161s aizv\u0113r\u0161anas meh\u0101nisms, kas aiztur smakas un pelnus iek\u0161pus\u0113, padarot to dro\u0161u n\u0113s\u0101\u0161anai kabat\u0101 vai som\u0101.<\/p>\n<h2 data-path-to-node=\"12\">Galven\u0101s iez\u012bmes<\/h2>\n<ul data-path-to-node=\"13\">\n<li>\n<p data-path-to-node=\"13,0,0\"><b data-path-to-node=\"13,0,0\" data-index-in-node=\"0\">Rad\u012bts ilgam laikam:<\/b> Cinka sakaus\u0113jums ir iev\u0113rojami iztur\u012bg\u0101ks nek\u0101 plastmasas vai alum\u012bnija alternat\u012bvas, pie\u0161\u0137irot produktam apmierino\u0161u svaru un augst\u0101k\u0101s kvalit\u0101tes saj\u016btu.<\/p>\n<\/li>\n<li>\n<p data-path-to-node=\"13,1,0\"><b data-path-to-node=\"13,1,0\" data-index-in-node=\"0\">L\u0101zera precizit\u0101te:<\/b> M\u0113s izmantojam l\u0101zergrav\u0113\u0161anu, lai iegrav\u0113tu j\u016bsu logotipu met\u0101la virsm\u0101. \u0160\u012b metode rada skaidru, palieko\u0161u z\u012bmi, kas nenodils k\u0101 druk\u0101ta tinte.<\/p>\n<\/li>\n<li>\n<p data-path-to-node=\"13,2,0\"><b data-path-to-node=\"13,2,0\" data-index-in-node=\"0\">P\u0101rn\u0113s\u0101jamas \u0113rt\u012bbas:<\/b> Apr\u012bkots ar karab\u012bni (\u0101\u0137i), kas \u013cauj lietot\u0101jiem to piestiprin\u0101t pie jostas cilp\u0101m, mugursom\u0101m vai atsl\u0113gu piekari\u0146iem, lai nodro\u0161in\u0101tu \u0113rtu piek\u013cuvi.<\/p>\n<\/li>\n<li>\n<p data-path-to-node=\"13,3,0\"><b data-path-to-node=\"13,3,0\" data-index-in-node=\"0\">Higi\u0113na un dro\u0161\u012bba:<\/b> Cie\u0161i nosl\u0113dzo\u0161ais v\u0101ks nov\u0113r\u0161 pelnu izbir\u0161anu un satur smakas, uzturot kabatas un somas t\u012bras.<\/p>\n<\/li>\n<\/ul>\n<h2 data-path-to-node=\"14\">Specifik\u0101cijas<\/h2>\n<ul data-path-to-node=\"15\">\n<li>\n<p data-path-to-node=\"15,0,0\"><b data-path-to-node=\"15,0,0\" data-index-in-node=\"0\">Materi\u0101ls:<\/b> Augstas kvalit\u0101tes cinka sakaus\u0113jums.<\/p>\n<\/li>\n<li>\n<p data-path-to-node=\"15,1,0\"><b data-path-to-node=\"15,1,0\" data-index-in-node=\"0\">Apdare:<\/b> Sp\u012bd\u012bgi sudrabs \/ pul\u0113ts.<\/p>\n<\/li>\n<li>\n<p data-path-to-node=\"15,2,0\"><b data-path-to-node=\"15,2,0\" data-index-in-node=\"0\">Izm\u0113ri:<\/b> 85 \u00d7 32 \u00d7 17 mm.<\/p>\n<\/li>\n<li>\n<p data-path-to-node=\"15,3,0\"><b data-path-to-node=\"15,3,0\" data-index-in-node=\"0\">Z\u012bmola veido\u0161anas metode:<\/b> L\u0101zergrav\u0113\u0161ana (viena puse).<\/p>\n<\/li>\n<li>\n<p data-path-to-node=\"15,4,0\"><b data-path-to-node=\"15,4,0\" data-index-in-node=\"0\">Iepakojums:<\/b> Pieg\u0101d\u0101ts aizsargmaci\u0146\u0101\/somi\u0146\u0101, gatavs d\u0101vin\u0101\u0161anai.<\/p>\n<\/li>\n<li>\n<p data-path-to-node=\"15,5,0\"><b data-path-to-node=\"15,5,0\" data-index-in-node=\"0\">Funkcijas:<\/b> Integr\u0113ts karab\u012bnes klipsis.<\/p>\n<\/li>\n<\/ul>\n<h2 data-path-to-node=\"16\">Lieto\u0161anas gad\u012bjumi<\/h2>\n<ul data-path-to-node=\"17\">\n<li>\n<p data-path-to-node=\"17,0,0\"><b data-path-to-node=\"17,0,0\" data-index-in-node=\"0\">Korporat\u012bv\u0101s d\u0101vanas:<\/b> Izsmalcin\u0101ta d\u0101vana klientiem un partneriem, kuri nov\u0113rt\u0113 praktiskus, augstas klases aksesu\u0101rus.<\/p>\n<\/li>\n<li>\n<p data-path-to-node=\"17,1,0\"><b data-path-to-node=\"17,1,0\" data-index-in-node=\"0\">\u0100ra pas\u0101kumi:<\/b> B\u016btiski nepiecie\u0161ams festiv\u0101liem, golfa turn\u012briem un \u0101ra norises viet\u0101m, lai teritorija b\u016btu t\u012bra no atkritumiem.<\/p>\n<\/li>\n<li>\n<p data-path-to-node=\"17,2,0\"><b data-path-to-node=\"17,2,0\" data-index-in-node=\"0\">Viesm\u012bl\u012bba:<\/b> Pied\u0101v\u0101jiet viesn\u012bcas viesiem vai restor\u0101na apmekl\u0113t\u0101jiem sm\u0113\u0137\u0113\u0161anas zon\u0101s firmas p\u0101rn\u0113s\u0101jamos pelnutraukus.<\/p>\n<\/li>\n<\/ul>\n<p data-path-to-node=\"18\">","protected":false},"excerpt":{"rendered":"<ul>\n<li>\n<p data-path-to-node=\"9,0,0\"><b data-path-to-node=\"9,0,0\" data-index-in-node=\"0\">Augst\u0101k\u0101s kvalit\u0101tes materi\u0101ls:<\/b> Izgatavots no augstas kvalit\u0101tes cinka sakaus\u0113juma ar sp\u012bd\u012bgu sudraba apdari, kas nodro\u0161ina iztur\u012bbu pret r\u016bsu un nodilumu.<\/p>\n<\/li>\n<li>\n<p data-path-to-node=\"9,1,0\"><b data-path-to-node=\"9,1,0\" data-index-in-node=\"0\">Kompakts un p\u0101rn\u0113s\u0101jams:<\/b> T\u0101 izm\u0113ri ir 85 \u00d7 32 \u00d7 17 mm, un to var viegli ievietot kabat\u0101s vai som\u0101s, vai ar\u012b piestiprin\u0101t pie apr\u012bkojuma, izmantojot karab\u012bni.<\/p>\n<\/li>\n<li>\n<p data-path-to-node=\"9,2,0\"><b data-path-to-node=\"9,2,0\" data-index-in-node=\"0\">Izsmalcin\u0101ts z\u012bmols:<\/b> J\u016bsu logotips ir l\u0101zergrav\u0113ts s\u0101nos, lai ieg\u016btu past\u0101v\u012bgu, neuzkr\u012bto\u0161u un profesion\u0101lu izskatu.<\/p>\n<\/li>\n<li>\n<p data-path-to-node=\"9,3,0\"><b data-path-to-node=\"9,3,0\" data-index-in-node=\"0\">Videi draudz\u012bgs risin\u0101jums:<\/b> Veicina atbild\u012bgu cigare\u0161u atkritumu utiliz\u0101ciju, kas ir ide\u0101li piem\u0113rots pas\u0101kumiem br\u012bv\u0101 dab\u0101 un za\u013c\u0101m iniciat\u012bv\u0101m.<\/p>\n<\/li>\n<\/ul>","protected":false},"featured_media":6240,"comment_status":"closed","ping_status":"closed","template":"","meta":[],"product_brand":[],"product_cat":[68,121],"product_tag":[],"class_list":{"0":"post-6239","1":"product","2":"type-product","3":"status-publish","4":"has-post-thumbnail","6":"product_cat-event-supplies","7":"product_cat-promotional-merchandise","9":"first","10":"instock","11":"shipping-taxable","12":"purchasable","13":"product-type-simple"},"_links":{"self":[{"href":"https:\/\/displayproducts.eu\/lv\/wp-json\/wp\/v2\/product\/6239","targetHints":{"allow":["GET"]}}],"collection":[{"href":"https:\/\/displayproducts.eu\/lv\/wp-json\/wp\/v2\/product"}],"about":[{"href":"https:\/\/displayproducts.eu\/lv\/wp-json\/wp\/v2\/types\/product"}],"replies":[{"embeddable":true,"href":"https:\/\/displayproducts.eu\/lv\/wp-json\/wp\/v2\/comments?post=6239"}],"wp:featuredmedia":[{"embeddable":true,"href":"https:\/\/displayproducts.eu\/lv\/wp-json\/wp\/v2\/media\/6240"}],"wp:attachment":[{"href":"https:\/\/displayproducts.eu\/lv\/wp-json\/wp\/v2\/media?parent=6239"}],"wp:term":[{"taxonomy":"product_brand","embeddable":true,"href":"https:\/\/displayproducts.eu\/lv\/wp-json\/wp\/v2\/product_brand?post=6239"},{"taxonomy":"product_cat","embeddable":true,"href":"https:\/\/displayproducts.eu\/lv\/wp-json\/wp\/v2\/product_cat?post=6239"},{"taxonomy":"product_tag","embeddable":true,"href":"https:\/\/displayproducts.eu\/lv\/wp-json\/wp\/v2\/product_tag?post=6239"}],"curies":[{"name":"wp","href":"https:\/\/api.w.org\/{rel}","templated":true}]}}