{"id":6234,"date":"2025-12-20T18:28:29","date_gmt":"2025-12-20T15:28:29","guid":{"rendered":"https:\/\/wristbandfactory.eu\/?post_type=product&#038;p=6234"},"modified":"2026-04-01T21:52:34","modified_gmt":"2026-04-01T18:52:34","slug":"custom-3d-printed-cookie-cutters-gingerbread-molds-logo-shape","status":"publish","type":"product","link":"https:\/\/displayproducts.eu\/lv\/p\/custom-3d-printed-cookie-cutters-gingerbread-molds-logo-shape\/","title":{"rendered":"Pipark\u016bku formi\u0146as ar logo (3D druka)"},"content":{"rendered":"<p data-path-to-node=\"10\">Ienesiet sava z\u012bmola gar\u0161u katra klienta virtuv\u0113 ar m\u016bsu <b data-path-to-node=\"10\" data-index-in-node=\"88\">Piel\u0101goti 3D druk\u0101ti s\u012bkfailu griez\u0113ji<\/b>. Neatkar\u012bgi no t\u0101, vai t\u0101s ir Ziemassv\u0113tku pipark\u016bkas, smil\u0161u cepumi vai cukura cepumi, \u0161\u012bs \u012bpa\u0161i izgatavot\u0101s veidnes p\u0101rv\u0113r\u0161 cep\u0161anas sesiju par z\u012bmola pieredzi. At\u0161\u0137ir\u012bb\u0101 no standarta met\u0101la griez\u0113jiem, m\u016bsu 3D druk\u0101\u0161anas tehnolo\u0123ija \u013cauj mums rad\u012bt <b data-path-to-node=\"10\" data-index-in-node=\"332\">jebkura iedom\u0101jama forma<\/b>\u2014no j\u016bsu uz\u0146\u0113muma logotipa l\u012bdz konkr\u0113tam produkta siluetam.<\/p>\n<p data-path-to-node=\"11\">\u0160ie griez\u0113ji ir izgatavoti, izmantojot augstas iz\u0161\u0137irtsp\u0113jas 3D drukas tehnolo\u0123iju, un tie ir iztur\u012bgi un prec\u012bzi. M\u0113s piev\u0113r\u0161am \u012bpa\u0161u uzman\u012bbu grie\u0161anas asmenim, nodro\u0161inot, ka tas ir pietiekami ass, lai t\u012bri sagrieztu m\u012bklu, vienlaikus saglab\u0101jot dro\u0161u un \u0113rtu satv\u0113rienu aug\u0161\u0113j\u0101 mal\u0101. Pieejami sv\u0113tku kr\u0101s\u0101s, piem\u0113ram, sarkan\u0101, za\u013c\u0101 un zil\u0101, lai tie atbilstu sv\u0113tku noska\u0146ojumam vai j\u016bsu korporat\u012bvajai identit\u0101tei.<\/p>\n<h2 data-path-to-node=\"12\">Galven\u0101s iez\u012bmes<\/h2>\n<ul data-path-to-node=\"13\">\n<li>\n<p data-path-to-node=\"13,0,0\"><b data-path-to-node=\"13,0,0\" data-index-in-node=\"0\">Z\u012bmolam atbilsto\u0161s dizains:<\/b> \u0160eit nav \u201cstandarta formu\u201d. Katrs griez\u0113js tiek \u012bpa\u0161i model\u0113ts, lai atbilstu j\u016bsu logotipam vai kampa\u0146as t\u0113mai.<\/p>\n<\/li>\n<li>\n<p data-path-to-node=\"13,1,0\"><b data-path-to-node=\"13,1,0\" data-index-in-node=\"0\">Biolo\u0123isks materi\u0101ls:<\/b> Izgatavots no <b data-path-to-node=\"13,1,0\" data-index-in-node=\"30\">P\u0101rtikas dro\u0161a PLA<\/b> (Polipiensk\u0101be) \u2014 bioplastmasa, kas ieg\u016bta no kukur\u016bzas cietes vai cukurniedr\u0113m, padarot to par videi draudz\u012bgu izv\u0113li.<\/p>\n<\/li>\n<li>\n<p data-path-to-node=\"13,2,0\"><b data-path-to-node=\"13,2,0\" data-index-in-node=\"0\">Optimiz\u0113ta \u0123eometrija:<\/b> Apr\u012bkots ar pastiprin\u0101tu malu iztur\u012bbai un konusveida grie\u0161anas malu vieglai m\u012bklas atbr\u012bvo\u0161anai.<\/p>\n<\/li>\n<li>\n<p data-path-to-node=\"13,3,0\"><b data-path-to-node=\"13,3,0\" data-index-in-node=\"0\">Spilgtas kr\u0101sas:<\/b> Pieejams da\u017e\u0101d\u0101s kr\u0101s\u0101s, lai pats r\u012bks b\u016btu vizu\u0101li pievilc\u012bgs k\u0101 d\u0101vana.<\/p>\n<\/li>\n<\/ul>\n<h2 data-path-to-node=\"14\">Specifik\u0101cijas<\/h2>\n<ul data-path-to-node=\"15\">\n<li>\n<p data-path-to-node=\"15,0,0\"><b data-path-to-node=\"15,0,0\" data-index-in-node=\"0\">Materi\u0101ls:<\/b> P\u0101rtikai dro\u0161a PLA plastmasa (biolo\u0123iski no\u0101rd\u0101ma).<\/p>\n<\/li>\n<li>\n<p data-path-to-node=\"15,1,0\"><b data-path-to-node=\"15,1,0\" data-index-in-node=\"0\">Ra\u017eo\u0161anas metode:<\/b> Augstas iz\u0161\u0137irtsp\u0113jas FDM 3D druk\u0101\u0161ana (70\u2013200 mikroni).<\/p>\n<\/li>\n<li>\n<p data-path-to-node=\"15,2,0\"><b data-path-to-node=\"15,2,0\" data-index-in-node=\"0\">Standarta dzi\u013cums:<\/b> 1,27 cm (0,5 collas) \u2014 ide\u0101li piem\u0113rots standarta rull\u0113tai m\u012bklai. <i data-path-to-node=\"15,2,0\" data-index-in-node=\"72\">Pieejami piel\u0101goti dzi\u013cumi.<\/i><\/p>\n<\/li>\n<li>\n<p data-path-to-node=\"15,3,0\"><b data-path-to-node=\"15,3,0\" data-index-in-node=\"0\">Izm\u0113rs:<\/b> Piel\u0101gots (piel\u0101gots dizainam). <i data-path-to-node=\"15,3,0\" data-index-in-node=\"33\">Atsauces fotoatt\u0113los izmantots 2,54 cm re\u017e\u0123is.<\/i><\/p>\n<\/li>\n<li>\n<p data-path-to-node=\"15,4,0\"><b data-path-to-node=\"15,4,0\" data-index-in-node=\"0\">Kop\u0161anas instrukcijas:<\/b> <b data-path-to-node=\"15,4,0\" data-index-in-node=\"19\">Mazg\u0101t tikai ar rok\u0101m<\/b> ar remdenu \u016bdeni. Nav piem\u0113rots mazg\u0101\u0161anai trauku mazg\u0101jam\u0101 ma\u0161\u012bn\u0101 (liels karstums var deform\u0113t PLA). Izvairieties no ilgsto\u0161as tie\u0161u saules staru iedarb\u012bbas.<\/p>\n<\/li>\n<\/ul>\n<h2 data-path-to-node=\"16\">Lieto\u0161anas gad\u012bjumi<\/h2>\n<ul data-path-to-node=\"17\">\n<li>\n<p data-path-to-node=\"17,0,0\"><b data-path-to-node=\"17,0,0\" data-index-in-node=\"0\">Korporat\u012bv\u0101s Ziemassv\u0113tku d\u0101vanas:<\/b> Partneru un darbinieku sv\u0113tku d\u0101vanu grozos iek\u013caujiet firmas cepumu griez\u0113ju.<\/p>\n<\/li>\n<li>\n<p data-path-to-node=\"17,1,0\"><b data-path-to-node=\"17,1,0\" data-index-in-node=\"0\">Pas\u0101kumu \u0113din\u0101\u0161ana:<\/b> Pasniedziet cepumus sava jaun\u0101 produkta form\u0101 atkl\u0101\u0161anas ball\u012bt\u0113s vai tirdzniec\u012bbas izst\u0101d\u0113s.<\/p>\n<\/li>\n<li>\n<p data-path-to-node=\"17,2,0\"><b data-path-to-node=\"17,2,0\" data-index-in-node=\"0\">Tirdzniec\u012bba:<\/b> Unik\u0101ls, l\u0113ts produkts pav\u0101rm\u0101kslas skol\u0101m, maizn\u012bc\u0101m vai \u0123imen\u0113m orient\u0113tiem z\u012bmoliem p\u0101rdo\u0161anai vai d\u0101vin\u0101\u0161anai.<\/p>\n<\/li>\n<\/ul>","protected":false},"excerpt":{"rendered":"<ul>\n<li>\n<p data-path-to-node=\"9,0,0\"><b data-path-to-node=\"9,0,0\" data-index-in-node=\"0\">Piel\u0101gotas formas model\u0113\u0161ana:<\/b> M\u0113s p\u0101rveidojam j\u016bsu 2D logotipu vai talismanu par piln\u012bb\u0101 funkcion\u0113jo\u0161u 3D s\u012bkfailu griez\u0113ju.<\/p>\n<\/li>\n<li>\n<p data-path-to-node=\"9,1,0\"><b data-path-to-node=\"9,1,0\" data-index-in-node=\"0\">P\u0101rtikas nekait\u012bgums un videi draudz\u012bgs:<\/b> Izgatavots no PLA plastmasas, biolo\u0123iski no\u0101rd\u0101ma materi\u0101la, kas ieg\u016bts no atjaunojamiem resursiem.<\/p>\n<\/li>\n<li>\n<p data-path-to-node=\"9,2,0\"><b data-path-to-node=\"9,2,0\" data-index-in-node=\"0\">Prec\u012bza grie\u0161ana:<\/b> Augstas iz\u0161\u0137irtsp\u0113jas 3D druk\u0101\u0161ana (70\u2013200 mikroni) rada asas malas t\u012briem griezumiem pat ar sare\u017e\u0123\u012btiem dizainiem.<\/p>\n<\/li>\n<li>\n<p data-path-to-node=\"9,3,0\"><b data-path-to-node=\"9,3,0\" data-index-in-node=\"0\">Sezonas z\u012bmola veido\u0161ana:<\/b> Vislab\u0101k\u0101 interakt\u012bv\u0101 korporat\u012bv\u0101 d\u0101vana, kas ienes j\u016bsu z\u012bmolu sv\u0113tku vakari\u0146u gald\u0101.<\/p>\n<\/li>\n<\/ul>","protected":false},"featured_media":6235,"comment_status":"closed","ping_status":"closed","template":"","meta":[],"product_brand":[],"product_cat":[122],"product_tag":[],"class_list":{"0":"post-6234","1":"product","2":"type-product","3":"status-publish","4":"has-post-thumbnail","6":"product_cat-promotional-accessories","8":"first","9":"instock","10":"shipping-taxable","11":"purchasable","12":"product-type-simple"},"_links":{"self":[{"href":"https:\/\/displayproducts.eu\/lv\/wp-json\/wp\/v2\/product\/6234","targetHints":{"allow":["GET"]}}],"collection":[{"href":"https:\/\/displayproducts.eu\/lv\/wp-json\/wp\/v2\/product"}],"about":[{"href":"https:\/\/displayproducts.eu\/lv\/wp-json\/wp\/v2\/types\/product"}],"replies":[{"embeddable":true,"href":"https:\/\/displayproducts.eu\/lv\/wp-json\/wp\/v2\/comments?post=6234"}],"wp:featuredmedia":[{"embeddable":true,"href":"https:\/\/displayproducts.eu\/lv\/wp-json\/wp\/v2\/media\/6235"}],"wp:attachment":[{"href":"https:\/\/displayproducts.eu\/lv\/wp-json\/wp\/v2\/media?parent=6234"}],"wp:term":[{"taxonomy":"product_brand","embeddable":true,"href":"https:\/\/displayproducts.eu\/lv\/wp-json\/wp\/v2\/product_brand?post=6234"},{"taxonomy":"product_cat","embeddable":true,"href":"https:\/\/displayproducts.eu\/lv\/wp-json\/wp\/v2\/product_cat?post=6234"},{"taxonomy":"product_tag","embeddable":true,"href":"https:\/\/displayproducts.eu\/lv\/wp-json\/wp\/v2\/product_tag?post=6234"}],"curies":[{"name":"wp","href":"https:\/\/api.w.org\/{rel}","templated":true}]}}