{"id":6232,"date":"2025-12-20T18:21:12","date_gmt":"2025-12-20T15:21:12","guid":{"rendered":"https:\/\/wristbandfactory.eu\/?post_type=product&#038;p=6232"},"modified":"2026-04-01T21:52:03","modified_gmt":"2026-04-01T18:52:03","slug":"custom-printed-beer-coasters-drink-mats-absorbent-pulpboard","status":"publish","type":"product","link":"https:\/\/displayproducts.eu\/lv\/p\/custom-printed-beer-coasters-drink-mats-absorbent-pulpboard\/","title":{"rendered":"Alus palikt\u0146i ar logo"},"content":{"rendered":"<p data-path-to-node=\"10\">P\u0101rv\u0113rtiet katru galdu par rekl\u0101mas stendu ar m\u016bsu <b data-path-to-node=\"10\" data-index-in-node=\"68\">P\u0113c pas\u016bt\u012bjuma apdruk\u0101ti alus palikt\u0146i<\/b>. \u0160ie dz\u0113rienu palikt\u0146i ir ne tikai praktisks l\u012bdzeklis m\u0113be\u013cu aizsardz\u012bbai no iz\u0161\u013cakst\u012bjumiem un kondens\u0101ta, bet ar\u012b sp\u0113c\u012bgs, augstfrekvences m\u0101rketinga l\u012bdzeklis. Neatkar\u012bgi no t\u0101, vai vad\u0101t alus dar\u012btavu, b\u0101ru vai r\u012bkojat liela m\u0113roga korporat\u012bvu pas\u0101kumu, piel\u0101goti palikt\u0146i burtiski nodod j\u016bsu z\u012bmolu auditorijas rok\u0101s.<\/p>\n<p data-path-to-node=\"11\">M\u0113s j\u016bs mudin\u0101m <b data-path-to-node=\"11\" data-index-in-node=\"20\">izmanto savu izt\u0113li<\/b>. T\u0101 k\u0101 \u0161ie palikt\u0146i ir druk\u0101ti pilnkr\u0101su form\u0101t\u0101, j\u016bs neaprobe\u017eojaties tikai ar vienk\u0101r\u0161u logotipu. Izmantojiet abpus\u0113j\u0101s druk\u0101\u0161anas iesp\u0113ju, lai r\u012bkotu konkursus, dal\u012btos ar koktei\u013cu recept\u0113m vai par\u0101d\u012btu QR kodus, kas veicina digit\u0101lo iesaisti.<\/p>\n<h2 data-path-to-node=\"12\">Galven\u0101s iez\u012bmes<\/h2>\n<ul data-path-to-node=\"13\">\n<li>\n<p data-path-to-node=\"13,0,0\"><b data-path-to-node=\"13,0,0\" data-index-in-node=\"0\">Izcila absorbcijas sp\u0113ja:<\/b> Izgatavots no specializ\u0113ta palikt\u0146u d\u0113\u013ca (celulozes kartona), kas paredz\u0113ts mitruma saglab\u0101\u0161anai, nesadaloties, t\u0101d\u0113j\u0101di saglab\u0101jot virsmas sausas.<\/p>\n<\/li>\n<li>\n<p data-path-to-node=\"13,1,0\"><b data-path-to-node=\"13,1,0\" data-index-in-node=\"0\">Divpus\u0113js z\u012bmola att\u0113lojums:<\/b> Maksim\u0101li palieliniet sava v\u0113st\u012bjuma noz\u012bmi, druk\u0101jot da\u017e\u0101dus dizainus priek\u0161pus\u0113 un aizmugur\u0113 \u2014 ide\u0101li piem\u0113rots starprekl\u0101m\u0101m vai \u201cp\u0101rsteiguma\u201d zi\u0146ojumiem.<\/p>\n<\/li>\n<li>\n<p data-path-to-node=\"13,2,0\"><b data-path-to-node=\"13,2,0\" data-index-in-node=\"0\">Formas da\u017e\u0101d\u012bba:<\/b> Pieejams klasiskaj\u0101 versij\u0101 <b data-path-to-node=\"13,2,0\" data-index-in-node=\"36\">Apa\u013c\u0161<\/b> vai <b data-path-to-node=\"13,2,0\" data-index-in-node=\"45\">Kvadr\u0101ts<\/b> form\u0101ti ar noapa\u013cotiem st\u016briem, lai tie atbilstu j\u016bsu est\u0113tikai.<\/p>\n<\/li>\n<li>\n<p data-path-to-node=\"13,3,0\"><b data-path-to-node=\"13,3,0\" data-index-in-node=\"0\">Fotoatt\u0113la kvalit\u0101tes izdruka:<\/b> M\u016bsu ofseta drukas process nodro\u0161ina ko\u0161as kr\u0101sas un asas deta\u013cas, padarot j\u016bsu dizainu izcilu.<\/p>\n<\/li>\n<\/ul>\n<h2 data-path-to-node=\"14\">Specifik\u0101cijas<\/h2>\n<ul data-path-to-node=\"15\">\n<li>\n<p data-path-to-node=\"15,0,0\"><b data-path-to-node=\"15,0,0\" data-index-in-node=\"0\">Materi\u0101ls:<\/b> Augsta bl\u012bvuma absorb\u0113jo\u0161a celulozes pl\u0101tne (Beermat Board).<\/p>\n<\/li>\n<li>\n<p data-path-to-node=\"15,1,0\"><b data-path-to-node=\"15,1,0\" data-index-in-node=\"0\">Standarta formas:<\/b><\/p>\n<ul data-path-to-node=\"15,1,1\">\n<li>\n<p data-path-to-node=\"15,1,1,0,0\">Apa\u013c\u0161 (\u00d8 107 mm vai \u00d8 93 mm).<\/p>\n<\/li>\n<li>\n<p data-path-to-node=\"15,1,1,1,0\">Kvadr\u0101ts (93 \u00d7 93 mm vai 107 \u00d7 107 mm) ar noapa\u013cotiem st\u016briem.<\/p>\n<\/li>\n<\/ul>\n<\/li>\n<li>\n<p data-path-to-node=\"15,2,0\"><b data-path-to-node=\"15,2,0\" data-index-in-node=\"0\">Biezuma opcijas:<\/b> Standarta 1,2 mm, Premium 1,6 mm vai Heavy Duty 2,0 mm.<\/p>\n<\/li>\n<li>\n<p data-path-to-node=\"15,3,0\"><b data-path-to-node=\"15,3,0\" data-index-in-node=\"0\">Druk\u0101\u0161ana:<\/b> Pilnkr\u0101su ofsets (CMYK) ab\u0101s pus\u0113s.<\/p>\n<\/li>\n<\/ul>\n<h2 data-path-to-node=\"16\">Lieto\u0161anas gad\u012bjumi<\/h2>\n<ul data-path-to-node=\"17\">\n<li>\n<p data-path-to-node=\"17,0,0\"><b data-path-to-node=\"17,0,0\" data-index-in-node=\"0\">Alus dar\u012btavas un b\u0101ri:<\/b> B\u016btiski nepiecie\u0161ams alus pasnieg\u0161anai, vienlaikus stiprinot z\u012bmola identit\u0101ti.<\/p>\n<\/li>\n<li>\n<p data-path-to-node=\"17,1,0\"><b data-path-to-node=\"17,1,0\" data-index-in-node=\"0\">K\u0101zas un ball\u012btes:<\/b> Personaliz\u0113ti palikt\u0146i pie\u0161\u0137ir galda kl\u0101jumam unik\u0101lu piesk\u0101rienu un kalpo k\u0101 piemi\u0146as lietas.<\/p>\n<\/li>\n<li>\n<p data-path-to-node=\"17,2,0\"><b data-path-to-node=\"17,2,0\" data-index-in-node=\"0\">Partiz\u0101nu m\u0101rketings:<\/b> Izplatiet tos partneru norises viet\u0101s, lai reklam\u0113tu lietotnes palai\u0161anu, festiv\u0101lu vai taksometru pakalpojumus.<\/p>\n<\/li>\n<\/ul>","protected":false},"excerpt":{"rendered":"<ul>\n<li>\n<p data-path-to-node=\"9,0,0\"><b data-path-to-node=\"9,0,0\" data-index-in-node=\"0\">\u013boti absorb\u0113jo\u0161s:<\/b> Izgatavots no augst\u0101k\u0101s kvalit\u0101tes celulozes kartona, kas efekt\u012bvi uzs\u016bc kondens\u0101tu, aizsarg\u0101jot galdus un m\u0113beles.<\/p>\n<\/li>\n<li>\n<p data-path-to-node=\"9,1,0\"><b data-path-to-node=\"9,1,0\" data-index-in-node=\"0\">Maksim\u0101l\u0101 ekspoz\u012bcija:<\/b> Novietots tie\u0161i klienta priek\u0161\u0101, nodro\u0161inot, ka j\u016bsu z\u012bmols ir redzams ar katru malku.<\/p>\n<\/li>\n<li>\n<p data-path-to-node=\"9,2,0\"><b data-path-to-node=\"9,2,0\" data-index-in-node=\"0\">Rado\u0161ais m\u0101rketings:<\/b> Lieliski piem\u0113rots QR kodiem, viktor\u012bnu sp\u0113l\u0113m vai kolekcion\u0113jamu priek\u0161metu s\u0113rij\u0101m, lai interakt\u012bvi iesaist\u012btu klientus.<\/p>\n<\/li>\n<li>\n<p data-path-to-node=\"9,3,0\"><b data-path-to-node=\"9,3,0\" data-index-in-node=\"0\">Izmaksu zi\u0146\u0101 efekt\u012bvs:<\/b> Pieejams, liela apjoma rekl\u0101mas r\u012bks, kas nodro\u0161ina augstu ieguld\u012bjumu atdevi.<\/p>\n<\/li>\n<\/ul>","protected":false},"featured_media":6233,"comment_status":"closed","ping_status":"closed","template":"","meta":[],"product_brand":[],"product_cat":[119],"product_tag":[],"class_list":{"0":"post-6232","1":"product","2":"type-product","3":"status-publish","4":"has-post-thumbnail","6":"product_cat-drinkware-accessories","8":"first","9":"instock","10":"shipping-taxable","11":"purchasable","12":"product-type-simple"},"_links":{"self":[{"href":"https:\/\/displayproducts.eu\/lv\/wp-json\/wp\/v2\/product\/6232","targetHints":{"allow":["GET"]}}],"collection":[{"href":"https:\/\/displayproducts.eu\/lv\/wp-json\/wp\/v2\/product"}],"about":[{"href":"https:\/\/displayproducts.eu\/lv\/wp-json\/wp\/v2\/types\/product"}],"replies":[{"embeddable":true,"href":"https:\/\/displayproducts.eu\/lv\/wp-json\/wp\/v2\/comments?post=6232"}],"wp:featuredmedia":[{"embeddable":true,"href":"https:\/\/displayproducts.eu\/lv\/wp-json\/wp\/v2\/media\/6233"}],"wp:attachment":[{"href":"https:\/\/displayproducts.eu\/lv\/wp-json\/wp\/v2\/media?parent=6232"}],"wp:term":[{"taxonomy":"product_brand","embeddable":true,"href":"https:\/\/displayproducts.eu\/lv\/wp-json\/wp\/v2\/product_brand?post=6232"},{"taxonomy":"product_cat","embeddable":true,"href":"https:\/\/displayproducts.eu\/lv\/wp-json\/wp\/v2\/product_cat?post=6232"},{"taxonomy":"product_tag","embeddable":true,"href":"https:\/\/displayproducts.eu\/lv\/wp-json\/wp\/v2\/product_tag?post=6232"}],"curies":[{"name":"wp","href":"https:\/\/api.w.org\/{rel}","templated":true}]}}